{"id":1443,"date":"2025-01-10T02:03:15","date_gmt":"2025-01-10T02:03:15","guid":{"rendered":"https:\/\/apuliapraia-hotel.com\/?page_id=1443"},"modified":"2025-01-10T02:03:34","modified_gmt":"2025-01-10T02:03:34","slug":"buggys","status":"publish","type":"page","link":"https:\/\/apuliapraia-hotel.com\/it\/esperienze\/buggys\/","title":{"rendered":"Buggys"},"content":{"rendered":"<p>Accelera per un&#8217;avventura indimenticabile a Esposende con tanta adrenalina e paesaggi mozzafiato. Esposende Super Adventure si trova nel Centro di Attivit\u00e0 Nautiche, a Esposende. \u00c8 aperto il venerd\u00ec e il luned\u00ec pomeriggio dalle 14:00, e il sabato e la domenica dalle 10:00 alle 20:00.<\/p>\n<p>Passeggi:<\/p>\n<ul>\n<li>Foresta: 100\u20ac per 1h30<\/li>\n<li>Spiaggia: 130\u20ac per 2h (dalle 18:00 alle 20:00)<\/li>\n<\/ul>\n<p>Prezzo per buggy (2 posti), ed \u00e8 necessario che il conducente possieda la patente di guida categoria A o B.<\/p>\n","protected":false},"excerpt":{"rendered":"<p>Accelera per un&#8217;avventura indimenticabile a Esposende con tanta adrenalina e paesaggi mozzafiato. Esposende Super Adventure si trova nel Centro di Attivit\u00e0 Nautiche, a Esposende. \u00c8 aperto il venerd\u00ec e il luned\u00ec pomeriggio dalle 14:00, e il sabato e la domenica dalle 10:00 alle 20:00. Passeggi: Foresta: 100\u20ac per 1h30 Spiaggia: 130\u20ac per 2h (dalle 18:00 [&hellip;]<\/p>\n","protected":false},"author":565,"featured_media":1249,"parent":1397,"menu_order":25,"comment_status":"closed","ping_status":"closed","template":"template-default-4.php","meta":{"footnotes":""},"class_list":["post-1443","page","type-page","status-publish","has-post-thumbnail","hentry"],"yoast_head":"<!-- This site is optimized with the Yoast SEO plugin v26.9 - https:\/\/yoast.com\/product\/yoast-seo-wordpress\/ -->\n<title>Buggys - Apulia Praia Hotel -<\/title>\n<meta name=\"description\" content=\"Accelera per un&#039;avventura indimenticabile a Esposende con tanta adrenalina e paesaggi mozzafiato. Esposende Super Adventure si trova nel Centro di Attivit\u00e0 Nautiche, a Esposende\" \/>\n<meta name=\"robots\" content=\"index, follow, max-snippet:-1, max-image-preview:large, max-video-preview:-1\" \/>\n<link rel=\"canonical\" href=\"https:\/\/apuliapraia-hotel.com\/it\/esperienze\/buggys\/\" \/>\n<meta property=\"og:locale\" content=\"it_IT\" \/>\n<meta property=\"og:type\" content=\"article\" \/>\n<meta property=\"og:title\" content=\"Buggys - Apulia Praia Hotel -\" \/>\n<meta property=\"og:description\" content=\"Accelera per un&#039;avventura indimenticabile a Esposende con tanta adrenalina e paesaggi mozzafiato. Esposende Super Adventure si trova nel Centro di Attivit\u00e0 Nautiche, a Esposende\" \/>\n<meta property=\"og:url\" content=\"https:\/\/apuliapraia-hotel.com\/it\/esperienze\/buggys\/\" \/>\n<meta property=\"og:site_name\" content=\"Apulia Praia Hotel\" \/>\n<meta property=\"article:modified_time\" content=\"2025-01-10T02:03:34+00:00\" \/>\n<meta property=\"og:image\" content=\"https:\/\/apuliapraia-hotel.com\/wp-content\/uploads\/sites\/512\/2024\/11\/Captura-de-ecra-2024-11-21-093252.png\" \/>\n\t<meta property=\"og:image:width\" content=\"642\" \/>\n\t<meta property=\"og:image:height\" content=\"806\" \/>\n\t<meta property=\"og:image:type\" content=\"image\/png\" \/>\n<meta name=\"twitter:card\" content=\"summary_large_image\" \/>\n<meta name=\"twitter:label1\" content=\"Tempo di lettura stimato\" \/>\n\t<meta name=\"twitter:data1\" content=\"1 minuto\" \/>\n<script type=\"application\/ld+json\" class=\"yoast-schema-graph\">{\"@context\":\"https:\/\/schema.org\",\"@graph\":[{\"@type\":\"WebPage\",\"@id\":\"https:\/\/apuliapraia-hotel.com\/it\/esperienze\/buggys\/\",\"url\":\"https:\/\/apuliapraia-hotel.com\/it\/esperienze\/buggys\/\",\"name\":\"Buggys - Apulia Praia Hotel -\",\"isPartOf\":{\"@id\":\"https:\/\/apuliapraia-hotel.com\/it\/#website\"},\"primaryImageOfPage\":{\"@id\":\"https:\/\/apuliapraia-hotel.com\/it\/esperienze\/buggys\/#primaryimage\"},\"image\":{\"@id\":\"https:\/\/apuliapraia-hotel.com\/it\/esperienze\/buggys\/#primaryimage\"},\"thumbnailUrl\":\"https:\/\/apuliapraia-hotel.com\/wp-content\/uploads\/sites\/512\/2024\/11\/Captura-de-ecra-2024-11-21-093252.png\",\"datePublished\":\"2025-01-10T02:03:15+00:00\",\"dateModified\":\"2025-01-10T02:03:34+00:00\",\"description\":\"Accelera per un'avventura indimenticabile a Esposende con tanta adrenalina e paesaggi mozzafiato. Esposende Super Adventure si trova nel Centro di Attivit\u00e0 Nautiche, a Esposende\",\"breadcrumb\":{\"@id\":\"https:\/\/apuliapraia-hotel.com\/it\/esperienze\/buggys\/#breadcrumb\"},\"inLanguage\":\"it-IT\",\"potentialAction\":[{\"@type\":\"ReadAction\",\"target\":[\"https:\/\/apuliapraia-hotel.com\/it\/esperienze\/buggys\/\"]}]},{\"@type\":\"ImageObject\",\"inLanguage\":\"it-IT\",\"@id\":\"https:\/\/apuliapraia-hotel.com\/it\/esperienze\/buggys\/#primaryimage\",\"url\":\"https:\/\/apuliapraia-hotel.com\/wp-content\/uploads\/sites\/512\/2024\/11\/Captura-de-ecra-2024-11-21-093252.png\",\"contentUrl\":\"https:\/\/apuliapraia-hotel.com\/wp-content\/uploads\/sites\/512\/2024\/11\/Captura-de-ecra-2024-11-21-093252.png\",\"width\":642,\"height\":806},{\"@type\":\"BreadcrumbList\",\"@id\":\"https:\/\/apuliapraia-hotel.com\/it\/esperienze\/buggys\/#breadcrumb\",\"itemListElement\":[{\"@type\":\"ListItem\",\"position\":1,\"name\":\"Home\",\"item\":\"https:\/\/apuliapraia-hotel.com\/it\/\"},{\"@type\":\"ListItem\",\"position\":2,\"name\":\"Esperienze\",\"item\":\"https:\/\/apuliapraia-hotel.com\/it\/esperienze\/\"},{\"@type\":\"ListItem\",\"position\":3,\"name\":\"Buggys\"}]},{\"@type\":\"WebSite\",\"@id\":\"https:\/\/apuliapraia-hotel.com\/it\/#website\",\"url\":\"https:\/\/apuliapraia-hotel.com\/it\/\",\"name\":\"Apulia Praia Hotel\",\"description\":\"\",\"potentialAction\":[{\"@type\":\"SearchAction\",\"target\":{\"@type\":\"EntryPoint\",\"urlTemplate\":\"https:\/\/apuliapraia-hotel.com\/it\/?s={search_term_string}\"},\"query-input\":{\"@type\":\"PropertyValueSpecification\",\"valueRequired\":true,\"valueName\":\"search_term_string\"}}],\"inLanguage\":\"it-IT\"}]}<\/script>\n<!-- \/ Yoast SEO plugin. -->","yoast_head_json":{"title":"Buggys - Apulia Praia Hotel -","description":"Accelera per un'avventura indimenticabile a Esposende con tanta adrenalina e paesaggi mozzafiato. Esposende Super Adventure si trova nel Centro di Attivit\u00e0 Nautiche, a Esposende","robots":{"index":"index","follow":"follow","max-snippet":"max-snippet:-1","max-image-preview":"max-image-preview:large","max-video-preview":"max-video-preview:-1"},"canonical":"https:\/\/apuliapraia-hotel.com\/it\/esperienze\/buggys\/","og_locale":"it_IT","og_type":"article","og_title":"Buggys - Apulia Praia Hotel -","og_description":"Accelera per un'avventura indimenticabile a Esposende con tanta adrenalina e paesaggi mozzafiato. Esposende Super Adventure si trova nel Centro di Attivit\u00e0 Nautiche, a Esposende","og_url":"https:\/\/apuliapraia-hotel.com\/it\/esperienze\/buggys\/","og_site_name":"Apulia Praia Hotel","article_modified_time":"2025-01-10T02:03:34+00:00","og_image":[{"width":642,"height":806,"url":"https:\/\/apuliapraia-hotel.com\/wp-content\/uploads\/sites\/512\/2024\/11\/Captura-de-ecra-2024-11-21-093252.png","type":"image\/png"}],"twitter_card":"summary_large_image","twitter_misc":{"Tempo di lettura stimato":"1 minuto"},"schema":{"@context":"https:\/\/schema.org","@graph":[{"@type":"WebPage","@id":"https:\/\/apuliapraia-hotel.com\/it\/esperienze\/buggys\/","url":"https:\/\/apuliapraia-hotel.com\/it\/esperienze\/buggys\/","name":"Buggys - Apulia Praia Hotel -","isPartOf":{"@id":"https:\/\/apuliapraia-hotel.com\/it\/#website"},"primaryImageOfPage":{"@id":"https:\/\/apuliapraia-hotel.com\/it\/esperienze\/buggys\/#primaryimage"},"image":{"@id":"https:\/\/apuliapraia-hotel.com\/it\/esperienze\/buggys\/#primaryimage"},"thumbnailUrl":"https:\/\/apuliapraia-hotel.com\/wp-content\/uploads\/sites\/512\/2024\/11\/Captura-de-ecra-2024-11-21-093252.png","datePublished":"2025-01-10T02:03:15+00:00","dateModified":"2025-01-10T02:03:34+00:00","description":"Accelera per un'avventura indimenticabile a Esposende con tanta adrenalina e paesaggi mozzafiato. Esposende Super Adventure si trova nel Centro di Attivit\u00e0 Nautiche, a Esposende","breadcrumb":{"@id":"https:\/\/apuliapraia-hotel.com\/it\/esperienze\/buggys\/#breadcrumb"},"inLanguage":"it-IT","potentialAction":[{"@type":"ReadAction","target":["https:\/\/apuliapraia-hotel.com\/it\/esperienze\/buggys\/"]}]},{"@type":"ImageObject","inLanguage":"it-IT","@id":"https:\/\/apuliapraia-hotel.com\/it\/esperienze\/buggys\/#primaryimage","url":"https:\/\/apuliapraia-hotel.com\/wp-content\/uploads\/sites\/512\/2024\/11\/Captura-de-ecra-2024-11-21-093252.png","contentUrl":"https:\/\/apuliapraia-hotel.com\/wp-content\/uploads\/sites\/512\/2024\/11\/Captura-de-ecra-2024-11-21-093252.png","width":642,"height":806},{"@type":"BreadcrumbList","@id":"https:\/\/apuliapraia-hotel.com\/it\/esperienze\/buggys\/#breadcrumb","itemListElement":[{"@type":"ListItem","position":1,"name":"Home","item":"https:\/\/apuliapraia-hotel.com\/it\/"},{"@type":"ListItem","position":2,"name":"Esperienze","item":"https:\/\/apuliapraia-hotel.com\/it\/esperienze\/"},{"@type":"ListItem","position":3,"name":"Buggys"}]},{"@type":"WebSite","@id":"https:\/\/apuliapraia-hotel.com\/it\/#website","url":"https:\/\/apuliapraia-hotel.com\/it\/","name":"Apulia Praia Hotel","description":"","potentialAction":[{"@type":"SearchAction","target":{"@type":"EntryPoint","urlTemplate":"https:\/\/apuliapraia-hotel.com\/it\/?s={search_term_string}"},"query-input":{"@type":"PropertyValueSpecification","valueRequired":true,"valueName":"search_term_string"}}],"inLanguage":"it-IT"}]}},"acf":[],"_links":{"self":[{"href":"https:\/\/apuliapraia-hotel.com\/it\/wp-json\/wp\/v2\/pages\/1443","targetHints":{"allow":["GET"]}}],"collection":[{"href":"https:\/\/apuliapraia-hotel.com\/it\/wp-json\/wp\/v2\/pages"}],"about":[{"href":"https:\/\/apuliapraia-hotel.com\/it\/wp-json\/wp\/v2\/types\/page"}],"author":[{"embeddable":true,"href":"https:\/\/apuliapraia-hotel.com\/it\/wp-json\/wp\/v2\/users\/565"}],"replies":[{"embeddable":true,"href":"https:\/\/apuliapraia-hotel.com\/it\/wp-json\/wp\/v2\/comments?post=1443"}],"version-history":[{"count":0,"href":"https:\/\/apuliapraia-hotel.com\/it\/wp-json\/wp\/v2\/pages\/1443\/revisions"}],"up":[{"embeddable":true,"href":"https:\/\/apuliapraia-hotel.com\/it\/wp-json\/wp\/v2\/pages\/1397"}],"wp:featuredmedia":[{"embeddable":true,"href":"https:\/\/apuliapraia-hotel.com\/it\/wp-json\/wp\/v2\/media\/1249"}],"wp:attachment":[{"href":"https:\/\/apuliapraia-hotel.com\/it\/wp-json\/wp\/v2\/media?parent=1443"}],"curies":[{"name":"wp","href":"https:\/\/api.w.org\/{rel}","templated":true}]}}