{"id":1439,"date":"2025-01-10T01:58:47","date_gmt":"2025-01-10T01:58:47","guid":{"rendered":"https:\/\/apuliapraia-hotel.com\/?page_id=1439"},"modified":"2025-01-10T01:59:02","modified_gmt":"2025-01-10T01:59:02","slug":"esposende-padel","status":"publish","type":"page","link":"https:\/\/apuliapraia-hotel.com\/it\/esperienze\/esposende-padel\/","title":{"rendered":"Esposende Padel"},"content":{"rendered":"<p>Esposende Padel si trova in Rua Dr. Francisco S\u00e1 Carneiro 251, 4740-543, Esposende. \u00c8 aperto da luned\u00ec a sabato, dalle 9:00 alle 23:00, e la domenica dalle 8:00 alle 20:00.<\/p>\n<p>Prenotazione dei campi:<\/p>\n<p>Luned\u00ec a Venerd\u00ec (9:00 \u2013 18:30):<\/p>\n<ul>\n<li>60 min = 16\u20ac<\/li>\n<li>90 min = 22\u20ac<\/li>\n<li>Noleggio della racchetta in omaggio<\/li>\n<\/ul>\n<p>Luned\u00ec a Venerd\u00ec (18:30 \u2013 23:00):<\/p>\n<ul>\n<li>Noleggio della racchetta in omaggio<\/li>\n<\/ul>\n<p>Sabato e Domenica:<\/p>\n<ul>\n<li>60 min = 24\u20ac<\/li>\n<li>90 min = 32\u20ac<\/li>\n<li>Noleggio della racchetta in omaggio<\/li>\n<\/ul>\n","protected":false},"excerpt":{"rendered":"<p>Esposende Padel si trova in Rua Dr. Francisco S\u00e1 Carneiro 251, 4740-543, Esposende. \u00c8 aperto da luned\u00ec a sabato, dalle 9:00 alle 23:00, e la domenica dalle 8:00 alle 20:00. Prenotazione dei campi: Luned\u00ec a Venerd\u00ec (9:00 \u2013 18:30): 60 min = 16\u20ac 90 min = 22\u20ac Noleggio della racchetta in omaggio Luned\u00ec a Venerd\u00ec [&hellip;]<\/p>\n","protected":false},"author":565,"featured_media":1135,"parent":1397,"menu_order":24,"comment_status":"closed","ping_status":"closed","template":"template-default-4.php","meta":{"footnotes":""},"class_list":["post-1439","page","type-page","status-publish","has-post-thumbnail","hentry"],"yoast_head":"<!-- This site is optimized with the Yoast SEO plugin v26.9 - https:\/\/yoast.com\/product\/yoast-seo-wordpress\/ -->\n<title>Esposende Padel - Apulia Praia Hotel -<\/title>\n<meta name=\"description\" content=\"Esposende Padel si trova in Rua Dr. Francisco S\u00e1 Carneiro 251, 4740-543, Esposende\" \/>\n<meta name=\"robots\" content=\"index, follow, max-snippet:-1, max-image-preview:large, max-video-preview:-1\" \/>\n<link rel=\"canonical\" href=\"https:\/\/apuliapraia-hotel.com\/it\/esperienze\/esposende-padel\/\" \/>\n<meta property=\"og:locale\" content=\"it_IT\" \/>\n<meta property=\"og:type\" content=\"article\" \/>\n<meta property=\"og:title\" content=\"Esposende Padel - Apulia Praia Hotel -\" \/>\n<meta property=\"og:description\" content=\"Esposende Padel si trova in Rua Dr. Francisco S\u00e1 Carneiro 251, 4740-543, Esposende\" \/>\n<meta property=\"og:url\" content=\"https:\/\/apuliapraia-hotel.com\/it\/esperienze\/esposende-padel\/\" \/>\n<meta property=\"og:site_name\" content=\"Apulia Praia Hotel\" \/>\n<meta property=\"article:modified_time\" content=\"2025-01-10T01:59:02+00:00\" \/>\n<meta property=\"og:image\" content=\"https:\/\/apuliapraia-hotel.com\/wp-content\/uploads\/sites\/512\/2024\/08\/Captura-de-ecra-2024-08-22-145651.png\" \/>\n\t<meta property=\"og:image:width\" content=\"549\" \/>\n\t<meta property=\"og:image:height\" content=\"579\" \/>\n\t<meta property=\"og:image:type\" content=\"image\/png\" \/>\n<meta name=\"twitter:card\" content=\"summary_large_image\" \/>\n<meta name=\"twitter:label1\" content=\"Tempo di lettura stimato\" \/>\n\t<meta name=\"twitter:data1\" content=\"1 minuto\" \/>\n<script type=\"application\/ld+json\" class=\"yoast-schema-graph\">{\"@context\":\"https:\/\/schema.org\",\"@graph\":[{\"@type\":\"WebPage\",\"@id\":\"https:\/\/apuliapraia-hotel.com\/it\/esperienze\/esposende-padel\/\",\"url\":\"https:\/\/apuliapraia-hotel.com\/it\/esperienze\/esposende-padel\/\",\"name\":\"Esposende Padel - Apulia Praia Hotel -\",\"isPartOf\":{\"@id\":\"https:\/\/apuliapraia-hotel.com\/it\/#website\"},\"primaryImageOfPage\":{\"@id\":\"https:\/\/apuliapraia-hotel.com\/it\/esperienze\/esposende-padel\/#primaryimage\"},\"image\":{\"@id\":\"https:\/\/apuliapraia-hotel.com\/it\/esperienze\/esposende-padel\/#primaryimage\"},\"thumbnailUrl\":\"https:\/\/apuliapraia-hotel.com\/wp-content\/uploads\/sites\/512\/2024\/08\/Captura-de-ecra-2024-08-22-145651.png\",\"datePublished\":\"2025-01-10T01:58:47+00:00\",\"dateModified\":\"2025-01-10T01:59:02+00:00\",\"description\":\"Esposende Padel si trova in Rua Dr. Francisco S\u00e1 Carneiro 251, 4740-543, Esposende\",\"breadcrumb\":{\"@id\":\"https:\/\/apuliapraia-hotel.com\/it\/esperienze\/esposende-padel\/#breadcrumb\"},\"inLanguage\":\"it-IT\",\"potentialAction\":[{\"@type\":\"ReadAction\",\"target\":[\"https:\/\/apuliapraia-hotel.com\/it\/esperienze\/esposende-padel\/\"]}]},{\"@type\":\"ImageObject\",\"inLanguage\":\"it-IT\",\"@id\":\"https:\/\/apuliapraia-hotel.com\/it\/esperienze\/esposende-padel\/#primaryimage\",\"url\":\"https:\/\/apuliapraia-hotel.com\/wp-content\/uploads\/sites\/512\/2024\/08\/Captura-de-ecra-2024-08-22-145651.png\",\"contentUrl\":\"https:\/\/apuliapraia-hotel.com\/wp-content\/uploads\/sites\/512\/2024\/08\/Captura-de-ecra-2024-08-22-145651.png\",\"width\":549,\"height\":579},{\"@type\":\"BreadcrumbList\",\"@id\":\"https:\/\/apuliapraia-hotel.com\/it\/esperienze\/esposende-padel\/#breadcrumb\",\"itemListElement\":[{\"@type\":\"ListItem\",\"position\":1,\"name\":\"Home\",\"item\":\"https:\/\/apuliapraia-hotel.com\/it\/\"},{\"@type\":\"ListItem\",\"position\":2,\"name\":\"Esperienze\",\"item\":\"https:\/\/apuliapraia-hotel.com\/it\/esperienze\/\"},{\"@type\":\"ListItem\",\"position\":3,\"name\":\"Esposende Padel\"}]},{\"@type\":\"WebSite\",\"@id\":\"https:\/\/apuliapraia-hotel.com\/it\/#website\",\"url\":\"https:\/\/apuliapraia-hotel.com\/it\/\",\"name\":\"Apulia Praia Hotel\",\"description\":\"\",\"potentialAction\":[{\"@type\":\"SearchAction\",\"target\":{\"@type\":\"EntryPoint\",\"urlTemplate\":\"https:\/\/apuliapraia-hotel.com\/it\/?s={search_term_string}\"},\"query-input\":{\"@type\":\"PropertyValueSpecification\",\"valueRequired\":true,\"valueName\":\"search_term_string\"}}],\"inLanguage\":\"it-IT\"}]}<\/script>\n<!-- \/ Yoast SEO plugin. -->","yoast_head_json":{"title":"Esposende Padel - Apulia Praia Hotel -","description":"Esposende Padel si trova in Rua Dr. Francisco S\u00e1 Carneiro 251, 4740-543, Esposende","robots":{"index":"index","follow":"follow","max-snippet":"max-snippet:-1","max-image-preview":"max-image-preview:large","max-video-preview":"max-video-preview:-1"},"canonical":"https:\/\/apuliapraia-hotel.com\/it\/esperienze\/esposende-padel\/","og_locale":"it_IT","og_type":"article","og_title":"Esposende Padel - Apulia Praia Hotel -","og_description":"Esposende Padel si trova in Rua Dr. Francisco S\u00e1 Carneiro 251, 4740-543, Esposende","og_url":"https:\/\/apuliapraia-hotel.com\/it\/esperienze\/esposende-padel\/","og_site_name":"Apulia Praia Hotel","article_modified_time":"2025-01-10T01:59:02+00:00","og_image":[{"width":549,"height":579,"url":"https:\/\/apuliapraia-hotel.com\/wp-content\/uploads\/sites\/512\/2024\/08\/Captura-de-ecra-2024-08-22-145651.png","type":"image\/png"}],"twitter_card":"summary_large_image","twitter_misc":{"Tempo di lettura stimato":"1 minuto"},"schema":{"@context":"https:\/\/schema.org","@graph":[{"@type":"WebPage","@id":"https:\/\/apuliapraia-hotel.com\/it\/esperienze\/esposende-padel\/","url":"https:\/\/apuliapraia-hotel.com\/it\/esperienze\/esposende-padel\/","name":"Esposende Padel - Apulia Praia Hotel -","isPartOf":{"@id":"https:\/\/apuliapraia-hotel.com\/it\/#website"},"primaryImageOfPage":{"@id":"https:\/\/apuliapraia-hotel.com\/it\/esperienze\/esposende-padel\/#primaryimage"},"image":{"@id":"https:\/\/apuliapraia-hotel.com\/it\/esperienze\/esposende-padel\/#primaryimage"},"thumbnailUrl":"https:\/\/apuliapraia-hotel.com\/wp-content\/uploads\/sites\/512\/2024\/08\/Captura-de-ecra-2024-08-22-145651.png","datePublished":"2025-01-10T01:58:47+00:00","dateModified":"2025-01-10T01:59:02+00:00","description":"Esposende Padel si trova in Rua Dr. Francisco S\u00e1 Carneiro 251, 4740-543, Esposende","breadcrumb":{"@id":"https:\/\/apuliapraia-hotel.com\/it\/esperienze\/esposende-padel\/#breadcrumb"},"inLanguage":"it-IT","potentialAction":[{"@type":"ReadAction","target":["https:\/\/apuliapraia-hotel.com\/it\/esperienze\/esposende-padel\/"]}]},{"@type":"ImageObject","inLanguage":"it-IT","@id":"https:\/\/apuliapraia-hotel.com\/it\/esperienze\/esposende-padel\/#primaryimage","url":"https:\/\/apuliapraia-hotel.com\/wp-content\/uploads\/sites\/512\/2024\/08\/Captura-de-ecra-2024-08-22-145651.png","contentUrl":"https:\/\/apuliapraia-hotel.com\/wp-content\/uploads\/sites\/512\/2024\/08\/Captura-de-ecra-2024-08-22-145651.png","width":549,"height":579},{"@type":"BreadcrumbList","@id":"https:\/\/apuliapraia-hotel.com\/it\/esperienze\/esposende-padel\/#breadcrumb","itemListElement":[{"@type":"ListItem","position":1,"name":"Home","item":"https:\/\/apuliapraia-hotel.com\/it\/"},{"@type":"ListItem","position":2,"name":"Esperienze","item":"https:\/\/apuliapraia-hotel.com\/it\/esperienze\/"},{"@type":"ListItem","position":3,"name":"Esposende Padel"}]},{"@type":"WebSite","@id":"https:\/\/apuliapraia-hotel.com\/it\/#website","url":"https:\/\/apuliapraia-hotel.com\/it\/","name":"Apulia Praia Hotel","description":"","potentialAction":[{"@type":"SearchAction","target":{"@type":"EntryPoint","urlTemplate":"https:\/\/apuliapraia-hotel.com\/it\/?s={search_term_string}"},"query-input":{"@type":"PropertyValueSpecification","valueRequired":true,"valueName":"search_term_string"}}],"inLanguage":"it-IT"}]}},"acf":[],"_links":{"self":[{"href":"https:\/\/apuliapraia-hotel.com\/it\/wp-json\/wp\/v2\/pages\/1439","targetHints":{"allow":["GET"]}}],"collection":[{"href":"https:\/\/apuliapraia-hotel.com\/it\/wp-json\/wp\/v2\/pages"}],"about":[{"href":"https:\/\/apuliapraia-hotel.com\/it\/wp-json\/wp\/v2\/types\/page"}],"author":[{"embeddable":true,"href":"https:\/\/apuliapraia-hotel.com\/it\/wp-json\/wp\/v2\/users\/565"}],"replies":[{"embeddable":true,"href":"https:\/\/apuliapraia-hotel.com\/it\/wp-json\/wp\/v2\/comments?post=1439"}],"version-history":[{"count":0,"href":"https:\/\/apuliapraia-hotel.com\/it\/wp-json\/wp\/v2\/pages\/1439\/revisions"}],"up":[{"embeddable":true,"href":"https:\/\/apuliapraia-hotel.com\/it\/wp-json\/wp\/v2\/pages\/1397"}],"wp:featuredmedia":[{"embeddable":true,"href":"https:\/\/apuliapraia-hotel.com\/it\/wp-json\/wp\/v2\/media\/1135"}],"wp:attachment":[{"href":"https:\/\/apuliapraia-hotel.com\/it\/wp-json\/wp\/v2\/media?parent=1439"}],"curies":[{"name":"wp","href":"https:\/\/api.w.org\/{rel}","templated":true}]}}