{"id":1432,"date":"2025-01-10T01:47:25","date_gmt":"2025-01-10T01:47:25","guid":{"rendered":"https:\/\/apuliapraia-hotel.com\/?page_id=1432"},"modified":"2025-01-10T01:47:45","modified_gmt":"2025-01-10T01:47:45","slug":"parco-divertimenti","status":"publish","type":"page","link":"https:\/\/apuliapraia-hotel.com\/it\/esperienze\/parco-divertimenti\/","title":{"rendered":"Parco Divertimenti"},"content":{"rendered":"<p>Sappiamo che l&#8217;energia dei pi\u00f9 piccoli li far\u00e0 adorare tutte le attivit\u00e0 e i giochi che potranno trovare nel parco divertimenti del Monkey Park.<\/p>\n<ul>\n<li>A partire da 6\u20ac\/ora a bambino<\/li>\n<li>Per bambini tra i 2 e i 14 anni<\/li>\n<li>Da gioved\u00ec a domenica e nei giorni festivi \u2013 dalle 10:00 alle 12:30 \/ dalle 14:00 alle 18:30<\/li>\n<\/ul>\n","protected":false},"excerpt":{"rendered":"<p>Sappiamo che l&#8217;energia dei pi\u00f9 piccoli li far\u00e0 adorare tutte le attivit\u00e0 e i giochi che potranno trovare nel parco divertimenti del Monkey Park. A partire da 6\u20ac\/ora a bambino Per bambini tra i 2 e i 14 anni Da gioved\u00ec a domenica e nei giorni festivi \u2013 dalle 10:00 alle 12:30 \/ dalle 14:00 [&hellip;]<\/p>\n","protected":false},"author":565,"featured_media":318,"parent":1397,"menu_order":16,"comment_status":"closed","ping_status":"closed","template":"template-default-4.php","meta":{"footnotes":""},"class_list":["post-1432","page","type-page","status-publish","has-post-thumbnail","hentry"],"yoast_head":"<!-- This site is optimized with the Yoast SEO plugin v26.9 - https:\/\/yoast.com\/product\/yoast-seo-wordpress\/ -->\n<title>Parco Divertimenti - Apulia Praia Hotel -<\/title>\n<meta name=\"description\" content=\"Sappiamo che l&#039;energia dei pi\u00f9 piccoli li far\u00e0 adorare tutte le attivit\u00e0 e i giochi che potranno trovare nel parco divertimenti del Monkey Park.   A partire da 6\u20ac\/ora a bambino  Per bambini tra i 2 e i 14 anni  Da gioved\u00ec a domenica e nei giorni festivi \u2013 dalle 10:00 alle 12:30 \/ dalle 14:00 alle 18:30 .\" \/>\n<meta name=\"robots\" content=\"index, follow, max-snippet:-1, max-image-preview:large, max-video-preview:-1\" \/>\n<link rel=\"canonical\" href=\"https:\/\/apuliapraia-hotel.com\/it\/esperienze\/parco-divertimenti\/\" \/>\n<meta property=\"og:locale\" content=\"it_IT\" \/>\n<meta property=\"og:type\" content=\"article\" \/>\n<meta property=\"og:title\" content=\"Parco Divertimenti - Apulia Praia Hotel -\" \/>\n<meta property=\"og:description\" content=\"Sappiamo che l&#039;energia dei pi\u00f9 piccoli li far\u00e0 adorare tutte le attivit\u00e0 e i giochi che potranno trovare nel parco divertimenti del Monkey Park.   A partire da 6\u20ac\/ora a bambino  Per bambini tra i 2 e i 14 anni  Da gioved\u00ec a domenica e nei giorni festivi \u2013 dalle 10:00 alle 12:30 \/ dalle 14:00 alle 18:30 .\" \/>\n<meta property=\"og:url\" content=\"https:\/\/apuliapraia-hotel.com\/it\/esperienze\/parco-divertimenti\/\" \/>\n<meta property=\"og:site_name\" content=\"Apulia Praia Hotel\" \/>\n<meta property=\"article:modified_time\" content=\"2025-01-10T01:47:45+00:00\" \/>\n<meta property=\"og:image\" content=\"https:\/\/apuliapraia-hotel.com\/wp-content\/uploads\/sites\/512\/2023\/02\/Experiencia_07.jpg\" \/>\n\t<meta property=\"og:image:width\" content=\"1200\" \/>\n\t<meta property=\"og:image:height\" content=\"800\" \/>\n\t<meta property=\"og:image:type\" content=\"image\/jpeg\" \/>\n<meta name=\"twitter:card\" content=\"summary_large_image\" \/>\n<meta name=\"twitter:label1\" content=\"Tempo di lettura stimato\" \/>\n\t<meta name=\"twitter:data1\" content=\"1 minuto\" \/>\n<script type=\"application\/ld+json\" class=\"yoast-schema-graph\">{\"@context\":\"https:\/\/schema.org\",\"@graph\":[{\"@type\":\"WebPage\",\"@id\":\"https:\/\/apuliapraia-hotel.com\/it\/esperienze\/parco-divertimenti\/\",\"url\":\"https:\/\/apuliapraia-hotel.com\/it\/esperienze\/parco-divertimenti\/\",\"name\":\"Parco Divertimenti - Apulia Praia Hotel -\",\"isPartOf\":{\"@id\":\"https:\/\/apuliapraia-hotel.com\/it\/#website\"},\"primaryImageOfPage\":{\"@id\":\"https:\/\/apuliapraia-hotel.com\/it\/esperienze\/parco-divertimenti\/#primaryimage\"},\"image\":{\"@id\":\"https:\/\/apuliapraia-hotel.com\/it\/esperienze\/parco-divertimenti\/#primaryimage\"},\"thumbnailUrl\":\"https:\/\/apuliapraia-hotel.com\/wp-content\/uploads\/sites\/512\/2023\/02\/Experiencia_07.jpg\",\"datePublished\":\"2025-01-10T01:47:25+00:00\",\"dateModified\":\"2025-01-10T01:47:45+00:00\",\"description\":\"Sappiamo che l'energia dei pi\u00f9 piccoli li far\u00e0 adorare tutte le attivit\u00e0 e i giochi che potranno trovare nel parco divertimenti del Monkey Park. \u2022 A partire da 6\u20ac\/ora a bambino \u2022 Per bambini tra i 2 e i 14 anni \u2022 Da gioved\u00ec a domenica e nei giorni festivi \u2013 dalle 10:00 alle 12:30 \/ dalle 14:00 alle 18:30 .\",\"breadcrumb\":{\"@id\":\"https:\/\/apuliapraia-hotel.com\/it\/esperienze\/parco-divertimenti\/#breadcrumb\"},\"inLanguage\":\"it-IT\",\"potentialAction\":[{\"@type\":\"ReadAction\",\"target\":[\"https:\/\/apuliapraia-hotel.com\/it\/esperienze\/parco-divertimenti\/\"]}]},{\"@type\":\"ImageObject\",\"inLanguage\":\"it-IT\",\"@id\":\"https:\/\/apuliapraia-hotel.com\/it\/esperienze\/parco-divertimenti\/#primaryimage\",\"url\":\"https:\/\/apuliapraia-hotel.com\/wp-content\/uploads\/sites\/512\/2023\/02\/Experiencia_07.jpg\",\"contentUrl\":\"https:\/\/apuliapraia-hotel.com\/wp-content\/uploads\/sites\/512\/2023\/02\/Experiencia_07.jpg\",\"width\":1200,\"height\":800},{\"@type\":\"BreadcrumbList\",\"@id\":\"https:\/\/apuliapraia-hotel.com\/it\/esperienze\/parco-divertimenti\/#breadcrumb\",\"itemListElement\":[{\"@type\":\"ListItem\",\"position\":1,\"name\":\"Home\",\"item\":\"https:\/\/apuliapraia-hotel.com\/it\/\"},{\"@type\":\"ListItem\",\"position\":2,\"name\":\"Esperienze\",\"item\":\"https:\/\/apuliapraia-hotel.com\/it\/esperienze\/\"},{\"@type\":\"ListItem\",\"position\":3,\"name\":\"Parco Divertimenti\"}]},{\"@type\":\"WebSite\",\"@id\":\"https:\/\/apuliapraia-hotel.com\/it\/#website\",\"url\":\"https:\/\/apuliapraia-hotel.com\/it\/\",\"name\":\"Apulia Praia Hotel\",\"description\":\"\",\"potentialAction\":[{\"@type\":\"SearchAction\",\"target\":{\"@type\":\"EntryPoint\",\"urlTemplate\":\"https:\/\/apuliapraia-hotel.com\/it\/?s={search_term_string}\"},\"query-input\":{\"@type\":\"PropertyValueSpecification\",\"valueRequired\":true,\"valueName\":\"search_term_string\"}}],\"inLanguage\":\"it-IT\"}]}<\/script>\n<!-- \/ Yoast SEO plugin. -->","yoast_head_json":{"title":"Parco Divertimenti - Apulia Praia Hotel -","description":"Sappiamo che l'energia dei pi\u00f9 piccoli li far\u00e0 adorare tutte le attivit\u00e0 e i giochi che potranno trovare nel parco divertimenti del Monkey Park.   A partire da 6\u20ac\/ora a bambino  Per bambini tra i 2 e i 14 anni  Da gioved\u00ec a domenica e nei giorni festivi \u2013 dalle 10:00 alle 12:30 \/ dalle 14:00 alle 18:30 .","robots":{"index":"index","follow":"follow","max-snippet":"max-snippet:-1","max-image-preview":"max-image-preview:large","max-video-preview":"max-video-preview:-1"},"canonical":"https:\/\/apuliapraia-hotel.com\/it\/esperienze\/parco-divertimenti\/","og_locale":"it_IT","og_type":"article","og_title":"Parco Divertimenti - Apulia Praia Hotel -","og_description":"Sappiamo che l'energia dei pi\u00f9 piccoli li far\u00e0 adorare tutte le attivit\u00e0 e i giochi che potranno trovare nel parco divertimenti del Monkey Park.   A partire da 6\u20ac\/ora a bambino  Per bambini tra i 2 e i 14 anni  Da gioved\u00ec a domenica e nei giorni festivi \u2013 dalle 10:00 alle 12:30 \/ dalle 14:00 alle 18:30 .","og_url":"https:\/\/apuliapraia-hotel.com\/it\/esperienze\/parco-divertimenti\/","og_site_name":"Apulia Praia Hotel","article_modified_time":"2025-01-10T01:47:45+00:00","og_image":[{"width":1200,"height":800,"url":"https:\/\/apuliapraia-hotel.com\/wp-content\/uploads\/sites\/512\/2023\/02\/Experiencia_07.jpg","type":"image\/jpeg"}],"twitter_card":"summary_large_image","twitter_misc":{"Tempo di lettura stimato":"1 minuto"},"schema":{"@context":"https:\/\/schema.org","@graph":[{"@type":"WebPage","@id":"https:\/\/apuliapraia-hotel.com\/it\/esperienze\/parco-divertimenti\/","url":"https:\/\/apuliapraia-hotel.com\/it\/esperienze\/parco-divertimenti\/","name":"Parco Divertimenti - Apulia Praia Hotel -","isPartOf":{"@id":"https:\/\/apuliapraia-hotel.com\/it\/#website"},"primaryImageOfPage":{"@id":"https:\/\/apuliapraia-hotel.com\/it\/esperienze\/parco-divertimenti\/#primaryimage"},"image":{"@id":"https:\/\/apuliapraia-hotel.com\/it\/esperienze\/parco-divertimenti\/#primaryimage"},"thumbnailUrl":"https:\/\/apuliapraia-hotel.com\/wp-content\/uploads\/sites\/512\/2023\/02\/Experiencia_07.jpg","datePublished":"2025-01-10T01:47:25+00:00","dateModified":"2025-01-10T01:47:45+00:00","description":"Sappiamo che l'energia dei pi\u00f9 piccoli li far\u00e0 adorare tutte le attivit\u00e0 e i giochi che potranno trovare nel parco divertimenti del Monkey Park. \u2022 A partire da 6\u20ac\/ora a bambino \u2022 Per bambini tra i 2 e i 14 anni \u2022 Da gioved\u00ec a domenica e nei giorni festivi \u2013 dalle 10:00 alle 12:30 \/ dalle 14:00 alle 18:30 .","breadcrumb":{"@id":"https:\/\/apuliapraia-hotel.com\/it\/esperienze\/parco-divertimenti\/#breadcrumb"},"inLanguage":"it-IT","potentialAction":[{"@type":"ReadAction","target":["https:\/\/apuliapraia-hotel.com\/it\/esperienze\/parco-divertimenti\/"]}]},{"@type":"ImageObject","inLanguage":"it-IT","@id":"https:\/\/apuliapraia-hotel.com\/it\/esperienze\/parco-divertimenti\/#primaryimage","url":"https:\/\/apuliapraia-hotel.com\/wp-content\/uploads\/sites\/512\/2023\/02\/Experiencia_07.jpg","contentUrl":"https:\/\/apuliapraia-hotel.com\/wp-content\/uploads\/sites\/512\/2023\/02\/Experiencia_07.jpg","width":1200,"height":800},{"@type":"BreadcrumbList","@id":"https:\/\/apuliapraia-hotel.com\/it\/esperienze\/parco-divertimenti\/#breadcrumb","itemListElement":[{"@type":"ListItem","position":1,"name":"Home","item":"https:\/\/apuliapraia-hotel.com\/it\/"},{"@type":"ListItem","position":2,"name":"Esperienze","item":"https:\/\/apuliapraia-hotel.com\/it\/esperienze\/"},{"@type":"ListItem","position":3,"name":"Parco Divertimenti"}]},{"@type":"WebSite","@id":"https:\/\/apuliapraia-hotel.com\/it\/#website","url":"https:\/\/apuliapraia-hotel.com\/it\/","name":"Apulia Praia Hotel","description":"","potentialAction":[{"@type":"SearchAction","target":{"@type":"EntryPoint","urlTemplate":"https:\/\/apuliapraia-hotel.com\/it\/?s={search_term_string}"},"query-input":{"@type":"PropertyValueSpecification","valueRequired":true,"valueName":"search_term_string"}}],"inLanguage":"it-IT"}]}},"acf":[],"_links":{"self":[{"href":"https:\/\/apuliapraia-hotel.com\/it\/wp-json\/wp\/v2\/pages\/1432","targetHints":{"allow":["GET"]}}],"collection":[{"href":"https:\/\/apuliapraia-hotel.com\/it\/wp-json\/wp\/v2\/pages"}],"about":[{"href":"https:\/\/apuliapraia-hotel.com\/it\/wp-json\/wp\/v2\/types\/page"}],"author":[{"embeddable":true,"href":"https:\/\/apuliapraia-hotel.com\/it\/wp-json\/wp\/v2\/users\/565"}],"replies":[{"embeddable":true,"href":"https:\/\/apuliapraia-hotel.com\/it\/wp-json\/wp\/v2\/comments?post=1432"}],"version-history":[{"count":0,"href":"https:\/\/apuliapraia-hotel.com\/it\/wp-json\/wp\/v2\/pages\/1432\/revisions"}],"up":[{"embeddable":true,"href":"https:\/\/apuliapraia-hotel.com\/it\/wp-json\/wp\/v2\/pages\/1397"}],"wp:featuredmedia":[{"embeddable":true,"href":"https:\/\/apuliapraia-hotel.com\/it\/wp-json\/wp\/v2\/media\/318"}],"wp:attachment":[{"href":"https:\/\/apuliapraia-hotel.com\/it\/wp-json\/wp\/v2\/media?parent=1432"}],"curies":[{"name":"wp","href":"https:\/\/api.w.org\/{rel}","templated":true}]}}