{"id":1422,"date":"2025-01-09T04:18:06","date_gmt":"2025-01-09T04:18:06","guid":{"rendered":"https:\/\/apuliapraia-hotel.com\/?page_id=1422"},"modified":"2025-01-09T04:18:06","modified_gmt":"2025-01-09T04:18:06","slug":"museo-del-sargasso","status":"publish","type":"page","link":"https:\/\/apuliapraia-hotel.com\/it\/regione\/museo-del-sargasso\/","title":{"rendered":"Museo del Sargasso"},"content":{"rendered":"<p>Scopri la storia di Esposende con il Museo del Sargasso! Questo tesoro conserva e promuove la cultura della &#8220;raccolta del sargasso&#8221;, in particolare nella Parrocchia di Ap\u00falia, che \u00e8 il suo simbolo principale e un&#8217;icona di promozione culturale. Il museo \u00e8 composto da una sala espositiva principale, dove sono presentati i costumi, gli strumenti di lavoro e le imbarcazioni. Al piano superiore, viene esposto il valore di questa pratica nel corso dei secoli. Inoltre, il museo mostra anche le sue applicazioni, passate e future, poich\u00e9, oltre al suo uso tradizionale come fertilizzante per i campi agricoli, il Sargasso pu\u00f2 essere utilizzato anche per prodotti per l&#8217;igiene, cosmetici e alimentari. Puoi scoprire tutto questo e molto altro a pochi minuti dall&#8217;Apulia Praia Hotel.<\/p>\n","protected":false},"excerpt":{"rendered":"<p>Scopri la storia di Esposende con il Museo del Sargasso! Questo tesoro conserva e promuove la cultura della &#8220;raccolta del sargasso&#8221;, in particolare nella Parrocchia di Ap\u00falia, che \u00e8 il suo simbolo principale e un&#8217;icona di promozione culturale. Il museo \u00e8 composto da una sala espositiva principale, dove sono presentati i costumi, gli strumenti di [&hellip;]<\/p>\n","protected":false},"author":565,"featured_media":1103,"parent":1401,"menu_order":14,"comment_status":"closed","ping_status":"closed","template":"template-default-4.php","meta":{"footnotes":""},"class_list":["post-1422","page","type-page","status-publish","has-post-thumbnail","hentry"],"yoast_head":"<!-- This site is optimized with the Yoast SEO plugin v26.9 - https:\/\/yoast.com\/product\/yoast-seo-wordpress\/ -->\n<title>Museo del Sargasso - Apulia Praia Hotel -<\/title>\n<meta name=\"description\" content=\"Scopri la storia di Esposende con il Museo del Sargasso! Questo tesoro conserva e promuove la cultura della &quot;raccolta del sargasso&quot;, in particolare nella Parrocchia di Ap\u00falia, che \u00e8 il suo simbolo principale e un&#039;icona di promozione culturale. Il museo \u00e8 composto da una sala espositiva principale, dove sono presentati i costumi, gli strumenti di lavoro e le imbarcazioni\" \/>\n<meta name=\"robots\" content=\"index, follow, max-snippet:-1, max-image-preview:large, max-video-preview:-1\" \/>\n<link rel=\"canonical\" href=\"https:\/\/apuliapraia-hotel.com\/it\/regione\/museo-del-sargasso\/\" \/>\n<meta property=\"og:locale\" content=\"it_IT\" \/>\n<meta property=\"og:type\" content=\"article\" \/>\n<meta property=\"og:title\" content=\"Museo del Sargasso - Apulia Praia Hotel -\" \/>\n<meta property=\"og:description\" content=\"Scopri la storia di Esposende con il Museo del Sargasso! Questo tesoro conserva e promuove la cultura della &quot;raccolta del sargasso&quot;, in particolare nella Parrocchia di Ap\u00falia, che \u00e8 il suo simbolo principale e un&#039;icona di promozione culturale. Il museo \u00e8 composto da una sala espositiva principale, dove sono presentati i costumi, gli strumenti di lavoro e le imbarcazioni\" \/>\n<meta property=\"og:url\" content=\"https:\/\/apuliapraia-hotel.com\/it\/regione\/museo-del-sargasso\/\" \/>\n<meta property=\"og:site_name\" content=\"Apulia Praia Hotel\" \/>\n<meta property=\"og:image\" content=\"https:\/\/apuliapraia-hotel.com\/wp-content\/uploads\/sites\/512\/2024\/06\/museu-do-sargaco_8.jpg\" \/>\n\t<meta property=\"og:image:width\" content=\"715\" \/>\n\t<meta property=\"og:image:height\" content=\"430\" \/>\n\t<meta property=\"og:image:type\" content=\"image\/jpeg\" \/>\n<meta name=\"twitter:card\" content=\"summary_large_image\" \/>\n<meta name=\"twitter:label1\" content=\"Tempo di lettura stimato\" \/>\n\t<meta name=\"twitter:data1\" content=\"1 minuto\" \/>\n<script type=\"application\/ld+json\" class=\"yoast-schema-graph\">{\"@context\":\"https:\/\/schema.org\",\"@graph\":[{\"@type\":\"WebPage\",\"@id\":\"https:\/\/apuliapraia-hotel.com\/it\/regione\/museo-del-sargasso\/\",\"url\":\"https:\/\/apuliapraia-hotel.com\/it\/regione\/museo-del-sargasso\/\",\"name\":\"Museo del Sargasso - Apulia Praia Hotel -\",\"isPartOf\":{\"@id\":\"https:\/\/apuliapraia-hotel.com\/it\/#website\"},\"primaryImageOfPage\":{\"@id\":\"https:\/\/apuliapraia-hotel.com\/it\/regione\/museo-del-sargasso\/#primaryimage\"},\"image\":{\"@id\":\"https:\/\/apuliapraia-hotel.com\/it\/regione\/museo-del-sargasso\/#primaryimage\"},\"thumbnailUrl\":\"https:\/\/apuliapraia-hotel.com\/wp-content\/uploads\/sites\/512\/2024\/06\/museu-do-sargaco_8.jpg\",\"datePublished\":\"2025-01-09T04:18:06+00:00\",\"description\":\"Scopri la storia di Esposende con il Museo del Sargasso! Questo tesoro conserva e promuove la cultura della \\\"raccolta del sargasso\\\", in particolare nella Parrocchia di Ap\u00falia, che \u00e8 il suo simbolo principale e un'icona di promozione culturale. Il museo \u00e8 composto da una sala espositiva principale, dove sono presentati i costumi, gli strumenti di lavoro e le imbarcazioni\",\"breadcrumb\":{\"@id\":\"https:\/\/apuliapraia-hotel.com\/it\/regione\/museo-del-sargasso\/#breadcrumb\"},\"inLanguage\":\"it-IT\",\"potentialAction\":[{\"@type\":\"ReadAction\",\"target\":[\"https:\/\/apuliapraia-hotel.com\/it\/regione\/museo-del-sargasso\/\"]}]},{\"@type\":\"ImageObject\",\"inLanguage\":\"it-IT\",\"@id\":\"https:\/\/apuliapraia-hotel.com\/it\/regione\/museo-del-sargasso\/#primaryimage\",\"url\":\"https:\/\/apuliapraia-hotel.com\/wp-content\/uploads\/sites\/512\/2024\/06\/museu-do-sargaco_8.jpg\",\"contentUrl\":\"https:\/\/apuliapraia-hotel.com\/wp-content\/uploads\/sites\/512\/2024\/06\/museu-do-sargaco_8.jpg\",\"width\":715,\"height\":430},{\"@type\":\"BreadcrumbList\",\"@id\":\"https:\/\/apuliapraia-hotel.com\/it\/regione\/museo-del-sargasso\/#breadcrumb\",\"itemListElement\":[{\"@type\":\"ListItem\",\"position\":1,\"name\":\"Home\",\"item\":\"https:\/\/apuliapraia-hotel.com\/it\/\"},{\"@type\":\"ListItem\",\"position\":2,\"name\":\"Regione\",\"item\":\"https:\/\/apuliapraia-hotel.com\/it\/regione\/\"},{\"@type\":\"ListItem\",\"position\":3,\"name\":\"Museo del Sargasso\"}]},{\"@type\":\"WebSite\",\"@id\":\"https:\/\/apuliapraia-hotel.com\/it\/#website\",\"url\":\"https:\/\/apuliapraia-hotel.com\/it\/\",\"name\":\"Apulia Praia Hotel\",\"description\":\"\",\"potentialAction\":[{\"@type\":\"SearchAction\",\"target\":{\"@type\":\"EntryPoint\",\"urlTemplate\":\"https:\/\/apuliapraia-hotel.com\/it\/?s={search_term_string}\"},\"query-input\":{\"@type\":\"PropertyValueSpecification\",\"valueRequired\":true,\"valueName\":\"search_term_string\"}}],\"inLanguage\":\"it-IT\"}]}<\/script>\n<!-- \/ Yoast SEO plugin. -->","yoast_head_json":{"title":"Museo del Sargasso - Apulia Praia Hotel -","description":"Scopri la storia di Esposende con il Museo del Sargasso! Questo tesoro conserva e promuove la cultura della \"raccolta del sargasso\", in particolare nella Parrocchia di Ap\u00falia, che \u00e8 il suo simbolo principale e un'icona di promozione culturale. Il museo \u00e8 composto da una sala espositiva principale, dove sono presentati i costumi, gli strumenti di lavoro e le imbarcazioni","robots":{"index":"index","follow":"follow","max-snippet":"max-snippet:-1","max-image-preview":"max-image-preview:large","max-video-preview":"max-video-preview:-1"},"canonical":"https:\/\/apuliapraia-hotel.com\/it\/regione\/museo-del-sargasso\/","og_locale":"it_IT","og_type":"article","og_title":"Museo del Sargasso - Apulia Praia Hotel -","og_description":"Scopri la storia di Esposende con il Museo del Sargasso! Questo tesoro conserva e promuove la cultura della \"raccolta del sargasso\", in particolare nella Parrocchia di Ap\u00falia, che \u00e8 il suo simbolo principale e un'icona di promozione culturale. Il museo \u00e8 composto da una sala espositiva principale, dove sono presentati i costumi, gli strumenti di lavoro e le imbarcazioni","og_url":"https:\/\/apuliapraia-hotel.com\/it\/regione\/museo-del-sargasso\/","og_site_name":"Apulia Praia Hotel","og_image":[{"width":715,"height":430,"url":"https:\/\/apuliapraia-hotel.com\/wp-content\/uploads\/sites\/512\/2024\/06\/museu-do-sargaco_8.jpg","type":"image\/jpeg"}],"twitter_card":"summary_large_image","twitter_misc":{"Tempo di lettura stimato":"1 minuto"},"schema":{"@context":"https:\/\/schema.org","@graph":[{"@type":"WebPage","@id":"https:\/\/apuliapraia-hotel.com\/it\/regione\/museo-del-sargasso\/","url":"https:\/\/apuliapraia-hotel.com\/it\/regione\/museo-del-sargasso\/","name":"Museo del Sargasso - Apulia Praia Hotel -","isPartOf":{"@id":"https:\/\/apuliapraia-hotel.com\/it\/#website"},"primaryImageOfPage":{"@id":"https:\/\/apuliapraia-hotel.com\/it\/regione\/museo-del-sargasso\/#primaryimage"},"image":{"@id":"https:\/\/apuliapraia-hotel.com\/it\/regione\/museo-del-sargasso\/#primaryimage"},"thumbnailUrl":"https:\/\/apuliapraia-hotel.com\/wp-content\/uploads\/sites\/512\/2024\/06\/museu-do-sargaco_8.jpg","datePublished":"2025-01-09T04:18:06+00:00","description":"Scopri la storia di Esposende con il Museo del Sargasso! Questo tesoro conserva e promuove la cultura della \"raccolta del sargasso\", in particolare nella Parrocchia di Ap\u00falia, che \u00e8 il suo simbolo principale e un'icona di promozione culturale. Il museo \u00e8 composto da una sala espositiva principale, dove sono presentati i costumi, gli strumenti di lavoro e le imbarcazioni","breadcrumb":{"@id":"https:\/\/apuliapraia-hotel.com\/it\/regione\/museo-del-sargasso\/#breadcrumb"},"inLanguage":"it-IT","potentialAction":[{"@type":"ReadAction","target":["https:\/\/apuliapraia-hotel.com\/it\/regione\/museo-del-sargasso\/"]}]},{"@type":"ImageObject","inLanguage":"it-IT","@id":"https:\/\/apuliapraia-hotel.com\/it\/regione\/museo-del-sargasso\/#primaryimage","url":"https:\/\/apuliapraia-hotel.com\/wp-content\/uploads\/sites\/512\/2024\/06\/museu-do-sargaco_8.jpg","contentUrl":"https:\/\/apuliapraia-hotel.com\/wp-content\/uploads\/sites\/512\/2024\/06\/museu-do-sargaco_8.jpg","width":715,"height":430},{"@type":"BreadcrumbList","@id":"https:\/\/apuliapraia-hotel.com\/it\/regione\/museo-del-sargasso\/#breadcrumb","itemListElement":[{"@type":"ListItem","position":1,"name":"Home","item":"https:\/\/apuliapraia-hotel.com\/it\/"},{"@type":"ListItem","position":2,"name":"Regione","item":"https:\/\/apuliapraia-hotel.com\/it\/regione\/"},{"@type":"ListItem","position":3,"name":"Museo del Sargasso"}]},{"@type":"WebSite","@id":"https:\/\/apuliapraia-hotel.com\/it\/#website","url":"https:\/\/apuliapraia-hotel.com\/it\/","name":"Apulia Praia Hotel","description":"","potentialAction":[{"@type":"SearchAction","target":{"@type":"EntryPoint","urlTemplate":"https:\/\/apuliapraia-hotel.com\/it\/?s={search_term_string}"},"query-input":{"@type":"PropertyValueSpecification","valueRequired":true,"valueName":"search_term_string"}}],"inLanguage":"it-IT"}]}},"acf":[],"_links":{"self":[{"href":"https:\/\/apuliapraia-hotel.com\/it\/wp-json\/wp\/v2\/pages\/1422","targetHints":{"allow":["GET"]}}],"collection":[{"href":"https:\/\/apuliapraia-hotel.com\/it\/wp-json\/wp\/v2\/pages"}],"about":[{"href":"https:\/\/apuliapraia-hotel.com\/it\/wp-json\/wp\/v2\/types\/page"}],"author":[{"embeddable":true,"href":"https:\/\/apuliapraia-hotel.com\/it\/wp-json\/wp\/v2\/users\/565"}],"replies":[{"embeddable":true,"href":"https:\/\/apuliapraia-hotel.com\/it\/wp-json\/wp\/v2\/comments?post=1422"}],"version-history":[{"count":0,"href":"https:\/\/apuliapraia-hotel.com\/it\/wp-json\/wp\/v2\/pages\/1422\/revisions"}],"up":[{"embeddable":true,"href":"https:\/\/apuliapraia-hotel.com\/it\/wp-json\/wp\/v2\/pages\/1401"}],"wp:featuredmedia":[{"embeddable":true,"href":"https:\/\/apuliapraia-hotel.com\/it\/wp-json\/wp\/v2\/media\/1103"}],"wp:attachment":[{"href":"https:\/\/apuliapraia-hotel.com\/it\/wp-json\/wp\/v2\/media?parent=1422"}],"curies":[{"name":"wp","href":"https:\/\/api.w.org\/{rel}","templated":true}]}}