{"id":1421,"date":"2025-01-09T04:16:25","date_gmt":"2025-01-09T04:16:25","guid":{"rendered":"https:\/\/apuliapraia-hotel.com\/?page_id=1421"},"modified":"2025-01-09T04:16:25","modified_gmt":"2025-01-09T04:16:25","slug":"santuario-di-nostra-signora-della-guia","status":"publish","type":"page","link":"https:\/\/apuliapraia-hotel.com\/it\/regione\/santuario-di-nostra-signora-della-guia\/","title":{"rendered":"Santuario di Nostra Signora della Guia"},"content":{"rendered":"<p>Questo \u00e8 un luogo che non puoi assolutamente perdere. Per arrivarci, puoi scegliere il <strong>percorso della Via Crucis<\/strong> o salire sull&#8217;ammirevole scalinata che caratterizza questo Santuario. In cima, al <strong>Belvedere di Nostra Signora della Guia<\/strong>, troverai una distesa di bellezza tra il mare e la scogliera fossile, con una vista mozzafiato sulla costa atlantica, che si estende tra S\u00e3o Bartolomeu do Mar e Viana do Castelo. Inoltre, avrai la possibilit\u00e0 di esplorare alcuni monumenti, come la <strong>grotta di J\u00f3ia-Monge<\/strong>, circondata da leggende e miti, o fermarti per un piacevole picnic. Non perdere l&#8217;opportunit\u00e0 di ammirare anche la <strong>Cappella di Nostra Signora della Guia<\/strong>, che un tempo serviva come faro per i navigatori.<\/p>\n","protected":false},"excerpt":{"rendered":"<p>Questo \u00e8 un luogo che non puoi assolutamente perdere. Per arrivarci, puoi scegliere il percorso della Via Crucis o salire sull&#8217;ammirevole scalinata che caratterizza questo Santuario. In cima, al Belvedere di Nostra Signora della Guia, troverai una distesa di bellezza tra il mare e la scogliera fossile, con una vista mozzafiato sulla costa atlantica, che [&hellip;]<\/p>\n","protected":false},"author":565,"featured_media":380,"parent":1401,"menu_order":13,"comment_status":"closed","ping_status":"closed","template":"template-default-4.php","meta":{"footnotes":""},"class_list":["post-1421","page","type-page","status-publish","has-post-thumbnail","hentry"],"yoast_head":"<!-- This site is optimized with the Yoast SEO plugin v26.9 - https:\/\/yoast.com\/product\/yoast-seo-wordpress\/ -->\n<title>Santuario di Nostra Signora della Guia - Apulia Praia Hotel -<\/title>\n<meta name=\"description\" content=\"Questo \u00e8 un luogo che non puoi assolutamente perdere. Per arrivarci, puoi scegliere il percorso della Via Crucis o salire sull&#039;ammirevole scalinata che caratterizza questo Santuario\" \/>\n<meta name=\"robots\" content=\"index, follow, max-snippet:-1, max-image-preview:large, max-video-preview:-1\" \/>\n<link rel=\"canonical\" href=\"https:\/\/apuliapraia-hotel.com\/it\/regione\/santuario-di-nostra-signora-della-guia\/\" \/>\n<meta property=\"og:locale\" content=\"it_IT\" \/>\n<meta property=\"og:type\" content=\"article\" \/>\n<meta property=\"og:title\" content=\"Santuario di Nostra Signora della Guia - Apulia Praia Hotel -\" \/>\n<meta property=\"og:description\" content=\"Questo \u00e8 un luogo che non puoi assolutamente perdere. Per arrivarci, puoi scegliere il percorso della Via Crucis o salire sull&#039;ammirevole scalinata che caratterizza questo Santuario\" \/>\n<meta property=\"og:url\" content=\"https:\/\/apuliapraia-hotel.com\/it\/regione\/santuario-di-nostra-signora-della-guia\/\" \/>\n<meta property=\"og:site_name\" content=\"Apulia Praia Hotel\" \/>\n<meta property=\"og:image\" content=\"https:\/\/apuliapraia-hotel.com\/wp-content\/uploads\/sites\/512\/2023\/02\/Santuario-Senhora-da-Guia.png\" \/>\n\t<meta property=\"og:image:width\" content=\"1200\" \/>\n\t<meta property=\"og:image:height\" content=\"800\" \/>\n\t<meta property=\"og:image:type\" content=\"image\/png\" \/>\n<meta name=\"twitter:card\" content=\"summary_large_image\" \/>\n<meta name=\"twitter:label1\" content=\"Tempo di lettura stimato\" \/>\n\t<meta name=\"twitter:data1\" content=\"1 minuto\" \/>\n<script type=\"application\/ld+json\" class=\"yoast-schema-graph\">{\"@context\":\"https:\/\/schema.org\",\"@graph\":[{\"@type\":\"WebPage\",\"@id\":\"https:\/\/apuliapraia-hotel.com\/it\/regione\/santuario-di-nostra-signora-della-guia\/\",\"url\":\"https:\/\/apuliapraia-hotel.com\/it\/regione\/santuario-di-nostra-signora-della-guia\/\",\"name\":\"Santuario di Nostra Signora della Guia - Apulia Praia Hotel -\",\"isPartOf\":{\"@id\":\"https:\/\/apuliapraia-hotel.com\/it\/#website\"},\"primaryImageOfPage\":{\"@id\":\"https:\/\/apuliapraia-hotel.com\/it\/regione\/santuario-di-nostra-signora-della-guia\/#primaryimage\"},\"image\":{\"@id\":\"https:\/\/apuliapraia-hotel.com\/it\/regione\/santuario-di-nostra-signora-della-guia\/#primaryimage\"},\"thumbnailUrl\":\"https:\/\/apuliapraia-hotel.com\/wp-content\/uploads\/sites\/512\/2023\/02\/Santuario-Senhora-da-Guia.png\",\"datePublished\":\"2025-01-09T04:16:25+00:00\",\"description\":\"Questo \u00e8 un luogo che non puoi assolutamente perdere. Per arrivarci, puoi scegliere il percorso della Via Crucis o salire sull'ammirevole scalinata che caratterizza questo Santuario\",\"breadcrumb\":{\"@id\":\"https:\/\/apuliapraia-hotel.com\/it\/regione\/santuario-di-nostra-signora-della-guia\/#breadcrumb\"},\"inLanguage\":\"it-IT\",\"potentialAction\":[{\"@type\":\"ReadAction\",\"target\":[\"https:\/\/apuliapraia-hotel.com\/it\/regione\/santuario-di-nostra-signora-della-guia\/\"]}]},{\"@type\":\"ImageObject\",\"inLanguage\":\"it-IT\",\"@id\":\"https:\/\/apuliapraia-hotel.com\/it\/regione\/santuario-di-nostra-signora-della-guia\/#primaryimage\",\"url\":\"https:\/\/apuliapraia-hotel.com\/wp-content\/uploads\/sites\/512\/2023\/02\/Santuario-Senhora-da-Guia.png\",\"contentUrl\":\"https:\/\/apuliapraia-hotel.com\/wp-content\/uploads\/sites\/512\/2023\/02\/Santuario-Senhora-da-Guia.png\",\"width\":1200,\"height\":800,\"caption\":\"Santu\u00e1rio da Nossa Senhora da Guia\"},{\"@type\":\"BreadcrumbList\",\"@id\":\"https:\/\/apuliapraia-hotel.com\/it\/regione\/santuario-di-nostra-signora-della-guia\/#breadcrumb\",\"itemListElement\":[{\"@type\":\"ListItem\",\"position\":1,\"name\":\"Home\",\"item\":\"https:\/\/apuliapraia-hotel.com\/it\/\"},{\"@type\":\"ListItem\",\"position\":2,\"name\":\"Regione\",\"item\":\"https:\/\/apuliapraia-hotel.com\/it\/regione\/\"},{\"@type\":\"ListItem\",\"position\":3,\"name\":\"Santuario di Nostra Signora della Guia\"}]},{\"@type\":\"WebSite\",\"@id\":\"https:\/\/apuliapraia-hotel.com\/it\/#website\",\"url\":\"https:\/\/apuliapraia-hotel.com\/it\/\",\"name\":\"Apulia Praia Hotel\",\"description\":\"\",\"potentialAction\":[{\"@type\":\"SearchAction\",\"target\":{\"@type\":\"EntryPoint\",\"urlTemplate\":\"https:\/\/apuliapraia-hotel.com\/it\/?s={search_term_string}\"},\"query-input\":{\"@type\":\"PropertyValueSpecification\",\"valueRequired\":true,\"valueName\":\"search_term_string\"}}],\"inLanguage\":\"it-IT\"}]}<\/script>\n<!-- \/ Yoast SEO plugin. -->","yoast_head_json":{"title":"Santuario di Nostra Signora della Guia - Apulia Praia Hotel -","description":"Questo \u00e8 un luogo che non puoi assolutamente perdere. Per arrivarci, puoi scegliere il percorso della Via Crucis o salire sull'ammirevole scalinata che caratterizza questo Santuario","robots":{"index":"index","follow":"follow","max-snippet":"max-snippet:-1","max-image-preview":"max-image-preview:large","max-video-preview":"max-video-preview:-1"},"canonical":"https:\/\/apuliapraia-hotel.com\/it\/regione\/santuario-di-nostra-signora-della-guia\/","og_locale":"it_IT","og_type":"article","og_title":"Santuario di Nostra Signora della Guia - Apulia Praia Hotel -","og_description":"Questo \u00e8 un luogo che non puoi assolutamente perdere. Per arrivarci, puoi scegliere il percorso della Via Crucis o salire sull'ammirevole scalinata che caratterizza questo Santuario","og_url":"https:\/\/apuliapraia-hotel.com\/it\/regione\/santuario-di-nostra-signora-della-guia\/","og_site_name":"Apulia Praia Hotel","og_image":[{"width":1200,"height":800,"url":"https:\/\/apuliapraia-hotel.com\/wp-content\/uploads\/sites\/512\/2023\/02\/Santuario-Senhora-da-Guia.png","type":"image\/png"}],"twitter_card":"summary_large_image","twitter_misc":{"Tempo di lettura stimato":"1 minuto"},"schema":{"@context":"https:\/\/schema.org","@graph":[{"@type":"WebPage","@id":"https:\/\/apuliapraia-hotel.com\/it\/regione\/santuario-di-nostra-signora-della-guia\/","url":"https:\/\/apuliapraia-hotel.com\/it\/regione\/santuario-di-nostra-signora-della-guia\/","name":"Santuario di Nostra Signora della Guia - Apulia Praia Hotel -","isPartOf":{"@id":"https:\/\/apuliapraia-hotel.com\/it\/#website"},"primaryImageOfPage":{"@id":"https:\/\/apuliapraia-hotel.com\/it\/regione\/santuario-di-nostra-signora-della-guia\/#primaryimage"},"image":{"@id":"https:\/\/apuliapraia-hotel.com\/it\/regione\/santuario-di-nostra-signora-della-guia\/#primaryimage"},"thumbnailUrl":"https:\/\/apuliapraia-hotel.com\/wp-content\/uploads\/sites\/512\/2023\/02\/Santuario-Senhora-da-Guia.png","datePublished":"2025-01-09T04:16:25+00:00","description":"Questo \u00e8 un luogo che non puoi assolutamente perdere. Per arrivarci, puoi scegliere il percorso della Via Crucis o salire sull'ammirevole scalinata che caratterizza questo Santuario","breadcrumb":{"@id":"https:\/\/apuliapraia-hotel.com\/it\/regione\/santuario-di-nostra-signora-della-guia\/#breadcrumb"},"inLanguage":"it-IT","potentialAction":[{"@type":"ReadAction","target":["https:\/\/apuliapraia-hotel.com\/it\/regione\/santuario-di-nostra-signora-della-guia\/"]}]},{"@type":"ImageObject","inLanguage":"it-IT","@id":"https:\/\/apuliapraia-hotel.com\/it\/regione\/santuario-di-nostra-signora-della-guia\/#primaryimage","url":"https:\/\/apuliapraia-hotel.com\/wp-content\/uploads\/sites\/512\/2023\/02\/Santuario-Senhora-da-Guia.png","contentUrl":"https:\/\/apuliapraia-hotel.com\/wp-content\/uploads\/sites\/512\/2023\/02\/Santuario-Senhora-da-Guia.png","width":1200,"height":800,"caption":"Santu\u00e1rio da Nossa Senhora da Guia"},{"@type":"BreadcrumbList","@id":"https:\/\/apuliapraia-hotel.com\/it\/regione\/santuario-di-nostra-signora-della-guia\/#breadcrumb","itemListElement":[{"@type":"ListItem","position":1,"name":"Home","item":"https:\/\/apuliapraia-hotel.com\/it\/"},{"@type":"ListItem","position":2,"name":"Regione","item":"https:\/\/apuliapraia-hotel.com\/it\/regione\/"},{"@type":"ListItem","position":3,"name":"Santuario di Nostra Signora della Guia"}]},{"@type":"WebSite","@id":"https:\/\/apuliapraia-hotel.com\/it\/#website","url":"https:\/\/apuliapraia-hotel.com\/it\/","name":"Apulia Praia Hotel","description":"","potentialAction":[{"@type":"SearchAction","target":{"@type":"EntryPoint","urlTemplate":"https:\/\/apuliapraia-hotel.com\/it\/?s={search_term_string}"},"query-input":{"@type":"PropertyValueSpecification","valueRequired":true,"valueName":"search_term_string"}}],"inLanguage":"it-IT"}]}},"acf":[],"_links":{"self":[{"href":"https:\/\/apuliapraia-hotel.com\/it\/wp-json\/wp\/v2\/pages\/1421","targetHints":{"allow":["GET"]}}],"collection":[{"href":"https:\/\/apuliapraia-hotel.com\/it\/wp-json\/wp\/v2\/pages"}],"about":[{"href":"https:\/\/apuliapraia-hotel.com\/it\/wp-json\/wp\/v2\/types\/page"}],"author":[{"embeddable":true,"href":"https:\/\/apuliapraia-hotel.com\/it\/wp-json\/wp\/v2\/users\/565"}],"replies":[{"embeddable":true,"href":"https:\/\/apuliapraia-hotel.com\/it\/wp-json\/wp\/v2\/comments?post=1421"}],"version-history":[{"count":0,"href":"https:\/\/apuliapraia-hotel.com\/it\/wp-json\/wp\/v2\/pages\/1421\/revisions"}],"up":[{"embeddable":true,"href":"https:\/\/apuliapraia-hotel.com\/it\/wp-json\/wp\/v2\/pages\/1401"}],"wp:featuredmedia":[{"embeddable":true,"href":"https:\/\/apuliapraia-hotel.com\/it\/wp-json\/wp\/v2\/media\/380"}],"wp:attachment":[{"href":"https:\/\/apuliapraia-hotel.com\/it\/wp-json\/wp\/v2\/media?parent=1421"}],"curies":[{"name":"wp","href":"https:\/\/api.w.org\/{rel}","templated":true}]}}