{"id":1419,"date":"2025-01-09T04:12:31","date_gmt":"2025-01-09T04:12:31","guid":{"rendered":"https:\/\/apuliapraia-hotel.com\/?page_id=1419"},"modified":"2025-01-09T04:12:31","modified_gmt":"2025-01-09T04:12:31","slug":"forte-di-sao-joao-batista-e-faro-di-esposende","status":"publish","type":"page","link":"https:\/\/apuliapraia-hotel.com\/it\/regione\/forte-di-sao-joao-batista-e-faro-di-esposende\/","title":{"rendered":"Forte di S\u00e3o Jo\u00e3o Batista e Faro di Esposende"},"content":{"rendered":"<p>Famoso nella regione per la sua storia e la sua struttura in pietra, il <strong>Forte di S\u00e3o Jo\u00e3o Batista<\/strong> inizi\u00f2 la sua costruzione nel XVII secolo, durante il regno di D. Pedro II. La sua missione era quella di difendere e proteggere la costa portoghese, salvaguardando l&#8217;ingresso del fiume C\u00e1vado. La <strong>Torre del Faro<\/strong> che costituisce questa fortezza \u00e8 oggi una delle poche torri metalliche esistenti in Portogallo. Nel 2020, il <a href=\"https:\/\/www.municipio.esposende.pt\/\">Comune di Esposende<\/a> acquis\u00ec il <a href=\"https:\/\/natural.pt\/protected-areas\/parque-natural-litoral-norte\/points-of-interest\/s-joao-baptista-fort-and-esposende-lighthouse?locale=pt\"><strong>Forte di S\u00e3o Jo\u00e3o Batista<\/strong><\/a> per un periodo di 50 anni, con l&#8217;obiettivo di riabilitare questo spazio per la promozione del patrimonio culturale. \u00c8 senza dubbio un luogo ricco di storia che non puoi perdere.<\/p>\n","protected":false},"excerpt":{"rendered":"<p>Famoso nella regione per la sua storia e la sua struttura in pietra, il Forte di S\u00e3o Jo\u00e3o Batista inizi\u00f2 la sua costruzione nel XVII secolo, durante il regno di D. Pedro II. La sua missione era quella di difendere e proteggere la costa portoghese, salvaguardando l&#8217;ingresso del fiume C\u00e1vado. La Torre del Faro che [&hellip;]<\/p>\n","protected":false},"author":565,"featured_media":396,"parent":1401,"menu_order":11,"comment_status":"closed","ping_status":"closed","template":"template-default-4.php","meta":{"footnotes":""},"class_list":["post-1419","page","type-page","status-publish","has-post-thumbnail","hentry"],"yoast_head":"<!-- This site is optimized with the Yoast SEO plugin v26.9 - https:\/\/yoast.com\/product\/yoast-seo-wordpress\/ -->\n<title>Forte di S\u00e3o Jo\u00e3o Batista e Faro di Esposende - Apulia Praia Hotel -<\/title>\n<meta name=\"description\" content=\"Famoso nella regione per la sua storia e la sua struttura in pietra, il Forte di S\u00e3o Jo\u00e3o Batista inizi\u00f2 la sua costruzione nel XVII secolo, durante il regno di D. Pedro II\" \/>\n<meta name=\"robots\" content=\"index, follow, max-snippet:-1, max-image-preview:large, max-video-preview:-1\" \/>\n<link rel=\"canonical\" href=\"https:\/\/apuliapraia-hotel.com\/it\/regione\/forte-di-sao-joao-batista-e-faro-di-esposende\/\" \/>\n<meta property=\"og:locale\" content=\"it_IT\" \/>\n<meta property=\"og:type\" content=\"article\" \/>\n<meta property=\"og:title\" content=\"Forte di S\u00e3o Jo\u00e3o Batista e Faro di Esposende - Apulia Praia Hotel -\" \/>\n<meta property=\"og:description\" content=\"Famoso nella regione per la sua storia e la sua struttura in pietra, il Forte di S\u00e3o Jo\u00e3o Batista inizi\u00f2 la sua costruzione nel XVII secolo, durante il regno di D. Pedro II\" \/>\n<meta property=\"og:url\" content=\"https:\/\/apuliapraia-hotel.com\/it\/regione\/forte-di-sao-joao-batista-e-faro-di-esposende\/\" \/>\n<meta property=\"og:site_name\" content=\"Apulia Praia Hotel\" \/>\n<meta property=\"og:image\" content=\"https:\/\/apuliapraia-hotel.com\/wp-content\/uploads\/sites\/512\/2023\/02\/Forte-de-Sao-Batista-2.png\" \/>\n\t<meta property=\"og:image:width\" content=\"1200\" \/>\n\t<meta property=\"og:image:height\" content=\"800\" \/>\n\t<meta property=\"og:image:type\" content=\"image\/png\" \/>\n<meta name=\"twitter:card\" content=\"summary_large_image\" \/>\n<meta name=\"twitter:label1\" content=\"Tempo di lettura stimato\" \/>\n\t<meta name=\"twitter:data1\" content=\"1 minuto\" \/>\n<script type=\"application\/ld+json\" class=\"yoast-schema-graph\">{\"@context\":\"https:\/\/schema.org\",\"@graph\":[{\"@type\":\"WebPage\",\"@id\":\"https:\/\/apuliapraia-hotel.com\/it\/regione\/forte-di-sao-joao-batista-e-faro-di-esposende\/\",\"url\":\"https:\/\/apuliapraia-hotel.com\/it\/regione\/forte-di-sao-joao-batista-e-faro-di-esposende\/\",\"name\":\"Forte di S\u00e3o Jo\u00e3o Batista e Faro di Esposende - Apulia Praia Hotel -\",\"isPartOf\":{\"@id\":\"https:\/\/apuliapraia-hotel.com\/it\/#website\"},\"primaryImageOfPage\":{\"@id\":\"https:\/\/apuliapraia-hotel.com\/it\/regione\/forte-di-sao-joao-batista-e-faro-di-esposende\/#primaryimage\"},\"image\":{\"@id\":\"https:\/\/apuliapraia-hotel.com\/it\/regione\/forte-di-sao-joao-batista-e-faro-di-esposende\/#primaryimage\"},\"thumbnailUrl\":\"https:\/\/apuliapraia-hotel.com\/wp-content\/uploads\/sites\/512\/2023\/02\/Forte-de-Sao-Batista-2.png\",\"datePublished\":\"2025-01-09T04:12:31+00:00\",\"description\":\"Famoso nella regione per la sua storia e la sua struttura in pietra, il Forte di S\u00e3o Jo\u00e3o Batista inizi\u00f2 la sua costruzione nel XVII secolo, durante il regno di D. Pedro II\",\"breadcrumb\":{\"@id\":\"https:\/\/apuliapraia-hotel.com\/it\/regione\/forte-di-sao-joao-batista-e-faro-di-esposende\/#breadcrumb\"},\"inLanguage\":\"it-IT\",\"potentialAction\":[{\"@type\":\"ReadAction\",\"target\":[\"https:\/\/apuliapraia-hotel.com\/it\/regione\/forte-di-sao-joao-batista-e-faro-di-esposende\/\"]}]},{\"@type\":\"ImageObject\",\"inLanguage\":\"it-IT\",\"@id\":\"https:\/\/apuliapraia-hotel.com\/it\/regione\/forte-di-sao-joao-batista-e-faro-di-esposende\/#primaryimage\",\"url\":\"https:\/\/apuliapraia-hotel.com\/wp-content\/uploads\/sites\/512\/2023\/02\/Forte-de-Sao-Batista-2.png\",\"contentUrl\":\"https:\/\/apuliapraia-hotel.com\/wp-content\/uploads\/sites\/512\/2023\/02\/Forte-de-Sao-Batista-2.png\",\"width\":1200,\"height\":800,\"caption\":\"Forte S\u00e3o Jo\u00e3o Batista e Farol de Esposende\"},{\"@type\":\"BreadcrumbList\",\"@id\":\"https:\/\/apuliapraia-hotel.com\/it\/regione\/forte-di-sao-joao-batista-e-faro-di-esposende\/#breadcrumb\",\"itemListElement\":[{\"@type\":\"ListItem\",\"position\":1,\"name\":\"Home\",\"item\":\"https:\/\/apuliapraia-hotel.com\/it\/\"},{\"@type\":\"ListItem\",\"position\":2,\"name\":\"Regione\",\"item\":\"https:\/\/apuliapraia-hotel.com\/it\/regione\/\"},{\"@type\":\"ListItem\",\"position\":3,\"name\":\"Forte di S\u00e3o Jo\u00e3o Batista e Faro di Esposende\"}]},{\"@type\":\"WebSite\",\"@id\":\"https:\/\/apuliapraia-hotel.com\/it\/#website\",\"url\":\"https:\/\/apuliapraia-hotel.com\/it\/\",\"name\":\"Apulia Praia Hotel\",\"description\":\"\",\"potentialAction\":[{\"@type\":\"SearchAction\",\"target\":{\"@type\":\"EntryPoint\",\"urlTemplate\":\"https:\/\/apuliapraia-hotel.com\/it\/?s={search_term_string}\"},\"query-input\":{\"@type\":\"PropertyValueSpecification\",\"valueRequired\":true,\"valueName\":\"search_term_string\"}}],\"inLanguage\":\"it-IT\"}]}<\/script>\n<!-- \/ Yoast SEO plugin. -->","yoast_head_json":{"title":"Forte di S\u00e3o Jo\u00e3o Batista e Faro di Esposende - Apulia Praia Hotel -","description":"Famoso nella regione per la sua storia e la sua struttura in pietra, il Forte di S\u00e3o Jo\u00e3o Batista inizi\u00f2 la sua costruzione nel XVII secolo, durante il regno di D. Pedro II","robots":{"index":"index","follow":"follow","max-snippet":"max-snippet:-1","max-image-preview":"max-image-preview:large","max-video-preview":"max-video-preview:-1"},"canonical":"https:\/\/apuliapraia-hotel.com\/it\/regione\/forte-di-sao-joao-batista-e-faro-di-esposende\/","og_locale":"it_IT","og_type":"article","og_title":"Forte di S\u00e3o Jo\u00e3o Batista e Faro di Esposende - Apulia Praia Hotel -","og_description":"Famoso nella regione per la sua storia e la sua struttura in pietra, il Forte di S\u00e3o Jo\u00e3o Batista inizi\u00f2 la sua costruzione nel XVII secolo, durante il regno di D. Pedro II","og_url":"https:\/\/apuliapraia-hotel.com\/it\/regione\/forte-di-sao-joao-batista-e-faro-di-esposende\/","og_site_name":"Apulia Praia Hotel","og_image":[{"width":1200,"height":800,"url":"https:\/\/apuliapraia-hotel.com\/wp-content\/uploads\/sites\/512\/2023\/02\/Forte-de-Sao-Batista-2.png","type":"image\/png"}],"twitter_card":"summary_large_image","twitter_misc":{"Tempo di lettura stimato":"1 minuto"},"schema":{"@context":"https:\/\/schema.org","@graph":[{"@type":"WebPage","@id":"https:\/\/apuliapraia-hotel.com\/it\/regione\/forte-di-sao-joao-batista-e-faro-di-esposende\/","url":"https:\/\/apuliapraia-hotel.com\/it\/regione\/forte-di-sao-joao-batista-e-faro-di-esposende\/","name":"Forte di S\u00e3o Jo\u00e3o Batista e Faro di Esposende - Apulia Praia Hotel -","isPartOf":{"@id":"https:\/\/apuliapraia-hotel.com\/it\/#website"},"primaryImageOfPage":{"@id":"https:\/\/apuliapraia-hotel.com\/it\/regione\/forte-di-sao-joao-batista-e-faro-di-esposende\/#primaryimage"},"image":{"@id":"https:\/\/apuliapraia-hotel.com\/it\/regione\/forte-di-sao-joao-batista-e-faro-di-esposende\/#primaryimage"},"thumbnailUrl":"https:\/\/apuliapraia-hotel.com\/wp-content\/uploads\/sites\/512\/2023\/02\/Forte-de-Sao-Batista-2.png","datePublished":"2025-01-09T04:12:31+00:00","description":"Famoso nella regione per la sua storia e la sua struttura in pietra, il Forte di S\u00e3o Jo\u00e3o Batista inizi\u00f2 la sua costruzione nel XVII secolo, durante il regno di D. Pedro II","breadcrumb":{"@id":"https:\/\/apuliapraia-hotel.com\/it\/regione\/forte-di-sao-joao-batista-e-faro-di-esposende\/#breadcrumb"},"inLanguage":"it-IT","potentialAction":[{"@type":"ReadAction","target":["https:\/\/apuliapraia-hotel.com\/it\/regione\/forte-di-sao-joao-batista-e-faro-di-esposende\/"]}]},{"@type":"ImageObject","inLanguage":"it-IT","@id":"https:\/\/apuliapraia-hotel.com\/it\/regione\/forte-di-sao-joao-batista-e-faro-di-esposende\/#primaryimage","url":"https:\/\/apuliapraia-hotel.com\/wp-content\/uploads\/sites\/512\/2023\/02\/Forte-de-Sao-Batista-2.png","contentUrl":"https:\/\/apuliapraia-hotel.com\/wp-content\/uploads\/sites\/512\/2023\/02\/Forte-de-Sao-Batista-2.png","width":1200,"height":800,"caption":"Forte S\u00e3o Jo\u00e3o Batista e Farol de Esposende"},{"@type":"BreadcrumbList","@id":"https:\/\/apuliapraia-hotel.com\/it\/regione\/forte-di-sao-joao-batista-e-faro-di-esposende\/#breadcrumb","itemListElement":[{"@type":"ListItem","position":1,"name":"Home","item":"https:\/\/apuliapraia-hotel.com\/it\/"},{"@type":"ListItem","position":2,"name":"Regione","item":"https:\/\/apuliapraia-hotel.com\/it\/regione\/"},{"@type":"ListItem","position":3,"name":"Forte di S\u00e3o Jo\u00e3o Batista e Faro di Esposende"}]},{"@type":"WebSite","@id":"https:\/\/apuliapraia-hotel.com\/it\/#website","url":"https:\/\/apuliapraia-hotel.com\/it\/","name":"Apulia Praia Hotel","description":"","potentialAction":[{"@type":"SearchAction","target":{"@type":"EntryPoint","urlTemplate":"https:\/\/apuliapraia-hotel.com\/it\/?s={search_term_string}"},"query-input":{"@type":"PropertyValueSpecification","valueRequired":true,"valueName":"search_term_string"}}],"inLanguage":"it-IT"}]}},"acf":[],"_links":{"self":[{"href":"https:\/\/apuliapraia-hotel.com\/it\/wp-json\/wp\/v2\/pages\/1419","targetHints":{"allow":["GET"]}}],"collection":[{"href":"https:\/\/apuliapraia-hotel.com\/it\/wp-json\/wp\/v2\/pages"}],"about":[{"href":"https:\/\/apuliapraia-hotel.com\/it\/wp-json\/wp\/v2\/types\/page"}],"author":[{"embeddable":true,"href":"https:\/\/apuliapraia-hotel.com\/it\/wp-json\/wp\/v2\/users\/565"}],"replies":[{"embeddable":true,"href":"https:\/\/apuliapraia-hotel.com\/it\/wp-json\/wp\/v2\/comments?post=1419"}],"version-history":[{"count":0,"href":"https:\/\/apuliapraia-hotel.com\/it\/wp-json\/wp\/v2\/pages\/1419\/revisions"}],"up":[{"embeddable":true,"href":"https:\/\/apuliapraia-hotel.com\/it\/wp-json\/wp\/v2\/pages\/1401"}],"wp:featuredmedia":[{"embeddable":true,"href":"https:\/\/apuliapraia-hotel.com\/it\/wp-json\/wp\/v2\/media\/396"}],"wp:attachment":[{"href":"https:\/\/apuliapraia-hotel.com\/it\/wp-json\/wp\/v2\/media?parent=1419"}],"curies":[{"name":"wp","href":"https:\/\/api.w.org\/{rel}","templated":true}]}}