{"id":1416,"date":"2025-01-09T04:05:21","date_gmt":"2025-01-09T04:05:21","guid":{"rendered":"https:\/\/apuliapraia-hotel.com\/?page_id=1416"},"modified":"2025-01-09T04:05:21","modified_gmt":"2025-01-09T04:05:21","slug":"latticini-delle-marinhas","status":"publish","type":"page","link":"https:\/\/apuliapraia-hotel.com\/it\/regione\/latticini-delle-marinhas\/","title":{"rendered":"Latticini delle Marinhas"},"content":{"rendered":"<p>Con produzione artigianale dal 1954, i <strong>formaggi e burro<\/strong> dei <a href=\"https:\/\/www.lmarinhas.pt\/\">Latticini delle Marinhas<\/a> sono una vera e propria reliquia regionale che porta con s\u00e9 molta della tradizione locale. Questa \u00e8 un&#8217;altra prova che la nostra regione \u00e8 piena di meraviglie gastronomiche che portano tanto sapore alla tavola di tutti coloro che decidono di provarle. Lasciatevi guidare dalla creativit\u00e0 e sorprendetevi con le diverse combinazioni di formaggi e burro di questo produttore locale, disponibili anche nella selezione di formaggi del nostro hotel.<\/p>\n","protected":false},"excerpt":{"rendered":"<p>Con produzione artigianale dal 1954, i formaggi e burro dei Latticini delle Marinhas sono una vera e propria reliquia regionale che porta con s\u00e9 molta della tradizione locale. Questa \u00e8 un&#8217;altra prova che la nostra regione \u00e8 piena di meraviglie gastronomiche che portano tanto sapore alla tavola di tutti coloro che decidono di provarle. Lasciatevi [&hellip;]<\/p>\n","protected":false},"author":565,"featured_media":383,"parent":1401,"menu_order":8,"comment_status":"closed","ping_status":"closed","template":"template-default-4.php","meta":{"footnotes":""},"class_list":["post-1416","page","type-page","status-publish","has-post-thumbnail","hentry"],"yoast_head":"<!-- This site is optimized with the Yoast SEO plugin v26.9 - https:\/\/yoast.com\/product\/yoast-seo-wordpress\/ -->\n<title>Latticini delle Marinhas - Apulia Praia Hotel -<\/title>\n<meta name=\"description\" content=\"Con produzione artigianale dal 1954, i formaggi e burro dei Latticini delle Marinhas sono una vera e propria reliquia regionale che porta con s\u00e9 molta della tradizione locale. Questa \u00e8 un&#039;altra prova che la nostra regione \u00e8 piena di meraviglie gastronomiche che portano tanto sapore alla tavola di tutti coloro che decidono di provarle\" \/>\n<meta name=\"robots\" content=\"index, follow, max-snippet:-1, max-image-preview:large, max-video-preview:-1\" \/>\n<link rel=\"canonical\" href=\"https:\/\/apuliapraia-hotel.com\/it\/regione\/latticini-delle-marinhas\/\" \/>\n<meta property=\"og:locale\" content=\"it_IT\" \/>\n<meta property=\"og:type\" content=\"article\" \/>\n<meta property=\"og:title\" content=\"Latticini delle Marinhas - Apulia Praia Hotel -\" \/>\n<meta property=\"og:description\" content=\"Con produzione artigianale dal 1954, i formaggi e burro dei Latticini delle Marinhas sono una vera e propria reliquia regionale che porta con s\u00e9 molta della tradizione locale. Questa \u00e8 un&#039;altra prova che la nostra regione \u00e8 piena di meraviglie gastronomiche che portano tanto sapore alla tavola di tutti coloro che decidono di provarle\" \/>\n<meta property=\"og:url\" content=\"https:\/\/apuliapraia-hotel.com\/it\/regione\/latticini-delle-marinhas\/\" \/>\n<meta property=\"og:site_name\" content=\"Apulia Praia Hotel\" \/>\n<meta property=\"og:image\" content=\"https:\/\/apuliapraia-hotel.com\/wp-content\/uploads\/sites\/512\/2023\/02\/Laticinios-das-marinhas.png\" \/>\n\t<meta property=\"og:image:width\" content=\"1200\" \/>\n\t<meta property=\"og:image:height\" content=\"800\" \/>\n\t<meta property=\"og:image:type\" content=\"image\/png\" \/>\n<meta name=\"twitter:card\" content=\"summary_large_image\" \/>\n<meta name=\"twitter:label1\" content=\"Tempo di lettura stimato\" \/>\n\t<meta name=\"twitter:data1\" content=\"1 minuto\" \/>\n<script type=\"application\/ld+json\" class=\"yoast-schema-graph\">{\"@context\":\"https:\/\/schema.org\",\"@graph\":[{\"@type\":\"WebPage\",\"@id\":\"https:\/\/apuliapraia-hotel.com\/it\/regione\/latticini-delle-marinhas\/\",\"url\":\"https:\/\/apuliapraia-hotel.com\/it\/regione\/latticini-delle-marinhas\/\",\"name\":\"Latticini delle Marinhas - Apulia Praia Hotel -\",\"isPartOf\":{\"@id\":\"https:\/\/apuliapraia-hotel.com\/it\/#website\"},\"primaryImageOfPage\":{\"@id\":\"https:\/\/apuliapraia-hotel.com\/it\/regione\/latticini-delle-marinhas\/#primaryimage\"},\"image\":{\"@id\":\"https:\/\/apuliapraia-hotel.com\/it\/regione\/latticini-delle-marinhas\/#primaryimage\"},\"thumbnailUrl\":\"https:\/\/apuliapraia-hotel.com\/wp-content\/uploads\/sites\/512\/2023\/02\/Laticinios-das-marinhas.png\",\"datePublished\":\"2025-01-09T04:05:21+00:00\",\"description\":\"Con produzione artigianale dal 1954, i formaggi e burro dei Latticini delle Marinhas sono una vera e propria reliquia regionale che porta con s\u00e9 molta della tradizione locale. Questa \u00e8 un'altra prova che la nostra regione \u00e8 piena di meraviglie gastronomiche che portano tanto sapore alla tavola di tutti coloro che decidono di provarle\",\"breadcrumb\":{\"@id\":\"https:\/\/apuliapraia-hotel.com\/it\/regione\/latticini-delle-marinhas\/#breadcrumb\"},\"inLanguage\":\"it-IT\",\"potentialAction\":[{\"@type\":\"ReadAction\",\"target\":[\"https:\/\/apuliapraia-hotel.com\/it\/regione\/latticini-delle-marinhas\/\"]}]},{\"@type\":\"ImageObject\",\"inLanguage\":\"it-IT\",\"@id\":\"https:\/\/apuliapraia-hotel.com\/it\/regione\/latticini-delle-marinhas\/#primaryimage\",\"url\":\"https:\/\/apuliapraia-hotel.com\/wp-content\/uploads\/sites\/512\/2023\/02\/Laticinios-das-marinhas.png\",\"contentUrl\":\"https:\/\/apuliapraia-hotel.com\/wp-content\/uploads\/sites\/512\/2023\/02\/Laticinios-das-marinhas.png\",\"width\":1200,\"height\":800,\"caption\":\"Latic\u00ednios das Marinhas\"},{\"@type\":\"BreadcrumbList\",\"@id\":\"https:\/\/apuliapraia-hotel.com\/it\/regione\/latticini-delle-marinhas\/#breadcrumb\",\"itemListElement\":[{\"@type\":\"ListItem\",\"position\":1,\"name\":\"Home\",\"item\":\"https:\/\/apuliapraia-hotel.com\/it\/\"},{\"@type\":\"ListItem\",\"position\":2,\"name\":\"Regione\",\"item\":\"https:\/\/apuliapraia-hotel.com\/it\/regione\/\"},{\"@type\":\"ListItem\",\"position\":3,\"name\":\"Latticini delle Marinhas\"}]},{\"@type\":\"WebSite\",\"@id\":\"https:\/\/apuliapraia-hotel.com\/it\/#website\",\"url\":\"https:\/\/apuliapraia-hotel.com\/it\/\",\"name\":\"Apulia Praia Hotel\",\"description\":\"\",\"potentialAction\":[{\"@type\":\"SearchAction\",\"target\":{\"@type\":\"EntryPoint\",\"urlTemplate\":\"https:\/\/apuliapraia-hotel.com\/it\/?s={search_term_string}\"},\"query-input\":{\"@type\":\"PropertyValueSpecification\",\"valueRequired\":true,\"valueName\":\"search_term_string\"}}],\"inLanguage\":\"it-IT\"}]}<\/script>\n<!-- \/ Yoast SEO plugin. -->","yoast_head_json":{"title":"Latticini delle Marinhas - Apulia Praia Hotel -","description":"Con produzione artigianale dal 1954, i formaggi e burro dei Latticini delle Marinhas sono una vera e propria reliquia regionale che porta con s\u00e9 molta della tradizione locale. Questa \u00e8 un'altra prova che la nostra regione \u00e8 piena di meraviglie gastronomiche che portano tanto sapore alla tavola di tutti coloro che decidono di provarle","robots":{"index":"index","follow":"follow","max-snippet":"max-snippet:-1","max-image-preview":"max-image-preview:large","max-video-preview":"max-video-preview:-1"},"canonical":"https:\/\/apuliapraia-hotel.com\/it\/regione\/latticini-delle-marinhas\/","og_locale":"it_IT","og_type":"article","og_title":"Latticini delle Marinhas - Apulia Praia Hotel -","og_description":"Con produzione artigianale dal 1954, i formaggi e burro dei Latticini delle Marinhas sono una vera e propria reliquia regionale che porta con s\u00e9 molta della tradizione locale. Questa \u00e8 un'altra prova che la nostra regione \u00e8 piena di meraviglie gastronomiche che portano tanto sapore alla tavola di tutti coloro che decidono di provarle","og_url":"https:\/\/apuliapraia-hotel.com\/it\/regione\/latticini-delle-marinhas\/","og_site_name":"Apulia Praia Hotel","og_image":[{"width":1200,"height":800,"url":"https:\/\/apuliapraia-hotel.com\/wp-content\/uploads\/sites\/512\/2023\/02\/Laticinios-das-marinhas.png","type":"image\/png"}],"twitter_card":"summary_large_image","twitter_misc":{"Tempo di lettura stimato":"1 minuto"},"schema":{"@context":"https:\/\/schema.org","@graph":[{"@type":"WebPage","@id":"https:\/\/apuliapraia-hotel.com\/it\/regione\/latticini-delle-marinhas\/","url":"https:\/\/apuliapraia-hotel.com\/it\/regione\/latticini-delle-marinhas\/","name":"Latticini delle Marinhas - Apulia Praia Hotel -","isPartOf":{"@id":"https:\/\/apuliapraia-hotel.com\/it\/#website"},"primaryImageOfPage":{"@id":"https:\/\/apuliapraia-hotel.com\/it\/regione\/latticini-delle-marinhas\/#primaryimage"},"image":{"@id":"https:\/\/apuliapraia-hotel.com\/it\/regione\/latticini-delle-marinhas\/#primaryimage"},"thumbnailUrl":"https:\/\/apuliapraia-hotel.com\/wp-content\/uploads\/sites\/512\/2023\/02\/Laticinios-das-marinhas.png","datePublished":"2025-01-09T04:05:21+00:00","description":"Con produzione artigianale dal 1954, i formaggi e burro dei Latticini delle Marinhas sono una vera e propria reliquia regionale che porta con s\u00e9 molta della tradizione locale. Questa \u00e8 un'altra prova che la nostra regione \u00e8 piena di meraviglie gastronomiche che portano tanto sapore alla tavola di tutti coloro che decidono di provarle","breadcrumb":{"@id":"https:\/\/apuliapraia-hotel.com\/it\/regione\/latticini-delle-marinhas\/#breadcrumb"},"inLanguage":"it-IT","potentialAction":[{"@type":"ReadAction","target":["https:\/\/apuliapraia-hotel.com\/it\/regione\/latticini-delle-marinhas\/"]}]},{"@type":"ImageObject","inLanguage":"it-IT","@id":"https:\/\/apuliapraia-hotel.com\/it\/regione\/latticini-delle-marinhas\/#primaryimage","url":"https:\/\/apuliapraia-hotel.com\/wp-content\/uploads\/sites\/512\/2023\/02\/Laticinios-das-marinhas.png","contentUrl":"https:\/\/apuliapraia-hotel.com\/wp-content\/uploads\/sites\/512\/2023\/02\/Laticinios-das-marinhas.png","width":1200,"height":800,"caption":"Latic\u00ednios das Marinhas"},{"@type":"BreadcrumbList","@id":"https:\/\/apuliapraia-hotel.com\/it\/regione\/latticini-delle-marinhas\/#breadcrumb","itemListElement":[{"@type":"ListItem","position":1,"name":"Home","item":"https:\/\/apuliapraia-hotel.com\/it\/"},{"@type":"ListItem","position":2,"name":"Regione","item":"https:\/\/apuliapraia-hotel.com\/it\/regione\/"},{"@type":"ListItem","position":3,"name":"Latticini delle Marinhas"}]},{"@type":"WebSite","@id":"https:\/\/apuliapraia-hotel.com\/it\/#website","url":"https:\/\/apuliapraia-hotel.com\/it\/","name":"Apulia Praia Hotel","description":"","potentialAction":[{"@type":"SearchAction","target":{"@type":"EntryPoint","urlTemplate":"https:\/\/apuliapraia-hotel.com\/it\/?s={search_term_string}"},"query-input":{"@type":"PropertyValueSpecification","valueRequired":true,"valueName":"search_term_string"}}],"inLanguage":"it-IT"}]}},"acf":[],"_links":{"self":[{"href":"https:\/\/apuliapraia-hotel.com\/it\/wp-json\/wp\/v2\/pages\/1416","targetHints":{"allow":["GET"]}}],"collection":[{"href":"https:\/\/apuliapraia-hotel.com\/it\/wp-json\/wp\/v2\/pages"}],"about":[{"href":"https:\/\/apuliapraia-hotel.com\/it\/wp-json\/wp\/v2\/types\/page"}],"author":[{"embeddable":true,"href":"https:\/\/apuliapraia-hotel.com\/it\/wp-json\/wp\/v2\/users\/565"}],"replies":[{"embeddable":true,"href":"https:\/\/apuliapraia-hotel.com\/it\/wp-json\/wp\/v2\/comments?post=1416"}],"version-history":[{"count":0,"href":"https:\/\/apuliapraia-hotel.com\/it\/wp-json\/wp\/v2\/pages\/1416\/revisions"}],"up":[{"embeddable":true,"href":"https:\/\/apuliapraia-hotel.com\/it\/wp-json\/wp\/v2\/pages\/1401"}],"wp:featuredmedia":[{"embeddable":true,"href":"https:\/\/apuliapraia-hotel.com\/it\/wp-json\/wp\/v2\/media\/383"}],"wp:attachment":[{"href":"https:\/\/apuliapraia-hotel.com\/it\/wp-json\/wp\/v2\/media?parent=1416"}],"curies":[{"name":"wp","href":"https:\/\/api.w.org\/{rel}","templated":true}]}}