{"id":1415,"date":"2025-01-09T04:03:33","date_gmt":"2025-01-09T04:03:33","guid":{"rendered":"https:\/\/apuliapraia-hotel.com\/?page_id=1415"},"modified":"2025-01-09T04:03:33","modified_gmt":"2025-01-09T04:03:33","slug":"quinta-de-curvos","status":"publish","type":"page","link":"https:\/\/apuliapraia-hotel.com\/it\/regione\/quinta-de-curvos\/","title":{"rendered":"Quinta de Curvos"},"content":{"rendered":"<p>La <strong>Quinta di Curvos<\/strong> \u00e8 caratterizzata dalla sua storia di oltre quattrocento anni e dai suoi meravigliosi vini verdi. Una delle pi\u00f9 belle <strong>Quinte del Minho<\/strong>, questo luogo riflette la delicatezza dei vigneti, dei buoni aromi e una grande parte del nostro <strong>patrimonio culturale<\/strong>. Non solo dai vigneti nascono le storie della <a href=\"http:\/\/www.quintadecurvos.pt\/\"><strong>Quinta di Curvos<\/strong><\/a>, ma anche dai suoi paesaggi mozzafiato, che includono il lago, un antico palazzo, i suoi splendidi giardini e le impressionanti grotte. Essendo una propriet\u00e0 privata, \u00e8 necessario prenotare per la visita, ma vi promettiamo che ne vale la pena. E per rendere tutto ancora pi\u00f9 speciale, nel <a href=\"https:\/\/apuliapraia-hotel.com\/it\/ristorante\/\">ristorante dell&#8217;<strong>Apulia Praia Hotel<\/strong><\/a> avrete la possibilit\u00e0 di abbinare il vostro pasto ai vini di questa Quinta.<\/p>\n","protected":false},"excerpt":{"rendered":"<p>La Quinta di Curvos \u00e8 caratterizzata dalla sua storia di oltre quattrocento anni e dai suoi meravigliosi vini verdi. Una delle pi\u00f9 belle Quinte del Minho, questo luogo riflette la delicatezza dei vigneti, dei buoni aromi e una grande parte del nostro patrimonio culturale. Non solo dai vigneti nascono le storie della Quinta di Curvos, [&hellip;]<\/p>\n","protected":false},"author":565,"featured_media":387,"parent":1401,"menu_order":7,"comment_status":"closed","ping_status":"closed","template":"template-default-4.php","meta":{"footnotes":""},"class_list":["post-1415","page","type-page","status-publish","has-post-thumbnail","hentry"],"yoast_head":"<!-- This site is optimized with the Yoast SEO plugin v26.9 - https:\/\/yoast.com\/product\/yoast-seo-wordpress\/ -->\n<title>Quinta de Curvos - Apulia Praia Hotel -<\/title>\n<meta name=\"description\" content=\"La Quinta di Curvos \u00e8 caratterizzata dalla sua storia di oltre quattrocento anni e dai suoi meravigliosi vini verdi. Una delle pi\u00f9 belle Quinte del Minho, questo luogo riflette la delicatezza dei vigneti, dei buoni aromi e una grande parte del nostro patrimonio culturale\" \/>\n<meta name=\"robots\" content=\"index, follow, max-snippet:-1, max-image-preview:large, max-video-preview:-1\" \/>\n<link rel=\"canonical\" href=\"https:\/\/apuliapraia-hotel.com\/it\/regione\/quinta-de-curvos\/\" \/>\n<meta property=\"og:locale\" content=\"it_IT\" \/>\n<meta property=\"og:type\" content=\"article\" \/>\n<meta property=\"og:title\" content=\"Quinta de Curvos - Apulia Praia Hotel -\" \/>\n<meta property=\"og:description\" content=\"La Quinta di Curvos \u00e8 caratterizzata dalla sua storia di oltre quattrocento anni e dai suoi meravigliosi vini verdi. Una delle pi\u00f9 belle Quinte del Minho, questo luogo riflette la delicatezza dei vigneti, dei buoni aromi e una grande parte del nostro patrimonio culturale\" \/>\n<meta property=\"og:url\" content=\"https:\/\/apuliapraia-hotel.com\/it\/regione\/quinta-de-curvos\/\" \/>\n<meta property=\"og:site_name\" content=\"Apulia Praia Hotel\" \/>\n<meta property=\"og:image\" content=\"https:\/\/apuliapraia-hotel.com\/wp-content\/uploads\/sites\/512\/2023\/02\/Quinta-de-Curvos.png\" \/>\n\t<meta property=\"og:image:width\" content=\"1200\" \/>\n\t<meta property=\"og:image:height\" content=\"800\" \/>\n\t<meta property=\"og:image:type\" content=\"image\/png\" \/>\n<meta name=\"twitter:card\" content=\"summary_large_image\" \/>\n<meta name=\"twitter:label1\" content=\"Tempo di lettura stimato\" \/>\n\t<meta name=\"twitter:data1\" content=\"1 minuto\" \/>\n<script type=\"application\/ld+json\" class=\"yoast-schema-graph\">{\"@context\":\"https:\/\/schema.org\",\"@graph\":[{\"@type\":\"WebPage\",\"@id\":\"https:\/\/apuliapraia-hotel.com\/it\/regione\/quinta-de-curvos\/\",\"url\":\"https:\/\/apuliapraia-hotel.com\/it\/regione\/quinta-de-curvos\/\",\"name\":\"Quinta de Curvos - Apulia Praia Hotel -\",\"isPartOf\":{\"@id\":\"https:\/\/apuliapraia-hotel.com\/it\/#website\"},\"primaryImageOfPage\":{\"@id\":\"https:\/\/apuliapraia-hotel.com\/it\/regione\/quinta-de-curvos\/#primaryimage\"},\"image\":{\"@id\":\"https:\/\/apuliapraia-hotel.com\/it\/regione\/quinta-de-curvos\/#primaryimage\"},\"thumbnailUrl\":\"https:\/\/apuliapraia-hotel.com\/wp-content\/uploads\/sites\/512\/2023\/02\/Quinta-de-Curvos.png\",\"datePublished\":\"2025-01-09T04:03:33+00:00\",\"description\":\"La Quinta di Curvos \u00e8 caratterizzata dalla sua storia di oltre quattrocento anni e dai suoi meravigliosi vini verdi. Una delle pi\u00f9 belle Quinte del Minho, questo luogo riflette la delicatezza dei vigneti, dei buoni aromi e una grande parte del nostro patrimonio culturale\",\"breadcrumb\":{\"@id\":\"https:\/\/apuliapraia-hotel.com\/it\/regione\/quinta-de-curvos\/#breadcrumb\"},\"inLanguage\":\"it-IT\",\"potentialAction\":[{\"@type\":\"ReadAction\",\"target\":[\"https:\/\/apuliapraia-hotel.com\/it\/regione\/quinta-de-curvos\/\"]}]},{\"@type\":\"ImageObject\",\"inLanguage\":\"it-IT\",\"@id\":\"https:\/\/apuliapraia-hotel.com\/it\/regione\/quinta-de-curvos\/#primaryimage\",\"url\":\"https:\/\/apuliapraia-hotel.com\/wp-content\/uploads\/sites\/512\/2023\/02\/Quinta-de-Curvos.png\",\"contentUrl\":\"https:\/\/apuliapraia-hotel.com\/wp-content\/uploads\/sites\/512\/2023\/02\/Quinta-de-Curvos.png\",\"width\":1200,\"height\":800,\"caption\":\"Quinta de Curvos\"},{\"@type\":\"BreadcrumbList\",\"@id\":\"https:\/\/apuliapraia-hotel.com\/it\/regione\/quinta-de-curvos\/#breadcrumb\",\"itemListElement\":[{\"@type\":\"ListItem\",\"position\":1,\"name\":\"Home\",\"item\":\"https:\/\/apuliapraia-hotel.com\/it\/\"},{\"@type\":\"ListItem\",\"position\":2,\"name\":\"Regione\",\"item\":\"https:\/\/apuliapraia-hotel.com\/it\/regione\/\"},{\"@type\":\"ListItem\",\"position\":3,\"name\":\"Quinta de Curvos\"}]},{\"@type\":\"WebSite\",\"@id\":\"https:\/\/apuliapraia-hotel.com\/it\/#website\",\"url\":\"https:\/\/apuliapraia-hotel.com\/it\/\",\"name\":\"Apulia Praia Hotel\",\"description\":\"\",\"potentialAction\":[{\"@type\":\"SearchAction\",\"target\":{\"@type\":\"EntryPoint\",\"urlTemplate\":\"https:\/\/apuliapraia-hotel.com\/it\/?s={search_term_string}\"},\"query-input\":{\"@type\":\"PropertyValueSpecification\",\"valueRequired\":true,\"valueName\":\"search_term_string\"}}],\"inLanguage\":\"it-IT\"}]}<\/script>\n<!-- \/ Yoast SEO plugin. -->","yoast_head_json":{"title":"Quinta de Curvos - Apulia Praia Hotel -","description":"La Quinta di Curvos \u00e8 caratterizzata dalla sua storia di oltre quattrocento anni e dai suoi meravigliosi vini verdi. Una delle pi\u00f9 belle Quinte del Minho, questo luogo riflette la delicatezza dei vigneti, dei buoni aromi e una grande parte del nostro patrimonio culturale","robots":{"index":"index","follow":"follow","max-snippet":"max-snippet:-1","max-image-preview":"max-image-preview:large","max-video-preview":"max-video-preview:-1"},"canonical":"https:\/\/apuliapraia-hotel.com\/it\/regione\/quinta-de-curvos\/","og_locale":"it_IT","og_type":"article","og_title":"Quinta de Curvos - Apulia Praia Hotel -","og_description":"La Quinta di Curvos \u00e8 caratterizzata dalla sua storia di oltre quattrocento anni e dai suoi meravigliosi vini verdi. Una delle pi\u00f9 belle Quinte del Minho, questo luogo riflette la delicatezza dei vigneti, dei buoni aromi e una grande parte del nostro patrimonio culturale","og_url":"https:\/\/apuliapraia-hotel.com\/it\/regione\/quinta-de-curvos\/","og_site_name":"Apulia Praia Hotel","og_image":[{"width":1200,"height":800,"url":"https:\/\/apuliapraia-hotel.com\/wp-content\/uploads\/sites\/512\/2023\/02\/Quinta-de-Curvos.png","type":"image\/png"}],"twitter_card":"summary_large_image","twitter_misc":{"Tempo di lettura stimato":"1 minuto"},"schema":{"@context":"https:\/\/schema.org","@graph":[{"@type":"WebPage","@id":"https:\/\/apuliapraia-hotel.com\/it\/regione\/quinta-de-curvos\/","url":"https:\/\/apuliapraia-hotel.com\/it\/regione\/quinta-de-curvos\/","name":"Quinta de Curvos - Apulia Praia Hotel -","isPartOf":{"@id":"https:\/\/apuliapraia-hotel.com\/it\/#website"},"primaryImageOfPage":{"@id":"https:\/\/apuliapraia-hotel.com\/it\/regione\/quinta-de-curvos\/#primaryimage"},"image":{"@id":"https:\/\/apuliapraia-hotel.com\/it\/regione\/quinta-de-curvos\/#primaryimage"},"thumbnailUrl":"https:\/\/apuliapraia-hotel.com\/wp-content\/uploads\/sites\/512\/2023\/02\/Quinta-de-Curvos.png","datePublished":"2025-01-09T04:03:33+00:00","description":"La Quinta di Curvos \u00e8 caratterizzata dalla sua storia di oltre quattrocento anni e dai suoi meravigliosi vini verdi. Una delle pi\u00f9 belle Quinte del Minho, questo luogo riflette la delicatezza dei vigneti, dei buoni aromi e una grande parte del nostro patrimonio culturale","breadcrumb":{"@id":"https:\/\/apuliapraia-hotel.com\/it\/regione\/quinta-de-curvos\/#breadcrumb"},"inLanguage":"it-IT","potentialAction":[{"@type":"ReadAction","target":["https:\/\/apuliapraia-hotel.com\/it\/regione\/quinta-de-curvos\/"]}]},{"@type":"ImageObject","inLanguage":"it-IT","@id":"https:\/\/apuliapraia-hotel.com\/it\/regione\/quinta-de-curvos\/#primaryimage","url":"https:\/\/apuliapraia-hotel.com\/wp-content\/uploads\/sites\/512\/2023\/02\/Quinta-de-Curvos.png","contentUrl":"https:\/\/apuliapraia-hotel.com\/wp-content\/uploads\/sites\/512\/2023\/02\/Quinta-de-Curvos.png","width":1200,"height":800,"caption":"Quinta de Curvos"},{"@type":"BreadcrumbList","@id":"https:\/\/apuliapraia-hotel.com\/it\/regione\/quinta-de-curvos\/#breadcrumb","itemListElement":[{"@type":"ListItem","position":1,"name":"Home","item":"https:\/\/apuliapraia-hotel.com\/it\/"},{"@type":"ListItem","position":2,"name":"Regione","item":"https:\/\/apuliapraia-hotel.com\/it\/regione\/"},{"@type":"ListItem","position":3,"name":"Quinta de Curvos"}]},{"@type":"WebSite","@id":"https:\/\/apuliapraia-hotel.com\/it\/#website","url":"https:\/\/apuliapraia-hotel.com\/it\/","name":"Apulia Praia Hotel","description":"","potentialAction":[{"@type":"SearchAction","target":{"@type":"EntryPoint","urlTemplate":"https:\/\/apuliapraia-hotel.com\/it\/?s={search_term_string}"},"query-input":{"@type":"PropertyValueSpecification","valueRequired":true,"valueName":"search_term_string"}}],"inLanguage":"it-IT"}]}},"acf":[],"_links":{"self":[{"href":"https:\/\/apuliapraia-hotel.com\/it\/wp-json\/wp\/v2\/pages\/1415","targetHints":{"allow":["GET"]}}],"collection":[{"href":"https:\/\/apuliapraia-hotel.com\/it\/wp-json\/wp\/v2\/pages"}],"about":[{"href":"https:\/\/apuliapraia-hotel.com\/it\/wp-json\/wp\/v2\/types\/page"}],"author":[{"embeddable":true,"href":"https:\/\/apuliapraia-hotel.com\/it\/wp-json\/wp\/v2\/users\/565"}],"replies":[{"embeddable":true,"href":"https:\/\/apuliapraia-hotel.com\/it\/wp-json\/wp\/v2\/comments?post=1415"}],"version-history":[{"count":0,"href":"https:\/\/apuliapraia-hotel.com\/it\/wp-json\/wp\/v2\/pages\/1415\/revisions"}],"up":[{"embeddable":true,"href":"https:\/\/apuliapraia-hotel.com\/it\/wp-json\/wp\/v2\/pages\/1401"}],"wp:featuredmedia":[{"embeddable":true,"href":"https:\/\/apuliapraia-hotel.com\/it\/wp-json\/wp\/v2\/media\/387"}],"wp:attachment":[{"href":"https:\/\/apuliapraia-hotel.com\/it\/wp-json\/wp\/v2\/media?parent=1415"}],"curies":[{"name":"wp","href":"https:\/\/api.w.org\/{rel}","templated":true}]}}