{"id":1414,"date":"2025-01-09T04:00:48","date_gmt":"2025-01-09T04:00:48","guid":{"rendered":"https:\/\/apuliapraia-hotel.com\/?page_id=1414"},"modified":"2025-01-09T04:00:48","modified_gmt":"2025-01-09T04:00:48","slug":"catraia","status":"publish","type":"page","link":"https:\/\/apuliapraia-hotel.com\/it\/regione\/catraia\/","title":{"rendered":"Catraia"},"content":{"rendered":"<p>Sapevi che <strong>Catraia<\/strong> \u00e8 il nome dato alle piccole e robuste imbarcazioni a vela e a remi, fondamentali nell&#8217;arte della pesca? \u00c8 proprio da questa imbarcazione che \u00e8 nata l&#8217;ispirazione per la creazione di questo <strong>dolce tipico regionale<\/strong>, il cui obiettivo \u00e8 trasmettere tutta la storia e la tradizione attraverso la sua forma e il suo sapore. Opera della pasticceria <a href=\"https:\/\/www.facebook.com\/profile.php?id=100036214343866\"><strong>Rio Doce<\/strong><\/a>, questo dolce \u00e8 un punto di riferimento nella regione e un&#8217;esperienza imperdibile per chi visita, collegando i visitatori allo spirito del nostro territorio attraverso il gusto.<\/p>\n","protected":false},"excerpt":{"rendered":"<p>Sapevi che Catraia \u00e8 il nome dato alle piccole e robuste imbarcazioni a vela e a remi, fondamentali nell&#8217;arte della pesca? \u00c8 proprio da questa imbarcazione che \u00e8 nata l&#8217;ispirazione per la creazione di questo dolce tipico regionale, il cui obiettivo \u00e8 trasmettere tutta la storia e la tradizione attraverso la sua forma e il [&hellip;]<\/p>\n","protected":false},"author":565,"featured_media":391,"parent":1401,"menu_order":6,"comment_status":"closed","ping_status":"closed","template":"template-default-4.php","meta":{"footnotes":""},"class_list":["post-1414","page","type-page","status-publish","has-post-thumbnail","hentry"],"yoast_head":"<!-- This site is optimized with the Yoast SEO plugin v26.9 - https:\/\/yoast.com\/product\/yoast-seo-wordpress\/ -->\n<title>Catraia - Apulia Praia Hotel -<\/title>\n<meta name=\"description\" content=\"Sapevi che Catraia \u00e8 il nome dato alle piccole e robuste imbarcazioni a vela e a remi, fondamentali nell&#039;arte della pesca? \u00c8 proprio da questa imbarcazione che \u00e8 nata l&#039;ispirazione per la creazione di questo dolce tipico regionale, il cui obiettivo \u00e8 trasmettere tutta la storia e la tradizione attraverso la sua forma e il suo sapore. Opera della pasticceria Rio Doce, questo dolce \u00e8 un punto di riferimento nella regione e un&#039;esperienza imperdibile per chi visita, collegando i visitatori allo spirito del nostro territorio attraverso il gusto.\" \/>\n<meta name=\"robots\" content=\"index, follow, max-snippet:-1, max-image-preview:large, max-video-preview:-1\" \/>\n<link rel=\"canonical\" href=\"https:\/\/apuliapraia-hotel.com\/it\/regione\/catraia\/\" \/>\n<meta property=\"og:locale\" content=\"it_IT\" \/>\n<meta property=\"og:type\" content=\"article\" \/>\n<meta property=\"og:title\" content=\"Catraia - Apulia Praia Hotel -\" \/>\n<meta property=\"og:description\" content=\"Sapevi che Catraia \u00e8 il nome dato alle piccole e robuste imbarcazioni a vela e a remi, fondamentali nell&#039;arte della pesca? \u00c8 proprio da questa imbarcazione che \u00e8 nata l&#039;ispirazione per la creazione di questo dolce tipico regionale, il cui obiettivo \u00e8 trasmettere tutta la storia e la tradizione attraverso la sua forma e il suo sapore. Opera della pasticceria Rio Doce, questo dolce \u00e8 un punto di riferimento nella regione e un&#039;esperienza imperdibile per chi visita, collegando i visitatori allo spirito del nostro territorio attraverso il gusto.\" \/>\n<meta property=\"og:url\" content=\"https:\/\/apuliapraia-hotel.com\/it\/regione\/catraia\/\" \/>\n<meta property=\"og:site_name\" content=\"Apulia Praia Hotel\" \/>\n<meta property=\"og:image\" content=\"https:\/\/apuliapraia-hotel.com\/wp-content\/uploads\/sites\/512\/2023\/02\/Catraia.png\" \/>\n\t<meta property=\"og:image:width\" content=\"1200\" \/>\n\t<meta property=\"og:image:height\" content=\"800\" \/>\n\t<meta property=\"og:image:type\" content=\"image\/png\" \/>\n<meta name=\"twitter:card\" content=\"summary_large_image\" \/>\n<meta name=\"twitter:label1\" content=\"Tempo di lettura stimato\" \/>\n\t<meta name=\"twitter:data1\" content=\"1 minuto\" \/>\n<script type=\"application\/ld+json\" class=\"yoast-schema-graph\">{\"@context\":\"https:\/\/schema.org\",\"@graph\":[{\"@type\":\"WebPage\",\"@id\":\"https:\/\/apuliapraia-hotel.com\/it\/regione\/catraia\/\",\"url\":\"https:\/\/apuliapraia-hotel.com\/it\/regione\/catraia\/\",\"name\":\"Catraia - Apulia Praia Hotel -\",\"isPartOf\":{\"@id\":\"https:\/\/apuliapraia-hotel.com\/it\/#website\"},\"primaryImageOfPage\":{\"@id\":\"https:\/\/apuliapraia-hotel.com\/it\/regione\/catraia\/#primaryimage\"},\"image\":{\"@id\":\"https:\/\/apuliapraia-hotel.com\/it\/regione\/catraia\/#primaryimage\"},\"thumbnailUrl\":\"https:\/\/apuliapraia-hotel.com\/wp-content\/uploads\/sites\/512\/2023\/02\/Catraia.png\",\"datePublished\":\"2025-01-09T04:00:48+00:00\",\"description\":\"Sapevi che Catraia \u00e8 il nome dato alle piccole e robuste imbarcazioni a vela e a remi, fondamentali nell'arte della pesca? \u00c8 proprio da questa imbarcazione che \u00e8 nata l'ispirazione per la creazione di questo dolce tipico regionale, il cui obiettivo \u00e8 trasmettere tutta la storia e la tradizione attraverso la sua forma e il suo sapore. Opera della pasticceria Rio Doce, questo dolce \u00e8 un punto di riferimento nella regione e un'esperienza imperdibile per chi visita, collegando i visitatori allo spirito del nostro territorio attraverso il gusto.\",\"breadcrumb\":{\"@id\":\"https:\/\/apuliapraia-hotel.com\/it\/regione\/catraia\/#breadcrumb\"},\"inLanguage\":\"it-IT\",\"potentialAction\":[{\"@type\":\"ReadAction\",\"target\":[\"https:\/\/apuliapraia-hotel.com\/it\/regione\/catraia\/\"]}]},{\"@type\":\"ImageObject\",\"inLanguage\":\"it-IT\",\"@id\":\"https:\/\/apuliapraia-hotel.com\/it\/regione\/catraia\/#primaryimage\",\"url\":\"https:\/\/apuliapraia-hotel.com\/wp-content\/uploads\/sites\/512\/2023\/02\/Catraia.png\",\"contentUrl\":\"https:\/\/apuliapraia-hotel.com\/wp-content\/uploads\/sites\/512\/2023\/02\/Catraia.png\",\"width\":1200,\"height\":800,\"caption\":\"Catraia\"},{\"@type\":\"BreadcrumbList\",\"@id\":\"https:\/\/apuliapraia-hotel.com\/it\/regione\/catraia\/#breadcrumb\",\"itemListElement\":[{\"@type\":\"ListItem\",\"position\":1,\"name\":\"Home\",\"item\":\"https:\/\/apuliapraia-hotel.com\/it\/\"},{\"@type\":\"ListItem\",\"position\":2,\"name\":\"Regione\",\"item\":\"https:\/\/apuliapraia-hotel.com\/it\/regione\/\"},{\"@type\":\"ListItem\",\"position\":3,\"name\":\"Catraia\"}]},{\"@type\":\"WebSite\",\"@id\":\"https:\/\/apuliapraia-hotel.com\/it\/#website\",\"url\":\"https:\/\/apuliapraia-hotel.com\/it\/\",\"name\":\"Apulia Praia Hotel\",\"description\":\"\",\"potentialAction\":[{\"@type\":\"SearchAction\",\"target\":{\"@type\":\"EntryPoint\",\"urlTemplate\":\"https:\/\/apuliapraia-hotel.com\/it\/?s={search_term_string}\"},\"query-input\":{\"@type\":\"PropertyValueSpecification\",\"valueRequired\":true,\"valueName\":\"search_term_string\"}}],\"inLanguage\":\"it-IT\"}]}<\/script>\n<!-- \/ Yoast SEO plugin. -->","yoast_head_json":{"title":"Catraia - Apulia Praia Hotel -","description":"Sapevi che Catraia \u00e8 il nome dato alle piccole e robuste imbarcazioni a vela e a remi, fondamentali nell'arte della pesca? \u00c8 proprio da questa imbarcazione che \u00e8 nata l'ispirazione per la creazione di questo dolce tipico regionale, il cui obiettivo \u00e8 trasmettere tutta la storia e la tradizione attraverso la sua forma e il suo sapore. Opera della pasticceria Rio Doce, questo dolce \u00e8 un punto di riferimento nella regione e un'esperienza imperdibile per chi visita, collegando i visitatori allo spirito del nostro territorio attraverso il gusto.","robots":{"index":"index","follow":"follow","max-snippet":"max-snippet:-1","max-image-preview":"max-image-preview:large","max-video-preview":"max-video-preview:-1"},"canonical":"https:\/\/apuliapraia-hotel.com\/it\/regione\/catraia\/","og_locale":"it_IT","og_type":"article","og_title":"Catraia - Apulia Praia Hotel -","og_description":"Sapevi che Catraia \u00e8 il nome dato alle piccole e robuste imbarcazioni a vela e a remi, fondamentali nell'arte della pesca? \u00c8 proprio da questa imbarcazione che \u00e8 nata l'ispirazione per la creazione di questo dolce tipico regionale, il cui obiettivo \u00e8 trasmettere tutta la storia e la tradizione attraverso la sua forma e il suo sapore. Opera della pasticceria Rio Doce, questo dolce \u00e8 un punto di riferimento nella regione e un'esperienza imperdibile per chi visita, collegando i visitatori allo spirito del nostro territorio attraverso il gusto.","og_url":"https:\/\/apuliapraia-hotel.com\/it\/regione\/catraia\/","og_site_name":"Apulia Praia Hotel","og_image":[{"width":1200,"height":800,"url":"https:\/\/apuliapraia-hotel.com\/wp-content\/uploads\/sites\/512\/2023\/02\/Catraia.png","type":"image\/png"}],"twitter_card":"summary_large_image","twitter_misc":{"Tempo di lettura stimato":"1 minuto"},"schema":{"@context":"https:\/\/schema.org","@graph":[{"@type":"WebPage","@id":"https:\/\/apuliapraia-hotel.com\/it\/regione\/catraia\/","url":"https:\/\/apuliapraia-hotel.com\/it\/regione\/catraia\/","name":"Catraia - Apulia Praia Hotel -","isPartOf":{"@id":"https:\/\/apuliapraia-hotel.com\/it\/#website"},"primaryImageOfPage":{"@id":"https:\/\/apuliapraia-hotel.com\/it\/regione\/catraia\/#primaryimage"},"image":{"@id":"https:\/\/apuliapraia-hotel.com\/it\/regione\/catraia\/#primaryimage"},"thumbnailUrl":"https:\/\/apuliapraia-hotel.com\/wp-content\/uploads\/sites\/512\/2023\/02\/Catraia.png","datePublished":"2025-01-09T04:00:48+00:00","description":"Sapevi che Catraia \u00e8 il nome dato alle piccole e robuste imbarcazioni a vela e a remi, fondamentali nell'arte della pesca? \u00c8 proprio da questa imbarcazione che \u00e8 nata l'ispirazione per la creazione di questo dolce tipico regionale, il cui obiettivo \u00e8 trasmettere tutta la storia e la tradizione attraverso la sua forma e il suo sapore. Opera della pasticceria Rio Doce, questo dolce \u00e8 un punto di riferimento nella regione e un'esperienza imperdibile per chi visita, collegando i visitatori allo spirito del nostro territorio attraverso il gusto.","breadcrumb":{"@id":"https:\/\/apuliapraia-hotel.com\/it\/regione\/catraia\/#breadcrumb"},"inLanguage":"it-IT","potentialAction":[{"@type":"ReadAction","target":["https:\/\/apuliapraia-hotel.com\/it\/regione\/catraia\/"]}]},{"@type":"ImageObject","inLanguage":"it-IT","@id":"https:\/\/apuliapraia-hotel.com\/it\/regione\/catraia\/#primaryimage","url":"https:\/\/apuliapraia-hotel.com\/wp-content\/uploads\/sites\/512\/2023\/02\/Catraia.png","contentUrl":"https:\/\/apuliapraia-hotel.com\/wp-content\/uploads\/sites\/512\/2023\/02\/Catraia.png","width":1200,"height":800,"caption":"Catraia"},{"@type":"BreadcrumbList","@id":"https:\/\/apuliapraia-hotel.com\/it\/regione\/catraia\/#breadcrumb","itemListElement":[{"@type":"ListItem","position":1,"name":"Home","item":"https:\/\/apuliapraia-hotel.com\/it\/"},{"@type":"ListItem","position":2,"name":"Regione","item":"https:\/\/apuliapraia-hotel.com\/it\/regione\/"},{"@type":"ListItem","position":3,"name":"Catraia"}]},{"@type":"WebSite","@id":"https:\/\/apuliapraia-hotel.com\/it\/#website","url":"https:\/\/apuliapraia-hotel.com\/it\/","name":"Apulia Praia Hotel","description":"","potentialAction":[{"@type":"SearchAction","target":{"@type":"EntryPoint","urlTemplate":"https:\/\/apuliapraia-hotel.com\/it\/?s={search_term_string}"},"query-input":{"@type":"PropertyValueSpecification","valueRequired":true,"valueName":"search_term_string"}}],"inLanguage":"it-IT"}]}},"acf":[],"_links":{"self":[{"href":"https:\/\/apuliapraia-hotel.com\/it\/wp-json\/wp\/v2\/pages\/1414","targetHints":{"allow":["GET"]}}],"collection":[{"href":"https:\/\/apuliapraia-hotel.com\/it\/wp-json\/wp\/v2\/pages"}],"about":[{"href":"https:\/\/apuliapraia-hotel.com\/it\/wp-json\/wp\/v2\/types\/page"}],"author":[{"embeddable":true,"href":"https:\/\/apuliapraia-hotel.com\/it\/wp-json\/wp\/v2\/users\/565"}],"replies":[{"embeddable":true,"href":"https:\/\/apuliapraia-hotel.com\/it\/wp-json\/wp\/v2\/comments?post=1414"}],"version-history":[{"count":0,"href":"https:\/\/apuliapraia-hotel.com\/it\/wp-json\/wp\/v2\/pages\/1414\/revisions"}],"up":[{"embeddable":true,"href":"https:\/\/apuliapraia-hotel.com\/it\/wp-json\/wp\/v2\/pages\/1401"}],"wp:featuredmedia":[{"embeddable":true,"href":"https:\/\/apuliapraia-hotel.com\/it\/wp-json\/wp\/v2\/media\/391"}],"wp:attachment":[{"href":"https:\/\/apuliapraia-hotel.com\/it\/wp-json\/wp\/v2\/media?parent=1414"}],"curies":[{"name":"wp","href":"https:\/\/api.w.org\/{rel}","templated":true}]}}