{"id":1411,"date":"2025-01-09T03:55:00","date_gmt":"2025-01-09T03:55:00","guid":{"rendered":"https:\/\/apuliapraia-hotel.com\/?page_id=1411"},"modified":"2025-01-09T03:55:00","modified_gmt":"2025-01-09T03:55:00","slug":"castro-di-sao-lourenco","status":"publish","type":"page","link":"https:\/\/apuliapraia-hotel.com\/it\/regione\/castro-di-sao-lourenco\/","title":{"rendered":"Castro di S\u00e3o Louren\u00e7o"},"content":{"rendered":"<p>Il <strong>Castro di S\u00e3o Louren\u00e7o<\/strong> si trova nella parrocchia di Vila Ch\u00e3, a Esposende, su una delle elevazioni che formano la scogliera fossile, a 200 metri sopra il livello del mare. Su questo altopiano si trova la <strong>Capella di S\u00e3o Louren\u00e7o<\/strong> e il belvedere che offre una vista sulla fascia costiera. Oltre a tutta questa bellezza, \u00e8 anche un <strong>sito archeologico<\/strong>, composto da rovine che risalgono a diverse epoche di occupazione e che raccontano la vita quotidiana dei nostri antenati. Se ami l&#8217;avventura e l&#8217;esplorazione di nuovi luoghi, ti consigliamo di visitare questo sito attraverso il <a href=\"https:\/\/pt.wikiloc.com\/trilhas-caminhada\/pr6-eps-percurso-pedestre-do-castro-de-s-lourenco-1441889\"><strong>Percorso Pedonale del Castro di S\u00e3o Louren\u00e7o (PR6)<\/strong><\/a>. Questo <strong>Bene di Interesse Pubblico<\/strong> \u00e8 uno spazio ricco di storia che ti incanter\u00e0 con tutti i suoi miti e leggende.<\/p>\n","protected":false},"excerpt":{"rendered":"<p>Il Castro di S\u00e3o Louren\u00e7o si trova nella parrocchia di Vila Ch\u00e3, a Esposende, su una delle elevazioni che formano la scogliera fossile, a 200 metri sopra il livello del mare. Su questo altopiano si trova la Capella di S\u00e3o Louren\u00e7o e il belvedere che offre una vista sulla fascia costiera. Oltre a tutta questa [&hellip;]<\/p>\n","protected":false},"author":565,"featured_media":385,"parent":1401,"menu_order":3,"comment_status":"closed","ping_status":"closed","template":"template-default-4.php","meta":{"footnotes":""},"class_list":["post-1411","page","type-page","status-publish","has-post-thumbnail","hentry"],"yoast_head":"<!-- This site is optimized with the Yoast SEO plugin v26.9 - https:\/\/yoast.com\/product\/yoast-seo-wordpress\/ -->\n<title>Castro di S\u00e3o Louren\u00e7o - Apulia Praia Hotel -<\/title>\n<meta name=\"description\" content=\"Il Castro di S\u00e3o Louren\u00e7o si trova nella parrocchia di Vila Ch\u00e3, a Esposende, su una delle elevazioni che formano la scogliera fossile, a 200 metri sopra il livello del mare. Su questo altopiano si trova la Capella di S\u00e3o Louren\u00e7o e il belvedere che offre una vista sulla fascia costiera\" \/>\n<meta name=\"robots\" content=\"index, follow, max-snippet:-1, max-image-preview:large, max-video-preview:-1\" \/>\n<link rel=\"canonical\" href=\"https:\/\/apuliapraia-hotel.com\/it\/regione\/castro-di-sao-lourenco\/\" \/>\n<meta property=\"og:locale\" content=\"it_IT\" \/>\n<meta property=\"og:type\" content=\"article\" \/>\n<meta property=\"og:title\" content=\"Castro di S\u00e3o Louren\u00e7o - Apulia Praia Hotel -\" \/>\n<meta property=\"og:description\" content=\"Il Castro di S\u00e3o Louren\u00e7o si trova nella parrocchia di Vila Ch\u00e3, a Esposende, su una delle elevazioni che formano la scogliera fossile, a 200 metri sopra il livello del mare. Su questo altopiano si trova la Capella di S\u00e3o Louren\u00e7o e il belvedere che offre una vista sulla fascia costiera\" \/>\n<meta property=\"og:url\" content=\"https:\/\/apuliapraia-hotel.com\/it\/regione\/castro-di-sao-lourenco\/\" \/>\n<meta property=\"og:site_name\" content=\"Apulia Praia Hotel\" \/>\n<meta property=\"og:image\" content=\"https:\/\/apuliapraia-hotel.com\/wp-content\/uploads\/sites\/512\/2023\/02\/Castro-Sao-Lourenco.png\" \/>\n\t<meta property=\"og:image:width\" content=\"1200\" \/>\n\t<meta property=\"og:image:height\" content=\"800\" \/>\n\t<meta property=\"og:image:type\" content=\"image\/png\" \/>\n<meta name=\"twitter:card\" content=\"summary_large_image\" \/>\n<meta name=\"twitter:label1\" content=\"Tempo di lettura stimato\" \/>\n\t<meta name=\"twitter:data1\" content=\"1 minuto\" \/>\n<script type=\"application\/ld+json\" class=\"yoast-schema-graph\">{\"@context\":\"https:\/\/schema.org\",\"@graph\":[{\"@type\":\"WebPage\",\"@id\":\"https:\/\/apuliapraia-hotel.com\/it\/regione\/castro-di-sao-lourenco\/\",\"url\":\"https:\/\/apuliapraia-hotel.com\/it\/regione\/castro-di-sao-lourenco\/\",\"name\":\"Castro di S\u00e3o Louren\u00e7o - Apulia Praia Hotel -\",\"isPartOf\":{\"@id\":\"https:\/\/apuliapraia-hotel.com\/it\/#website\"},\"primaryImageOfPage\":{\"@id\":\"https:\/\/apuliapraia-hotel.com\/it\/regione\/castro-di-sao-lourenco\/#primaryimage\"},\"image\":{\"@id\":\"https:\/\/apuliapraia-hotel.com\/it\/regione\/castro-di-sao-lourenco\/#primaryimage\"},\"thumbnailUrl\":\"https:\/\/apuliapraia-hotel.com\/wp-content\/uploads\/sites\/512\/2023\/02\/Castro-Sao-Lourenco.png\",\"datePublished\":\"2025-01-09T03:55:00+00:00\",\"description\":\"Il Castro di S\u00e3o Louren\u00e7o si trova nella parrocchia di Vila Ch\u00e3, a Esposende, su una delle elevazioni che formano la scogliera fossile, a 200 metri sopra il livello del mare. Su questo altopiano si trova la Capella di S\u00e3o Louren\u00e7o e il belvedere che offre una vista sulla fascia costiera\",\"breadcrumb\":{\"@id\":\"https:\/\/apuliapraia-hotel.com\/it\/regione\/castro-di-sao-lourenco\/#breadcrumb\"},\"inLanguage\":\"it-IT\",\"potentialAction\":[{\"@type\":\"ReadAction\",\"target\":[\"https:\/\/apuliapraia-hotel.com\/it\/regione\/castro-di-sao-lourenco\/\"]}]},{\"@type\":\"ImageObject\",\"inLanguage\":\"it-IT\",\"@id\":\"https:\/\/apuliapraia-hotel.com\/it\/regione\/castro-di-sao-lourenco\/#primaryimage\",\"url\":\"https:\/\/apuliapraia-hotel.com\/wp-content\/uploads\/sites\/512\/2023\/02\/Castro-Sao-Lourenco.png\",\"contentUrl\":\"https:\/\/apuliapraia-hotel.com\/wp-content\/uploads\/sites\/512\/2023\/02\/Castro-Sao-Lourenco.png\",\"width\":1200,\"height\":800,\"caption\":\"Castro de S\u00e3o Louren\u00e7o\"},{\"@type\":\"BreadcrumbList\",\"@id\":\"https:\/\/apuliapraia-hotel.com\/it\/regione\/castro-di-sao-lourenco\/#breadcrumb\",\"itemListElement\":[{\"@type\":\"ListItem\",\"position\":1,\"name\":\"Home\",\"item\":\"https:\/\/apuliapraia-hotel.com\/it\/\"},{\"@type\":\"ListItem\",\"position\":2,\"name\":\"Regione\",\"item\":\"https:\/\/apuliapraia-hotel.com\/it\/regione\/\"},{\"@type\":\"ListItem\",\"position\":3,\"name\":\"Castro di S\u00e3o Louren\u00e7o\"}]},{\"@type\":\"WebSite\",\"@id\":\"https:\/\/apuliapraia-hotel.com\/it\/#website\",\"url\":\"https:\/\/apuliapraia-hotel.com\/it\/\",\"name\":\"Apulia Praia Hotel\",\"description\":\"\",\"potentialAction\":[{\"@type\":\"SearchAction\",\"target\":{\"@type\":\"EntryPoint\",\"urlTemplate\":\"https:\/\/apuliapraia-hotel.com\/it\/?s={search_term_string}\"},\"query-input\":{\"@type\":\"PropertyValueSpecification\",\"valueRequired\":true,\"valueName\":\"search_term_string\"}}],\"inLanguage\":\"it-IT\"}]}<\/script>\n<!-- \/ Yoast SEO plugin. -->","yoast_head_json":{"title":"Castro di S\u00e3o Louren\u00e7o - Apulia Praia Hotel -","description":"Il Castro di S\u00e3o Louren\u00e7o si trova nella parrocchia di Vila Ch\u00e3, a Esposende, su una delle elevazioni che formano la scogliera fossile, a 200 metri sopra il livello del mare. Su questo altopiano si trova la Capella di S\u00e3o Louren\u00e7o e il belvedere che offre una vista sulla fascia costiera","robots":{"index":"index","follow":"follow","max-snippet":"max-snippet:-1","max-image-preview":"max-image-preview:large","max-video-preview":"max-video-preview:-1"},"canonical":"https:\/\/apuliapraia-hotel.com\/it\/regione\/castro-di-sao-lourenco\/","og_locale":"it_IT","og_type":"article","og_title":"Castro di S\u00e3o Louren\u00e7o - Apulia Praia Hotel -","og_description":"Il Castro di S\u00e3o Louren\u00e7o si trova nella parrocchia di Vila Ch\u00e3, a Esposende, su una delle elevazioni che formano la scogliera fossile, a 200 metri sopra il livello del mare. Su questo altopiano si trova la Capella di S\u00e3o Louren\u00e7o e il belvedere che offre una vista sulla fascia costiera","og_url":"https:\/\/apuliapraia-hotel.com\/it\/regione\/castro-di-sao-lourenco\/","og_site_name":"Apulia Praia Hotel","og_image":[{"width":1200,"height":800,"url":"https:\/\/apuliapraia-hotel.com\/wp-content\/uploads\/sites\/512\/2023\/02\/Castro-Sao-Lourenco.png","type":"image\/png"}],"twitter_card":"summary_large_image","twitter_misc":{"Tempo di lettura stimato":"1 minuto"},"schema":{"@context":"https:\/\/schema.org","@graph":[{"@type":"WebPage","@id":"https:\/\/apuliapraia-hotel.com\/it\/regione\/castro-di-sao-lourenco\/","url":"https:\/\/apuliapraia-hotel.com\/it\/regione\/castro-di-sao-lourenco\/","name":"Castro di S\u00e3o Louren\u00e7o - Apulia Praia Hotel -","isPartOf":{"@id":"https:\/\/apuliapraia-hotel.com\/it\/#website"},"primaryImageOfPage":{"@id":"https:\/\/apuliapraia-hotel.com\/it\/regione\/castro-di-sao-lourenco\/#primaryimage"},"image":{"@id":"https:\/\/apuliapraia-hotel.com\/it\/regione\/castro-di-sao-lourenco\/#primaryimage"},"thumbnailUrl":"https:\/\/apuliapraia-hotel.com\/wp-content\/uploads\/sites\/512\/2023\/02\/Castro-Sao-Lourenco.png","datePublished":"2025-01-09T03:55:00+00:00","description":"Il Castro di S\u00e3o Louren\u00e7o si trova nella parrocchia di Vila Ch\u00e3, a Esposende, su una delle elevazioni che formano la scogliera fossile, a 200 metri sopra il livello del mare. Su questo altopiano si trova la Capella di S\u00e3o Louren\u00e7o e il belvedere che offre una vista sulla fascia costiera","breadcrumb":{"@id":"https:\/\/apuliapraia-hotel.com\/it\/regione\/castro-di-sao-lourenco\/#breadcrumb"},"inLanguage":"it-IT","potentialAction":[{"@type":"ReadAction","target":["https:\/\/apuliapraia-hotel.com\/it\/regione\/castro-di-sao-lourenco\/"]}]},{"@type":"ImageObject","inLanguage":"it-IT","@id":"https:\/\/apuliapraia-hotel.com\/it\/regione\/castro-di-sao-lourenco\/#primaryimage","url":"https:\/\/apuliapraia-hotel.com\/wp-content\/uploads\/sites\/512\/2023\/02\/Castro-Sao-Lourenco.png","contentUrl":"https:\/\/apuliapraia-hotel.com\/wp-content\/uploads\/sites\/512\/2023\/02\/Castro-Sao-Lourenco.png","width":1200,"height":800,"caption":"Castro de S\u00e3o Louren\u00e7o"},{"@type":"BreadcrumbList","@id":"https:\/\/apuliapraia-hotel.com\/it\/regione\/castro-di-sao-lourenco\/#breadcrumb","itemListElement":[{"@type":"ListItem","position":1,"name":"Home","item":"https:\/\/apuliapraia-hotel.com\/it\/"},{"@type":"ListItem","position":2,"name":"Regione","item":"https:\/\/apuliapraia-hotel.com\/it\/regione\/"},{"@type":"ListItem","position":3,"name":"Castro di S\u00e3o Louren\u00e7o"}]},{"@type":"WebSite","@id":"https:\/\/apuliapraia-hotel.com\/it\/#website","url":"https:\/\/apuliapraia-hotel.com\/it\/","name":"Apulia Praia Hotel","description":"","potentialAction":[{"@type":"SearchAction","target":{"@type":"EntryPoint","urlTemplate":"https:\/\/apuliapraia-hotel.com\/it\/?s={search_term_string}"},"query-input":{"@type":"PropertyValueSpecification","valueRequired":true,"valueName":"search_term_string"}}],"inLanguage":"it-IT"}]}},"acf":[],"_links":{"self":[{"href":"https:\/\/apuliapraia-hotel.com\/it\/wp-json\/wp\/v2\/pages\/1411","targetHints":{"allow":["GET"]}}],"collection":[{"href":"https:\/\/apuliapraia-hotel.com\/it\/wp-json\/wp\/v2\/pages"}],"about":[{"href":"https:\/\/apuliapraia-hotel.com\/it\/wp-json\/wp\/v2\/types\/page"}],"author":[{"embeddable":true,"href":"https:\/\/apuliapraia-hotel.com\/it\/wp-json\/wp\/v2\/users\/565"}],"replies":[{"embeddable":true,"href":"https:\/\/apuliapraia-hotel.com\/it\/wp-json\/wp\/v2\/comments?post=1411"}],"version-history":[{"count":0,"href":"https:\/\/apuliapraia-hotel.com\/it\/wp-json\/wp\/v2\/pages\/1411\/revisions"}],"up":[{"embeddable":true,"href":"https:\/\/apuliapraia-hotel.com\/it\/wp-json\/wp\/v2\/pages\/1401"}],"wp:featuredmedia":[{"embeddable":true,"href":"https:\/\/apuliapraia-hotel.com\/it\/wp-json\/wp\/v2\/media\/385"}],"wp:attachment":[{"href":"https:\/\/apuliapraia-hotel.com\/it\/wp-json\/wp\/v2\/media?parent=1411"}],"curies":[{"name":"wp","href":"https:\/\/api.w.org\/{rel}","templated":true}]}}