{"id":1409,"date":"2025-01-09T03:50:19","date_gmt":"2025-01-09T03:50:19","guid":{"rendered":"https:\/\/apuliapraia-hotel.com\/?page_id=1409"},"modified":"2025-01-09T03:52:14","modified_gmt":"2025-01-09T03:52:14","slug":"clarinhas-de-fao","status":"publish","type":"page","link":"https:\/\/apuliapraia-hotel.com\/it\/regione\/clarinhas-de-fao\/","title":{"rendered":"Clarinhas de F\u00e3o"},"content":{"rendered":"<p>Conosciuti nel Nord come un dolce tradizionale ricco di storia, le <strong>Clarinhas di F\u00e3o<\/strong> riempiono, durante tutto l&#8217;anno, le tavole e le pance di tutti coloro che scelgono di assaporare questa prelibatezza regionale. Ci\u00f2 che le rende cos\u00ec speciali \u00e8, senza dubbio, il ripieno di <strong>chila<\/strong> e la sua pasta sottile e croccante a forma di mezzaluna, che, per concludere, viene cosparsa di zucchero, aggiungendo ancora pi\u00f9 consistenza e contrasto alla sua esplosione di sapori. Puoi acquistare questo delizioso dolce regionale nel nostro hotel, che arriva direttamente dalla nostra pasticceria.<\/p>\n","protected":false},"excerpt":{"rendered":"<p>Conosciuti nel Nord come un dolce tradizionale ricco di storia, le Clarinhas di F\u00e3o riempiono, durante tutto l&#8217;anno, le tavole e le pance di tutti coloro che scelgono di assaporare questa prelibatezza regionale. Ci\u00f2 che le rende cos\u00ec speciali \u00e8, senza dubbio, il ripieno di chila e la sua pasta sottile e croccante a forma [&hellip;]<\/p>\n","protected":false},"author":565,"featured_media":366,"parent":1401,"menu_order":2,"comment_status":"closed","ping_status":"closed","template":"template-default-4.php","meta":{"footnotes":""},"class_list":["post-1409","page","type-page","status-publish","has-post-thumbnail","hentry"],"yoast_head":"<!-- This site is optimized with the Yoast SEO plugin v26.9 - https:\/\/yoast.com\/product\/yoast-seo-wordpress\/ -->\n<title>Clarinhas de F\u00e3o - Apulia Praia Hotel -<\/title>\n<meta name=\"description\" content=\"Conosciuti nel Nord come un dolce tradizionale ricco di storia, le Clarinhas di F\u00e3o riempiono, durante tutto l&#039;anno, le tavole e le pance di tutti coloro che scelgono di assaporare questa prelibatezza regionale. Ci\u00f2 che le rende cos\u00ec speciali \u00e8, senza dubbio, il ripieno di chila e la sua pasta sottile e croccante a forma di mezzaluna, che, per concludere, viene cosparsa di zucchero, aggiungendo ancora pi\u00f9 consistenza e contrasto alla sua esplosione di sapori\" \/>\n<meta name=\"robots\" content=\"index, follow, max-snippet:-1, max-image-preview:large, max-video-preview:-1\" \/>\n<link rel=\"canonical\" href=\"https:\/\/apuliapraia-hotel.com\/it\/regione\/clarinhas-de-fao\/\" \/>\n<meta property=\"og:locale\" content=\"it_IT\" \/>\n<meta property=\"og:type\" content=\"article\" \/>\n<meta property=\"og:title\" content=\"Clarinhas de F\u00e3o - Apulia Praia Hotel -\" \/>\n<meta property=\"og:description\" content=\"Conosciuti nel Nord come un dolce tradizionale ricco di storia, le Clarinhas di F\u00e3o riempiono, durante tutto l&#039;anno, le tavole e le pance di tutti coloro che scelgono di assaporare questa prelibatezza regionale. Ci\u00f2 che le rende cos\u00ec speciali \u00e8, senza dubbio, il ripieno di chila e la sua pasta sottile e croccante a forma di mezzaluna, che, per concludere, viene cosparsa di zucchero, aggiungendo ancora pi\u00f9 consistenza e contrasto alla sua esplosione di sapori\" \/>\n<meta property=\"og:url\" content=\"https:\/\/apuliapraia-hotel.com\/it\/regione\/clarinhas-de-fao\/\" \/>\n<meta property=\"og:site_name\" content=\"Apulia Praia Hotel\" \/>\n<meta property=\"article:modified_time\" content=\"2025-01-09T03:52:14+00:00\" \/>\n<meta property=\"og:image\" content=\"https:\/\/apuliapraia-hotel.com\/wp-content\/uploads\/sites\/512\/2023\/02\/Clarinhas-de-Fao.png\" \/>\n\t<meta property=\"og:image:width\" content=\"1200\" \/>\n\t<meta property=\"og:image:height\" content=\"800\" \/>\n\t<meta property=\"og:image:type\" content=\"image\/png\" \/>\n<meta name=\"twitter:card\" content=\"summary_large_image\" \/>\n<meta name=\"twitter:label1\" content=\"Tempo di lettura stimato\" \/>\n\t<meta name=\"twitter:data1\" content=\"1 minuto\" \/>\n<script type=\"application\/ld+json\" class=\"yoast-schema-graph\">{\"@context\":\"https:\/\/schema.org\",\"@graph\":[{\"@type\":\"WebPage\",\"@id\":\"https:\/\/apuliapraia-hotel.com\/it\/regione\/clarinhas-de-fao\/\",\"url\":\"https:\/\/apuliapraia-hotel.com\/it\/regione\/clarinhas-de-fao\/\",\"name\":\"Clarinhas de F\u00e3o - Apulia Praia Hotel -\",\"isPartOf\":{\"@id\":\"https:\/\/apuliapraia-hotel.com\/it\/#website\"},\"primaryImageOfPage\":{\"@id\":\"https:\/\/apuliapraia-hotel.com\/it\/regione\/clarinhas-de-fao\/#primaryimage\"},\"image\":{\"@id\":\"https:\/\/apuliapraia-hotel.com\/it\/regione\/clarinhas-de-fao\/#primaryimage\"},\"thumbnailUrl\":\"https:\/\/apuliapraia-hotel.com\/wp-content\/uploads\/sites\/512\/2023\/02\/Clarinhas-de-Fao.png\",\"datePublished\":\"2025-01-09T03:50:19+00:00\",\"dateModified\":\"2025-01-09T03:52:14+00:00\",\"description\":\"Conosciuti nel Nord come un dolce tradizionale ricco di storia, le Clarinhas di F\u00e3o riempiono, durante tutto l'anno, le tavole e le pance di tutti coloro che scelgono di assaporare questa prelibatezza regionale. Ci\u00f2 che le rende cos\u00ec speciali \u00e8, senza dubbio, il ripieno di chila e la sua pasta sottile e croccante a forma di mezzaluna, che, per concludere, viene cosparsa di zucchero, aggiungendo ancora pi\u00f9 consistenza e contrasto alla sua esplosione di sapori\",\"breadcrumb\":{\"@id\":\"https:\/\/apuliapraia-hotel.com\/it\/regione\/clarinhas-de-fao\/#breadcrumb\"},\"inLanguage\":\"it-IT\",\"potentialAction\":[{\"@type\":\"ReadAction\",\"target\":[\"https:\/\/apuliapraia-hotel.com\/it\/regione\/clarinhas-de-fao\/\"]}]},{\"@type\":\"ImageObject\",\"inLanguage\":\"it-IT\",\"@id\":\"https:\/\/apuliapraia-hotel.com\/it\/regione\/clarinhas-de-fao\/#primaryimage\",\"url\":\"https:\/\/apuliapraia-hotel.com\/wp-content\/uploads\/sites\/512\/2023\/02\/Clarinhas-de-Fao.png\",\"contentUrl\":\"https:\/\/apuliapraia-hotel.com\/wp-content\/uploads\/sites\/512\/2023\/02\/Clarinhas-de-Fao.png\",\"width\":1200,\"height\":800,\"caption\":\"Clarinhas de F\u00e3o\"},{\"@type\":\"BreadcrumbList\",\"@id\":\"https:\/\/apuliapraia-hotel.com\/it\/regione\/clarinhas-de-fao\/#breadcrumb\",\"itemListElement\":[{\"@type\":\"ListItem\",\"position\":1,\"name\":\"Home\",\"item\":\"https:\/\/apuliapraia-hotel.com\/it\/\"},{\"@type\":\"ListItem\",\"position\":2,\"name\":\"Regione\",\"item\":\"https:\/\/apuliapraia-hotel.com\/it\/regione\/\"},{\"@type\":\"ListItem\",\"position\":3,\"name\":\"Clarinhas de F\u00e3o\"}]},{\"@type\":\"WebSite\",\"@id\":\"https:\/\/apuliapraia-hotel.com\/it\/#website\",\"url\":\"https:\/\/apuliapraia-hotel.com\/it\/\",\"name\":\"Apulia Praia Hotel\",\"description\":\"\",\"potentialAction\":[{\"@type\":\"SearchAction\",\"target\":{\"@type\":\"EntryPoint\",\"urlTemplate\":\"https:\/\/apuliapraia-hotel.com\/it\/?s={search_term_string}\"},\"query-input\":{\"@type\":\"PropertyValueSpecification\",\"valueRequired\":true,\"valueName\":\"search_term_string\"}}],\"inLanguage\":\"it-IT\"}]}<\/script>\n<!-- \/ Yoast SEO plugin. -->","yoast_head_json":{"title":"Clarinhas de F\u00e3o - Apulia Praia Hotel -","description":"Conosciuti nel Nord come un dolce tradizionale ricco di storia, le Clarinhas di F\u00e3o riempiono, durante tutto l'anno, le tavole e le pance di tutti coloro che scelgono di assaporare questa prelibatezza regionale. Ci\u00f2 che le rende cos\u00ec speciali \u00e8, senza dubbio, il ripieno di chila e la sua pasta sottile e croccante a forma di mezzaluna, che, per concludere, viene cosparsa di zucchero, aggiungendo ancora pi\u00f9 consistenza e contrasto alla sua esplosione di sapori","robots":{"index":"index","follow":"follow","max-snippet":"max-snippet:-1","max-image-preview":"max-image-preview:large","max-video-preview":"max-video-preview:-1"},"canonical":"https:\/\/apuliapraia-hotel.com\/it\/regione\/clarinhas-de-fao\/","og_locale":"it_IT","og_type":"article","og_title":"Clarinhas de F\u00e3o - Apulia Praia Hotel -","og_description":"Conosciuti nel Nord come un dolce tradizionale ricco di storia, le Clarinhas di F\u00e3o riempiono, durante tutto l'anno, le tavole e le pance di tutti coloro che scelgono di assaporare questa prelibatezza regionale. Ci\u00f2 che le rende cos\u00ec speciali \u00e8, senza dubbio, il ripieno di chila e la sua pasta sottile e croccante a forma di mezzaluna, che, per concludere, viene cosparsa di zucchero, aggiungendo ancora pi\u00f9 consistenza e contrasto alla sua esplosione di sapori","og_url":"https:\/\/apuliapraia-hotel.com\/it\/regione\/clarinhas-de-fao\/","og_site_name":"Apulia Praia Hotel","article_modified_time":"2025-01-09T03:52:14+00:00","og_image":[{"width":1200,"height":800,"url":"https:\/\/apuliapraia-hotel.com\/wp-content\/uploads\/sites\/512\/2023\/02\/Clarinhas-de-Fao.png","type":"image\/png"}],"twitter_card":"summary_large_image","twitter_misc":{"Tempo di lettura stimato":"1 minuto"},"schema":{"@context":"https:\/\/schema.org","@graph":[{"@type":"WebPage","@id":"https:\/\/apuliapraia-hotel.com\/it\/regione\/clarinhas-de-fao\/","url":"https:\/\/apuliapraia-hotel.com\/it\/regione\/clarinhas-de-fao\/","name":"Clarinhas de F\u00e3o - Apulia Praia Hotel -","isPartOf":{"@id":"https:\/\/apuliapraia-hotel.com\/it\/#website"},"primaryImageOfPage":{"@id":"https:\/\/apuliapraia-hotel.com\/it\/regione\/clarinhas-de-fao\/#primaryimage"},"image":{"@id":"https:\/\/apuliapraia-hotel.com\/it\/regione\/clarinhas-de-fao\/#primaryimage"},"thumbnailUrl":"https:\/\/apuliapraia-hotel.com\/wp-content\/uploads\/sites\/512\/2023\/02\/Clarinhas-de-Fao.png","datePublished":"2025-01-09T03:50:19+00:00","dateModified":"2025-01-09T03:52:14+00:00","description":"Conosciuti nel Nord come un dolce tradizionale ricco di storia, le Clarinhas di F\u00e3o riempiono, durante tutto l'anno, le tavole e le pance di tutti coloro che scelgono di assaporare questa prelibatezza regionale. Ci\u00f2 che le rende cos\u00ec speciali \u00e8, senza dubbio, il ripieno di chila e la sua pasta sottile e croccante a forma di mezzaluna, che, per concludere, viene cosparsa di zucchero, aggiungendo ancora pi\u00f9 consistenza e contrasto alla sua esplosione di sapori","breadcrumb":{"@id":"https:\/\/apuliapraia-hotel.com\/it\/regione\/clarinhas-de-fao\/#breadcrumb"},"inLanguage":"it-IT","potentialAction":[{"@type":"ReadAction","target":["https:\/\/apuliapraia-hotel.com\/it\/regione\/clarinhas-de-fao\/"]}]},{"@type":"ImageObject","inLanguage":"it-IT","@id":"https:\/\/apuliapraia-hotel.com\/it\/regione\/clarinhas-de-fao\/#primaryimage","url":"https:\/\/apuliapraia-hotel.com\/wp-content\/uploads\/sites\/512\/2023\/02\/Clarinhas-de-Fao.png","contentUrl":"https:\/\/apuliapraia-hotel.com\/wp-content\/uploads\/sites\/512\/2023\/02\/Clarinhas-de-Fao.png","width":1200,"height":800,"caption":"Clarinhas de F\u00e3o"},{"@type":"BreadcrumbList","@id":"https:\/\/apuliapraia-hotel.com\/it\/regione\/clarinhas-de-fao\/#breadcrumb","itemListElement":[{"@type":"ListItem","position":1,"name":"Home","item":"https:\/\/apuliapraia-hotel.com\/it\/"},{"@type":"ListItem","position":2,"name":"Regione","item":"https:\/\/apuliapraia-hotel.com\/it\/regione\/"},{"@type":"ListItem","position":3,"name":"Clarinhas de F\u00e3o"}]},{"@type":"WebSite","@id":"https:\/\/apuliapraia-hotel.com\/it\/#website","url":"https:\/\/apuliapraia-hotel.com\/it\/","name":"Apulia Praia Hotel","description":"","potentialAction":[{"@type":"SearchAction","target":{"@type":"EntryPoint","urlTemplate":"https:\/\/apuliapraia-hotel.com\/it\/?s={search_term_string}"},"query-input":{"@type":"PropertyValueSpecification","valueRequired":true,"valueName":"search_term_string"}}],"inLanguage":"it-IT"}]}},"acf":[],"_links":{"self":[{"href":"https:\/\/apuliapraia-hotel.com\/it\/wp-json\/wp\/v2\/pages\/1409","targetHints":{"allow":["GET"]}}],"collection":[{"href":"https:\/\/apuliapraia-hotel.com\/it\/wp-json\/wp\/v2\/pages"}],"about":[{"href":"https:\/\/apuliapraia-hotel.com\/it\/wp-json\/wp\/v2\/types\/page"}],"author":[{"embeddable":true,"href":"https:\/\/apuliapraia-hotel.com\/it\/wp-json\/wp\/v2\/users\/565"}],"replies":[{"embeddable":true,"href":"https:\/\/apuliapraia-hotel.com\/it\/wp-json\/wp\/v2\/comments?post=1409"}],"version-history":[{"count":0,"href":"https:\/\/apuliapraia-hotel.com\/it\/wp-json\/wp\/v2\/pages\/1409\/revisions"}],"up":[{"embeddable":true,"href":"https:\/\/apuliapraia-hotel.com\/it\/wp-json\/wp\/v2\/pages\/1401"}],"wp:featuredmedia":[{"embeddable":true,"href":"https:\/\/apuliapraia-hotel.com\/it\/wp-json\/wp\/v2\/media\/366"}],"wp:attachment":[{"href":"https:\/\/apuliapraia-hotel.com\/it\/wp-json\/wp\/v2\/media?parent=1409"}],"curies":[{"name":"wp","href":"https:\/\/api.w.org\/{rel}","templated":true}]}}