{"id":1407,"date":"2025-01-09T03:46:49","date_gmt":"2025-01-09T03:46:49","guid":{"rendered":"https:\/\/apuliapraia-hotel.com\/?page_id=1407"},"modified":"2025-01-09T03:49:15","modified_gmt":"2025-01-09T03:49:15","slug":"mulini-di-apulia","status":"publish","type":"page","link":"https:\/\/apuliapraia-hotel.com\/it\/regione\/mulini-di-apulia\/","title":{"rendered":"Mulini di Ap\u00falia"},"content":{"rendered":"<p>Questi mulini si trovano sulla straordinaria <strong>spiaggia di Ap\u00falia<\/strong>, vicino al mare, portando con s\u00e9 la bellezza della regione. Disposti in fila, i <strong>cinque mulini a vento<\/strong> avevano come scopo la macinazione dei cereali. Con il passare del tempo e l&#8217;evoluzione dei metodi di produzione, questi mulini sono stati riqualificati e trasformati, diventando oggi case private. Sebbene l&#8217;interno sia accessibile solo ai loro occupanti, l&#8217;esterno continua ad essere ammirato con il tramonto come sfondo. Accanto a loro si trova una passerella che collega i cinque celebri mulini di Ap\u00falia, che potrete percorrere per contemplare i monumenti della regione.<\/p>\n<p><em>Fotografia di Pedro Figueiredo<\/em><\/p>\n","protected":false},"excerpt":{"rendered":"<p>Questi mulini si trovano sulla straordinaria spiaggia di Ap\u00falia, vicino al mare, portando con s\u00e9 la bellezza della regione. Disposti in fila, i cinque mulini a vento avevano come scopo la macinazione dei cereali. Con il passare del tempo e l&#8217;evoluzione dei metodi di produzione, questi mulini sono stati riqualificati e trasformati, diventando oggi case [&hellip;]<\/p>\n","protected":false},"author":565,"featured_media":363,"parent":1401,"menu_order":1,"comment_status":"closed","ping_status":"closed","template":"template-default-4.php","meta":{"footnotes":""},"class_list":["post-1407","page","type-page","status-publish","has-post-thumbnail","hentry"],"yoast_head":"<!-- This site is optimized with the Yoast SEO plugin v26.9 - https:\/\/yoast.com\/product\/yoast-seo-wordpress\/ -->\n<title>Mulini di Ap\u00falia - Apulia Praia Hotel -<\/title>\n<meta name=\"description\" content=\"Questi mulini si trovano sulla straordinaria spiaggia di Ap\u00falia, vicino al mare, portando con s\u00e9 la bellezza della regione. Disposti in fila, i cinque mulini a vento avevano come scopo la macinazione dei cereali\" \/>\n<meta name=\"robots\" content=\"index, follow, max-snippet:-1, max-image-preview:large, max-video-preview:-1\" \/>\n<link rel=\"canonical\" href=\"https:\/\/apuliapraia-hotel.com\/it\/regione\/mulini-di-apulia\/\" \/>\n<meta property=\"og:locale\" content=\"it_IT\" \/>\n<meta property=\"og:type\" content=\"article\" \/>\n<meta property=\"og:title\" content=\"Mulini di Ap\u00falia - Apulia Praia Hotel -\" \/>\n<meta property=\"og:description\" content=\"Questi mulini si trovano sulla straordinaria spiaggia di Ap\u00falia, vicino al mare, portando con s\u00e9 la bellezza della regione. Disposti in fila, i cinque mulini a vento avevano come scopo la macinazione dei cereali\" \/>\n<meta property=\"og:url\" content=\"https:\/\/apuliapraia-hotel.com\/it\/regione\/mulini-di-apulia\/\" \/>\n<meta property=\"og:site_name\" content=\"Apulia Praia Hotel\" \/>\n<meta property=\"article:modified_time\" content=\"2025-01-09T03:49:15+00:00\" \/>\n<meta property=\"og:image\" content=\"https:\/\/apuliapraia-hotel.com\/wp-content\/uploads\/sites\/512\/2023\/02\/Moinhos-da-Apulia.png\" \/>\n\t<meta property=\"og:image:width\" content=\"1200\" \/>\n\t<meta property=\"og:image:height\" content=\"800\" \/>\n\t<meta property=\"og:image:type\" content=\"image\/png\" \/>\n<meta name=\"twitter:card\" content=\"summary_large_image\" \/>\n<meta name=\"twitter:label1\" content=\"Tempo di lettura stimato\" \/>\n\t<meta name=\"twitter:data1\" content=\"1 minuto\" \/>\n<script type=\"application\/ld+json\" class=\"yoast-schema-graph\">{\"@context\":\"https:\/\/schema.org\",\"@graph\":[{\"@type\":\"WebPage\",\"@id\":\"https:\/\/apuliapraia-hotel.com\/it\/regione\/mulini-di-apulia\/\",\"url\":\"https:\/\/apuliapraia-hotel.com\/it\/regione\/mulini-di-apulia\/\",\"name\":\"Mulini di Ap\u00falia - Apulia Praia Hotel -\",\"isPartOf\":{\"@id\":\"https:\/\/apuliapraia-hotel.com\/it\/#website\"},\"primaryImageOfPage\":{\"@id\":\"https:\/\/apuliapraia-hotel.com\/it\/regione\/mulini-di-apulia\/#primaryimage\"},\"image\":{\"@id\":\"https:\/\/apuliapraia-hotel.com\/it\/regione\/mulini-di-apulia\/#primaryimage\"},\"thumbnailUrl\":\"https:\/\/apuliapraia-hotel.com\/wp-content\/uploads\/sites\/512\/2023\/02\/Moinhos-da-Apulia.png\",\"datePublished\":\"2025-01-09T03:46:49+00:00\",\"dateModified\":\"2025-01-09T03:49:15+00:00\",\"description\":\"Questi mulini si trovano sulla straordinaria spiaggia di Ap\u00falia, vicino al mare, portando con s\u00e9 la bellezza della regione. Disposti in fila, i cinque mulini a vento avevano come scopo la macinazione dei cereali\",\"breadcrumb\":{\"@id\":\"https:\/\/apuliapraia-hotel.com\/it\/regione\/mulini-di-apulia\/#breadcrumb\"},\"inLanguage\":\"it-IT\",\"potentialAction\":[{\"@type\":\"ReadAction\",\"target\":[\"https:\/\/apuliapraia-hotel.com\/it\/regione\/mulini-di-apulia\/\"]}]},{\"@type\":\"ImageObject\",\"inLanguage\":\"it-IT\",\"@id\":\"https:\/\/apuliapraia-hotel.com\/it\/regione\/mulini-di-apulia\/#primaryimage\",\"url\":\"https:\/\/apuliapraia-hotel.com\/wp-content\/uploads\/sites\/512\/2023\/02\/Moinhos-da-Apulia.png\",\"contentUrl\":\"https:\/\/apuliapraia-hotel.com\/wp-content\/uploads\/sites\/512\/2023\/02\/Moinhos-da-Apulia.png\",\"width\":1200,\"height\":800,\"caption\":\"Fotografia de Pedro Figueiredo\"},{\"@type\":\"BreadcrumbList\",\"@id\":\"https:\/\/apuliapraia-hotel.com\/it\/regione\/mulini-di-apulia\/#breadcrumb\",\"itemListElement\":[{\"@type\":\"ListItem\",\"position\":1,\"name\":\"Home\",\"item\":\"https:\/\/apuliapraia-hotel.com\/it\/\"},{\"@type\":\"ListItem\",\"position\":2,\"name\":\"Regione\",\"item\":\"https:\/\/apuliapraia-hotel.com\/it\/regione\/\"},{\"@type\":\"ListItem\",\"position\":3,\"name\":\"Mulini di Ap\u00falia\"}]},{\"@type\":\"WebSite\",\"@id\":\"https:\/\/apuliapraia-hotel.com\/it\/#website\",\"url\":\"https:\/\/apuliapraia-hotel.com\/it\/\",\"name\":\"Apulia Praia Hotel\",\"description\":\"\",\"potentialAction\":[{\"@type\":\"SearchAction\",\"target\":{\"@type\":\"EntryPoint\",\"urlTemplate\":\"https:\/\/apuliapraia-hotel.com\/it\/?s={search_term_string}\"},\"query-input\":{\"@type\":\"PropertyValueSpecification\",\"valueRequired\":true,\"valueName\":\"search_term_string\"}}],\"inLanguage\":\"it-IT\"}]}<\/script>\n<!-- \/ Yoast SEO plugin. -->","yoast_head_json":{"title":"Mulini di Ap\u00falia - Apulia Praia Hotel -","description":"Questi mulini si trovano sulla straordinaria spiaggia di Ap\u00falia, vicino al mare, portando con s\u00e9 la bellezza della regione. Disposti in fila, i cinque mulini a vento avevano come scopo la macinazione dei cereali","robots":{"index":"index","follow":"follow","max-snippet":"max-snippet:-1","max-image-preview":"max-image-preview:large","max-video-preview":"max-video-preview:-1"},"canonical":"https:\/\/apuliapraia-hotel.com\/it\/regione\/mulini-di-apulia\/","og_locale":"it_IT","og_type":"article","og_title":"Mulini di Ap\u00falia - Apulia Praia Hotel -","og_description":"Questi mulini si trovano sulla straordinaria spiaggia di Ap\u00falia, vicino al mare, portando con s\u00e9 la bellezza della regione. Disposti in fila, i cinque mulini a vento avevano come scopo la macinazione dei cereali","og_url":"https:\/\/apuliapraia-hotel.com\/it\/regione\/mulini-di-apulia\/","og_site_name":"Apulia Praia Hotel","article_modified_time":"2025-01-09T03:49:15+00:00","og_image":[{"width":1200,"height":800,"url":"https:\/\/apuliapraia-hotel.com\/wp-content\/uploads\/sites\/512\/2023\/02\/Moinhos-da-Apulia.png","type":"image\/png"}],"twitter_card":"summary_large_image","twitter_misc":{"Tempo di lettura stimato":"1 minuto"},"schema":{"@context":"https:\/\/schema.org","@graph":[{"@type":"WebPage","@id":"https:\/\/apuliapraia-hotel.com\/it\/regione\/mulini-di-apulia\/","url":"https:\/\/apuliapraia-hotel.com\/it\/regione\/mulini-di-apulia\/","name":"Mulini di Ap\u00falia - Apulia Praia Hotel -","isPartOf":{"@id":"https:\/\/apuliapraia-hotel.com\/it\/#website"},"primaryImageOfPage":{"@id":"https:\/\/apuliapraia-hotel.com\/it\/regione\/mulini-di-apulia\/#primaryimage"},"image":{"@id":"https:\/\/apuliapraia-hotel.com\/it\/regione\/mulini-di-apulia\/#primaryimage"},"thumbnailUrl":"https:\/\/apuliapraia-hotel.com\/wp-content\/uploads\/sites\/512\/2023\/02\/Moinhos-da-Apulia.png","datePublished":"2025-01-09T03:46:49+00:00","dateModified":"2025-01-09T03:49:15+00:00","description":"Questi mulini si trovano sulla straordinaria spiaggia di Ap\u00falia, vicino al mare, portando con s\u00e9 la bellezza della regione. Disposti in fila, i cinque mulini a vento avevano come scopo la macinazione dei cereali","breadcrumb":{"@id":"https:\/\/apuliapraia-hotel.com\/it\/regione\/mulini-di-apulia\/#breadcrumb"},"inLanguage":"it-IT","potentialAction":[{"@type":"ReadAction","target":["https:\/\/apuliapraia-hotel.com\/it\/regione\/mulini-di-apulia\/"]}]},{"@type":"ImageObject","inLanguage":"it-IT","@id":"https:\/\/apuliapraia-hotel.com\/it\/regione\/mulini-di-apulia\/#primaryimage","url":"https:\/\/apuliapraia-hotel.com\/wp-content\/uploads\/sites\/512\/2023\/02\/Moinhos-da-Apulia.png","contentUrl":"https:\/\/apuliapraia-hotel.com\/wp-content\/uploads\/sites\/512\/2023\/02\/Moinhos-da-Apulia.png","width":1200,"height":800,"caption":"Fotografia de Pedro Figueiredo"},{"@type":"BreadcrumbList","@id":"https:\/\/apuliapraia-hotel.com\/it\/regione\/mulini-di-apulia\/#breadcrumb","itemListElement":[{"@type":"ListItem","position":1,"name":"Home","item":"https:\/\/apuliapraia-hotel.com\/it\/"},{"@type":"ListItem","position":2,"name":"Regione","item":"https:\/\/apuliapraia-hotel.com\/it\/regione\/"},{"@type":"ListItem","position":3,"name":"Mulini di Ap\u00falia"}]},{"@type":"WebSite","@id":"https:\/\/apuliapraia-hotel.com\/it\/#website","url":"https:\/\/apuliapraia-hotel.com\/it\/","name":"Apulia Praia Hotel","description":"","potentialAction":[{"@type":"SearchAction","target":{"@type":"EntryPoint","urlTemplate":"https:\/\/apuliapraia-hotel.com\/it\/?s={search_term_string}"},"query-input":{"@type":"PropertyValueSpecification","valueRequired":true,"valueName":"search_term_string"}}],"inLanguage":"it-IT"}]}},"acf":[],"_links":{"self":[{"href":"https:\/\/apuliapraia-hotel.com\/it\/wp-json\/wp\/v2\/pages\/1407","targetHints":{"allow":["GET"]}}],"collection":[{"href":"https:\/\/apuliapraia-hotel.com\/it\/wp-json\/wp\/v2\/pages"}],"about":[{"href":"https:\/\/apuliapraia-hotel.com\/it\/wp-json\/wp\/v2\/types\/page"}],"author":[{"embeddable":true,"href":"https:\/\/apuliapraia-hotel.com\/it\/wp-json\/wp\/v2\/users\/565"}],"replies":[{"embeddable":true,"href":"https:\/\/apuliapraia-hotel.com\/it\/wp-json\/wp\/v2\/comments?post=1407"}],"version-history":[{"count":0,"href":"https:\/\/apuliapraia-hotel.com\/it\/wp-json\/wp\/v2\/pages\/1407\/revisions"}],"up":[{"embeddable":true,"href":"https:\/\/apuliapraia-hotel.com\/it\/wp-json\/wp\/v2\/pages\/1401"}],"wp:featuredmedia":[{"embeddable":true,"href":"https:\/\/apuliapraia-hotel.com\/it\/wp-json\/wp\/v2\/media\/363"}],"wp:attachment":[{"href":"https:\/\/apuliapraia-hotel.com\/it\/wp-json\/wp\/v2\/media?parent=1407"}],"curies":[{"name":"wp","href":"https:\/\/api.w.org\/{rel}","templated":true}]}}