{"id":1380,"date":"2025-01-09T00:55:17","date_gmt":"2025-01-09T00:55:17","guid":{"rendered":"https:\/\/apuliapraia-hotel.com\/?page_id=1380"},"modified":"2025-07-22T17:07:38","modified_gmt":"2025-07-22T17:07:38","slug":"chi-siamo","status":"publish","type":"page","link":"https:\/\/apuliapraia-hotel.com\/it\/chi-siamo\/","title":{"rendered":"Chi Siamo"},"content":{"rendered":"<p>L&#8217;Apulia Praia Hotel \u00e8 una <strong>piccola struttura alberghiera a conduzione familiare<\/strong>, situata nel <strong>pittoresco villaggio di Ap\u00falia<\/strong>, nel comune di Esposende, a soli 400 metri dalla spiaggia. Circondato da magnifici ristoranti locali e attivit\u00e0 turistiche, questo hotel beneficia di una posizione eccellente, offrendo numerosi vantaggi a chi sceglie di soggiornarvi. La sua posizione geografica lo rende inoltre un punto di riferimento per chi percorre i <strong>Cammini di Santiago<\/strong>, ospitando centinaia di pellegrini durante tutto l&#8217;anno.<\/p>\n<p data-start=\"53\" data-end=\"290\">Inoltre, per la comodit\u00e0 dei nostri ospiti, l\u2019Unit\u00e0 Sanitaria Locale \u2013 Polo di Ap\u00falia della USF EntreMar\u00e9s si trova a soli 5 minuti a piedi dall\u2019hotel, offrendo un accesso rapido ai servizi sanitari di base ogni volta che necessario.<\/p>\n","protected":false},"excerpt":{"rendered":"<p>L&#8217;Apulia Praia Hotel \u00e8 una piccola struttura alberghiera a conduzione familiare, situata nel pittoresco villaggio di Ap\u00falia, nel comune di Esposende, a soli 400 metri dalla spiaggia. Circondato da magnifici ristoranti locali e attivit\u00e0 turistiche, questo hotel beneficia di una posizione eccellente, offrendo numerosi vantaggi a chi sceglie di soggiornarvi. La sua posizione geografica lo [&hellip;]<\/p>\n","protected":false},"author":565,"featured_media":0,"parent":0,"menu_order":0,"comment_status":"closed","ping_status":"closed","template":"template-default-3.php","meta":{"footnotes":""},"class_list":["post-1380","page","type-page","status-publish","hentry"],"yoast_head":"<!-- This site is optimized with the Yoast SEO plugin v26.9 - https:\/\/yoast.com\/product\/yoast-seo-wordpress\/ -->\n<title>Chi Siamo - Apulia Praia Hotel -<\/title>\n<meta name=\"description\" content=\"L&#039;Apulia Praia Hotel \u00e8 una piccola struttura alberghiera a conduzione familiare, situata nel pittoresco villaggio di Ap\u00falia, nel comune di Esposende, a soli 400 metri dalla spiaggia. Circondato da magnifici ristoranti locali e attivit\u00e0 turistiche, questo hotel beneficia di una posizione eccellente, offrendo numerosi vantaggi a chi sceglie di soggiornarvi\" \/>\n<meta name=\"robots\" content=\"index, follow, max-snippet:-1, max-image-preview:large, max-video-preview:-1\" \/>\n<link rel=\"canonical\" href=\"https:\/\/apuliapraia-hotel.com\/it\/chi-siamo\/\" \/>\n<meta property=\"og:locale\" content=\"it_IT\" \/>\n<meta property=\"og:type\" content=\"article\" \/>\n<meta property=\"og:title\" content=\"Chi Siamo - Apulia Praia Hotel -\" \/>\n<meta property=\"og:description\" content=\"L&#039;Apulia Praia Hotel \u00e8 una piccola struttura alberghiera a conduzione familiare, situata nel pittoresco villaggio di Ap\u00falia, nel comune di Esposende, a soli 400 metri dalla spiaggia. Circondato da magnifici ristoranti locali e attivit\u00e0 turistiche, questo hotel beneficia di una posizione eccellente, offrendo numerosi vantaggi a chi sceglie di soggiornarvi\" \/>\n<meta property=\"og:url\" content=\"https:\/\/apuliapraia-hotel.com\/it\/chi-siamo\/\" \/>\n<meta property=\"og:site_name\" content=\"Apulia Praia Hotel\" \/>\n<meta property=\"article:modified_time\" content=\"2025-07-22T17:07:38+00:00\" \/>\n<meta name=\"twitter:card\" content=\"summary_large_image\" \/>\n<meta name=\"twitter:label1\" content=\"Tempo di lettura stimato\" \/>\n\t<meta name=\"twitter:data1\" content=\"1 minuto\" \/>\n<script type=\"application\/ld+json\" class=\"yoast-schema-graph\">{\"@context\":\"https:\/\/schema.org\",\"@graph\":[{\"@type\":\"WebPage\",\"@id\":\"https:\/\/apuliapraia-hotel.com\/it\/chi-siamo\/\",\"url\":\"https:\/\/apuliapraia-hotel.com\/it\/chi-siamo\/\",\"name\":\"Chi Siamo - Apulia Praia Hotel -\",\"isPartOf\":{\"@id\":\"https:\/\/apuliapraia-hotel.com\/it\/#website\"},\"datePublished\":\"2025-01-09T00:55:17+00:00\",\"dateModified\":\"2025-07-22T17:07:38+00:00\",\"description\":\"L'Apulia Praia Hotel \u00e8 una piccola struttura alberghiera a conduzione familiare, situata nel pittoresco villaggio di Ap\u00falia, nel comune di Esposende, a soli 400 metri dalla spiaggia. Circondato da magnifici ristoranti locali e attivit\u00e0 turistiche, questo hotel beneficia di una posizione eccellente, offrendo numerosi vantaggi a chi sceglie di soggiornarvi\",\"breadcrumb\":{\"@id\":\"https:\/\/apuliapraia-hotel.com\/it\/chi-siamo\/#breadcrumb\"},\"inLanguage\":\"it-IT\",\"potentialAction\":[{\"@type\":\"ReadAction\",\"target\":[\"https:\/\/apuliapraia-hotel.com\/it\/chi-siamo\/\"]}]},{\"@type\":\"BreadcrumbList\",\"@id\":\"https:\/\/apuliapraia-hotel.com\/it\/chi-siamo\/#breadcrumb\",\"itemListElement\":[{\"@type\":\"ListItem\",\"position\":1,\"name\":\"Home\",\"item\":\"https:\/\/apuliapraia-hotel.com\/it\/\"},{\"@type\":\"ListItem\",\"position\":2,\"name\":\"Chi Siamo\"}]},{\"@type\":\"WebSite\",\"@id\":\"https:\/\/apuliapraia-hotel.com\/it\/#website\",\"url\":\"https:\/\/apuliapraia-hotel.com\/it\/\",\"name\":\"Apulia Praia Hotel\",\"description\":\"\",\"potentialAction\":[{\"@type\":\"SearchAction\",\"target\":{\"@type\":\"EntryPoint\",\"urlTemplate\":\"https:\/\/apuliapraia-hotel.com\/it\/?s={search_term_string}\"},\"query-input\":{\"@type\":\"PropertyValueSpecification\",\"valueRequired\":true,\"valueName\":\"search_term_string\"}}],\"inLanguage\":\"it-IT\"}]}<\/script>\n<!-- \/ Yoast SEO plugin. -->","yoast_head_json":{"title":"Chi Siamo - Apulia Praia Hotel -","description":"L'Apulia Praia Hotel \u00e8 una piccola struttura alberghiera a conduzione familiare, situata nel pittoresco villaggio di Ap\u00falia, nel comune di Esposende, a soli 400 metri dalla spiaggia. Circondato da magnifici ristoranti locali e attivit\u00e0 turistiche, questo hotel beneficia di una posizione eccellente, offrendo numerosi vantaggi a chi sceglie di soggiornarvi","robots":{"index":"index","follow":"follow","max-snippet":"max-snippet:-1","max-image-preview":"max-image-preview:large","max-video-preview":"max-video-preview:-1"},"canonical":"https:\/\/apuliapraia-hotel.com\/it\/chi-siamo\/","og_locale":"it_IT","og_type":"article","og_title":"Chi Siamo - Apulia Praia Hotel -","og_description":"L'Apulia Praia Hotel \u00e8 una piccola struttura alberghiera a conduzione familiare, situata nel pittoresco villaggio di Ap\u00falia, nel comune di Esposende, a soli 400 metri dalla spiaggia. Circondato da magnifici ristoranti locali e attivit\u00e0 turistiche, questo hotel beneficia di una posizione eccellente, offrendo numerosi vantaggi a chi sceglie di soggiornarvi","og_url":"https:\/\/apuliapraia-hotel.com\/it\/chi-siamo\/","og_site_name":"Apulia Praia Hotel","article_modified_time":"2025-07-22T17:07:38+00:00","twitter_card":"summary_large_image","twitter_misc":{"Tempo di lettura stimato":"1 minuto"},"schema":{"@context":"https:\/\/schema.org","@graph":[{"@type":"WebPage","@id":"https:\/\/apuliapraia-hotel.com\/it\/chi-siamo\/","url":"https:\/\/apuliapraia-hotel.com\/it\/chi-siamo\/","name":"Chi Siamo - Apulia Praia Hotel -","isPartOf":{"@id":"https:\/\/apuliapraia-hotel.com\/it\/#website"},"datePublished":"2025-01-09T00:55:17+00:00","dateModified":"2025-07-22T17:07:38+00:00","description":"L'Apulia Praia Hotel \u00e8 una piccola struttura alberghiera a conduzione familiare, situata nel pittoresco villaggio di Ap\u00falia, nel comune di Esposende, a soli 400 metri dalla spiaggia. Circondato da magnifici ristoranti locali e attivit\u00e0 turistiche, questo hotel beneficia di una posizione eccellente, offrendo numerosi vantaggi a chi sceglie di soggiornarvi","breadcrumb":{"@id":"https:\/\/apuliapraia-hotel.com\/it\/chi-siamo\/#breadcrumb"},"inLanguage":"it-IT","potentialAction":[{"@type":"ReadAction","target":["https:\/\/apuliapraia-hotel.com\/it\/chi-siamo\/"]}]},{"@type":"BreadcrumbList","@id":"https:\/\/apuliapraia-hotel.com\/it\/chi-siamo\/#breadcrumb","itemListElement":[{"@type":"ListItem","position":1,"name":"Home","item":"https:\/\/apuliapraia-hotel.com\/it\/"},{"@type":"ListItem","position":2,"name":"Chi Siamo"}]},{"@type":"WebSite","@id":"https:\/\/apuliapraia-hotel.com\/it\/#website","url":"https:\/\/apuliapraia-hotel.com\/it\/","name":"Apulia Praia Hotel","description":"","potentialAction":[{"@type":"SearchAction","target":{"@type":"EntryPoint","urlTemplate":"https:\/\/apuliapraia-hotel.com\/it\/?s={search_term_string}"},"query-input":{"@type":"PropertyValueSpecification","valueRequired":true,"valueName":"search_term_string"}}],"inLanguage":"it-IT"}]}},"acf":[],"_links":{"self":[{"href":"https:\/\/apuliapraia-hotel.com\/it\/wp-json\/wp\/v2\/pages\/1380","targetHints":{"allow":["GET"]}}],"collection":[{"href":"https:\/\/apuliapraia-hotel.com\/it\/wp-json\/wp\/v2\/pages"}],"about":[{"href":"https:\/\/apuliapraia-hotel.com\/it\/wp-json\/wp\/v2\/types\/page"}],"author":[{"embeddable":true,"href":"https:\/\/apuliapraia-hotel.com\/it\/wp-json\/wp\/v2\/users\/565"}],"replies":[{"embeddable":true,"href":"https:\/\/apuliapraia-hotel.com\/it\/wp-json\/wp\/v2\/comments?post=1380"}],"version-history":[{"count":0,"href":"https:\/\/apuliapraia-hotel.com\/it\/wp-json\/wp\/v2\/pages\/1380\/revisions"}],"wp:attachment":[{"href":"https:\/\/apuliapraia-hotel.com\/it\/wp-json\/wp\/v2\/media?parent=1380"}],"curies":[{"name":"wp","href":"https:\/\/api.w.org\/{rel}","templated":true}]}}