{"id":998,"date":"2024-01-08T15:19:19","date_gmt":"2024-01-08T15:19:19","guid":{"rendered":"https:\/\/apuliapraia-hotel.com\/?page_id=998"},"modified":"2024-01-24T15:08:47","modified_gmt":"2024-01-24T15:08:47","slug":"moulins-des-apulia","status":"publish","type":"page","link":"https:\/\/apuliapraia-hotel.com\/fr\/region\/moulins-des-apulia\/","title":{"rendered":"Les Moulins d&rsquo;Ap\u00falia"},"content":{"rendered":"<p>Les moulins sur la superbe <strong>plage d&rsquo;Apulia<\/strong>, bordant la mer, captent la splendeur r\u00e9gionale. Ces <strong>cinq moulins align\u00e9s<\/strong>, initialement destin\u00e9s \u00e0 moudre des c\u00e9r\u00e9ales, ont \u00e9volu\u00e9 en habitations priv\u00e9es au fil du temps. Bien que l\u2019int\u00e9rieur soit r\u00e9serv\u00e9, leur ext\u00e9rieur offre une vue magnifique au coucher du soleil. \u00c0 proximit\u00e9, une parcelle relie les fameux moulins d\u2019Apulia, permettant de d\u00e9couvrir les monuments r\u00e9gionaux immortalis\u00e9s par Pedro Figueiredo.<\/p>\n","protected":false},"excerpt":{"rendered":"<p>Les moulins sur la superbe plage d&rsquo;Apulia, bordant la mer, captent la splendeur r\u00e9gionale. Ces cinq moulins align\u00e9s, initialement destin\u00e9s \u00e0 moudre des c\u00e9r\u00e9ales, ont \u00e9volu\u00e9 en habitations priv\u00e9es au fil du temps. Bien que l\u2019int\u00e9rieur soit r\u00e9serv\u00e9, leur ext\u00e9rieur offre une vue magnifique au coucher du soleil. \u00c0 proximit\u00e9, une parcelle relie les fameux [&hellip;]<\/p>\n","protected":false},"author":565,"featured_media":363,"parent":984,"menu_order":1,"comment_status":"closed","ping_status":"closed","template":"template-default-4.php","meta":{"footnotes":""},"class_list":["post-998","page","type-page","status-publish","has-post-thumbnail","hentry"],"yoast_head":"<!-- This site is optimized with the Yoast SEO plugin v26.9 - https:\/\/yoast.com\/product\/yoast-seo-wordpress\/ -->\n<title>Les Moulins d&#039;Ap\u00falia - Apulia Praia Hotel -<\/title>\n<meta name=\"description\" content=\"Les moulins sur la superbe plage d&#039;Apulia, bordant la mer, captent la splendeur r\u00e9gionale. Ces cinq moulins align\u00e9s, initialement destin\u00e9s \u00e0 moudre des c\u00e9r\u00e9ales, ont \u00e9volu\u00e9 en habitations priv\u00e9es au fil du temps\" \/>\n<meta name=\"robots\" content=\"index, follow, max-snippet:-1, max-image-preview:large, max-video-preview:-1\" \/>\n<link rel=\"canonical\" href=\"https:\/\/apuliapraia-hotel.com\/fr\/region\/moulins-des-apulia\/\" \/>\n<meta property=\"og:locale\" content=\"fr_FR\" \/>\n<meta property=\"og:type\" content=\"article\" \/>\n<meta property=\"og:title\" content=\"Les Moulins d&#039;Ap\u00falia - Apulia Praia Hotel -\" \/>\n<meta property=\"og:description\" content=\"Les moulins sur la superbe plage d&#039;Apulia, bordant la mer, captent la splendeur r\u00e9gionale. Ces cinq moulins align\u00e9s, initialement destin\u00e9s \u00e0 moudre des c\u00e9r\u00e9ales, ont \u00e9volu\u00e9 en habitations priv\u00e9es au fil du temps\" \/>\n<meta property=\"og:url\" content=\"https:\/\/apuliapraia-hotel.com\/fr\/region\/moulins-des-apulia\/\" \/>\n<meta property=\"og:site_name\" content=\"Apulia Praia Hotel\" \/>\n<meta property=\"article:modified_time\" content=\"2024-01-24T15:08:47+00:00\" \/>\n<meta property=\"og:image\" content=\"https:\/\/apuliapraia-hotel.com\/wp-content\/uploads\/sites\/512\/2023\/02\/Moinhos-da-Apulia.png\" \/>\n\t<meta property=\"og:image:width\" content=\"1200\" \/>\n\t<meta property=\"og:image:height\" content=\"800\" \/>\n\t<meta property=\"og:image:type\" content=\"image\/png\" \/>\n<meta name=\"twitter:card\" content=\"summary_large_image\" \/>\n<script type=\"application\/ld+json\" class=\"yoast-schema-graph\">{\"@context\":\"https:\/\/schema.org\",\"@graph\":[{\"@type\":\"WebPage\",\"@id\":\"https:\/\/apuliapraia-hotel.com\/fr\/region\/moulins-des-apulia\/\",\"url\":\"https:\/\/apuliapraia-hotel.com\/fr\/region\/moulins-des-apulia\/\",\"name\":\"Les Moulins d'Ap\u00falia - Apulia Praia Hotel -\",\"isPartOf\":{\"@id\":\"https:\/\/apuliapraia-hotel.com\/fr\/#website\"},\"primaryImageOfPage\":{\"@id\":\"https:\/\/apuliapraia-hotel.com\/fr\/region\/moulins-des-apulia\/#primaryimage\"},\"image\":{\"@id\":\"https:\/\/apuliapraia-hotel.com\/fr\/region\/moulins-des-apulia\/#primaryimage\"},\"thumbnailUrl\":\"https:\/\/apuliapraia-hotel.com\/wp-content\/uploads\/sites\/512\/2023\/02\/Moinhos-da-Apulia.png\",\"datePublished\":\"2024-01-08T15:19:19+00:00\",\"dateModified\":\"2024-01-24T15:08:47+00:00\",\"description\":\"Les moulins sur la superbe plage d'Apulia, bordant la mer, captent la splendeur r\u00e9gionale. Ces cinq moulins align\u00e9s, initialement destin\u00e9s \u00e0 moudre des c\u00e9r\u00e9ales, ont \u00e9volu\u00e9 en habitations priv\u00e9es au fil du temps\",\"breadcrumb\":{\"@id\":\"https:\/\/apuliapraia-hotel.com\/fr\/region\/moulins-des-apulia\/#breadcrumb\"},\"inLanguage\":\"fr-FR\",\"potentialAction\":[{\"@type\":\"ReadAction\",\"target\":[\"https:\/\/apuliapraia-hotel.com\/fr\/region\/moulins-des-apulia\/\"]}]},{\"@type\":\"ImageObject\",\"inLanguage\":\"fr-FR\",\"@id\":\"https:\/\/apuliapraia-hotel.com\/fr\/region\/moulins-des-apulia\/#primaryimage\",\"url\":\"https:\/\/apuliapraia-hotel.com\/wp-content\/uploads\/sites\/512\/2023\/02\/Moinhos-da-Apulia.png\",\"contentUrl\":\"https:\/\/apuliapraia-hotel.com\/wp-content\/uploads\/sites\/512\/2023\/02\/Moinhos-da-Apulia.png\",\"width\":1200,\"height\":800,\"caption\":\"Fotografia de Pedro Figueiredo\"},{\"@type\":\"BreadcrumbList\",\"@id\":\"https:\/\/apuliapraia-hotel.com\/fr\/region\/moulins-des-apulia\/#breadcrumb\",\"itemListElement\":[{\"@type\":\"ListItem\",\"position\":1,\"name\":\"Home\",\"item\":\"https:\/\/apuliapraia-hotel.com\/fr\/\"},{\"@type\":\"ListItem\",\"position\":2,\"name\":\"R\u00e9gion\",\"item\":\"https:\/\/apuliapraia-hotel.com\/fr\/region\/\"},{\"@type\":\"ListItem\",\"position\":3,\"name\":\"Les Moulins d&#8217;Ap\u00falia\"}]},{\"@type\":\"WebSite\",\"@id\":\"https:\/\/apuliapraia-hotel.com\/fr\/#website\",\"url\":\"https:\/\/apuliapraia-hotel.com\/fr\/\",\"name\":\"Apulia Praia Hotel\",\"description\":\"\",\"potentialAction\":[{\"@type\":\"SearchAction\",\"target\":{\"@type\":\"EntryPoint\",\"urlTemplate\":\"https:\/\/apuliapraia-hotel.com\/fr\/?s={search_term_string}\"},\"query-input\":{\"@type\":\"PropertyValueSpecification\",\"valueRequired\":true,\"valueName\":\"search_term_string\"}}],\"inLanguage\":\"fr-FR\"}]}<\/script>\n<!-- \/ Yoast SEO plugin. -->","yoast_head_json":{"title":"Les Moulins d'Ap\u00falia - Apulia Praia Hotel -","description":"Les moulins sur la superbe plage d'Apulia, bordant la mer, captent la splendeur r\u00e9gionale. Ces cinq moulins align\u00e9s, initialement destin\u00e9s \u00e0 moudre des c\u00e9r\u00e9ales, ont \u00e9volu\u00e9 en habitations priv\u00e9es au fil du temps","robots":{"index":"index","follow":"follow","max-snippet":"max-snippet:-1","max-image-preview":"max-image-preview:large","max-video-preview":"max-video-preview:-1"},"canonical":"https:\/\/apuliapraia-hotel.com\/fr\/region\/moulins-des-apulia\/","og_locale":"fr_FR","og_type":"article","og_title":"Les Moulins d'Ap\u00falia - Apulia Praia Hotel -","og_description":"Les moulins sur la superbe plage d'Apulia, bordant la mer, captent la splendeur r\u00e9gionale. Ces cinq moulins align\u00e9s, initialement destin\u00e9s \u00e0 moudre des c\u00e9r\u00e9ales, ont \u00e9volu\u00e9 en habitations priv\u00e9es au fil du temps","og_url":"https:\/\/apuliapraia-hotel.com\/fr\/region\/moulins-des-apulia\/","og_site_name":"Apulia Praia Hotel","article_modified_time":"2024-01-24T15:08:47+00:00","og_image":[{"width":1200,"height":800,"url":"https:\/\/apuliapraia-hotel.com\/wp-content\/uploads\/sites\/512\/2023\/02\/Moinhos-da-Apulia.png","type":"image\/png"}],"twitter_card":"summary_large_image","schema":{"@context":"https:\/\/schema.org","@graph":[{"@type":"WebPage","@id":"https:\/\/apuliapraia-hotel.com\/fr\/region\/moulins-des-apulia\/","url":"https:\/\/apuliapraia-hotel.com\/fr\/region\/moulins-des-apulia\/","name":"Les Moulins d'Ap\u00falia - Apulia Praia Hotel -","isPartOf":{"@id":"https:\/\/apuliapraia-hotel.com\/fr\/#website"},"primaryImageOfPage":{"@id":"https:\/\/apuliapraia-hotel.com\/fr\/region\/moulins-des-apulia\/#primaryimage"},"image":{"@id":"https:\/\/apuliapraia-hotel.com\/fr\/region\/moulins-des-apulia\/#primaryimage"},"thumbnailUrl":"https:\/\/apuliapraia-hotel.com\/wp-content\/uploads\/sites\/512\/2023\/02\/Moinhos-da-Apulia.png","datePublished":"2024-01-08T15:19:19+00:00","dateModified":"2024-01-24T15:08:47+00:00","description":"Les moulins sur la superbe plage d'Apulia, bordant la mer, captent la splendeur r\u00e9gionale. Ces cinq moulins align\u00e9s, initialement destin\u00e9s \u00e0 moudre des c\u00e9r\u00e9ales, ont \u00e9volu\u00e9 en habitations priv\u00e9es au fil du temps","breadcrumb":{"@id":"https:\/\/apuliapraia-hotel.com\/fr\/region\/moulins-des-apulia\/#breadcrumb"},"inLanguage":"fr-FR","potentialAction":[{"@type":"ReadAction","target":["https:\/\/apuliapraia-hotel.com\/fr\/region\/moulins-des-apulia\/"]}]},{"@type":"ImageObject","inLanguage":"fr-FR","@id":"https:\/\/apuliapraia-hotel.com\/fr\/region\/moulins-des-apulia\/#primaryimage","url":"https:\/\/apuliapraia-hotel.com\/wp-content\/uploads\/sites\/512\/2023\/02\/Moinhos-da-Apulia.png","contentUrl":"https:\/\/apuliapraia-hotel.com\/wp-content\/uploads\/sites\/512\/2023\/02\/Moinhos-da-Apulia.png","width":1200,"height":800,"caption":"Fotografia de Pedro Figueiredo"},{"@type":"BreadcrumbList","@id":"https:\/\/apuliapraia-hotel.com\/fr\/region\/moulins-des-apulia\/#breadcrumb","itemListElement":[{"@type":"ListItem","position":1,"name":"Home","item":"https:\/\/apuliapraia-hotel.com\/fr\/"},{"@type":"ListItem","position":2,"name":"R\u00e9gion","item":"https:\/\/apuliapraia-hotel.com\/fr\/region\/"},{"@type":"ListItem","position":3,"name":"Les Moulins d&#8217;Ap\u00falia"}]},{"@type":"WebSite","@id":"https:\/\/apuliapraia-hotel.com\/fr\/#website","url":"https:\/\/apuliapraia-hotel.com\/fr\/","name":"Apulia Praia Hotel","description":"","potentialAction":[{"@type":"SearchAction","target":{"@type":"EntryPoint","urlTemplate":"https:\/\/apuliapraia-hotel.com\/fr\/?s={search_term_string}"},"query-input":{"@type":"PropertyValueSpecification","valueRequired":true,"valueName":"search_term_string"}}],"inLanguage":"fr-FR"}]}},"acf":[],"_links":{"self":[{"href":"https:\/\/apuliapraia-hotel.com\/fr\/wp-json\/wp\/v2\/pages\/998","targetHints":{"allow":["GET"]}}],"collection":[{"href":"https:\/\/apuliapraia-hotel.com\/fr\/wp-json\/wp\/v2\/pages"}],"about":[{"href":"https:\/\/apuliapraia-hotel.com\/fr\/wp-json\/wp\/v2\/types\/page"}],"author":[{"embeddable":true,"href":"https:\/\/apuliapraia-hotel.com\/fr\/wp-json\/wp\/v2\/users\/565"}],"replies":[{"embeddable":true,"href":"https:\/\/apuliapraia-hotel.com\/fr\/wp-json\/wp\/v2\/comments?post=998"}],"version-history":[{"count":0,"href":"https:\/\/apuliapraia-hotel.com\/fr\/wp-json\/wp\/v2\/pages\/998\/revisions"}],"up":[{"embeddable":true,"href":"https:\/\/apuliapraia-hotel.com\/fr\/wp-json\/wp\/v2\/pages\/984"}],"wp:featuredmedia":[{"embeddable":true,"href":"https:\/\/apuliapraia-hotel.com\/fr\/wp-json\/wp\/v2\/media\/363"}],"wp:attachment":[{"href":"https:\/\/apuliapraia-hotel.com\/fr\/wp-json\/wp\/v2\/media?parent=998"}],"curies":[{"name":"wp","href":"https:\/\/api.w.org\/{rel}","templated":true}]}}