{"id":996,"date":"2024-01-08T12:46:57","date_gmt":"2024-01-08T12:46:57","guid":{"rendered":"https:\/\/apuliapraia-hotel.com\/?page_id=996"},"modified":"2024-01-23T13:31:19","modified_gmt":"2024-01-23T13:31:19","slug":"cheque-cadeau-de-95e","status":"publish","type":"page","link":"https:\/\/apuliapraia-hotel.com\/fr\/experiences\/cheque-cadeau-de-95e\/","title":{"rendered":"Ch\u00e8que Cadeau de 95\u20ac"},"content":{"rendered":"<p>L&rsquo;H\u00f4tel Apulia Praia vous aide \u00e0 offrir des cadeaux empreints de confort, de convivialit\u00e9 et de qualit\u00e9 sup\u00e9rieure. Offrez le plaisir d\u2019un s\u00e9jour r\u00e9confortant \u00e1 l\u2019h\u00f4tel Apulia Praia avec un ch\u00e8que cadeau d\u2019une valeur de 95 \u20ac, utilisable pour profiter de toutes nos commodit\u00e9s ou vivre des exp\u00e9riences uniques avec nos partenaires.<\/p>\n<p><strong><em>Comment utiliser ce bon cadeau ?<\/em><\/strong><\/p>\n<ul>\n<li>Le ch\u00e8que cadeau inclut une nuit en chambre double avec petit d\u00e9jeuner pour deux personnes. En cas de tarif d\u2019h\u00e9bergement sup\u00e9rieur \u00e0 la valeur du bon, un compl\u00e9ment financier pour la diff\u00e9rence pourra \u00eatre requis, selon nos disponibilit\u00e9s.<\/li>\n<li>Le bon cadeau peut \u00eatre \u00e9galement utilis\u00e9 comme r\u00e9duction pour tout autre s\u00e9jour dans diverses chambres et modalit\u00e9s d\u00b4h\u00e9bergement disponibles \u00e1 l\u00b4h\u00f4tel.<\/li>\n<li>B\u00e9n\u00e9ficiez d\u2019une r\u00e9duction sur tout suppl\u00e9ment \u00e1 votre s\u00e9jour, y compris les exp\u00e9riences avec nos partenaires, en effectuant votre r\u00e9servation directement aupr\u00e8s de notre r\u00e9ception.<\/li>\n<\/ul>\n","protected":false},"excerpt":{"rendered":"<p>L&rsquo;H\u00f4tel Apulia Praia vous aide \u00e0 offrir des cadeaux empreints de confort, de convivialit\u00e9 et de qualit\u00e9 sup\u00e9rieure. Offrez le plaisir d\u2019un s\u00e9jour r\u00e9confortant \u00e1 l\u2019h\u00f4tel Apulia Praia avec un ch\u00e8que cadeau d\u2019une valeur de 95 \u20ac, utilisable pour profiter de toutes nos commodit\u00e9s ou vivre des exp\u00e9riences uniques avec nos partenaires. Comment utiliser ce [&hellip;]<\/p>\n","protected":false},"author":565,"featured_media":513,"parent":965,"menu_order":25,"comment_status":"closed","ping_status":"closed","template":"template-voucher.php","meta":{"footnotes":""},"class_list":["post-996","page","type-page","status-publish","has-post-thumbnail","hentry"],"yoast_head":"<!-- This site is optimized with the Yoast SEO plugin v26.9 - https:\/\/yoast.com\/product\/yoast-seo-wordpress\/ -->\n<title>Ch\u00e8que Cadeau de 95\u20ac - Apulia Praia Hotel -<\/title>\n<meta name=\"description\" content=\"L&#039;H\u00f4tel Apulia Praia vous aide \u00e0 offrir des cadeaux empreints de confort, de convivialit\u00e9 et de qualit\u00e9 sup\u00e9rieure. Offrez le plaisir d\u2019un s\u00e9jour r\u00e9confortant \u00e1 l\u2019h\u00f4tel Apulia Praia avec un ch\u00e8que cadeau d\u2019une valeur de 95 \u20ac, utilisable pour profiter de toutes nos commodit\u00e9s ou vivre des exp\u00e9riences uniques avec nos partenaires.  Comment utiliser ce bon cadeau ?   Le ch\u00e8que cadeau inclut une nuit en chambre double avec petit d\u00e9jeuner pour deux personnes\" \/>\n<meta name=\"robots\" content=\"index, follow, max-snippet:-1, max-image-preview:large, max-video-preview:-1\" \/>\n<link rel=\"canonical\" href=\"https:\/\/apuliapraia-hotel.com\/fr\/experiences\/cheque-cadeau-de-95e\/\" \/>\n<meta property=\"og:locale\" content=\"fr_FR\" \/>\n<meta property=\"og:type\" content=\"article\" \/>\n<meta property=\"og:title\" content=\"Ch\u00e8que Cadeau de 95\u20ac - Apulia Praia Hotel -\" \/>\n<meta property=\"og:description\" content=\"L&#039;H\u00f4tel Apulia Praia vous aide \u00e0 offrir des cadeaux empreints de confort, de convivialit\u00e9 et de qualit\u00e9 sup\u00e9rieure. Offrez le plaisir d\u2019un s\u00e9jour r\u00e9confortant \u00e1 l\u2019h\u00f4tel Apulia Praia avec un ch\u00e8que cadeau d\u2019une valeur de 95 \u20ac, utilisable pour profiter de toutes nos commodit\u00e9s ou vivre des exp\u00e9riences uniques avec nos partenaires.  Comment utiliser ce bon cadeau ?   Le ch\u00e8que cadeau inclut une nuit en chambre double avec petit d\u00e9jeuner pour deux personnes\" \/>\n<meta property=\"og:url\" content=\"https:\/\/apuliapraia-hotel.com\/fr\/experiences\/cheque-cadeau-de-95e\/\" \/>\n<meta property=\"og:site_name\" content=\"Apulia Praia Hotel\" \/>\n<meta property=\"article:modified_time\" content=\"2024-01-23T13:31:19+00:00\" \/>\n<meta property=\"og:image\" content=\"https:\/\/apuliapraia-hotel.com\/wp-content\/uploads\/sites\/512\/2023\/03\/Voucher95-1.png\" \/>\n\t<meta property=\"og:image:width\" content=\"1200\" \/>\n\t<meta property=\"og:image:height\" content=\"800\" \/>\n\t<meta property=\"og:image:type\" content=\"image\/png\" \/>\n<meta name=\"twitter:card\" content=\"summary_large_image\" \/>\n<meta name=\"twitter:label1\" content=\"Dur\u00e9e de lecture estim\u00e9e\" \/>\n\t<meta name=\"twitter:data1\" content=\"1 minute\" \/>\n<script type=\"application\/ld+json\" class=\"yoast-schema-graph\">{\"@context\":\"https:\/\/schema.org\",\"@graph\":[{\"@type\":\"WebPage\",\"@id\":\"https:\/\/apuliapraia-hotel.com\/fr\/experiences\/cheque-cadeau-de-95e\/\",\"url\":\"https:\/\/apuliapraia-hotel.com\/fr\/experiences\/cheque-cadeau-de-95e\/\",\"name\":\"Ch\u00e8que Cadeau de 95\u20ac - Apulia Praia Hotel -\",\"isPartOf\":{\"@id\":\"https:\/\/apuliapraia-hotel.com\/fr\/#website\"},\"primaryImageOfPage\":{\"@id\":\"https:\/\/apuliapraia-hotel.com\/fr\/experiences\/cheque-cadeau-de-95e\/#primaryimage\"},\"image\":{\"@id\":\"https:\/\/apuliapraia-hotel.com\/fr\/experiences\/cheque-cadeau-de-95e\/#primaryimage\"},\"thumbnailUrl\":\"https:\/\/apuliapraia-hotel.com\/wp-content\/uploads\/sites\/512\/2023\/03\/Voucher95-1.png\",\"datePublished\":\"2024-01-08T12:46:57+00:00\",\"dateModified\":\"2024-01-23T13:31:19+00:00\",\"description\":\"L'H\u00f4tel Apulia Praia vous aide \u00e0 offrir des cadeaux empreints de confort, de convivialit\u00e9 et de qualit\u00e9 sup\u00e9rieure. Offrez le plaisir d\u2019un s\u00e9jour r\u00e9confortant \u00e1 l\u2019h\u00f4tel Apulia Praia avec un ch\u00e8que cadeau d\u2019une valeur de 95 \u20ac, utilisable pour profiter de toutes nos commodit\u00e9s ou vivre des exp\u00e9riences uniques avec nos partenaires. Comment utiliser ce bon cadeau ? \u2022 Le ch\u00e8que cadeau inclut une nuit en chambre double avec petit d\u00e9jeuner pour deux personnes\",\"breadcrumb\":{\"@id\":\"https:\/\/apuliapraia-hotel.com\/fr\/experiences\/cheque-cadeau-de-95e\/#breadcrumb\"},\"inLanguage\":\"fr-FR\",\"potentialAction\":[{\"@type\":\"ReadAction\",\"target\":[\"https:\/\/apuliapraia-hotel.com\/fr\/experiences\/cheque-cadeau-de-95e\/\"]}]},{\"@type\":\"ImageObject\",\"inLanguage\":\"fr-FR\",\"@id\":\"https:\/\/apuliapraia-hotel.com\/fr\/experiences\/cheque-cadeau-de-95e\/#primaryimage\",\"url\":\"https:\/\/apuliapraia-hotel.com\/wp-content\/uploads\/sites\/512\/2023\/03\/Voucher95-1.png\",\"contentUrl\":\"https:\/\/apuliapraia-hotel.com\/wp-content\/uploads\/sites\/512\/2023\/03\/Voucher95-1.png\",\"width\":1200,\"height\":800},{\"@type\":\"BreadcrumbList\",\"@id\":\"https:\/\/apuliapraia-hotel.com\/fr\/experiences\/cheque-cadeau-de-95e\/#breadcrumb\",\"itemListElement\":[{\"@type\":\"ListItem\",\"position\":1,\"name\":\"Home\",\"item\":\"https:\/\/apuliapraia-hotel.com\/fr\/\"},{\"@type\":\"ListItem\",\"position\":2,\"name\":\"Exp\u00e9riences\",\"item\":\"https:\/\/apuliapraia-hotel.com\/fr\/experiences\/\"},{\"@type\":\"ListItem\",\"position\":3,\"name\":\"Ch\u00e8que Cadeau de 95\u20ac\"}]},{\"@type\":\"WebSite\",\"@id\":\"https:\/\/apuliapraia-hotel.com\/fr\/#website\",\"url\":\"https:\/\/apuliapraia-hotel.com\/fr\/\",\"name\":\"Apulia Praia Hotel\",\"description\":\"\",\"potentialAction\":[{\"@type\":\"SearchAction\",\"target\":{\"@type\":\"EntryPoint\",\"urlTemplate\":\"https:\/\/apuliapraia-hotel.com\/fr\/?s={search_term_string}\"},\"query-input\":{\"@type\":\"PropertyValueSpecification\",\"valueRequired\":true,\"valueName\":\"search_term_string\"}}],\"inLanguage\":\"fr-FR\"}]}<\/script>\n<!-- \/ Yoast SEO plugin. -->","yoast_head_json":{"title":"Ch\u00e8que Cadeau de 95\u20ac - Apulia Praia Hotel -","description":"L'H\u00f4tel Apulia Praia vous aide \u00e0 offrir des cadeaux empreints de confort, de convivialit\u00e9 et de qualit\u00e9 sup\u00e9rieure. Offrez le plaisir d\u2019un s\u00e9jour r\u00e9confortant \u00e1 l\u2019h\u00f4tel Apulia Praia avec un ch\u00e8que cadeau d\u2019une valeur de 95 \u20ac, utilisable pour profiter de toutes nos commodit\u00e9s ou vivre des exp\u00e9riences uniques avec nos partenaires.  Comment utiliser ce bon cadeau ?   Le ch\u00e8que cadeau inclut une nuit en chambre double avec petit d\u00e9jeuner pour deux personnes","robots":{"index":"index","follow":"follow","max-snippet":"max-snippet:-1","max-image-preview":"max-image-preview:large","max-video-preview":"max-video-preview:-1"},"canonical":"https:\/\/apuliapraia-hotel.com\/fr\/experiences\/cheque-cadeau-de-95e\/","og_locale":"fr_FR","og_type":"article","og_title":"Ch\u00e8que Cadeau de 95\u20ac - Apulia Praia Hotel -","og_description":"L'H\u00f4tel Apulia Praia vous aide \u00e0 offrir des cadeaux empreints de confort, de convivialit\u00e9 et de qualit\u00e9 sup\u00e9rieure. Offrez le plaisir d\u2019un s\u00e9jour r\u00e9confortant \u00e1 l\u2019h\u00f4tel Apulia Praia avec un ch\u00e8que cadeau d\u2019une valeur de 95 \u20ac, utilisable pour profiter de toutes nos commodit\u00e9s ou vivre des exp\u00e9riences uniques avec nos partenaires.  Comment utiliser ce bon cadeau ?   Le ch\u00e8que cadeau inclut une nuit en chambre double avec petit d\u00e9jeuner pour deux personnes","og_url":"https:\/\/apuliapraia-hotel.com\/fr\/experiences\/cheque-cadeau-de-95e\/","og_site_name":"Apulia Praia Hotel","article_modified_time":"2024-01-23T13:31:19+00:00","og_image":[{"width":1200,"height":800,"url":"https:\/\/apuliapraia-hotel.com\/wp-content\/uploads\/sites\/512\/2023\/03\/Voucher95-1.png","type":"image\/png"}],"twitter_card":"summary_large_image","twitter_misc":{"Dur\u00e9e de lecture estim\u00e9e":"1 minute"},"schema":{"@context":"https:\/\/schema.org","@graph":[{"@type":"WebPage","@id":"https:\/\/apuliapraia-hotel.com\/fr\/experiences\/cheque-cadeau-de-95e\/","url":"https:\/\/apuliapraia-hotel.com\/fr\/experiences\/cheque-cadeau-de-95e\/","name":"Ch\u00e8que Cadeau de 95\u20ac - Apulia Praia Hotel -","isPartOf":{"@id":"https:\/\/apuliapraia-hotel.com\/fr\/#website"},"primaryImageOfPage":{"@id":"https:\/\/apuliapraia-hotel.com\/fr\/experiences\/cheque-cadeau-de-95e\/#primaryimage"},"image":{"@id":"https:\/\/apuliapraia-hotel.com\/fr\/experiences\/cheque-cadeau-de-95e\/#primaryimage"},"thumbnailUrl":"https:\/\/apuliapraia-hotel.com\/wp-content\/uploads\/sites\/512\/2023\/03\/Voucher95-1.png","datePublished":"2024-01-08T12:46:57+00:00","dateModified":"2024-01-23T13:31:19+00:00","description":"L'H\u00f4tel Apulia Praia vous aide \u00e0 offrir des cadeaux empreints de confort, de convivialit\u00e9 et de qualit\u00e9 sup\u00e9rieure. Offrez le plaisir d\u2019un s\u00e9jour r\u00e9confortant \u00e1 l\u2019h\u00f4tel Apulia Praia avec un ch\u00e8que cadeau d\u2019une valeur de 95 \u20ac, utilisable pour profiter de toutes nos commodit\u00e9s ou vivre des exp\u00e9riences uniques avec nos partenaires. Comment utiliser ce bon cadeau ? \u2022 Le ch\u00e8que cadeau inclut une nuit en chambre double avec petit d\u00e9jeuner pour deux personnes","breadcrumb":{"@id":"https:\/\/apuliapraia-hotel.com\/fr\/experiences\/cheque-cadeau-de-95e\/#breadcrumb"},"inLanguage":"fr-FR","potentialAction":[{"@type":"ReadAction","target":["https:\/\/apuliapraia-hotel.com\/fr\/experiences\/cheque-cadeau-de-95e\/"]}]},{"@type":"ImageObject","inLanguage":"fr-FR","@id":"https:\/\/apuliapraia-hotel.com\/fr\/experiences\/cheque-cadeau-de-95e\/#primaryimage","url":"https:\/\/apuliapraia-hotel.com\/wp-content\/uploads\/sites\/512\/2023\/03\/Voucher95-1.png","contentUrl":"https:\/\/apuliapraia-hotel.com\/wp-content\/uploads\/sites\/512\/2023\/03\/Voucher95-1.png","width":1200,"height":800},{"@type":"BreadcrumbList","@id":"https:\/\/apuliapraia-hotel.com\/fr\/experiences\/cheque-cadeau-de-95e\/#breadcrumb","itemListElement":[{"@type":"ListItem","position":1,"name":"Home","item":"https:\/\/apuliapraia-hotel.com\/fr\/"},{"@type":"ListItem","position":2,"name":"Exp\u00e9riences","item":"https:\/\/apuliapraia-hotel.com\/fr\/experiences\/"},{"@type":"ListItem","position":3,"name":"Ch\u00e8que Cadeau de 95\u20ac"}]},{"@type":"WebSite","@id":"https:\/\/apuliapraia-hotel.com\/fr\/#website","url":"https:\/\/apuliapraia-hotel.com\/fr\/","name":"Apulia Praia Hotel","description":"","potentialAction":[{"@type":"SearchAction","target":{"@type":"EntryPoint","urlTemplate":"https:\/\/apuliapraia-hotel.com\/fr\/?s={search_term_string}"},"query-input":{"@type":"PropertyValueSpecification","valueRequired":true,"valueName":"search_term_string"}}],"inLanguage":"fr-FR"}]}},"acf":[],"_links":{"self":[{"href":"https:\/\/apuliapraia-hotel.com\/fr\/wp-json\/wp\/v2\/pages\/996","targetHints":{"allow":["GET"]}}],"collection":[{"href":"https:\/\/apuliapraia-hotel.com\/fr\/wp-json\/wp\/v2\/pages"}],"about":[{"href":"https:\/\/apuliapraia-hotel.com\/fr\/wp-json\/wp\/v2\/types\/page"}],"author":[{"embeddable":true,"href":"https:\/\/apuliapraia-hotel.com\/fr\/wp-json\/wp\/v2\/users\/565"}],"replies":[{"embeddable":true,"href":"https:\/\/apuliapraia-hotel.com\/fr\/wp-json\/wp\/v2\/comments?post=996"}],"version-history":[{"count":0,"href":"https:\/\/apuliapraia-hotel.com\/fr\/wp-json\/wp\/v2\/pages\/996\/revisions"}],"up":[{"embeddable":true,"href":"https:\/\/apuliapraia-hotel.com\/fr\/wp-json\/wp\/v2\/pages\/965"}],"wp:featuredmedia":[{"embeddable":true,"href":"https:\/\/apuliapraia-hotel.com\/fr\/wp-json\/wp\/v2\/media\/513"}],"wp:attachment":[{"href":"https:\/\/apuliapraia-hotel.com\/fr\/wp-json\/wp\/v2\/media?parent=996"}],"curies":[{"name":"wp","href":"https:\/\/api.w.org\/{rel}","templated":true}]}}