{"id":982,"date":"2024-01-04T12:14:03","date_gmt":"2024-01-04T12:14:03","guid":{"rendered":"https:\/\/apuliapraia-hotel.com\/?page_id=982"},"modified":"2025-02-21T22:00:55","modified_gmt":"2025-02-21T22:00:55","slug":"la-ferme-de-silvas","status":"publish","type":"page","link":"https:\/\/apuliapraia-hotel.com\/fr\/la-ferme-de-silvas\/","title":{"rendered":"La Ferme de Silva&rsquo;s"},"content":{"rendered":"<p>Si vous \u00eates \u00e0 la recherche d&rsquo;une exp\u00e9rience diff\u00e9rente et d&rsquo;un environnement plus intime, nous vous proposons la Ferme de Silvas (Quinta da Silva en portugais), un h\u00e9bergement local situ\u00e9 \u00e0 5 minutes de la ville historique de Barcelos.<\/p>\n<p>Parfait pour les moments en famille et entre amis, cette ferme propose trois chambres avec salle de bains priv\u00e9e et un bureau, offrant une capacit\u00e9 d\u2019accueil allant jusqu\u2019\u00e0 huit personnes.<\/p>\n<p>. Elle comprend un salon, une cuisine \u00e9quip\u00e9e et une salle \u00e0 manger avec une vue directe sur les environs, y compris le moulin et le ruisseau qui passe sous la maison.<\/p>\n<p>\u00c0 l&rsquo;ext\u00e9rieur une piscine priv\u00e9e et d&rsquo;une salle de bal id\u00e9ale pour les barbecues, les f\u00eates et les petits \u00e9v\u00e9nements. Un garage int\u00e9rieur et\u00a0 un grand espace de stationnement s\u00e9curis\u00e9 sont \u00e9galement disponibles \u00e0 proximit\u00e9. \u00c1 seulement 20 minutes, decouvrez les plages au drapeau bleu d&rsquo;Ofir \u00e0 Ap\u00falia, et quelques attractions touristiques d&rsquo;Esposende. Au sud, <a href=\"https:\/\/www.portoairport.pt\/en\/opo\/home\">l&rsquo;a\u00e9roport Francisco S\u00e1 Carneiro (OPO)<\/a> se trouve \u00e0 environ 40 minutes.<\/p>\n","protected":false},"excerpt":{"rendered":"<p>Si vous \u00eates \u00e0 la recherche d&rsquo;une exp\u00e9rience diff\u00e9rente et d&rsquo;un environnement plus intime, nous vous proposons la Ferme de Silvas (Quinta da Silva en portugais), un h\u00e9bergement local situ\u00e9 \u00e0 5 minutes de la ville historique de Barcelos. Parfait pour les moments en famille et entre amis, cette ferme propose trois chambres avec salle [&hellip;]<\/p>\n","protected":false},"author":565,"featured_media":0,"parent":0,"menu_order":23,"comment_status":"closed","ping_status":"closed","template":"template-default-2.php","meta":{"footnotes":""},"class_list":["post-982","page","type-page","status-publish","hentry"],"yoast_head":"<!-- This site is optimized with the Yoast SEO plugin v26.9 - https:\/\/yoast.com\/product\/yoast-seo-wordpress\/ -->\n<title>La Ferme de Silva&#039;s - Apulia Praia Hotel -<\/title>\n<meta name=\"description\" content=\"Si vous \u00eates \u00e0 la recherche d&#039;une exp\u00e9rience diff\u00e9rente et d&#039;un environnement plus intime, nous vous proposons la Ferme de Silvas (Quinta da Silva en portugais), un h\u00e9bergement local situ\u00e9 \u00e0 5 minutes de la ville historique de Barcelos.  Parfait pour les moments en famille et entre amis, cette ferme propose trois chambres avec salle de bains priv\u00e9e et un bureau, offrant une capacit\u00e9 d\u2019accueil allant jusqu\u2019\u00e0 huit personnes.  . Elle comprend un salon, une cuisine \u00e9quip\u00e9e et une salle \u00e0 manger avec une vue directe sur les environs, y compris le moulin et le ruisseau qui passe sous la maison.  \u00c0 l&#039;ext\u00e9rieur une piscine priv\u00e9e et d&#039;une salle de bal id\u00e9ale pour les barbecues, les f\u00eates et les petits \u00e9v\u00e9nements\" \/>\n<meta name=\"robots\" content=\"index, follow, max-snippet:-1, max-image-preview:large, max-video-preview:-1\" \/>\n<link rel=\"canonical\" href=\"https:\/\/apuliapraia-hotel.com\/fr\/la-ferme-de-silvas\/\" \/>\n<meta property=\"og:locale\" content=\"fr_FR\" \/>\n<meta property=\"og:type\" content=\"article\" \/>\n<meta property=\"og:title\" content=\"La Ferme de Silva&#039;s - Apulia Praia Hotel -\" \/>\n<meta property=\"og:description\" content=\"Si vous \u00eates \u00e0 la recherche d&#039;une exp\u00e9rience diff\u00e9rente et d&#039;un environnement plus intime, nous vous proposons la Ferme de Silvas (Quinta da Silva en portugais), un h\u00e9bergement local situ\u00e9 \u00e0 5 minutes de la ville historique de Barcelos.  Parfait pour les moments en famille et entre amis, cette ferme propose trois chambres avec salle de bains priv\u00e9e et un bureau, offrant une capacit\u00e9 d\u2019accueil allant jusqu\u2019\u00e0 huit personnes.  . Elle comprend un salon, une cuisine \u00e9quip\u00e9e et une salle \u00e0 manger avec une vue directe sur les environs, y compris le moulin et le ruisseau qui passe sous la maison.  \u00c0 l&#039;ext\u00e9rieur une piscine priv\u00e9e et d&#039;une salle de bal id\u00e9ale pour les barbecues, les f\u00eates et les petits \u00e9v\u00e9nements\" \/>\n<meta property=\"og:url\" content=\"https:\/\/apuliapraia-hotel.com\/fr\/la-ferme-de-silvas\/\" \/>\n<meta property=\"og:site_name\" content=\"Apulia Praia Hotel\" \/>\n<meta property=\"article:modified_time\" content=\"2025-02-21T22:00:55+00:00\" \/>\n<meta name=\"twitter:card\" content=\"summary_large_image\" \/>\n<meta name=\"twitter:label1\" content=\"Dur\u00e9e de lecture estim\u00e9e\" \/>\n\t<meta name=\"twitter:data1\" content=\"1 minute\" \/>\n<script type=\"application\/ld+json\" class=\"yoast-schema-graph\">{\"@context\":\"https:\/\/schema.org\",\"@graph\":[{\"@type\":\"WebPage\",\"@id\":\"https:\/\/apuliapraia-hotel.com\/fr\/la-ferme-de-silvas\/\",\"url\":\"https:\/\/apuliapraia-hotel.com\/fr\/la-ferme-de-silvas\/\",\"name\":\"La Ferme de Silva's - Apulia Praia Hotel -\",\"isPartOf\":{\"@id\":\"https:\/\/apuliapraia-hotel.com\/fr\/#website\"},\"datePublished\":\"2024-01-04T12:14:03+00:00\",\"dateModified\":\"2025-02-21T22:00:55+00:00\",\"description\":\"Si vous \u00eates \u00e0 la recherche d'une exp\u00e9rience diff\u00e9rente et d'un environnement plus intime, nous vous proposons la Ferme de Silvas (Quinta da Silva en portugais), un h\u00e9bergement local situ\u00e9 \u00e0 5 minutes de la ville historique de Barcelos. Parfait pour les moments en famille et entre amis, cette ferme propose trois chambres avec salle de bains priv\u00e9e et un bureau, offrant une capacit\u00e9 d\u2019accueil allant jusqu\u2019\u00e0 huit personnes. . Elle comprend un salon, une cuisine \u00e9quip\u00e9e et une salle \u00e0 manger avec une vue directe sur les environs, y compris le moulin et le ruisseau qui passe sous la maison. \u00c0 l'ext\u00e9rieur une piscine priv\u00e9e et d'une salle de bal id\u00e9ale pour les barbecues, les f\u00eates et les petits \u00e9v\u00e9nements\",\"breadcrumb\":{\"@id\":\"https:\/\/apuliapraia-hotel.com\/fr\/la-ferme-de-silvas\/#breadcrumb\"},\"inLanguage\":\"fr-FR\",\"potentialAction\":[{\"@type\":\"ReadAction\",\"target\":[\"https:\/\/apuliapraia-hotel.com\/fr\/la-ferme-de-silvas\/\"]}]},{\"@type\":\"BreadcrumbList\",\"@id\":\"https:\/\/apuliapraia-hotel.com\/fr\/la-ferme-de-silvas\/#breadcrumb\",\"itemListElement\":[{\"@type\":\"ListItem\",\"position\":1,\"name\":\"Home\",\"item\":\"https:\/\/apuliapraia-hotel.com\/fr\/\"},{\"@type\":\"ListItem\",\"position\":2,\"name\":\"La Ferme de Silva&#8217;s\"}]},{\"@type\":\"WebSite\",\"@id\":\"https:\/\/apuliapraia-hotel.com\/fr\/#website\",\"url\":\"https:\/\/apuliapraia-hotel.com\/fr\/\",\"name\":\"Apulia Praia Hotel\",\"description\":\"\",\"potentialAction\":[{\"@type\":\"SearchAction\",\"target\":{\"@type\":\"EntryPoint\",\"urlTemplate\":\"https:\/\/apuliapraia-hotel.com\/fr\/?s={search_term_string}\"},\"query-input\":{\"@type\":\"PropertyValueSpecification\",\"valueRequired\":true,\"valueName\":\"search_term_string\"}}],\"inLanguage\":\"fr-FR\"}]}<\/script>\n<!-- \/ Yoast SEO plugin. -->","yoast_head_json":{"title":"La Ferme de Silva's - Apulia Praia Hotel -","description":"Si vous \u00eates \u00e0 la recherche d'une exp\u00e9rience diff\u00e9rente et d'un environnement plus intime, nous vous proposons la Ferme de Silvas (Quinta da Silva en portugais), un h\u00e9bergement local situ\u00e9 \u00e0 5 minutes de la ville historique de Barcelos.  Parfait pour les moments en famille et entre amis, cette ferme propose trois chambres avec salle de bains priv\u00e9e et un bureau, offrant une capacit\u00e9 d\u2019accueil allant jusqu\u2019\u00e0 huit personnes.  . Elle comprend un salon, une cuisine \u00e9quip\u00e9e et une salle \u00e0 manger avec une vue directe sur les environs, y compris le moulin et le ruisseau qui passe sous la maison.  \u00c0 l'ext\u00e9rieur une piscine priv\u00e9e et d'une salle de bal id\u00e9ale pour les barbecues, les f\u00eates et les petits \u00e9v\u00e9nements","robots":{"index":"index","follow":"follow","max-snippet":"max-snippet:-1","max-image-preview":"max-image-preview:large","max-video-preview":"max-video-preview:-1"},"canonical":"https:\/\/apuliapraia-hotel.com\/fr\/la-ferme-de-silvas\/","og_locale":"fr_FR","og_type":"article","og_title":"La Ferme de Silva's - Apulia Praia Hotel -","og_description":"Si vous \u00eates \u00e0 la recherche d'une exp\u00e9rience diff\u00e9rente et d'un environnement plus intime, nous vous proposons la Ferme de Silvas (Quinta da Silva en portugais), un h\u00e9bergement local situ\u00e9 \u00e0 5 minutes de la ville historique de Barcelos.  Parfait pour les moments en famille et entre amis, cette ferme propose trois chambres avec salle de bains priv\u00e9e et un bureau, offrant une capacit\u00e9 d\u2019accueil allant jusqu\u2019\u00e0 huit personnes.  . Elle comprend un salon, une cuisine \u00e9quip\u00e9e et une salle \u00e0 manger avec une vue directe sur les environs, y compris le moulin et le ruisseau qui passe sous la maison.  \u00c0 l'ext\u00e9rieur une piscine priv\u00e9e et d'une salle de bal id\u00e9ale pour les barbecues, les f\u00eates et les petits \u00e9v\u00e9nements","og_url":"https:\/\/apuliapraia-hotel.com\/fr\/la-ferme-de-silvas\/","og_site_name":"Apulia Praia Hotel","article_modified_time":"2025-02-21T22:00:55+00:00","twitter_card":"summary_large_image","twitter_misc":{"Dur\u00e9e de lecture estim\u00e9e":"1 minute"},"schema":{"@context":"https:\/\/schema.org","@graph":[{"@type":"WebPage","@id":"https:\/\/apuliapraia-hotel.com\/fr\/la-ferme-de-silvas\/","url":"https:\/\/apuliapraia-hotel.com\/fr\/la-ferme-de-silvas\/","name":"La Ferme de Silva's - Apulia Praia Hotel -","isPartOf":{"@id":"https:\/\/apuliapraia-hotel.com\/fr\/#website"},"datePublished":"2024-01-04T12:14:03+00:00","dateModified":"2025-02-21T22:00:55+00:00","description":"Si vous \u00eates \u00e0 la recherche d'une exp\u00e9rience diff\u00e9rente et d'un environnement plus intime, nous vous proposons la Ferme de Silvas (Quinta da Silva en portugais), un h\u00e9bergement local situ\u00e9 \u00e0 5 minutes de la ville historique de Barcelos. Parfait pour les moments en famille et entre amis, cette ferme propose trois chambres avec salle de bains priv\u00e9e et un bureau, offrant une capacit\u00e9 d\u2019accueil allant jusqu\u2019\u00e0 huit personnes. . Elle comprend un salon, une cuisine \u00e9quip\u00e9e et une salle \u00e0 manger avec une vue directe sur les environs, y compris le moulin et le ruisseau qui passe sous la maison. \u00c0 l'ext\u00e9rieur une piscine priv\u00e9e et d'une salle de bal id\u00e9ale pour les barbecues, les f\u00eates et les petits \u00e9v\u00e9nements","breadcrumb":{"@id":"https:\/\/apuliapraia-hotel.com\/fr\/la-ferme-de-silvas\/#breadcrumb"},"inLanguage":"fr-FR","potentialAction":[{"@type":"ReadAction","target":["https:\/\/apuliapraia-hotel.com\/fr\/la-ferme-de-silvas\/"]}]},{"@type":"BreadcrumbList","@id":"https:\/\/apuliapraia-hotel.com\/fr\/la-ferme-de-silvas\/#breadcrumb","itemListElement":[{"@type":"ListItem","position":1,"name":"Home","item":"https:\/\/apuliapraia-hotel.com\/fr\/"},{"@type":"ListItem","position":2,"name":"La Ferme de Silva&#8217;s"}]},{"@type":"WebSite","@id":"https:\/\/apuliapraia-hotel.com\/fr\/#website","url":"https:\/\/apuliapraia-hotel.com\/fr\/","name":"Apulia Praia Hotel","description":"","potentialAction":[{"@type":"SearchAction","target":{"@type":"EntryPoint","urlTemplate":"https:\/\/apuliapraia-hotel.com\/fr\/?s={search_term_string}"},"query-input":{"@type":"PropertyValueSpecification","valueRequired":true,"valueName":"search_term_string"}}],"inLanguage":"fr-FR"}]}},"acf":[],"_links":{"self":[{"href":"https:\/\/apuliapraia-hotel.com\/fr\/wp-json\/wp\/v2\/pages\/982","targetHints":{"allow":["GET"]}}],"collection":[{"href":"https:\/\/apuliapraia-hotel.com\/fr\/wp-json\/wp\/v2\/pages"}],"about":[{"href":"https:\/\/apuliapraia-hotel.com\/fr\/wp-json\/wp\/v2\/types\/page"}],"author":[{"embeddable":true,"href":"https:\/\/apuliapraia-hotel.com\/fr\/wp-json\/wp\/v2\/users\/565"}],"replies":[{"embeddable":true,"href":"https:\/\/apuliapraia-hotel.com\/fr\/wp-json\/wp\/v2\/comments?post=982"}],"version-history":[{"count":0,"href":"https:\/\/apuliapraia-hotel.com\/fr\/wp-json\/wp\/v2\/pages\/982\/revisions"}],"wp:attachment":[{"href":"https:\/\/apuliapraia-hotel.com\/fr\/wp-json\/wp\/v2\/media?parent=982"}],"curies":[{"name":"wp","href":"https:\/\/api.w.org\/{rel}","templated":true}]}}