{"id":980,"date":"2024-01-04T11:50:04","date_gmt":"2024-01-04T11:50:04","guid":{"rendered":"https:\/\/apuliapraia-hotel.com\/?page_id=980"},"modified":"2024-01-23T12:08:08","modified_gmt":"2024-01-23T12:08:08","slug":"paddle","status":"publish","type":"page","link":"https:\/\/apuliapraia-hotel.com\/fr\/experiences\/paddle\/","title":{"rendered":"Paddle"},"content":{"rendered":"<p>Associez le plaisir et l\u00b4habilit\u00e9 lors d\u00b4une s\u00e9ance paddle le long des rives de la rivi\u00e8re C\u00e1vado<\/p>\n<ul>\n<li>Prix \u00e0 partir de 8 \u20ac\/h<\/li>\n<li>Mat\u00e9riel fourni par le partenaire<\/li>\n<\/ul>\n","protected":false},"excerpt":{"rendered":"<p>Associez le plaisir et l\u00b4habilit\u00e9 lors d\u00b4une s\u00e9ance paddle le long des rives de la rivi\u00e8re C\u00e1vado Prix \u00e0 partir de 8 \u20ac\/h Mat\u00e9riel fourni par le partenaire<\/p>\n","protected":false},"author":565,"featured_media":0,"parent":965,"menu_order":22,"comment_status":"closed","ping_status":"closed","template":"template-default-4.php","meta":{"footnotes":""},"class_list":["post-980","page","type-page","status-publish","hentry"],"yoast_head":"<!-- This site is optimized with the Yoast SEO plugin v26.9 - https:\/\/yoast.com\/product\/yoast-seo-wordpress\/ -->\n<title>Paddle - Apulia Praia Hotel -<\/title>\n<meta name=\"description\" content=\"Associez le plaisir et l\u00b4habilit\u00e9 lors d\u00b4une s\u00e9ance paddle le long des rives de la rivi\u00e8re C\u00e1vado   Prix \u00e0 partir de 8 \u20ac\/h  Mat\u00e9riel fourni par le partenaire .\" \/>\n<meta name=\"robots\" content=\"index, follow, max-snippet:-1, max-image-preview:large, max-video-preview:-1\" \/>\n<link rel=\"canonical\" href=\"https:\/\/apuliapraia-hotel.com\/fr\/experiences\/paddle\/\" \/>\n<meta property=\"og:locale\" content=\"fr_FR\" \/>\n<meta property=\"og:type\" content=\"article\" \/>\n<meta property=\"og:title\" content=\"Paddle - Apulia Praia Hotel -\" \/>\n<meta property=\"og:description\" content=\"Associez le plaisir et l\u00b4habilit\u00e9 lors d\u00b4une s\u00e9ance paddle le long des rives de la rivi\u00e8re C\u00e1vado   Prix \u00e0 partir de 8 \u20ac\/h  Mat\u00e9riel fourni par le partenaire .\" \/>\n<meta property=\"og:url\" content=\"https:\/\/apuliapraia-hotel.com\/fr\/experiences\/paddle\/\" \/>\n<meta property=\"og:site_name\" content=\"Apulia Praia Hotel\" \/>\n<meta property=\"article:modified_time\" content=\"2024-01-23T12:08:08+00:00\" \/>\n<meta name=\"twitter:card\" content=\"summary_large_image\" \/>\n<script type=\"application\/ld+json\" class=\"yoast-schema-graph\">{\"@context\":\"https:\/\/schema.org\",\"@graph\":[{\"@type\":\"WebPage\",\"@id\":\"https:\/\/apuliapraia-hotel.com\/fr\/experiences\/paddle\/\",\"url\":\"https:\/\/apuliapraia-hotel.com\/fr\/experiences\/paddle\/\",\"name\":\"Paddle - Apulia Praia Hotel -\",\"isPartOf\":{\"@id\":\"https:\/\/apuliapraia-hotel.com\/fr\/#website\"},\"datePublished\":\"2024-01-04T11:50:04+00:00\",\"dateModified\":\"2024-01-23T12:08:08+00:00\",\"description\":\"Associez le plaisir et l\u00b4habilit\u00e9 lors d\u00b4une s\u00e9ance paddle le long des rives de la rivi\u00e8re C\u00e1vado \u2022 Prix \u00e0 partir de 8 \u20ac\/h \u2022 Mat\u00e9riel fourni par le partenaire .\",\"breadcrumb\":{\"@id\":\"https:\/\/apuliapraia-hotel.com\/fr\/experiences\/paddle\/#breadcrumb\"},\"inLanguage\":\"fr-FR\",\"potentialAction\":[{\"@type\":\"ReadAction\",\"target\":[\"https:\/\/apuliapraia-hotel.com\/fr\/experiences\/paddle\/\"]}]},{\"@type\":\"BreadcrumbList\",\"@id\":\"https:\/\/apuliapraia-hotel.com\/fr\/experiences\/paddle\/#breadcrumb\",\"itemListElement\":[{\"@type\":\"ListItem\",\"position\":1,\"name\":\"Home\",\"item\":\"https:\/\/apuliapraia-hotel.com\/fr\/\"},{\"@type\":\"ListItem\",\"position\":2,\"name\":\"Exp\u00e9riences\",\"item\":\"https:\/\/apuliapraia-hotel.com\/fr\/experiences\/\"},{\"@type\":\"ListItem\",\"position\":3,\"name\":\"Paddle\"}]},{\"@type\":\"WebSite\",\"@id\":\"https:\/\/apuliapraia-hotel.com\/fr\/#website\",\"url\":\"https:\/\/apuliapraia-hotel.com\/fr\/\",\"name\":\"Apulia Praia Hotel\",\"description\":\"\",\"potentialAction\":[{\"@type\":\"SearchAction\",\"target\":{\"@type\":\"EntryPoint\",\"urlTemplate\":\"https:\/\/apuliapraia-hotel.com\/fr\/?s={search_term_string}\"},\"query-input\":{\"@type\":\"PropertyValueSpecification\",\"valueRequired\":true,\"valueName\":\"search_term_string\"}}],\"inLanguage\":\"fr-FR\"}]}<\/script>\n<!-- \/ Yoast SEO plugin. -->","yoast_head_json":{"title":"Paddle - Apulia Praia Hotel -","description":"Associez le plaisir et l\u00b4habilit\u00e9 lors d\u00b4une s\u00e9ance paddle le long des rives de la rivi\u00e8re C\u00e1vado   Prix \u00e0 partir de 8 \u20ac\/h  Mat\u00e9riel fourni par le partenaire .","robots":{"index":"index","follow":"follow","max-snippet":"max-snippet:-1","max-image-preview":"max-image-preview:large","max-video-preview":"max-video-preview:-1"},"canonical":"https:\/\/apuliapraia-hotel.com\/fr\/experiences\/paddle\/","og_locale":"fr_FR","og_type":"article","og_title":"Paddle - Apulia Praia Hotel -","og_description":"Associez le plaisir et l\u00b4habilit\u00e9 lors d\u00b4une s\u00e9ance paddle le long des rives de la rivi\u00e8re C\u00e1vado   Prix \u00e0 partir de 8 \u20ac\/h  Mat\u00e9riel fourni par le partenaire .","og_url":"https:\/\/apuliapraia-hotel.com\/fr\/experiences\/paddle\/","og_site_name":"Apulia Praia Hotel","article_modified_time":"2024-01-23T12:08:08+00:00","twitter_card":"summary_large_image","schema":{"@context":"https:\/\/schema.org","@graph":[{"@type":"WebPage","@id":"https:\/\/apuliapraia-hotel.com\/fr\/experiences\/paddle\/","url":"https:\/\/apuliapraia-hotel.com\/fr\/experiences\/paddle\/","name":"Paddle - Apulia Praia Hotel -","isPartOf":{"@id":"https:\/\/apuliapraia-hotel.com\/fr\/#website"},"datePublished":"2024-01-04T11:50:04+00:00","dateModified":"2024-01-23T12:08:08+00:00","description":"Associez le plaisir et l\u00b4habilit\u00e9 lors d\u00b4une s\u00e9ance paddle le long des rives de la rivi\u00e8re C\u00e1vado \u2022 Prix \u00e0 partir de 8 \u20ac\/h \u2022 Mat\u00e9riel fourni par le partenaire .","breadcrumb":{"@id":"https:\/\/apuliapraia-hotel.com\/fr\/experiences\/paddle\/#breadcrumb"},"inLanguage":"fr-FR","potentialAction":[{"@type":"ReadAction","target":["https:\/\/apuliapraia-hotel.com\/fr\/experiences\/paddle\/"]}]},{"@type":"BreadcrumbList","@id":"https:\/\/apuliapraia-hotel.com\/fr\/experiences\/paddle\/#breadcrumb","itemListElement":[{"@type":"ListItem","position":1,"name":"Home","item":"https:\/\/apuliapraia-hotel.com\/fr\/"},{"@type":"ListItem","position":2,"name":"Exp\u00e9riences","item":"https:\/\/apuliapraia-hotel.com\/fr\/experiences\/"},{"@type":"ListItem","position":3,"name":"Paddle"}]},{"@type":"WebSite","@id":"https:\/\/apuliapraia-hotel.com\/fr\/#website","url":"https:\/\/apuliapraia-hotel.com\/fr\/","name":"Apulia Praia Hotel","description":"","potentialAction":[{"@type":"SearchAction","target":{"@type":"EntryPoint","urlTemplate":"https:\/\/apuliapraia-hotel.com\/fr\/?s={search_term_string}"},"query-input":{"@type":"PropertyValueSpecification","valueRequired":true,"valueName":"search_term_string"}}],"inLanguage":"fr-FR"}]}},"acf":[],"_links":{"self":[{"href":"https:\/\/apuliapraia-hotel.com\/fr\/wp-json\/wp\/v2\/pages\/980","targetHints":{"allow":["GET"]}}],"collection":[{"href":"https:\/\/apuliapraia-hotel.com\/fr\/wp-json\/wp\/v2\/pages"}],"about":[{"href":"https:\/\/apuliapraia-hotel.com\/fr\/wp-json\/wp\/v2\/types\/page"}],"author":[{"embeddable":true,"href":"https:\/\/apuliapraia-hotel.com\/fr\/wp-json\/wp\/v2\/users\/565"}],"replies":[{"embeddable":true,"href":"https:\/\/apuliapraia-hotel.com\/fr\/wp-json\/wp\/v2\/comments?post=980"}],"version-history":[{"count":0,"href":"https:\/\/apuliapraia-hotel.com\/fr\/wp-json\/wp\/v2\/pages\/980\/revisions"}],"up":[{"embeddable":true,"href":"https:\/\/apuliapraia-hotel.com\/fr\/wp-json\/wp\/v2\/pages\/965"}],"wp:attachment":[{"href":"https:\/\/apuliapraia-hotel.com\/fr\/wp-json\/wp\/v2\/media?parent=980"}],"curies":[{"name":"wp","href":"https:\/\/api.w.org\/{rel}","templated":true}]}}