{"id":978,"date":"2024-01-04T11:47:38","date_gmt":"2024-01-04T11:47:38","guid":{"rendered":"https:\/\/apuliapraia-hotel.com\/?page_id=978"},"modified":"2024-01-23T12:07:49","modified_gmt":"2024-01-23T12:07:49","slug":"chaland-de-passage","status":"publish","type":"page","link":"https:\/\/apuliapraia-hotel.com\/fr\/experiences\/chaland-de-passage\/","title":{"rendered":"Chaland de passage"},"content":{"rendered":"<p>Montez \u00e0 bord du chaland de passage Proriver et profitez d&rsquo;une activit\u00e9 de groupe relaxante<\/p>\n<p>Au milieu de la rivi\u00e8re C\u00e1vado.<\/p>\n<ul>\n<li>Prix \u00e0 partir de 12,50 \u20ac par personne (2 heures)<\/li>\n<li>Pour les groupes de 10 \u00e0 18 personnes<\/li>\n<\/ul>\n","protected":false},"excerpt":{"rendered":"<p>Montez \u00e0 bord du chaland de passage Proriver et profitez d&rsquo;une activit\u00e9 de groupe relaxante Au milieu de la rivi\u00e8re C\u00e1vado. Prix \u00e0 partir de 12,50 \u20ac par personne (2 heures) Pour les groupes de 10 \u00e0 18 personnes<\/p>\n","protected":false},"author":565,"featured_media":0,"parent":965,"menu_order":20,"comment_status":"closed","ping_status":"closed","template":"template-default-4.php","meta":{"footnotes":""},"class_list":["post-978","page","type-page","status-publish","hentry"],"yoast_head":"<!-- This site is optimized with the Yoast SEO plugin v26.9 - https:\/\/yoast.com\/product\/yoast-seo-wordpress\/ -->\n<title>Chaland de passage - Apulia Praia Hotel -<\/title>\n<meta name=\"description\" content=\"Montez \u00e0 bord du chaland de passage Proriver et profitez d&#039;une activit\u00e9 de groupe relaxante  Au milieu de la rivi\u00e8re C\u00e1vado.   Prix \u00e0 partir de 12,50 \u20ac par personne (2 heures)  Pour les groupes de 10 \u00e0 18 personnes .\" \/>\n<meta name=\"robots\" content=\"index, follow, max-snippet:-1, max-image-preview:large, max-video-preview:-1\" \/>\n<link rel=\"canonical\" href=\"https:\/\/apuliapraia-hotel.com\/fr\/experiences\/chaland-de-passage\/\" \/>\n<meta property=\"og:locale\" content=\"fr_FR\" \/>\n<meta property=\"og:type\" content=\"article\" \/>\n<meta property=\"og:title\" content=\"Chaland de passage - Apulia Praia Hotel -\" \/>\n<meta property=\"og:description\" content=\"Montez \u00e0 bord du chaland de passage Proriver et profitez d&#039;une activit\u00e9 de groupe relaxante  Au milieu de la rivi\u00e8re C\u00e1vado.   Prix \u00e0 partir de 12,50 \u20ac par personne (2 heures)  Pour les groupes de 10 \u00e0 18 personnes .\" \/>\n<meta property=\"og:url\" content=\"https:\/\/apuliapraia-hotel.com\/fr\/experiences\/chaland-de-passage\/\" \/>\n<meta property=\"og:site_name\" content=\"Apulia Praia Hotel\" \/>\n<meta property=\"article:modified_time\" content=\"2024-01-23T12:07:49+00:00\" \/>\n<meta name=\"twitter:card\" content=\"summary_large_image\" \/>\n<script type=\"application\/ld+json\" class=\"yoast-schema-graph\">{\"@context\":\"https:\/\/schema.org\",\"@graph\":[{\"@type\":\"WebPage\",\"@id\":\"https:\/\/apuliapraia-hotel.com\/fr\/experiences\/chaland-de-passage\/\",\"url\":\"https:\/\/apuliapraia-hotel.com\/fr\/experiences\/chaland-de-passage\/\",\"name\":\"Chaland de passage - Apulia Praia Hotel -\",\"isPartOf\":{\"@id\":\"https:\/\/apuliapraia-hotel.com\/fr\/#website\"},\"datePublished\":\"2024-01-04T11:47:38+00:00\",\"dateModified\":\"2024-01-23T12:07:49+00:00\",\"description\":\"Montez \u00e0 bord du chaland de passage Proriver et profitez d'une activit\u00e9 de groupe relaxante Au milieu de la rivi\u00e8re C\u00e1vado. \u2022 Prix \u00e0 partir de 12,50 \u20ac par personne (2 heures) \u2022 Pour les groupes de 10 \u00e0 18 personnes .\",\"breadcrumb\":{\"@id\":\"https:\/\/apuliapraia-hotel.com\/fr\/experiences\/chaland-de-passage\/#breadcrumb\"},\"inLanguage\":\"fr-FR\",\"potentialAction\":[{\"@type\":\"ReadAction\",\"target\":[\"https:\/\/apuliapraia-hotel.com\/fr\/experiences\/chaland-de-passage\/\"]}]},{\"@type\":\"BreadcrumbList\",\"@id\":\"https:\/\/apuliapraia-hotel.com\/fr\/experiences\/chaland-de-passage\/#breadcrumb\",\"itemListElement\":[{\"@type\":\"ListItem\",\"position\":1,\"name\":\"Home\",\"item\":\"https:\/\/apuliapraia-hotel.com\/fr\/\"},{\"@type\":\"ListItem\",\"position\":2,\"name\":\"Exp\u00e9riences\",\"item\":\"https:\/\/apuliapraia-hotel.com\/fr\/experiences\/\"},{\"@type\":\"ListItem\",\"position\":3,\"name\":\"Chaland de passage\"}]},{\"@type\":\"WebSite\",\"@id\":\"https:\/\/apuliapraia-hotel.com\/fr\/#website\",\"url\":\"https:\/\/apuliapraia-hotel.com\/fr\/\",\"name\":\"Apulia Praia Hotel\",\"description\":\"\",\"potentialAction\":[{\"@type\":\"SearchAction\",\"target\":{\"@type\":\"EntryPoint\",\"urlTemplate\":\"https:\/\/apuliapraia-hotel.com\/fr\/?s={search_term_string}\"},\"query-input\":{\"@type\":\"PropertyValueSpecification\",\"valueRequired\":true,\"valueName\":\"search_term_string\"}}],\"inLanguage\":\"fr-FR\"}]}<\/script>\n<!-- \/ Yoast SEO plugin. -->","yoast_head_json":{"title":"Chaland de passage - Apulia Praia Hotel -","description":"Montez \u00e0 bord du chaland de passage Proriver et profitez d'une activit\u00e9 de groupe relaxante  Au milieu de la rivi\u00e8re C\u00e1vado.   Prix \u00e0 partir de 12,50 \u20ac par personne (2 heures)  Pour les groupes de 10 \u00e0 18 personnes .","robots":{"index":"index","follow":"follow","max-snippet":"max-snippet:-1","max-image-preview":"max-image-preview:large","max-video-preview":"max-video-preview:-1"},"canonical":"https:\/\/apuliapraia-hotel.com\/fr\/experiences\/chaland-de-passage\/","og_locale":"fr_FR","og_type":"article","og_title":"Chaland de passage - Apulia Praia Hotel -","og_description":"Montez \u00e0 bord du chaland de passage Proriver et profitez d'une activit\u00e9 de groupe relaxante  Au milieu de la rivi\u00e8re C\u00e1vado.   Prix \u00e0 partir de 12,50 \u20ac par personne (2 heures)  Pour les groupes de 10 \u00e0 18 personnes .","og_url":"https:\/\/apuliapraia-hotel.com\/fr\/experiences\/chaland-de-passage\/","og_site_name":"Apulia Praia Hotel","article_modified_time":"2024-01-23T12:07:49+00:00","twitter_card":"summary_large_image","schema":{"@context":"https:\/\/schema.org","@graph":[{"@type":"WebPage","@id":"https:\/\/apuliapraia-hotel.com\/fr\/experiences\/chaland-de-passage\/","url":"https:\/\/apuliapraia-hotel.com\/fr\/experiences\/chaland-de-passage\/","name":"Chaland de passage - Apulia Praia Hotel -","isPartOf":{"@id":"https:\/\/apuliapraia-hotel.com\/fr\/#website"},"datePublished":"2024-01-04T11:47:38+00:00","dateModified":"2024-01-23T12:07:49+00:00","description":"Montez \u00e0 bord du chaland de passage Proriver et profitez d'une activit\u00e9 de groupe relaxante Au milieu de la rivi\u00e8re C\u00e1vado. \u2022 Prix \u00e0 partir de 12,50 \u20ac par personne (2 heures) \u2022 Pour les groupes de 10 \u00e0 18 personnes .","breadcrumb":{"@id":"https:\/\/apuliapraia-hotel.com\/fr\/experiences\/chaland-de-passage\/#breadcrumb"},"inLanguage":"fr-FR","potentialAction":[{"@type":"ReadAction","target":["https:\/\/apuliapraia-hotel.com\/fr\/experiences\/chaland-de-passage\/"]}]},{"@type":"BreadcrumbList","@id":"https:\/\/apuliapraia-hotel.com\/fr\/experiences\/chaland-de-passage\/#breadcrumb","itemListElement":[{"@type":"ListItem","position":1,"name":"Home","item":"https:\/\/apuliapraia-hotel.com\/fr\/"},{"@type":"ListItem","position":2,"name":"Exp\u00e9riences","item":"https:\/\/apuliapraia-hotel.com\/fr\/experiences\/"},{"@type":"ListItem","position":3,"name":"Chaland de passage"}]},{"@type":"WebSite","@id":"https:\/\/apuliapraia-hotel.com\/fr\/#website","url":"https:\/\/apuliapraia-hotel.com\/fr\/","name":"Apulia Praia Hotel","description":"","potentialAction":[{"@type":"SearchAction","target":{"@type":"EntryPoint","urlTemplate":"https:\/\/apuliapraia-hotel.com\/fr\/?s={search_term_string}"},"query-input":{"@type":"PropertyValueSpecification","valueRequired":true,"valueName":"search_term_string"}}],"inLanguage":"fr-FR"}]}},"acf":[],"_links":{"self":[{"href":"https:\/\/apuliapraia-hotel.com\/fr\/wp-json\/wp\/v2\/pages\/978","targetHints":{"allow":["GET"]}}],"collection":[{"href":"https:\/\/apuliapraia-hotel.com\/fr\/wp-json\/wp\/v2\/pages"}],"about":[{"href":"https:\/\/apuliapraia-hotel.com\/fr\/wp-json\/wp\/v2\/types\/page"}],"author":[{"embeddable":true,"href":"https:\/\/apuliapraia-hotel.com\/fr\/wp-json\/wp\/v2\/users\/565"}],"replies":[{"embeddable":true,"href":"https:\/\/apuliapraia-hotel.com\/fr\/wp-json\/wp\/v2\/comments?post=978"}],"version-history":[{"count":0,"href":"https:\/\/apuliapraia-hotel.com\/fr\/wp-json\/wp\/v2\/pages\/978\/revisions"}],"up":[{"embeddable":true,"href":"https:\/\/apuliapraia-hotel.com\/fr\/wp-json\/wp\/v2\/pages\/965"}],"wp:attachment":[{"href":"https:\/\/apuliapraia-hotel.com\/fr\/wp-json\/wp\/v2\/media?parent=978"}],"curies":[{"name":"wp","href":"https:\/\/api.w.org\/{rel}","templated":true}]}}