{"id":977,"date":"2024-01-04T11:46:25","date_gmt":"2024-01-04T11:46:25","guid":{"rendered":"https:\/\/apuliapraia-hotel.com\/?page_id=977"},"modified":"2024-01-23T12:07:41","modified_gmt":"2024-01-23T12:07:41","slug":"creation-dequipe","status":"publish","type":"page","link":"https:\/\/apuliapraia-hotel.com\/fr\/experiences\/creation-dequipe\/","title":{"rendered":"Cr\u00e9ation d&rsquo;\u00e9quipe"},"content":{"rendered":"<p>Si vous recherchez un moyen amusant et efficace d&rsquo;encourager l&rsquo;entraide et la coh\u00e9sion au sein de votre \u00e9quipe, les activit\u00e9s de cr\u00e9ation d&rsquo;\u00e9quipe ont la solution.<\/p>\n<ul>\n<li>Prix sur demande<\/li>\n<\/ul>\n","protected":false},"excerpt":{"rendered":"<p>Si vous recherchez un moyen amusant et efficace d&rsquo;encourager l&rsquo;entraide et la coh\u00e9sion au sein de votre \u00e9quipe, les activit\u00e9s de cr\u00e9ation d&rsquo;\u00e9quipe ont la solution. Prix sur demande<\/p>\n","protected":false},"author":565,"featured_media":0,"parent":965,"menu_order":19,"comment_status":"closed","ping_status":"closed","template":"template-default-4.php","meta":{"footnotes":""},"class_list":["post-977","page","type-page","status-publish","hentry"],"yoast_head":"<!-- This site is optimized with the Yoast SEO plugin v26.9 - https:\/\/yoast.com\/product\/yoast-seo-wordpress\/ -->\n<title>Cr\u00e9ation d&#039;\u00e9quipe - Apulia Praia Hotel -<\/title>\n<meta name=\"description\" content=\"Si vous recherchez un moyen amusant et efficace d&#039;encourager l&#039;entraide et la coh\u00e9sion au sein de votre \u00e9quipe, les activit\u00e9s de cr\u00e9ation d&#039;\u00e9quipe ont la solution.   Prix sur demande .\" \/>\n<meta name=\"robots\" content=\"index, follow, max-snippet:-1, max-image-preview:large, max-video-preview:-1\" \/>\n<link rel=\"canonical\" href=\"https:\/\/apuliapraia-hotel.com\/fr\/experiences\/creation-dequipe\/\" \/>\n<meta property=\"og:locale\" content=\"fr_FR\" \/>\n<meta property=\"og:type\" content=\"article\" \/>\n<meta property=\"og:title\" content=\"Cr\u00e9ation d&#039;\u00e9quipe - Apulia Praia Hotel -\" \/>\n<meta property=\"og:description\" content=\"Si vous recherchez un moyen amusant et efficace d&#039;encourager l&#039;entraide et la coh\u00e9sion au sein de votre \u00e9quipe, les activit\u00e9s de cr\u00e9ation d&#039;\u00e9quipe ont la solution.   Prix sur demande .\" \/>\n<meta property=\"og:url\" content=\"https:\/\/apuliapraia-hotel.com\/fr\/experiences\/creation-dequipe\/\" \/>\n<meta property=\"og:site_name\" content=\"Apulia Praia Hotel\" \/>\n<meta property=\"article:modified_time\" content=\"2024-01-23T12:07:41+00:00\" \/>\n<meta name=\"twitter:card\" content=\"summary_large_image\" \/>\n<script type=\"application\/ld+json\" class=\"yoast-schema-graph\">{\"@context\":\"https:\/\/schema.org\",\"@graph\":[{\"@type\":\"WebPage\",\"@id\":\"https:\/\/apuliapraia-hotel.com\/fr\/experiences\/creation-dequipe\/\",\"url\":\"https:\/\/apuliapraia-hotel.com\/fr\/experiences\/creation-dequipe\/\",\"name\":\"Cr\u00e9ation d'\u00e9quipe - Apulia Praia Hotel -\",\"isPartOf\":{\"@id\":\"https:\/\/apuliapraia-hotel.com\/fr\/#website\"},\"datePublished\":\"2024-01-04T11:46:25+00:00\",\"dateModified\":\"2024-01-23T12:07:41+00:00\",\"description\":\"Si vous recherchez un moyen amusant et efficace d'encourager l'entraide et la coh\u00e9sion au sein de votre \u00e9quipe, les activit\u00e9s de cr\u00e9ation d'\u00e9quipe ont la solution. \u2022 Prix sur demande .\",\"breadcrumb\":{\"@id\":\"https:\/\/apuliapraia-hotel.com\/fr\/experiences\/creation-dequipe\/#breadcrumb\"},\"inLanguage\":\"fr-FR\",\"potentialAction\":[{\"@type\":\"ReadAction\",\"target\":[\"https:\/\/apuliapraia-hotel.com\/fr\/experiences\/creation-dequipe\/\"]}]},{\"@type\":\"BreadcrumbList\",\"@id\":\"https:\/\/apuliapraia-hotel.com\/fr\/experiences\/creation-dequipe\/#breadcrumb\",\"itemListElement\":[{\"@type\":\"ListItem\",\"position\":1,\"name\":\"Home\",\"item\":\"https:\/\/apuliapraia-hotel.com\/fr\/\"},{\"@type\":\"ListItem\",\"position\":2,\"name\":\"Exp\u00e9riences\",\"item\":\"https:\/\/apuliapraia-hotel.com\/fr\/experiences\/\"},{\"@type\":\"ListItem\",\"position\":3,\"name\":\"Cr\u00e9ation d&#8217;\u00e9quipe\"}]},{\"@type\":\"WebSite\",\"@id\":\"https:\/\/apuliapraia-hotel.com\/fr\/#website\",\"url\":\"https:\/\/apuliapraia-hotel.com\/fr\/\",\"name\":\"Apulia Praia Hotel\",\"description\":\"\",\"potentialAction\":[{\"@type\":\"SearchAction\",\"target\":{\"@type\":\"EntryPoint\",\"urlTemplate\":\"https:\/\/apuliapraia-hotel.com\/fr\/?s={search_term_string}\"},\"query-input\":{\"@type\":\"PropertyValueSpecification\",\"valueRequired\":true,\"valueName\":\"search_term_string\"}}],\"inLanguage\":\"fr-FR\"}]}<\/script>\n<!-- \/ Yoast SEO plugin. -->","yoast_head_json":{"title":"Cr\u00e9ation d'\u00e9quipe - Apulia Praia Hotel -","description":"Si vous recherchez un moyen amusant et efficace d'encourager l'entraide et la coh\u00e9sion au sein de votre \u00e9quipe, les activit\u00e9s de cr\u00e9ation d'\u00e9quipe ont la solution.   Prix sur demande .","robots":{"index":"index","follow":"follow","max-snippet":"max-snippet:-1","max-image-preview":"max-image-preview:large","max-video-preview":"max-video-preview:-1"},"canonical":"https:\/\/apuliapraia-hotel.com\/fr\/experiences\/creation-dequipe\/","og_locale":"fr_FR","og_type":"article","og_title":"Cr\u00e9ation d'\u00e9quipe - Apulia Praia Hotel -","og_description":"Si vous recherchez un moyen amusant et efficace d'encourager l'entraide et la coh\u00e9sion au sein de votre \u00e9quipe, les activit\u00e9s de cr\u00e9ation d'\u00e9quipe ont la solution.   Prix sur demande .","og_url":"https:\/\/apuliapraia-hotel.com\/fr\/experiences\/creation-dequipe\/","og_site_name":"Apulia Praia Hotel","article_modified_time":"2024-01-23T12:07:41+00:00","twitter_card":"summary_large_image","schema":{"@context":"https:\/\/schema.org","@graph":[{"@type":"WebPage","@id":"https:\/\/apuliapraia-hotel.com\/fr\/experiences\/creation-dequipe\/","url":"https:\/\/apuliapraia-hotel.com\/fr\/experiences\/creation-dequipe\/","name":"Cr\u00e9ation d'\u00e9quipe - Apulia Praia Hotel -","isPartOf":{"@id":"https:\/\/apuliapraia-hotel.com\/fr\/#website"},"datePublished":"2024-01-04T11:46:25+00:00","dateModified":"2024-01-23T12:07:41+00:00","description":"Si vous recherchez un moyen amusant et efficace d'encourager l'entraide et la coh\u00e9sion au sein de votre \u00e9quipe, les activit\u00e9s de cr\u00e9ation d'\u00e9quipe ont la solution. \u2022 Prix sur demande .","breadcrumb":{"@id":"https:\/\/apuliapraia-hotel.com\/fr\/experiences\/creation-dequipe\/#breadcrumb"},"inLanguage":"fr-FR","potentialAction":[{"@type":"ReadAction","target":["https:\/\/apuliapraia-hotel.com\/fr\/experiences\/creation-dequipe\/"]}]},{"@type":"BreadcrumbList","@id":"https:\/\/apuliapraia-hotel.com\/fr\/experiences\/creation-dequipe\/#breadcrumb","itemListElement":[{"@type":"ListItem","position":1,"name":"Home","item":"https:\/\/apuliapraia-hotel.com\/fr\/"},{"@type":"ListItem","position":2,"name":"Exp\u00e9riences","item":"https:\/\/apuliapraia-hotel.com\/fr\/experiences\/"},{"@type":"ListItem","position":3,"name":"Cr\u00e9ation d&#8217;\u00e9quipe"}]},{"@type":"WebSite","@id":"https:\/\/apuliapraia-hotel.com\/fr\/#website","url":"https:\/\/apuliapraia-hotel.com\/fr\/","name":"Apulia Praia Hotel","description":"","potentialAction":[{"@type":"SearchAction","target":{"@type":"EntryPoint","urlTemplate":"https:\/\/apuliapraia-hotel.com\/fr\/?s={search_term_string}"},"query-input":{"@type":"PropertyValueSpecification","valueRequired":true,"valueName":"search_term_string"}}],"inLanguage":"fr-FR"}]}},"acf":[],"_links":{"self":[{"href":"https:\/\/apuliapraia-hotel.com\/fr\/wp-json\/wp\/v2\/pages\/977","targetHints":{"allow":["GET"]}}],"collection":[{"href":"https:\/\/apuliapraia-hotel.com\/fr\/wp-json\/wp\/v2\/pages"}],"about":[{"href":"https:\/\/apuliapraia-hotel.com\/fr\/wp-json\/wp\/v2\/types\/page"}],"author":[{"embeddable":true,"href":"https:\/\/apuliapraia-hotel.com\/fr\/wp-json\/wp\/v2\/users\/565"}],"replies":[{"embeddable":true,"href":"https:\/\/apuliapraia-hotel.com\/fr\/wp-json\/wp\/v2\/comments?post=977"}],"version-history":[{"count":0,"href":"https:\/\/apuliapraia-hotel.com\/fr\/wp-json\/wp\/v2\/pages\/977\/revisions"}],"up":[{"embeddable":true,"href":"https:\/\/apuliapraia-hotel.com\/fr\/wp-json\/wp\/v2\/pages\/965"}],"wp:attachment":[{"href":"https:\/\/apuliapraia-hotel.com\/fr\/wp-json\/wp\/v2\/media?parent=977"}],"curies":[{"name":"wp","href":"https:\/\/api.w.org\/{rel}","templated":true}]}}