{"id":976,"date":"2024-01-04T11:44:09","date_gmt":"2024-01-04T11:44:09","guid":{"rendered":"https:\/\/apuliapraia-hotel.com\/?page_id=976"},"modified":"2025-11-07T13:08:25","modified_gmt":"2025-11-07T13:08:25","slug":"location-de-velos","status":"publish","type":"page","link":"https:\/\/apuliapraia-hotel.com\/fr\/experiences\/location-de-velos\/","title":{"rendered":"Location de v\u00e9los"},"content":{"rendered":"<p>La meilleure fa\u00e7on de d\u00e9couvrir notre r\u00e9gion est de louer un v\u00e9lo et de parcourir les sentiers et pistes cyclables qui relient les villes d&rsquo;Esposende.<\/p>\n<ul>\n<li>\u00c0 partir de 5\u20ac\/h par personne (prix modulable en fonction de la dur\u00e9e de la location).<\/li>\n<\/ul>\n","protected":false},"excerpt":{"rendered":"<p>La meilleure fa\u00e7on de d\u00e9couvrir notre r\u00e9gion est de louer un v\u00e9lo et de parcourir les sentiers et pistes cyclables qui relient les villes d&rsquo;Esposende. \u00c0 partir de 5\u20ac\/h par personne (prix modulable en fonction de la dur\u00e9e de la location).<\/p>\n","protected":false},"author":565,"featured_media":1804,"parent":965,"menu_order":18,"comment_status":"closed","ping_status":"closed","template":"template-default-4.php","meta":{"footnotes":""},"class_list":["post-976","page","type-page","status-publish","has-post-thumbnail","hentry"],"yoast_head":"<!-- This site is optimized with the Yoast SEO plugin v26.9 - https:\/\/yoast.com\/product\/yoast-seo-wordpress\/ -->\n<title>Location de v\u00e9los - Apulia Praia Hotel -<\/title>\n<meta name=\"description\" content=\"La meilleure fa\u00e7on de d\u00e9couvrir notre r\u00e9gion est de louer un v\u00e9lo et de parcourir les sentiers et pistes cyclables qui relient les villes d&#039;Esposende.   \u00c0 partir de 5\u20ac\/h par personne (prix modulable en fonction de la dur\u00e9e de la location). .\" \/>\n<meta name=\"robots\" content=\"index, follow, max-snippet:-1, max-image-preview:large, max-video-preview:-1\" \/>\n<link rel=\"canonical\" href=\"https:\/\/apuliapraia-hotel.com\/fr\/experiences\/location-de-velos\/\" \/>\n<meta property=\"og:locale\" content=\"fr_FR\" \/>\n<meta property=\"og:type\" content=\"article\" \/>\n<meta property=\"og:title\" content=\"Location de v\u00e9los - Apulia Praia Hotel -\" \/>\n<meta property=\"og:description\" content=\"La meilleure fa\u00e7on de d\u00e9couvrir notre r\u00e9gion est de louer un v\u00e9lo et de parcourir les sentiers et pistes cyclables qui relient les villes d&#039;Esposende.   \u00c0 partir de 5\u20ac\/h par personne (prix modulable en fonction de la dur\u00e9e de la location). .\" \/>\n<meta property=\"og:url\" content=\"https:\/\/apuliapraia-hotel.com\/fr\/experiences\/location-de-velos\/\" \/>\n<meta property=\"og:site_name\" content=\"Apulia Praia Hotel\" \/>\n<meta property=\"article:modified_time\" content=\"2025-11-07T13:08:25+00:00\" \/>\n<meta property=\"og:image\" content=\"https:\/\/apuliapraia-hotel.com\/wp-content\/uploads\/sites\/512\/2025\/11\/\ud83d\udeb4_\u2642-Temos-uma-novidade-incrivel-no-Apulia-Praia-Hotel-\ud83d\udeb4_\u2640Agora-pode-alugar-bicicletas-eletric.jpg\" \/>\n\t<meta property=\"og:image:width\" content=\"960\" \/>\n\t<meta property=\"og:image:height\" content=\"1200\" \/>\n\t<meta property=\"og:image:type\" content=\"image\/jpeg\" \/>\n<meta name=\"twitter:card\" content=\"summary_large_image\" \/>\n<meta name=\"twitter:label1\" content=\"Dur\u00e9e de lecture estim\u00e9e\" \/>\n\t<meta name=\"twitter:data1\" content=\"1 minute\" \/>\n<script type=\"application\/ld+json\" class=\"yoast-schema-graph\">{\"@context\":\"https:\/\/schema.org\",\"@graph\":[{\"@type\":\"WebPage\",\"@id\":\"https:\/\/apuliapraia-hotel.com\/fr\/experiences\/location-de-velos\/\",\"url\":\"https:\/\/apuliapraia-hotel.com\/fr\/experiences\/location-de-velos\/\",\"name\":\"Location de v\u00e9los - Apulia Praia Hotel -\",\"isPartOf\":{\"@id\":\"https:\/\/apuliapraia-hotel.com\/fr\/#website\"},\"primaryImageOfPage\":{\"@id\":\"https:\/\/apuliapraia-hotel.com\/fr\/experiences\/location-de-velos\/#primaryimage\"},\"image\":{\"@id\":\"https:\/\/apuliapraia-hotel.com\/fr\/experiences\/location-de-velos\/#primaryimage\"},\"thumbnailUrl\":\"https:\/\/apuliapraia-hotel.com\/wp-content\/uploads\/sites\/512\/2025\/11\/\ud83d\udeb4_\u2642-Temos-uma-novidade-incrivel-no-Apulia-Praia-Hotel-\ud83d\udeb4_\u2640Agora-pode-alugar-bicicletas-eletric.jpg\",\"datePublished\":\"2024-01-04T11:44:09+00:00\",\"dateModified\":\"2025-11-07T13:08:25+00:00\",\"description\":\"La meilleure fa\u00e7on de d\u00e9couvrir notre r\u00e9gion est de louer un v\u00e9lo et de parcourir les sentiers et pistes cyclables qui relient les villes d'Esposende. \u2022 \u00c0 partir de 5\u20ac\/h par personne (prix modulable en fonction de la dur\u00e9e de la location). .\",\"breadcrumb\":{\"@id\":\"https:\/\/apuliapraia-hotel.com\/fr\/experiences\/location-de-velos\/#breadcrumb\"},\"inLanguage\":\"fr-FR\",\"potentialAction\":[{\"@type\":\"ReadAction\",\"target\":[\"https:\/\/apuliapraia-hotel.com\/fr\/experiences\/location-de-velos\/\"]}]},{\"@type\":\"ImageObject\",\"inLanguage\":\"fr-FR\",\"@id\":\"https:\/\/apuliapraia-hotel.com\/fr\/experiences\/location-de-velos\/#primaryimage\",\"url\":\"https:\/\/apuliapraia-hotel.com\/wp-content\/uploads\/sites\/512\/2025\/11\/\ud83d\udeb4_\u2642-Temos-uma-novidade-incrivel-no-Apulia-Praia-Hotel-\ud83d\udeb4_\u2640Agora-pode-alugar-bicicletas-eletric.jpg\",\"contentUrl\":\"https:\/\/apuliapraia-hotel.com\/wp-content\/uploads\/sites\/512\/2025\/11\/\ud83d\udeb4_\u2642-Temos-uma-novidade-incrivel-no-Apulia-Praia-Hotel-\ud83d\udeb4_\u2640Agora-pode-alugar-bicicletas-eletric.jpg\",\"width\":960,\"height\":1200},{\"@type\":\"BreadcrumbList\",\"@id\":\"https:\/\/apuliapraia-hotel.com\/fr\/experiences\/location-de-velos\/#breadcrumb\",\"itemListElement\":[{\"@type\":\"ListItem\",\"position\":1,\"name\":\"Home\",\"item\":\"https:\/\/apuliapraia-hotel.com\/fr\/\"},{\"@type\":\"ListItem\",\"position\":2,\"name\":\"Exp\u00e9riences\",\"item\":\"https:\/\/apuliapraia-hotel.com\/fr\/experiences\/\"},{\"@type\":\"ListItem\",\"position\":3,\"name\":\"Location de v\u00e9los\"}]},{\"@type\":\"WebSite\",\"@id\":\"https:\/\/apuliapraia-hotel.com\/fr\/#website\",\"url\":\"https:\/\/apuliapraia-hotel.com\/fr\/\",\"name\":\"Apulia Praia Hotel\",\"description\":\"\",\"potentialAction\":[{\"@type\":\"SearchAction\",\"target\":{\"@type\":\"EntryPoint\",\"urlTemplate\":\"https:\/\/apuliapraia-hotel.com\/fr\/?s={search_term_string}\"},\"query-input\":{\"@type\":\"PropertyValueSpecification\",\"valueRequired\":true,\"valueName\":\"search_term_string\"}}],\"inLanguage\":\"fr-FR\"}]}<\/script>\n<!-- \/ Yoast SEO plugin. -->","yoast_head_json":{"title":"Location de v\u00e9los - Apulia Praia Hotel -","description":"La meilleure fa\u00e7on de d\u00e9couvrir notre r\u00e9gion est de louer un v\u00e9lo et de parcourir les sentiers et pistes cyclables qui relient les villes d'Esposende.   \u00c0 partir de 5\u20ac\/h par personne (prix modulable en fonction de la dur\u00e9e de la location). .","robots":{"index":"index","follow":"follow","max-snippet":"max-snippet:-1","max-image-preview":"max-image-preview:large","max-video-preview":"max-video-preview:-1"},"canonical":"https:\/\/apuliapraia-hotel.com\/fr\/experiences\/location-de-velos\/","og_locale":"fr_FR","og_type":"article","og_title":"Location de v\u00e9los - Apulia Praia Hotel -","og_description":"La meilleure fa\u00e7on de d\u00e9couvrir notre r\u00e9gion est de louer un v\u00e9lo et de parcourir les sentiers et pistes cyclables qui relient les villes d'Esposende.   \u00c0 partir de 5\u20ac\/h par personne (prix modulable en fonction de la dur\u00e9e de la location). .","og_url":"https:\/\/apuliapraia-hotel.com\/fr\/experiences\/location-de-velos\/","og_site_name":"Apulia Praia Hotel","article_modified_time":"2025-11-07T13:08:25+00:00","og_image":[{"width":960,"height":1200,"url":"https:\/\/apuliapraia-hotel.com\/wp-content\/uploads\/sites\/512\/2025\/11\/\ud83d\udeb4_\u2642-Temos-uma-novidade-incrivel-no-Apulia-Praia-Hotel-\ud83d\udeb4_\u2640Agora-pode-alugar-bicicletas-eletric.jpg","type":"image\/jpeg"}],"twitter_card":"summary_large_image","twitter_misc":{"Dur\u00e9e de lecture estim\u00e9e":"1 minute"},"schema":{"@context":"https:\/\/schema.org","@graph":[{"@type":"WebPage","@id":"https:\/\/apuliapraia-hotel.com\/fr\/experiences\/location-de-velos\/","url":"https:\/\/apuliapraia-hotel.com\/fr\/experiences\/location-de-velos\/","name":"Location de v\u00e9los - Apulia Praia Hotel -","isPartOf":{"@id":"https:\/\/apuliapraia-hotel.com\/fr\/#website"},"primaryImageOfPage":{"@id":"https:\/\/apuliapraia-hotel.com\/fr\/experiences\/location-de-velos\/#primaryimage"},"image":{"@id":"https:\/\/apuliapraia-hotel.com\/fr\/experiences\/location-de-velos\/#primaryimage"},"thumbnailUrl":"https:\/\/apuliapraia-hotel.com\/wp-content\/uploads\/sites\/512\/2025\/11\/\ud83d\udeb4_\u2642-Temos-uma-novidade-incrivel-no-Apulia-Praia-Hotel-\ud83d\udeb4_\u2640Agora-pode-alugar-bicicletas-eletric.jpg","datePublished":"2024-01-04T11:44:09+00:00","dateModified":"2025-11-07T13:08:25+00:00","description":"La meilleure fa\u00e7on de d\u00e9couvrir notre r\u00e9gion est de louer un v\u00e9lo et de parcourir les sentiers et pistes cyclables qui relient les villes d'Esposende. \u2022 \u00c0 partir de 5\u20ac\/h par personne (prix modulable en fonction de la dur\u00e9e de la location). .","breadcrumb":{"@id":"https:\/\/apuliapraia-hotel.com\/fr\/experiences\/location-de-velos\/#breadcrumb"},"inLanguage":"fr-FR","potentialAction":[{"@type":"ReadAction","target":["https:\/\/apuliapraia-hotel.com\/fr\/experiences\/location-de-velos\/"]}]},{"@type":"ImageObject","inLanguage":"fr-FR","@id":"https:\/\/apuliapraia-hotel.com\/fr\/experiences\/location-de-velos\/#primaryimage","url":"https:\/\/apuliapraia-hotel.com\/wp-content\/uploads\/sites\/512\/2025\/11\/\ud83d\udeb4_\u2642-Temos-uma-novidade-incrivel-no-Apulia-Praia-Hotel-\ud83d\udeb4_\u2640Agora-pode-alugar-bicicletas-eletric.jpg","contentUrl":"https:\/\/apuliapraia-hotel.com\/wp-content\/uploads\/sites\/512\/2025\/11\/\ud83d\udeb4_\u2642-Temos-uma-novidade-incrivel-no-Apulia-Praia-Hotel-\ud83d\udeb4_\u2640Agora-pode-alugar-bicicletas-eletric.jpg","width":960,"height":1200},{"@type":"BreadcrumbList","@id":"https:\/\/apuliapraia-hotel.com\/fr\/experiences\/location-de-velos\/#breadcrumb","itemListElement":[{"@type":"ListItem","position":1,"name":"Home","item":"https:\/\/apuliapraia-hotel.com\/fr\/"},{"@type":"ListItem","position":2,"name":"Exp\u00e9riences","item":"https:\/\/apuliapraia-hotel.com\/fr\/experiences\/"},{"@type":"ListItem","position":3,"name":"Location de v\u00e9los"}]},{"@type":"WebSite","@id":"https:\/\/apuliapraia-hotel.com\/fr\/#website","url":"https:\/\/apuliapraia-hotel.com\/fr\/","name":"Apulia Praia Hotel","description":"","potentialAction":[{"@type":"SearchAction","target":{"@type":"EntryPoint","urlTemplate":"https:\/\/apuliapraia-hotel.com\/fr\/?s={search_term_string}"},"query-input":{"@type":"PropertyValueSpecification","valueRequired":true,"valueName":"search_term_string"}}],"inLanguage":"fr-FR"}]}},"acf":[],"_links":{"self":[{"href":"https:\/\/apuliapraia-hotel.com\/fr\/wp-json\/wp\/v2\/pages\/976","targetHints":{"allow":["GET"]}}],"collection":[{"href":"https:\/\/apuliapraia-hotel.com\/fr\/wp-json\/wp\/v2\/pages"}],"about":[{"href":"https:\/\/apuliapraia-hotel.com\/fr\/wp-json\/wp\/v2\/types\/page"}],"author":[{"embeddable":true,"href":"https:\/\/apuliapraia-hotel.com\/fr\/wp-json\/wp\/v2\/users\/565"}],"replies":[{"embeddable":true,"href":"https:\/\/apuliapraia-hotel.com\/fr\/wp-json\/wp\/v2\/comments?post=976"}],"version-history":[{"count":0,"href":"https:\/\/apuliapraia-hotel.com\/fr\/wp-json\/wp\/v2\/pages\/976\/revisions"}],"up":[{"embeddable":true,"href":"https:\/\/apuliapraia-hotel.com\/fr\/wp-json\/wp\/v2\/pages\/965"}],"wp:featuredmedia":[{"embeddable":true,"href":"https:\/\/apuliapraia-hotel.com\/fr\/wp-json\/wp\/v2\/media\/1804"}],"wp:attachment":[{"href":"https:\/\/apuliapraia-hotel.com\/fr\/wp-json\/wp\/v2\/media?parent=976"}],"curies":[{"name":"wp","href":"https:\/\/api.w.org\/{rel}","templated":true}]}}