{"id":975,"date":"2024-01-04T11:42:52","date_gmt":"2024-01-04T11:42:52","guid":{"rendered":"https:\/\/apuliapraia-hotel.com\/?page_id=975"},"modified":"2025-07-29T21:54:41","modified_gmt":"2025-07-29T21:54:41","slug":"promenades-a-cheval","status":"publish","type":"page","link":"https:\/\/apuliapraia-hotel.com\/fr\/experiences\/promenades-a-cheval\/","title":{"rendered":"Promenades \u00e0 cheval"},"content":{"rendered":"<p>Pour les amoureux des chevaux et de la nature, nous collaborons avec les meilleurs partenaires pour vous offrir des balades de r\u00eave \u00e0 travers la for\u00eat, le long de la rivi\u00e8re ou en bord de mer.<\/p>\n<ul>\n<li>\u00c0 partir de 35 euros par personne<\/li>\n<li>Pour tous les niveaux d&rsquo;\u00e9quitation<\/li>\n<li>Mat\u00e9riel d&rsquo;\u00e9quitation fourni par le partenaire<\/li>\n<li>V\u00eatements confortables requis<\/li>\n<\/ul>\n","protected":false},"excerpt":{"rendered":"<p>Pour les amoureux des chevaux et de la nature, nous collaborons avec les meilleurs partenaires pour vous offrir des balades de r\u00eave \u00e0 travers la for\u00eat, le long de la rivi\u00e8re ou en bord de mer. \u00c0 partir de 35 euros par personne Pour tous les niveaux d&rsquo;\u00e9quitation Mat\u00e9riel d&rsquo;\u00e9quitation fourni par le partenaire V\u00eatements [&hellip;]<\/p>\n","protected":false},"author":565,"featured_media":0,"parent":965,"menu_order":17,"comment_status":"closed","ping_status":"closed","template":"template-default-4.php","meta":{"footnotes":""},"class_list":["post-975","page","type-page","status-publish","hentry"],"yoast_head":"<!-- This site is optimized with the Yoast SEO plugin v26.9 - https:\/\/yoast.com\/product\/yoast-seo-wordpress\/ -->\n<title>Promenades \u00e0 cheval - Apulia Praia Hotel -<\/title>\n<meta name=\"description\" content=\"Pour les amoureux des chevaux et de la nature, nous collaborons avec les meilleurs partenaires pour vous offrir des balades de r\u00eave \u00e0 travers la for\u00eat, le long de la rivi\u00e8re ou en bord de mer.   \u00c0 partir de 35 euros par personne  Pour tous les niveaux d&#039;\u00e9quitation  Mat\u00e9riel d&#039;\u00e9quitation fourni par le partenaire  V\u00eatements confortables requis .\" \/>\n<meta name=\"robots\" content=\"index, follow, max-snippet:-1, max-image-preview:large, max-video-preview:-1\" \/>\n<link rel=\"canonical\" href=\"https:\/\/apuliapraia-hotel.com\/fr\/experiences\/promenades-a-cheval\/\" \/>\n<meta property=\"og:locale\" content=\"fr_FR\" \/>\n<meta property=\"og:type\" content=\"article\" \/>\n<meta property=\"og:title\" content=\"Promenades \u00e0 cheval - Apulia Praia Hotel -\" \/>\n<meta property=\"og:description\" content=\"Pour les amoureux des chevaux et de la nature, nous collaborons avec les meilleurs partenaires pour vous offrir des balades de r\u00eave \u00e0 travers la for\u00eat, le long de la rivi\u00e8re ou en bord de mer.   \u00c0 partir de 35 euros par personne  Pour tous les niveaux d&#039;\u00e9quitation  Mat\u00e9riel d&#039;\u00e9quitation fourni par le partenaire  V\u00eatements confortables requis .\" \/>\n<meta property=\"og:url\" content=\"https:\/\/apuliapraia-hotel.com\/fr\/experiences\/promenades-a-cheval\/\" \/>\n<meta property=\"og:site_name\" content=\"Apulia Praia Hotel\" \/>\n<meta property=\"article:modified_time\" content=\"2025-07-29T21:54:41+00:00\" \/>\n<meta name=\"twitter:card\" content=\"summary_large_image\" \/>\n<meta name=\"twitter:label1\" content=\"Dur\u00e9e de lecture estim\u00e9e\" \/>\n\t<meta name=\"twitter:data1\" content=\"1 minute\" \/>\n<script type=\"application\/ld+json\" class=\"yoast-schema-graph\">{\"@context\":\"https:\/\/schema.org\",\"@graph\":[{\"@type\":\"WebPage\",\"@id\":\"https:\/\/apuliapraia-hotel.com\/fr\/experiences\/promenades-a-cheval\/\",\"url\":\"https:\/\/apuliapraia-hotel.com\/fr\/experiences\/promenades-a-cheval\/\",\"name\":\"Promenades \u00e0 cheval - Apulia Praia Hotel -\",\"isPartOf\":{\"@id\":\"https:\/\/apuliapraia-hotel.com\/fr\/#website\"},\"datePublished\":\"2024-01-04T11:42:52+00:00\",\"dateModified\":\"2025-07-29T21:54:41+00:00\",\"description\":\"Pour les amoureux des chevaux et de la nature, nous collaborons avec les meilleurs partenaires pour vous offrir des balades de r\u00eave \u00e0 travers la for\u00eat, le long de la rivi\u00e8re ou en bord de mer. \u2022 \u00c0 partir de 35 euros par personne \u2022 Pour tous les niveaux d'\u00e9quitation \u2022 Mat\u00e9riel d'\u00e9quitation fourni par le partenaire \u2022 V\u00eatements confortables requis .\",\"breadcrumb\":{\"@id\":\"https:\/\/apuliapraia-hotel.com\/fr\/experiences\/promenades-a-cheval\/#breadcrumb\"},\"inLanguage\":\"fr-FR\",\"potentialAction\":[{\"@type\":\"ReadAction\",\"target\":[\"https:\/\/apuliapraia-hotel.com\/fr\/experiences\/promenades-a-cheval\/\"]}]},{\"@type\":\"BreadcrumbList\",\"@id\":\"https:\/\/apuliapraia-hotel.com\/fr\/experiences\/promenades-a-cheval\/#breadcrumb\",\"itemListElement\":[{\"@type\":\"ListItem\",\"position\":1,\"name\":\"Home\",\"item\":\"https:\/\/apuliapraia-hotel.com\/fr\/\"},{\"@type\":\"ListItem\",\"position\":2,\"name\":\"Exp\u00e9riences\",\"item\":\"https:\/\/apuliapraia-hotel.com\/fr\/experiences\/\"},{\"@type\":\"ListItem\",\"position\":3,\"name\":\"Promenades \u00e0 cheval\"}]},{\"@type\":\"WebSite\",\"@id\":\"https:\/\/apuliapraia-hotel.com\/fr\/#website\",\"url\":\"https:\/\/apuliapraia-hotel.com\/fr\/\",\"name\":\"Apulia Praia Hotel\",\"description\":\"\",\"potentialAction\":[{\"@type\":\"SearchAction\",\"target\":{\"@type\":\"EntryPoint\",\"urlTemplate\":\"https:\/\/apuliapraia-hotel.com\/fr\/?s={search_term_string}\"},\"query-input\":{\"@type\":\"PropertyValueSpecification\",\"valueRequired\":true,\"valueName\":\"search_term_string\"}}],\"inLanguage\":\"fr-FR\"}]}<\/script>\n<!-- \/ Yoast SEO plugin. -->","yoast_head_json":{"title":"Promenades \u00e0 cheval - Apulia Praia Hotel -","description":"Pour les amoureux des chevaux et de la nature, nous collaborons avec les meilleurs partenaires pour vous offrir des balades de r\u00eave \u00e0 travers la for\u00eat, le long de la rivi\u00e8re ou en bord de mer.   \u00c0 partir de 35 euros par personne  Pour tous les niveaux d'\u00e9quitation  Mat\u00e9riel d'\u00e9quitation fourni par le partenaire  V\u00eatements confortables requis .","robots":{"index":"index","follow":"follow","max-snippet":"max-snippet:-1","max-image-preview":"max-image-preview:large","max-video-preview":"max-video-preview:-1"},"canonical":"https:\/\/apuliapraia-hotel.com\/fr\/experiences\/promenades-a-cheval\/","og_locale":"fr_FR","og_type":"article","og_title":"Promenades \u00e0 cheval - Apulia Praia Hotel -","og_description":"Pour les amoureux des chevaux et de la nature, nous collaborons avec les meilleurs partenaires pour vous offrir des balades de r\u00eave \u00e0 travers la for\u00eat, le long de la rivi\u00e8re ou en bord de mer.   \u00c0 partir de 35 euros par personne  Pour tous les niveaux d'\u00e9quitation  Mat\u00e9riel d'\u00e9quitation fourni par le partenaire  V\u00eatements confortables requis .","og_url":"https:\/\/apuliapraia-hotel.com\/fr\/experiences\/promenades-a-cheval\/","og_site_name":"Apulia Praia Hotel","article_modified_time":"2025-07-29T21:54:41+00:00","twitter_card":"summary_large_image","twitter_misc":{"Dur\u00e9e de lecture estim\u00e9e":"1 minute"},"schema":{"@context":"https:\/\/schema.org","@graph":[{"@type":"WebPage","@id":"https:\/\/apuliapraia-hotel.com\/fr\/experiences\/promenades-a-cheval\/","url":"https:\/\/apuliapraia-hotel.com\/fr\/experiences\/promenades-a-cheval\/","name":"Promenades \u00e0 cheval - Apulia Praia Hotel -","isPartOf":{"@id":"https:\/\/apuliapraia-hotel.com\/fr\/#website"},"datePublished":"2024-01-04T11:42:52+00:00","dateModified":"2025-07-29T21:54:41+00:00","description":"Pour les amoureux des chevaux et de la nature, nous collaborons avec les meilleurs partenaires pour vous offrir des balades de r\u00eave \u00e0 travers la for\u00eat, le long de la rivi\u00e8re ou en bord de mer. \u2022 \u00c0 partir de 35 euros par personne \u2022 Pour tous les niveaux d'\u00e9quitation \u2022 Mat\u00e9riel d'\u00e9quitation fourni par le partenaire \u2022 V\u00eatements confortables requis .","breadcrumb":{"@id":"https:\/\/apuliapraia-hotel.com\/fr\/experiences\/promenades-a-cheval\/#breadcrumb"},"inLanguage":"fr-FR","potentialAction":[{"@type":"ReadAction","target":["https:\/\/apuliapraia-hotel.com\/fr\/experiences\/promenades-a-cheval\/"]}]},{"@type":"BreadcrumbList","@id":"https:\/\/apuliapraia-hotel.com\/fr\/experiences\/promenades-a-cheval\/#breadcrumb","itemListElement":[{"@type":"ListItem","position":1,"name":"Home","item":"https:\/\/apuliapraia-hotel.com\/fr\/"},{"@type":"ListItem","position":2,"name":"Exp\u00e9riences","item":"https:\/\/apuliapraia-hotel.com\/fr\/experiences\/"},{"@type":"ListItem","position":3,"name":"Promenades \u00e0 cheval"}]},{"@type":"WebSite","@id":"https:\/\/apuliapraia-hotel.com\/fr\/#website","url":"https:\/\/apuliapraia-hotel.com\/fr\/","name":"Apulia Praia Hotel","description":"","potentialAction":[{"@type":"SearchAction","target":{"@type":"EntryPoint","urlTemplate":"https:\/\/apuliapraia-hotel.com\/fr\/?s={search_term_string}"},"query-input":{"@type":"PropertyValueSpecification","valueRequired":true,"valueName":"search_term_string"}}],"inLanguage":"fr-FR"}]}},"acf":[],"_links":{"self":[{"href":"https:\/\/apuliapraia-hotel.com\/fr\/wp-json\/wp\/v2\/pages\/975","targetHints":{"allow":["GET"]}}],"collection":[{"href":"https:\/\/apuliapraia-hotel.com\/fr\/wp-json\/wp\/v2\/pages"}],"about":[{"href":"https:\/\/apuliapraia-hotel.com\/fr\/wp-json\/wp\/v2\/types\/page"}],"author":[{"embeddable":true,"href":"https:\/\/apuliapraia-hotel.com\/fr\/wp-json\/wp\/v2\/users\/565"}],"replies":[{"embeddable":true,"href":"https:\/\/apuliapraia-hotel.com\/fr\/wp-json\/wp\/v2\/comments?post=975"}],"version-history":[{"count":0,"href":"https:\/\/apuliapraia-hotel.com\/fr\/wp-json\/wp\/v2\/pages\/975\/revisions"}],"up":[{"embeddable":true,"href":"https:\/\/apuliapraia-hotel.com\/fr\/wp-json\/wp\/v2\/pages\/965"}],"wp:attachment":[{"href":"https:\/\/apuliapraia-hotel.com\/fr\/wp-json\/wp\/v2\/media?parent=975"}],"curies":[{"name":"wp","href":"https:\/\/api.w.org\/{rel}","templated":true}]}}