{"id":974,"date":"2024-01-04T11:41:44","date_gmt":"2024-01-04T11:41:44","guid":{"rendered":"https:\/\/apuliapraia-hotel.com\/?page_id=974"},"modified":"2024-01-24T15:05:34","modified_gmt":"2024-01-24T15:05:34","slug":"parc-dattractions","status":"publish","type":"page","link":"https:\/\/apuliapraia-hotel.com\/fr\/experiences\/parc-dattractions\/","title":{"rendered":"Parc d&rsquo;attractions"},"content":{"rendered":"<p>Nous sommes concsients que l&rsquo;\u00e9nergie des enfants les rendra enthousiastes pour toutes les activit\u00e9s et jeux propos\u00e9s au Monkey Park.<\/p>\n<ul>\n<li>A partir de 6 \u20ac\/h par enfant<\/li>\n<li>Pour les enfants de 2 \u00e0 14 ans<\/li>\n<li>Du jeudi au dimanche et jours f\u00e9ri\u00e9s &#8211; de 10h00 \u00e0 12h30 \/ 14h00 \u00e0 18h30<\/li>\n<\/ul>\n","protected":false},"excerpt":{"rendered":"<p>Nous sommes concsients que l&rsquo;\u00e9nergie des enfants les rendra enthousiastes pour toutes les activit\u00e9s et jeux propos\u00e9s au Monkey Park. A partir de 6 \u20ac\/h par enfant Pour les enfants de 2 \u00e0 14 ans Du jeudi au dimanche et jours f\u00e9ri\u00e9s &#8211; de 10h00 \u00e0 12h30 \/ 14h00 \u00e0 18h30<\/p>\n","protected":false},"author":565,"featured_media":0,"parent":965,"menu_order":16,"comment_status":"closed","ping_status":"closed","template":"template-default-4.php","meta":{"footnotes":""},"class_list":["post-974","page","type-page","status-publish","hentry"],"yoast_head":"<!-- This site is optimized with the Yoast SEO plugin v26.9 - https:\/\/yoast.com\/product\/yoast-seo-wordpress\/ -->\n<title>Parc d&#039;attractions - Apulia Praia Hotel -<\/title>\n<meta name=\"description\" content=\"Nous sommes concsients que l&#039;\u00e9nergie des enfants les rendra enthousiastes pour toutes les activit\u00e9s et jeux propos\u00e9s au Monkey Park.   A partir de 6 \u20ac\/h par enfant  Pour les enfants de 2 \u00e0 14 ans  Du jeudi au dimanche et jours f\u00e9ri\u00e9s - de 10h00 \u00e0 12h30 \/ 14h00 \u00e0 18h30 .\" \/>\n<meta name=\"robots\" content=\"index, follow, max-snippet:-1, max-image-preview:large, max-video-preview:-1\" \/>\n<link rel=\"canonical\" href=\"https:\/\/apuliapraia-hotel.com\/fr\/experiences\/parc-dattractions\/\" \/>\n<meta property=\"og:locale\" content=\"fr_FR\" \/>\n<meta property=\"og:type\" content=\"article\" \/>\n<meta property=\"og:title\" content=\"Parc d&#039;attractions - Apulia Praia Hotel -\" \/>\n<meta property=\"og:description\" content=\"Nous sommes concsients que l&#039;\u00e9nergie des enfants les rendra enthousiastes pour toutes les activit\u00e9s et jeux propos\u00e9s au Monkey Park.   A partir de 6 \u20ac\/h par enfant  Pour les enfants de 2 \u00e0 14 ans  Du jeudi au dimanche et jours f\u00e9ri\u00e9s - de 10h00 \u00e0 12h30 \/ 14h00 \u00e0 18h30 .\" \/>\n<meta property=\"og:url\" content=\"https:\/\/apuliapraia-hotel.com\/fr\/experiences\/parc-dattractions\/\" \/>\n<meta property=\"og:site_name\" content=\"Apulia Praia Hotel\" \/>\n<meta property=\"article:modified_time\" content=\"2024-01-24T15:05:34+00:00\" \/>\n<meta name=\"twitter:card\" content=\"summary_large_image\" \/>\n<script type=\"application\/ld+json\" class=\"yoast-schema-graph\">{\"@context\":\"https:\/\/schema.org\",\"@graph\":[{\"@type\":\"WebPage\",\"@id\":\"https:\/\/apuliapraia-hotel.com\/fr\/experiences\/parc-dattractions\/\",\"url\":\"https:\/\/apuliapraia-hotel.com\/fr\/experiences\/parc-dattractions\/\",\"name\":\"Parc d'attractions - Apulia Praia Hotel -\",\"isPartOf\":{\"@id\":\"https:\/\/apuliapraia-hotel.com\/fr\/#website\"},\"datePublished\":\"2024-01-04T11:41:44+00:00\",\"dateModified\":\"2024-01-24T15:05:34+00:00\",\"description\":\"Nous sommes concsients que l'\u00e9nergie des enfants les rendra enthousiastes pour toutes les activit\u00e9s et jeux propos\u00e9s au Monkey Park. \u2022 A partir de 6 \u20ac\/h par enfant \u2022 Pour les enfants de 2 \u00e0 14 ans \u2022 Du jeudi au dimanche et jours f\u00e9ri\u00e9s - de 10h00 \u00e0 12h30 \/ 14h00 \u00e0 18h30 .\",\"breadcrumb\":{\"@id\":\"https:\/\/apuliapraia-hotel.com\/fr\/experiences\/parc-dattractions\/#breadcrumb\"},\"inLanguage\":\"fr-FR\",\"potentialAction\":[{\"@type\":\"ReadAction\",\"target\":[\"https:\/\/apuliapraia-hotel.com\/fr\/experiences\/parc-dattractions\/\"]}]},{\"@type\":\"BreadcrumbList\",\"@id\":\"https:\/\/apuliapraia-hotel.com\/fr\/experiences\/parc-dattractions\/#breadcrumb\",\"itemListElement\":[{\"@type\":\"ListItem\",\"position\":1,\"name\":\"Home\",\"item\":\"https:\/\/apuliapraia-hotel.com\/fr\/\"},{\"@type\":\"ListItem\",\"position\":2,\"name\":\"Exp\u00e9riences\",\"item\":\"https:\/\/apuliapraia-hotel.com\/fr\/experiences\/\"},{\"@type\":\"ListItem\",\"position\":3,\"name\":\"Parc d&#8217;attractions\"}]},{\"@type\":\"WebSite\",\"@id\":\"https:\/\/apuliapraia-hotel.com\/fr\/#website\",\"url\":\"https:\/\/apuliapraia-hotel.com\/fr\/\",\"name\":\"Apulia Praia Hotel\",\"description\":\"\",\"potentialAction\":[{\"@type\":\"SearchAction\",\"target\":{\"@type\":\"EntryPoint\",\"urlTemplate\":\"https:\/\/apuliapraia-hotel.com\/fr\/?s={search_term_string}\"},\"query-input\":{\"@type\":\"PropertyValueSpecification\",\"valueRequired\":true,\"valueName\":\"search_term_string\"}}],\"inLanguage\":\"fr-FR\"}]}<\/script>\n<!-- \/ Yoast SEO plugin. -->","yoast_head_json":{"title":"Parc d'attractions - Apulia Praia Hotel -","description":"Nous sommes concsients que l'\u00e9nergie des enfants les rendra enthousiastes pour toutes les activit\u00e9s et jeux propos\u00e9s au Monkey Park.   A partir de 6 \u20ac\/h par enfant  Pour les enfants de 2 \u00e0 14 ans  Du jeudi au dimanche et jours f\u00e9ri\u00e9s - de 10h00 \u00e0 12h30 \/ 14h00 \u00e0 18h30 .","robots":{"index":"index","follow":"follow","max-snippet":"max-snippet:-1","max-image-preview":"max-image-preview:large","max-video-preview":"max-video-preview:-1"},"canonical":"https:\/\/apuliapraia-hotel.com\/fr\/experiences\/parc-dattractions\/","og_locale":"fr_FR","og_type":"article","og_title":"Parc d'attractions - Apulia Praia Hotel -","og_description":"Nous sommes concsients que l'\u00e9nergie des enfants les rendra enthousiastes pour toutes les activit\u00e9s et jeux propos\u00e9s au Monkey Park.   A partir de 6 \u20ac\/h par enfant  Pour les enfants de 2 \u00e0 14 ans  Du jeudi au dimanche et jours f\u00e9ri\u00e9s - de 10h00 \u00e0 12h30 \/ 14h00 \u00e0 18h30 .","og_url":"https:\/\/apuliapraia-hotel.com\/fr\/experiences\/parc-dattractions\/","og_site_name":"Apulia Praia Hotel","article_modified_time":"2024-01-24T15:05:34+00:00","twitter_card":"summary_large_image","schema":{"@context":"https:\/\/schema.org","@graph":[{"@type":"WebPage","@id":"https:\/\/apuliapraia-hotel.com\/fr\/experiences\/parc-dattractions\/","url":"https:\/\/apuliapraia-hotel.com\/fr\/experiences\/parc-dattractions\/","name":"Parc d'attractions - Apulia Praia Hotel -","isPartOf":{"@id":"https:\/\/apuliapraia-hotel.com\/fr\/#website"},"datePublished":"2024-01-04T11:41:44+00:00","dateModified":"2024-01-24T15:05:34+00:00","description":"Nous sommes concsients que l'\u00e9nergie des enfants les rendra enthousiastes pour toutes les activit\u00e9s et jeux propos\u00e9s au Monkey Park. \u2022 A partir de 6 \u20ac\/h par enfant \u2022 Pour les enfants de 2 \u00e0 14 ans \u2022 Du jeudi au dimanche et jours f\u00e9ri\u00e9s - de 10h00 \u00e0 12h30 \/ 14h00 \u00e0 18h30 .","breadcrumb":{"@id":"https:\/\/apuliapraia-hotel.com\/fr\/experiences\/parc-dattractions\/#breadcrumb"},"inLanguage":"fr-FR","potentialAction":[{"@type":"ReadAction","target":["https:\/\/apuliapraia-hotel.com\/fr\/experiences\/parc-dattractions\/"]}]},{"@type":"BreadcrumbList","@id":"https:\/\/apuliapraia-hotel.com\/fr\/experiences\/parc-dattractions\/#breadcrumb","itemListElement":[{"@type":"ListItem","position":1,"name":"Home","item":"https:\/\/apuliapraia-hotel.com\/fr\/"},{"@type":"ListItem","position":2,"name":"Exp\u00e9riences","item":"https:\/\/apuliapraia-hotel.com\/fr\/experiences\/"},{"@type":"ListItem","position":3,"name":"Parc d&#8217;attractions"}]},{"@type":"WebSite","@id":"https:\/\/apuliapraia-hotel.com\/fr\/#website","url":"https:\/\/apuliapraia-hotel.com\/fr\/","name":"Apulia Praia Hotel","description":"","potentialAction":[{"@type":"SearchAction","target":{"@type":"EntryPoint","urlTemplate":"https:\/\/apuliapraia-hotel.com\/fr\/?s={search_term_string}"},"query-input":{"@type":"PropertyValueSpecification","valueRequired":true,"valueName":"search_term_string"}}],"inLanguage":"fr-FR"}]}},"acf":[],"_links":{"self":[{"href":"https:\/\/apuliapraia-hotel.com\/fr\/wp-json\/wp\/v2\/pages\/974","targetHints":{"allow":["GET"]}}],"collection":[{"href":"https:\/\/apuliapraia-hotel.com\/fr\/wp-json\/wp\/v2\/pages"}],"about":[{"href":"https:\/\/apuliapraia-hotel.com\/fr\/wp-json\/wp\/v2\/types\/page"}],"author":[{"embeddable":true,"href":"https:\/\/apuliapraia-hotel.com\/fr\/wp-json\/wp\/v2\/users\/565"}],"replies":[{"embeddable":true,"href":"https:\/\/apuliapraia-hotel.com\/fr\/wp-json\/wp\/v2\/comments?post=974"}],"version-history":[{"count":0,"href":"https:\/\/apuliapraia-hotel.com\/fr\/wp-json\/wp\/v2\/pages\/974\/revisions"}],"up":[{"embeddable":true,"href":"https:\/\/apuliapraia-hotel.com\/fr\/wp-json\/wp\/v2\/pages\/965"}],"wp:attachment":[{"href":"https:\/\/apuliapraia-hotel.com\/fr\/wp-json\/wp\/v2\/media?parent=974"}],"curies":[{"name":"wp","href":"https:\/\/api.w.org\/{rel}","templated":true}]}}