{"id":973,"date":"2024-01-04T11:38:46","date_gmt":"2024-01-04T11:38:46","guid":{"rendered":"https:\/\/apuliapraia-hotel.com\/?page_id=973"},"modified":"2024-01-24T15:07:03","modified_gmt":"2024-01-24T15:07:03","slug":"salles-devasion","status":"publish","type":"page","link":"https:\/\/apuliapraia-hotel.com\/fr\/experiences\/salles-devasion\/","title":{"rendered":"Salles d&rsquo;\u00e9vasion"},"content":{"rendered":"<p>Pour les plus d\u00e9brouillards, les plus perspicaces et les plus curieux, les salles de Xcape sont le programme id\u00e9al \u00e0 faire en groupe.<\/p>\n<ul>\n<li>Prix de l&rsquo;exp\u00e9rience entre \u20ac35 et \u20ac65 par groupe<\/li>\n<li>Groupes de 2 \u00e0 6 personnes<\/li>\n<li>Du lundi au jeudi &#8211; de 17h00 \u00e0 21h00 | vendredi &#8211; de 18h00 \u00e0 22h00 | samedi &#8211; de 10h00 \u00e0 22h00 | dimanche &#8211; de 16h00 \u00e0 22h00<\/li>\n<\/ul>\n","protected":false},"excerpt":{"rendered":"<p>Pour les plus d\u00e9brouillards, les plus perspicaces et les plus curieux, les salles de Xcape sont le programme id\u00e9al \u00e0 faire en groupe. Prix de l&rsquo;exp\u00e9rience entre \u20ac35 et \u20ac65 par groupe Groupes de 2 \u00e0 6 personnes Du lundi au jeudi &#8211; de 17h00 \u00e0 21h00 | vendredi &#8211; de 18h00 \u00e0 22h00 | [&hellip;]<\/p>\n","protected":false},"author":565,"featured_media":0,"parent":965,"menu_order":15,"comment_status":"closed","ping_status":"closed","template":"template-default-4.php","meta":{"footnotes":""},"class_list":["post-973","page","type-page","status-publish","hentry"],"yoast_head":"<!-- This site is optimized with the Yoast SEO plugin v26.9 - https:\/\/yoast.com\/product\/yoast-seo-wordpress\/ -->\n<title>Salles d&#039;\u00e9vasion - Apulia Praia Hotel -<\/title>\n<meta name=\"description\" content=\"Pour les plus d\u00e9brouillards, les plus perspicaces et les plus curieux, les salles de Xcape sont le programme id\u00e9al \u00e0 faire en groupe.   Prix de l&#039;exp\u00e9rience entre \u20ac35 et \u20ac65 par groupe  Groupes de 2 \u00e0 6 personnes  Du lundi au jeudi - de 17h00 \u00e0 21h00 | vendredi - de 18h00 \u00e0 22h00 | samedi - de 10h00 \u00e0 22h00 | dimanche - de 16h00 \u00e0 22h00 .\" \/>\n<meta name=\"robots\" content=\"index, follow, max-snippet:-1, max-image-preview:large, max-video-preview:-1\" \/>\n<link rel=\"canonical\" href=\"https:\/\/apuliapraia-hotel.com\/fr\/experiences\/salles-devasion\/\" \/>\n<meta property=\"og:locale\" content=\"fr_FR\" \/>\n<meta property=\"og:type\" content=\"article\" \/>\n<meta property=\"og:title\" content=\"Salles d&#039;\u00e9vasion - Apulia Praia Hotel -\" \/>\n<meta property=\"og:description\" content=\"Pour les plus d\u00e9brouillards, les plus perspicaces et les plus curieux, les salles de Xcape sont le programme id\u00e9al \u00e0 faire en groupe.   Prix de l&#039;exp\u00e9rience entre \u20ac35 et \u20ac65 par groupe  Groupes de 2 \u00e0 6 personnes  Du lundi au jeudi - de 17h00 \u00e0 21h00 | vendredi - de 18h00 \u00e0 22h00 | samedi - de 10h00 \u00e0 22h00 | dimanche - de 16h00 \u00e0 22h00 .\" \/>\n<meta property=\"og:url\" content=\"https:\/\/apuliapraia-hotel.com\/fr\/experiences\/salles-devasion\/\" \/>\n<meta property=\"og:site_name\" content=\"Apulia Praia Hotel\" \/>\n<meta property=\"article:modified_time\" content=\"2024-01-24T15:07:03+00:00\" \/>\n<meta name=\"twitter:card\" content=\"summary_large_image\" \/>\n<script type=\"application\/ld+json\" class=\"yoast-schema-graph\">{\"@context\":\"https:\/\/schema.org\",\"@graph\":[{\"@type\":\"WebPage\",\"@id\":\"https:\/\/apuliapraia-hotel.com\/fr\/experiences\/salles-devasion\/\",\"url\":\"https:\/\/apuliapraia-hotel.com\/fr\/experiences\/salles-devasion\/\",\"name\":\"Salles d'\u00e9vasion - Apulia Praia Hotel -\",\"isPartOf\":{\"@id\":\"https:\/\/apuliapraia-hotel.com\/fr\/#website\"},\"datePublished\":\"2024-01-04T11:38:46+00:00\",\"dateModified\":\"2024-01-24T15:07:03+00:00\",\"description\":\"Pour les plus d\u00e9brouillards, les plus perspicaces et les plus curieux, les salles de Xcape sont le programme id\u00e9al \u00e0 faire en groupe. \u2022 Prix de l'exp\u00e9rience entre \u20ac35 et \u20ac65 par groupe \u2022 Groupes de 2 \u00e0 6 personnes \u2022 Du lundi au jeudi - de 17h00 \u00e0 21h00 | vendredi - de 18h00 \u00e0 22h00 | samedi - de 10h00 \u00e0 22h00 | dimanche - de 16h00 \u00e0 22h00 .\",\"breadcrumb\":{\"@id\":\"https:\/\/apuliapraia-hotel.com\/fr\/experiences\/salles-devasion\/#breadcrumb\"},\"inLanguage\":\"fr-FR\",\"potentialAction\":[{\"@type\":\"ReadAction\",\"target\":[\"https:\/\/apuliapraia-hotel.com\/fr\/experiences\/salles-devasion\/\"]}]},{\"@type\":\"BreadcrumbList\",\"@id\":\"https:\/\/apuliapraia-hotel.com\/fr\/experiences\/salles-devasion\/#breadcrumb\",\"itemListElement\":[{\"@type\":\"ListItem\",\"position\":1,\"name\":\"Home\",\"item\":\"https:\/\/apuliapraia-hotel.com\/fr\/\"},{\"@type\":\"ListItem\",\"position\":2,\"name\":\"Exp\u00e9riences\",\"item\":\"https:\/\/apuliapraia-hotel.com\/fr\/experiences\/\"},{\"@type\":\"ListItem\",\"position\":3,\"name\":\"Salles d&#8217;\u00e9vasion\"}]},{\"@type\":\"WebSite\",\"@id\":\"https:\/\/apuliapraia-hotel.com\/fr\/#website\",\"url\":\"https:\/\/apuliapraia-hotel.com\/fr\/\",\"name\":\"Apulia Praia Hotel\",\"description\":\"\",\"potentialAction\":[{\"@type\":\"SearchAction\",\"target\":{\"@type\":\"EntryPoint\",\"urlTemplate\":\"https:\/\/apuliapraia-hotel.com\/fr\/?s={search_term_string}\"},\"query-input\":{\"@type\":\"PropertyValueSpecification\",\"valueRequired\":true,\"valueName\":\"search_term_string\"}}],\"inLanguage\":\"fr-FR\"}]}<\/script>\n<!-- \/ Yoast SEO plugin. -->","yoast_head_json":{"title":"Salles d'\u00e9vasion - Apulia Praia Hotel -","description":"Pour les plus d\u00e9brouillards, les plus perspicaces et les plus curieux, les salles de Xcape sont le programme id\u00e9al \u00e0 faire en groupe.   Prix de l'exp\u00e9rience entre \u20ac35 et \u20ac65 par groupe  Groupes de 2 \u00e0 6 personnes  Du lundi au jeudi - de 17h00 \u00e0 21h00 | vendredi - de 18h00 \u00e0 22h00 | samedi - de 10h00 \u00e0 22h00 | dimanche - de 16h00 \u00e0 22h00 .","robots":{"index":"index","follow":"follow","max-snippet":"max-snippet:-1","max-image-preview":"max-image-preview:large","max-video-preview":"max-video-preview:-1"},"canonical":"https:\/\/apuliapraia-hotel.com\/fr\/experiences\/salles-devasion\/","og_locale":"fr_FR","og_type":"article","og_title":"Salles d'\u00e9vasion - Apulia Praia Hotel -","og_description":"Pour les plus d\u00e9brouillards, les plus perspicaces et les plus curieux, les salles de Xcape sont le programme id\u00e9al \u00e0 faire en groupe.   Prix de l'exp\u00e9rience entre \u20ac35 et \u20ac65 par groupe  Groupes de 2 \u00e0 6 personnes  Du lundi au jeudi - de 17h00 \u00e0 21h00 | vendredi - de 18h00 \u00e0 22h00 | samedi - de 10h00 \u00e0 22h00 | dimanche - de 16h00 \u00e0 22h00 .","og_url":"https:\/\/apuliapraia-hotel.com\/fr\/experiences\/salles-devasion\/","og_site_name":"Apulia Praia Hotel","article_modified_time":"2024-01-24T15:07:03+00:00","twitter_card":"summary_large_image","schema":{"@context":"https:\/\/schema.org","@graph":[{"@type":"WebPage","@id":"https:\/\/apuliapraia-hotel.com\/fr\/experiences\/salles-devasion\/","url":"https:\/\/apuliapraia-hotel.com\/fr\/experiences\/salles-devasion\/","name":"Salles d'\u00e9vasion - Apulia Praia Hotel -","isPartOf":{"@id":"https:\/\/apuliapraia-hotel.com\/fr\/#website"},"datePublished":"2024-01-04T11:38:46+00:00","dateModified":"2024-01-24T15:07:03+00:00","description":"Pour les plus d\u00e9brouillards, les plus perspicaces et les plus curieux, les salles de Xcape sont le programme id\u00e9al \u00e0 faire en groupe. \u2022 Prix de l'exp\u00e9rience entre \u20ac35 et \u20ac65 par groupe \u2022 Groupes de 2 \u00e0 6 personnes \u2022 Du lundi au jeudi - de 17h00 \u00e0 21h00 | vendredi - de 18h00 \u00e0 22h00 | samedi - de 10h00 \u00e0 22h00 | dimanche - de 16h00 \u00e0 22h00 .","breadcrumb":{"@id":"https:\/\/apuliapraia-hotel.com\/fr\/experiences\/salles-devasion\/#breadcrumb"},"inLanguage":"fr-FR","potentialAction":[{"@type":"ReadAction","target":["https:\/\/apuliapraia-hotel.com\/fr\/experiences\/salles-devasion\/"]}]},{"@type":"BreadcrumbList","@id":"https:\/\/apuliapraia-hotel.com\/fr\/experiences\/salles-devasion\/#breadcrumb","itemListElement":[{"@type":"ListItem","position":1,"name":"Home","item":"https:\/\/apuliapraia-hotel.com\/fr\/"},{"@type":"ListItem","position":2,"name":"Exp\u00e9riences","item":"https:\/\/apuliapraia-hotel.com\/fr\/experiences\/"},{"@type":"ListItem","position":3,"name":"Salles d&#8217;\u00e9vasion"}]},{"@type":"WebSite","@id":"https:\/\/apuliapraia-hotel.com\/fr\/#website","url":"https:\/\/apuliapraia-hotel.com\/fr\/","name":"Apulia Praia Hotel","description":"","potentialAction":[{"@type":"SearchAction","target":{"@type":"EntryPoint","urlTemplate":"https:\/\/apuliapraia-hotel.com\/fr\/?s={search_term_string}"},"query-input":{"@type":"PropertyValueSpecification","valueRequired":true,"valueName":"search_term_string"}}],"inLanguage":"fr-FR"}]}},"acf":[],"_links":{"self":[{"href":"https:\/\/apuliapraia-hotel.com\/fr\/wp-json\/wp\/v2\/pages\/973","targetHints":{"allow":["GET"]}}],"collection":[{"href":"https:\/\/apuliapraia-hotel.com\/fr\/wp-json\/wp\/v2\/pages"}],"about":[{"href":"https:\/\/apuliapraia-hotel.com\/fr\/wp-json\/wp\/v2\/types\/page"}],"author":[{"embeddable":true,"href":"https:\/\/apuliapraia-hotel.com\/fr\/wp-json\/wp\/v2\/users\/565"}],"replies":[{"embeddable":true,"href":"https:\/\/apuliapraia-hotel.com\/fr\/wp-json\/wp\/v2\/comments?post=973"}],"version-history":[{"count":0,"href":"https:\/\/apuliapraia-hotel.com\/fr\/wp-json\/wp\/v2\/pages\/973\/revisions"}],"up":[{"embeddable":true,"href":"https:\/\/apuliapraia-hotel.com\/fr\/wp-json\/wp\/v2\/pages\/965"}],"wp:attachment":[{"href":"https:\/\/apuliapraia-hotel.com\/fr\/wp-json\/wp\/v2\/media?parent=973"}],"curies":[{"name":"wp","href":"https:\/\/api.w.org\/{rel}","templated":true}]}}