{"id":972,"date":"2024-01-04T11:37:12","date_gmt":"2024-01-04T11:37:12","guid":{"rendered":"https:\/\/apuliapraia-hotel.com\/?page_id=972"},"modified":"2024-01-23T12:06:49","modified_gmt":"2024-01-23T12:06:49","slug":"kite-surf","status":"publish","type":"page","link":"https:\/\/apuliapraia-hotel.com\/fr\/experiences\/kite-surf\/","title":{"rendered":"Kite Surf"},"content":{"rendered":"<p>L\u00b4endroit id\u00e9al pour les passionn\u00e9s d\u00b4eau et d\u00b4adr\u00e9naline, le climat venteux d&rsquo;Esposende en fait un lieu parfait pour cette activit\u00e9.<\/p>\n<ul>\n<li>\u00c0 partir de 35 \u20ac par personne<\/li>\n<li>Vous pouvez apporter votre propre combinaison ou utiliser l&rsquo;\u00e9quipement fourni par le partenaire.<\/li>\n<\/ul>\n","protected":false},"excerpt":{"rendered":"<p>L\u00b4endroit id\u00e9al pour les passionn\u00e9s d\u00b4eau et d\u00b4adr\u00e9naline, le climat venteux d&rsquo;Esposende en fait un lieu parfait pour cette activit\u00e9. \u00c0 partir de 35 \u20ac par personne Vous pouvez apporter votre propre combinaison ou utiliser l&rsquo;\u00e9quipement fourni par le partenaire.<\/p>\n","protected":false},"author":565,"featured_media":0,"parent":965,"menu_order":14,"comment_status":"closed","ping_status":"closed","template":"template-default-4.php","meta":{"footnotes":""},"class_list":["post-972","page","type-page","status-publish","hentry"],"yoast_head":"<!-- This site is optimized with the Yoast SEO plugin v26.9 - https:\/\/yoast.com\/product\/yoast-seo-wordpress\/ -->\n<title>Kite Surf - Apulia Praia Hotel -<\/title>\n<meta name=\"description\" content=\"L\u00b4endroit id\u00e9al pour les passionn\u00e9s d\u00b4eau et d\u00b4adr\u00e9naline, le climat venteux d&#039;Esposende en fait un lieu parfait pour cette activit\u00e9.   \u00c0 partir de 35 \u20ac par personne  Vous pouvez apporter votre propre combinaison ou utiliser l&#039;\u00e9quipement fourni par le partenaire. .\" \/>\n<meta name=\"robots\" content=\"index, follow, max-snippet:-1, max-image-preview:large, max-video-preview:-1\" \/>\n<link rel=\"canonical\" href=\"https:\/\/apuliapraia-hotel.com\/fr\/experiences\/kite-surf\/\" \/>\n<meta property=\"og:locale\" content=\"fr_FR\" \/>\n<meta property=\"og:type\" content=\"article\" \/>\n<meta property=\"og:title\" content=\"Kite Surf - Apulia Praia Hotel -\" \/>\n<meta property=\"og:description\" content=\"L\u00b4endroit id\u00e9al pour les passionn\u00e9s d\u00b4eau et d\u00b4adr\u00e9naline, le climat venteux d&#039;Esposende en fait un lieu parfait pour cette activit\u00e9.   \u00c0 partir de 35 \u20ac par personne  Vous pouvez apporter votre propre combinaison ou utiliser l&#039;\u00e9quipement fourni par le partenaire. .\" \/>\n<meta property=\"og:url\" content=\"https:\/\/apuliapraia-hotel.com\/fr\/experiences\/kite-surf\/\" \/>\n<meta property=\"og:site_name\" content=\"Apulia Praia Hotel\" \/>\n<meta property=\"article:modified_time\" content=\"2024-01-23T12:06:49+00:00\" \/>\n<meta name=\"twitter:card\" content=\"summary_large_image\" \/>\n<script type=\"application\/ld+json\" class=\"yoast-schema-graph\">{\"@context\":\"https:\/\/schema.org\",\"@graph\":[{\"@type\":\"WebPage\",\"@id\":\"https:\/\/apuliapraia-hotel.com\/fr\/experiences\/kite-surf\/\",\"url\":\"https:\/\/apuliapraia-hotel.com\/fr\/experiences\/kite-surf\/\",\"name\":\"Kite Surf - Apulia Praia Hotel -\",\"isPartOf\":{\"@id\":\"https:\/\/apuliapraia-hotel.com\/fr\/#website\"},\"datePublished\":\"2024-01-04T11:37:12+00:00\",\"dateModified\":\"2024-01-23T12:06:49+00:00\",\"description\":\"L\u00b4endroit id\u00e9al pour les passionn\u00e9s d\u00b4eau et d\u00b4adr\u00e9naline, le climat venteux d'Esposende en fait un lieu parfait pour cette activit\u00e9. \u2022 \u00c0 partir de 35 \u20ac par personne \u2022 Vous pouvez apporter votre propre combinaison ou utiliser l'\u00e9quipement fourni par le partenaire. .\",\"breadcrumb\":{\"@id\":\"https:\/\/apuliapraia-hotel.com\/fr\/experiences\/kite-surf\/#breadcrumb\"},\"inLanguage\":\"fr-FR\",\"potentialAction\":[{\"@type\":\"ReadAction\",\"target\":[\"https:\/\/apuliapraia-hotel.com\/fr\/experiences\/kite-surf\/\"]}]},{\"@type\":\"BreadcrumbList\",\"@id\":\"https:\/\/apuliapraia-hotel.com\/fr\/experiences\/kite-surf\/#breadcrumb\",\"itemListElement\":[{\"@type\":\"ListItem\",\"position\":1,\"name\":\"Home\",\"item\":\"https:\/\/apuliapraia-hotel.com\/fr\/\"},{\"@type\":\"ListItem\",\"position\":2,\"name\":\"Exp\u00e9riences\",\"item\":\"https:\/\/apuliapraia-hotel.com\/fr\/experiences\/\"},{\"@type\":\"ListItem\",\"position\":3,\"name\":\"Kite Surf\"}]},{\"@type\":\"WebSite\",\"@id\":\"https:\/\/apuliapraia-hotel.com\/fr\/#website\",\"url\":\"https:\/\/apuliapraia-hotel.com\/fr\/\",\"name\":\"Apulia Praia Hotel\",\"description\":\"\",\"potentialAction\":[{\"@type\":\"SearchAction\",\"target\":{\"@type\":\"EntryPoint\",\"urlTemplate\":\"https:\/\/apuliapraia-hotel.com\/fr\/?s={search_term_string}\"},\"query-input\":{\"@type\":\"PropertyValueSpecification\",\"valueRequired\":true,\"valueName\":\"search_term_string\"}}],\"inLanguage\":\"fr-FR\"}]}<\/script>\n<!-- \/ Yoast SEO plugin. -->","yoast_head_json":{"title":"Kite Surf - Apulia Praia Hotel -","description":"L\u00b4endroit id\u00e9al pour les passionn\u00e9s d\u00b4eau et d\u00b4adr\u00e9naline, le climat venteux d'Esposende en fait un lieu parfait pour cette activit\u00e9.   \u00c0 partir de 35 \u20ac par personne  Vous pouvez apporter votre propre combinaison ou utiliser l'\u00e9quipement fourni par le partenaire. .","robots":{"index":"index","follow":"follow","max-snippet":"max-snippet:-1","max-image-preview":"max-image-preview:large","max-video-preview":"max-video-preview:-1"},"canonical":"https:\/\/apuliapraia-hotel.com\/fr\/experiences\/kite-surf\/","og_locale":"fr_FR","og_type":"article","og_title":"Kite Surf - Apulia Praia Hotel -","og_description":"L\u00b4endroit id\u00e9al pour les passionn\u00e9s d\u00b4eau et d\u00b4adr\u00e9naline, le climat venteux d'Esposende en fait un lieu parfait pour cette activit\u00e9.   \u00c0 partir de 35 \u20ac par personne  Vous pouvez apporter votre propre combinaison ou utiliser l'\u00e9quipement fourni par le partenaire. .","og_url":"https:\/\/apuliapraia-hotel.com\/fr\/experiences\/kite-surf\/","og_site_name":"Apulia Praia Hotel","article_modified_time":"2024-01-23T12:06:49+00:00","twitter_card":"summary_large_image","schema":{"@context":"https:\/\/schema.org","@graph":[{"@type":"WebPage","@id":"https:\/\/apuliapraia-hotel.com\/fr\/experiences\/kite-surf\/","url":"https:\/\/apuliapraia-hotel.com\/fr\/experiences\/kite-surf\/","name":"Kite Surf - Apulia Praia Hotel -","isPartOf":{"@id":"https:\/\/apuliapraia-hotel.com\/fr\/#website"},"datePublished":"2024-01-04T11:37:12+00:00","dateModified":"2024-01-23T12:06:49+00:00","description":"L\u00b4endroit id\u00e9al pour les passionn\u00e9s d\u00b4eau et d\u00b4adr\u00e9naline, le climat venteux d'Esposende en fait un lieu parfait pour cette activit\u00e9. \u2022 \u00c0 partir de 35 \u20ac par personne \u2022 Vous pouvez apporter votre propre combinaison ou utiliser l'\u00e9quipement fourni par le partenaire. .","breadcrumb":{"@id":"https:\/\/apuliapraia-hotel.com\/fr\/experiences\/kite-surf\/#breadcrumb"},"inLanguage":"fr-FR","potentialAction":[{"@type":"ReadAction","target":["https:\/\/apuliapraia-hotel.com\/fr\/experiences\/kite-surf\/"]}]},{"@type":"BreadcrumbList","@id":"https:\/\/apuliapraia-hotel.com\/fr\/experiences\/kite-surf\/#breadcrumb","itemListElement":[{"@type":"ListItem","position":1,"name":"Home","item":"https:\/\/apuliapraia-hotel.com\/fr\/"},{"@type":"ListItem","position":2,"name":"Exp\u00e9riences","item":"https:\/\/apuliapraia-hotel.com\/fr\/experiences\/"},{"@type":"ListItem","position":3,"name":"Kite Surf"}]},{"@type":"WebSite","@id":"https:\/\/apuliapraia-hotel.com\/fr\/#website","url":"https:\/\/apuliapraia-hotel.com\/fr\/","name":"Apulia Praia Hotel","description":"","potentialAction":[{"@type":"SearchAction","target":{"@type":"EntryPoint","urlTemplate":"https:\/\/apuliapraia-hotel.com\/fr\/?s={search_term_string}"},"query-input":{"@type":"PropertyValueSpecification","valueRequired":true,"valueName":"search_term_string"}}],"inLanguage":"fr-FR"}]}},"acf":[],"_links":{"self":[{"href":"https:\/\/apuliapraia-hotel.com\/fr\/wp-json\/wp\/v2\/pages\/972","targetHints":{"allow":["GET"]}}],"collection":[{"href":"https:\/\/apuliapraia-hotel.com\/fr\/wp-json\/wp\/v2\/pages"}],"about":[{"href":"https:\/\/apuliapraia-hotel.com\/fr\/wp-json\/wp\/v2\/types\/page"}],"author":[{"embeddable":true,"href":"https:\/\/apuliapraia-hotel.com\/fr\/wp-json\/wp\/v2\/users\/565"}],"replies":[{"embeddable":true,"href":"https:\/\/apuliapraia-hotel.com\/fr\/wp-json\/wp\/v2\/comments?post=972"}],"version-history":[{"count":0,"href":"https:\/\/apuliapraia-hotel.com\/fr\/wp-json\/wp\/v2\/pages\/972\/revisions"}],"up":[{"embeddable":true,"href":"https:\/\/apuliapraia-hotel.com\/fr\/wp-json\/wp\/v2\/pages\/965"}],"wp:attachment":[{"href":"https:\/\/apuliapraia-hotel.com\/fr\/wp-json\/wp\/v2\/media?parent=972"}],"curies":[{"name":"wp","href":"https:\/\/api.w.org\/{rel}","templated":true}]}}