{"id":971,"date":"2024-01-04T11:35:58","date_gmt":"2024-01-04T11:35:58","guid":{"rendered":"https:\/\/apuliapraia-hotel.com\/?page_id=971"},"modified":"2024-01-23T12:06:39","modified_gmt":"2024-01-23T12:06:39","slug":"golf","status":"publish","type":"page","link":"https:\/\/apuliapraia-hotel.com\/fr\/experiences\/golf\/","title":{"rendered":"Golf"},"content":{"rendered":"<p>Pour les plus exp\u00e9riment\u00e9s, qui ne manquent pas une occasion de stimuler leur technique et leur concentration, les parcours de golf de la r\u00e9gion sont le sc\u00e9nario id\u00e9al.<\/p>\n<ul>\n<li>75 \u20ac par personne &#8211; Club de golf Estela (18 trous) &#8211; Installations adapt\u00e9s aux personnes handicap\u00e9s.<\/li>\n<li>45 \u20ac par personne &#8211; Golf Quinta da Barca (9 trous)<\/li>\n<li>V\u00eatements confortables requis<\/li>\n<\/ul>\n","protected":false},"excerpt":{"rendered":"<p>Pour les plus exp\u00e9riment\u00e9s, qui ne manquent pas une occasion de stimuler leur technique et leur concentration, les parcours de golf de la r\u00e9gion sont le sc\u00e9nario id\u00e9al. 75 \u20ac par personne &#8211; Club de golf Estela (18 trous) &#8211; Installations adapt\u00e9s aux personnes handicap\u00e9s. 45 \u20ac par personne &#8211; Golf Quinta da Barca (9 [&hellip;]<\/p>\n","protected":false},"author":565,"featured_media":0,"parent":965,"menu_order":13,"comment_status":"closed","ping_status":"closed","template":"template-default-4.php","meta":{"footnotes":""},"class_list":["post-971","page","type-page","status-publish","hentry"],"yoast_head":"<!-- This site is optimized with the Yoast SEO plugin v26.9 - https:\/\/yoast.com\/product\/yoast-seo-wordpress\/ -->\n<title>Golf - Apulia Praia Hotel -<\/title>\n<meta name=\"description\" content=\"Pour les plus exp\u00e9riment\u00e9s, qui ne manquent pas une occasion de stimuler leur technique et leur concentration, les parcours de golf de la r\u00e9gion sont le sc\u00e9nario id\u00e9al.   75 \u20ac par personne - Club de golf Estela (18 trous) - Installations adapt\u00e9s aux personnes handicap\u00e9s.  45 \u20ac par personne - Golf Quinta da Barca (9 trous)  V\u00eatements confortables requis .\" \/>\n<meta name=\"robots\" content=\"index, follow, max-snippet:-1, max-image-preview:large, max-video-preview:-1\" \/>\n<link rel=\"canonical\" href=\"https:\/\/apuliapraia-hotel.com\/fr\/experiences\/golf\/\" \/>\n<meta property=\"og:locale\" content=\"fr_FR\" \/>\n<meta property=\"og:type\" content=\"article\" \/>\n<meta property=\"og:title\" content=\"Golf - Apulia Praia Hotel -\" \/>\n<meta property=\"og:description\" content=\"Pour les plus exp\u00e9riment\u00e9s, qui ne manquent pas une occasion de stimuler leur technique et leur concentration, les parcours de golf de la r\u00e9gion sont le sc\u00e9nario id\u00e9al.   75 \u20ac par personne - Club de golf Estela (18 trous) - Installations adapt\u00e9s aux personnes handicap\u00e9s.  45 \u20ac par personne - Golf Quinta da Barca (9 trous)  V\u00eatements confortables requis .\" \/>\n<meta property=\"og:url\" content=\"https:\/\/apuliapraia-hotel.com\/fr\/experiences\/golf\/\" \/>\n<meta property=\"og:site_name\" content=\"Apulia Praia Hotel\" \/>\n<meta property=\"article:modified_time\" content=\"2024-01-23T12:06:39+00:00\" \/>\n<meta name=\"twitter:card\" content=\"summary_large_image\" \/>\n<script type=\"application\/ld+json\" class=\"yoast-schema-graph\">{\"@context\":\"https:\/\/schema.org\",\"@graph\":[{\"@type\":\"WebPage\",\"@id\":\"https:\/\/apuliapraia-hotel.com\/fr\/experiences\/golf\/\",\"url\":\"https:\/\/apuliapraia-hotel.com\/fr\/experiences\/golf\/\",\"name\":\"Golf - Apulia Praia Hotel -\",\"isPartOf\":{\"@id\":\"https:\/\/apuliapraia-hotel.com\/fr\/#website\"},\"datePublished\":\"2024-01-04T11:35:58+00:00\",\"dateModified\":\"2024-01-23T12:06:39+00:00\",\"description\":\"Pour les plus exp\u00e9riment\u00e9s, qui ne manquent pas une occasion de stimuler leur technique et leur concentration, les parcours de golf de la r\u00e9gion sont le sc\u00e9nario id\u00e9al. \u2022 75 \u20ac par personne - Club de golf Estela (18 trous) - Installations adapt\u00e9s aux personnes handicap\u00e9s. \u2022 45 \u20ac par personne - Golf Quinta da Barca (9 trous) \u2022 V\u00eatements confortables requis .\",\"breadcrumb\":{\"@id\":\"https:\/\/apuliapraia-hotel.com\/fr\/experiences\/golf\/#breadcrumb\"},\"inLanguage\":\"fr-FR\",\"potentialAction\":[{\"@type\":\"ReadAction\",\"target\":[\"https:\/\/apuliapraia-hotel.com\/fr\/experiences\/golf\/\"]}]},{\"@type\":\"BreadcrumbList\",\"@id\":\"https:\/\/apuliapraia-hotel.com\/fr\/experiences\/golf\/#breadcrumb\",\"itemListElement\":[{\"@type\":\"ListItem\",\"position\":1,\"name\":\"Home\",\"item\":\"https:\/\/apuliapraia-hotel.com\/fr\/\"},{\"@type\":\"ListItem\",\"position\":2,\"name\":\"Exp\u00e9riences\",\"item\":\"https:\/\/apuliapraia-hotel.com\/fr\/experiences\/\"},{\"@type\":\"ListItem\",\"position\":3,\"name\":\"Golf\"}]},{\"@type\":\"WebSite\",\"@id\":\"https:\/\/apuliapraia-hotel.com\/fr\/#website\",\"url\":\"https:\/\/apuliapraia-hotel.com\/fr\/\",\"name\":\"Apulia Praia Hotel\",\"description\":\"\",\"potentialAction\":[{\"@type\":\"SearchAction\",\"target\":{\"@type\":\"EntryPoint\",\"urlTemplate\":\"https:\/\/apuliapraia-hotel.com\/fr\/?s={search_term_string}\"},\"query-input\":{\"@type\":\"PropertyValueSpecification\",\"valueRequired\":true,\"valueName\":\"search_term_string\"}}],\"inLanguage\":\"fr-FR\"}]}<\/script>\n<!-- \/ Yoast SEO plugin. -->","yoast_head_json":{"title":"Golf - Apulia Praia Hotel -","description":"Pour les plus exp\u00e9riment\u00e9s, qui ne manquent pas une occasion de stimuler leur technique et leur concentration, les parcours de golf de la r\u00e9gion sont le sc\u00e9nario id\u00e9al.   75 \u20ac par personne - Club de golf Estela (18 trous) - Installations adapt\u00e9s aux personnes handicap\u00e9s.  45 \u20ac par personne - Golf Quinta da Barca (9 trous)  V\u00eatements confortables requis .","robots":{"index":"index","follow":"follow","max-snippet":"max-snippet:-1","max-image-preview":"max-image-preview:large","max-video-preview":"max-video-preview:-1"},"canonical":"https:\/\/apuliapraia-hotel.com\/fr\/experiences\/golf\/","og_locale":"fr_FR","og_type":"article","og_title":"Golf - Apulia Praia Hotel -","og_description":"Pour les plus exp\u00e9riment\u00e9s, qui ne manquent pas une occasion de stimuler leur technique et leur concentration, les parcours de golf de la r\u00e9gion sont le sc\u00e9nario id\u00e9al.   75 \u20ac par personne - Club de golf Estela (18 trous) - Installations adapt\u00e9s aux personnes handicap\u00e9s.  45 \u20ac par personne - Golf Quinta da Barca (9 trous)  V\u00eatements confortables requis .","og_url":"https:\/\/apuliapraia-hotel.com\/fr\/experiences\/golf\/","og_site_name":"Apulia Praia Hotel","article_modified_time":"2024-01-23T12:06:39+00:00","twitter_card":"summary_large_image","schema":{"@context":"https:\/\/schema.org","@graph":[{"@type":"WebPage","@id":"https:\/\/apuliapraia-hotel.com\/fr\/experiences\/golf\/","url":"https:\/\/apuliapraia-hotel.com\/fr\/experiences\/golf\/","name":"Golf - Apulia Praia Hotel -","isPartOf":{"@id":"https:\/\/apuliapraia-hotel.com\/fr\/#website"},"datePublished":"2024-01-04T11:35:58+00:00","dateModified":"2024-01-23T12:06:39+00:00","description":"Pour les plus exp\u00e9riment\u00e9s, qui ne manquent pas une occasion de stimuler leur technique et leur concentration, les parcours de golf de la r\u00e9gion sont le sc\u00e9nario id\u00e9al. \u2022 75 \u20ac par personne - Club de golf Estela (18 trous) - Installations adapt\u00e9s aux personnes handicap\u00e9s. \u2022 45 \u20ac par personne - Golf Quinta da Barca (9 trous) \u2022 V\u00eatements confortables requis .","breadcrumb":{"@id":"https:\/\/apuliapraia-hotel.com\/fr\/experiences\/golf\/#breadcrumb"},"inLanguage":"fr-FR","potentialAction":[{"@type":"ReadAction","target":["https:\/\/apuliapraia-hotel.com\/fr\/experiences\/golf\/"]}]},{"@type":"BreadcrumbList","@id":"https:\/\/apuliapraia-hotel.com\/fr\/experiences\/golf\/#breadcrumb","itemListElement":[{"@type":"ListItem","position":1,"name":"Home","item":"https:\/\/apuliapraia-hotel.com\/fr\/"},{"@type":"ListItem","position":2,"name":"Exp\u00e9riences","item":"https:\/\/apuliapraia-hotel.com\/fr\/experiences\/"},{"@type":"ListItem","position":3,"name":"Golf"}]},{"@type":"WebSite","@id":"https:\/\/apuliapraia-hotel.com\/fr\/#website","url":"https:\/\/apuliapraia-hotel.com\/fr\/","name":"Apulia Praia Hotel","description":"","potentialAction":[{"@type":"SearchAction","target":{"@type":"EntryPoint","urlTemplate":"https:\/\/apuliapraia-hotel.com\/fr\/?s={search_term_string}"},"query-input":{"@type":"PropertyValueSpecification","valueRequired":true,"valueName":"search_term_string"}}],"inLanguage":"fr-FR"}]}},"acf":[],"_links":{"self":[{"href":"https:\/\/apuliapraia-hotel.com\/fr\/wp-json\/wp\/v2\/pages\/971","targetHints":{"allow":["GET"]}}],"collection":[{"href":"https:\/\/apuliapraia-hotel.com\/fr\/wp-json\/wp\/v2\/pages"}],"about":[{"href":"https:\/\/apuliapraia-hotel.com\/fr\/wp-json\/wp\/v2\/types\/page"}],"author":[{"embeddable":true,"href":"https:\/\/apuliapraia-hotel.com\/fr\/wp-json\/wp\/v2\/users\/565"}],"replies":[{"embeddable":true,"href":"https:\/\/apuliapraia-hotel.com\/fr\/wp-json\/wp\/v2\/comments?post=971"}],"version-history":[{"count":0,"href":"https:\/\/apuliapraia-hotel.com\/fr\/wp-json\/wp\/v2\/pages\/971\/revisions"}],"up":[{"embeddable":true,"href":"https:\/\/apuliapraia-hotel.com\/fr\/wp-json\/wp\/v2\/pages\/965"}],"wp:attachment":[{"href":"https:\/\/apuliapraia-hotel.com\/fr\/wp-json\/wp\/v2\/media?parent=971"}],"curies":[{"name":"wp","href":"https:\/\/api.w.org\/{rel}","templated":true}]}}