{"id":969,"date":"2024-01-04T11:30:11","date_gmt":"2024-01-04T11:30:11","guid":{"rendered":"https:\/\/apuliapraia-hotel.com\/?page_id=969"},"modified":"2024-01-23T12:06:21","modified_gmt":"2024-01-23T12:06:21","slug":"quad-bike","status":"publish","type":"page","link":"https:\/\/apuliapraia-hotel.com\/fr\/experiences\/quad-bike\/","title":{"rendered":"Quad Bike"},"content":{"rendered":"<p>Pour les amateurs de conduite extr\u00eame ou balade en moto.<\/p>\n<ul>\n<li>\u00c0 partir de 120 \u20ac par personne<\/li>\n<li>Permis de conduire obligatoire, cat\u00e9gorie A ou B<\/li>\n<li>R\u00e9servation 24 heures \u00e0 l&rsquo;avance (de mai \u00e0 septembre) ou 15 jours avant (d&rsquo;octobre \u00e0 avril)<\/li>\n<\/ul>\n","protected":false},"excerpt":{"rendered":"<p>Pour les amateurs de conduite extr\u00eame ou balade en moto. \u00c0 partir de 120 \u20ac par personne Permis de conduire obligatoire, cat\u00e9gorie A ou B R\u00e9servation 24 heures \u00e0 l&rsquo;avance (de mai \u00e0 septembre) ou 15 jours avant (d&rsquo;octobre \u00e0 avril)<\/p>\n","protected":false},"author":565,"featured_media":0,"parent":965,"menu_order":11,"comment_status":"closed","ping_status":"closed","template":"template-default-4.php","meta":{"footnotes":""},"class_list":["post-969","page","type-page","status-publish","hentry"],"yoast_head":"<!-- This site is optimized with the Yoast SEO plugin v26.9 - https:\/\/yoast.com\/product\/yoast-seo-wordpress\/ -->\n<title>Quad Bike - Apulia Praia Hotel -<\/title>\n<meta name=\"description\" content=\"Pour les amateurs de conduite extr\u00eame ou balade en moto.   \u00c0 partir de 120 \u20ac par personne  Permis de conduire obligatoire, cat\u00e9gorie A ou B  R\u00e9servation 24 heures \u00e0 l&#039;avance (de mai \u00e0 septembre) ou 15 jours avant (d&#039;octobre \u00e0 avril) .\" \/>\n<meta name=\"robots\" content=\"index, follow, max-snippet:-1, max-image-preview:large, max-video-preview:-1\" \/>\n<link rel=\"canonical\" href=\"https:\/\/apuliapraia-hotel.com\/fr\/experiences\/quad-bike\/\" \/>\n<meta property=\"og:locale\" content=\"fr_FR\" \/>\n<meta property=\"og:type\" content=\"article\" \/>\n<meta property=\"og:title\" content=\"Quad Bike - Apulia Praia Hotel -\" \/>\n<meta property=\"og:description\" content=\"Pour les amateurs de conduite extr\u00eame ou balade en moto.   \u00c0 partir de 120 \u20ac par personne  Permis de conduire obligatoire, cat\u00e9gorie A ou B  R\u00e9servation 24 heures \u00e0 l&#039;avance (de mai \u00e0 septembre) ou 15 jours avant (d&#039;octobre \u00e0 avril) .\" \/>\n<meta property=\"og:url\" content=\"https:\/\/apuliapraia-hotel.com\/fr\/experiences\/quad-bike\/\" \/>\n<meta property=\"og:site_name\" content=\"Apulia Praia Hotel\" \/>\n<meta property=\"article:modified_time\" content=\"2024-01-23T12:06:21+00:00\" \/>\n<meta name=\"twitter:card\" content=\"summary_large_image\" \/>\n<script type=\"application\/ld+json\" class=\"yoast-schema-graph\">{\"@context\":\"https:\/\/schema.org\",\"@graph\":[{\"@type\":\"WebPage\",\"@id\":\"https:\/\/apuliapraia-hotel.com\/fr\/experiences\/quad-bike\/\",\"url\":\"https:\/\/apuliapraia-hotel.com\/fr\/experiences\/quad-bike\/\",\"name\":\"Quad Bike - Apulia Praia Hotel -\",\"isPartOf\":{\"@id\":\"https:\/\/apuliapraia-hotel.com\/fr\/#website\"},\"datePublished\":\"2024-01-04T11:30:11+00:00\",\"dateModified\":\"2024-01-23T12:06:21+00:00\",\"description\":\"Pour les amateurs de conduite extr\u00eame ou balade en moto. \u2022 \u00c0 partir de 120 \u20ac par personne \u2022 Permis de conduire obligatoire, cat\u00e9gorie A ou B \u2022 R\u00e9servation 24 heures \u00e0 l'avance (de mai \u00e0 septembre) ou 15 jours avant (d'octobre \u00e0 avril) .\",\"breadcrumb\":{\"@id\":\"https:\/\/apuliapraia-hotel.com\/fr\/experiences\/quad-bike\/#breadcrumb\"},\"inLanguage\":\"fr-FR\",\"potentialAction\":[{\"@type\":\"ReadAction\",\"target\":[\"https:\/\/apuliapraia-hotel.com\/fr\/experiences\/quad-bike\/\"]}]},{\"@type\":\"BreadcrumbList\",\"@id\":\"https:\/\/apuliapraia-hotel.com\/fr\/experiences\/quad-bike\/#breadcrumb\",\"itemListElement\":[{\"@type\":\"ListItem\",\"position\":1,\"name\":\"Home\",\"item\":\"https:\/\/apuliapraia-hotel.com\/fr\/\"},{\"@type\":\"ListItem\",\"position\":2,\"name\":\"Exp\u00e9riences\",\"item\":\"https:\/\/apuliapraia-hotel.com\/fr\/experiences\/\"},{\"@type\":\"ListItem\",\"position\":3,\"name\":\"Quad Bike\"}]},{\"@type\":\"WebSite\",\"@id\":\"https:\/\/apuliapraia-hotel.com\/fr\/#website\",\"url\":\"https:\/\/apuliapraia-hotel.com\/fr\/\",\"name\":\"Apulia Praia Hotel\",\"description\":\"\",\"potentialAction\":[{\"@type\":\"SearchAction\",\"target\":{\"@type\":\"EntryPoint\",\"urlTemplate\":\"https:\/\/apuliapraia-hotel.com\/fr\/?s={search_term_string}\"},\"query-input\":{\"@type\":\"PropertyValueSpecification\",\"valueRequired\":true,\"valueName\":\"search_term_string\"}}],\"inLanguage\":\"fr-FR\"}]}<\/script>\n<!-- \/ Yoast SEO plugin. -->","yoast_head_json":{"title":"Quad Bike - Apulia Praia Hotel -","description":"Pour les amateurs de conduite extr\u00eame ou balade en moto.   \u00c0 partir de 120 \u20ac par personne  Permis de conduire obligatoire, cat\u00e9gorie A ou B  R\u00e9servation 24 heures \u00e0 l'avance (de mai \u00e0 septembre) ou 15 jours avant (d'octobre \u00e0 avril) .","robots":{"index":"index","follow":"follow","max-snippet":"max-snippet:-1","max-image-preview":"max-image-preview:large","max-video-preview":"max-video-preview:-1"},"canonical":"https:\/\/apuliapraia-hotel.com\/fr\/experiences\/quad-bike\/","og_locale":"fr_FR","og_type":"article","og_title":"Quad Bike - Apulia Praia Hotel -","og_description":"Pour les amateurs de conduite extr\u00eame ou balade en moto.   \u00c0 partir de 120 \u20ac par personne  Permis de conduire obligatoire, cat\u00e9gorie A ou B  R\u00e9servation 24 heures \u00e0 l'avance (de mai \u00e0 septembre) ou 15 jours avant (d'octobre \u00e0 avril) .","og_url":"https:\/\/apuliapraia-hotel.com\/fr\/experiences\/quad-bike\/","og_site_name":"Apulia Praia Hotel","article_modified_time":"2024-01-23T12:06:21+00:00","twitter_card":"summary_large_image","schema":{"@context":"https:\/\/schema.org","@graph":[{"@type":"WebPage","@id":"https:\/\/apuliapraia-hotel.com\/fr\/experiences\/quad-bike\/","url":"https:\/\/apuliapraia-hotel.com\/fr\/experiences\/quad-bike\/","name":"Quad Bike - Apulia Praia Hotel -","isPartOf":{"@id":"https:\/\/apuliapraia-hotel.com\/fr\/#website"},"datePublished":"2024-01-04T11:30:11+00:00","dateModified":"2024-01-23T12:06:21+00:00","description":"Pour les amateurs de conduite extr\u00eame ou balade en moto. \u2022 \u00c0 partir de 120 \u20ac par personne \u2022 Permis de conduire obligatoire, cat\u00e9gorie A ou B \u2022 R\u00e9servation 24 heures \u00e0 l'avance (de mai \u00e0 septembre) ou 15 jours avant (d'octobre \u00e0 avril) .","breadcrumb":{"@id":"https:\/\/apuliapraia-hotel.com\/fr\/experiences\/quad-bike\/#breadcrumb"},"inLanguage":"fr-FR","potentialAction":[{"@type":"ReadAction","target":["https:\/\/apuliapraia-hotel.com\/fr\/experiences\/quad-bike\/"]}]},{"@type":"BreadcrumbList","@id":"https:\/\/apuliapraia-hotel.com\/fr\/experiences\/quad-bike\/#breadcrumb","itemListElement":[{"@type":"ListItem","position":1,"name":"Home","item":"https:\/\/apuliapraia-hotel.com\/fr\/"},{"@type":"ListItem","position":2,"name":"Exp\u00e9riences","item":"https:\/\/apuliapraia-hotel.com\/fr\/experiences\/"},{"@type":"ListItem","position":3,"name":"Quad Bike"}]},{"@type":"WebSite","@id":"https:\/\/apuliapraia-hotel.com\/fr\/#website","url":"https:\/\/apuliapraia-hotel.com\/fr\/","name":"Apulia Praia Hotel","description":"","potentialAction":[{"@type":"SearchAction","target":{"@type":"EntryPoint","urlTemplate":"https:\/\/apuliapraia-hotel.com\/fr\/?s={search_term_string}"},"query-input":{"@type":"PropertyValueSpecification","valueRequired":true,"valueName":"search_term_string"}}],"inLanguage":"fr-FR"}]}},"acf":[],"_links":{"self":[{"href":"https:\/\/apuliapraia-hotel.com\/fr\/wp-json\/wp\/v2\/pages\/969","targetHints":{"allow":["GET"]}}],"collection":[{"href":"https:\/\/apuliapraia-hotel.com\/fr\/wp-json\/wp\/v2\/pages"}],"about":[{"href":"https:\/\/apuliapraia-hotel.com\/fr\/wp-json\/wp\/v2\/types\/page"}],"author":[{"embeddable":true,"href":"https:\/\/apuliapraia-hotel.com\/fr\/wp-json\/wp\/v2\/users\/565"}],"replies":[{"embeddable":true,"href":"https:\/\/apuliapraia-hotel.com\/fr\/wp-json\/wp\/v2\/comments?post=969"}],"version-history":[{"count":0,"href":"https:\/\/apuliapraia-hotel.com\/fr\/wp-json\/wp\/v2\/pages\/969\/revisions"}],"up":[{"embeddable":true,"href":"https:\/\/apuliapraia-hotel.com\/fr\/wp-json\/wp\/v2\/pages\/965"}],"wp:attachment":[{"href":"https:\/\/apuliapraia-hotel.com\/fr\/wp-json\/wp\/v2\/media?parent=969"}],"curies":[{"name":"wp","href":"https:\/\/api.w.org\/{rel}","templated":true}]}}