{"id":966,"date":"2024-01-04T11:16:14","date_gmt":"2024-01-04T11:16:14","guid":{"rendered":"https:\/\/apuliapraia-hotel.com\/?page_id=966"},"modified":"2024-01-23T11:57:28","modified_gmt":"2024-01-23T11:57:28","slug":"forfait-romantique","status":"publish","type":"page","link":"https:\/\/apuliapraia-hotel.com\/fr\/experiences\/forfait-romantique\/","title":{"rendered":"Forfait romantique"},"content":{"rendered":"<p>Surprenez quelqu&rsquo;un avec notre forfait romantique, qui comprend un d\u00eener pour deux dans notre restaurant, un s\u00e9jour dans une chambre romantique, avec vin mousseux et des chocolats gratuits, ainsi que le petit-d\u00e9jeuner.<\/p>\n<ul>\n<li>Prix sur demande<\/li>\n<\/ul>\n","protected":false},"excerpt":{"rendered":"<p>Surprenez quelqu&rsquo;un avec notre forfait romantique, qui comprend un d\u00eener pour deux dans notre restaurant, un s\u00e9jour dans une chambre romantique, avec vin mousseux et des chocolats gratuits, ainsi que le petit-d\u00e9jeuner. Prix sur demande<\/p>\n","protected":false},"author":565,"featured_media":0,"parent":965,"menu_order":9,"comment_status":"closed","ping_status":"closed","template":"template-default-4.php","meta":{"footnotes":""},"class_list":["post-966","page","type-page","status-publish","hentry"],"yoast_head":"<!-- This site is optimized with the Yoast SEO plugin v26.9 - https:\/\/yoast.com\/product\/yoast-seo-wordpress\/ -->\n<title>Forfait romantique - Apulia Praia Hotel -<\/title>\n<meta name=\"description\" content=\"Surprenez quelqu&#039;un avec notre forfait romantique, qui comprend un d\u00eener pour deux dans notre restaurant, un s\u00e9jour dans une chambre romantique, avec vin mousseux et des chocolats gratuits, ainsi que le petit-d\u00e9jeuner.   Prix sur demande .\" \/>\n<meta name=\"robots\" content=\"index, follow, max-snippet:-1, max-image-preview:large, max-video-preview:-1\" \/>\n<link rel=\"canonical\" href=\"https:\/\/apuliapraia-hotel.com\/fr\/experiences\/forfait-romantique\/\" \/>\n<meta property=\"og:locale\" content=\"fr_FR\" \/>\n<meta property=\"og:type\" content=\"article\" \/>\n<meta property=\"og:title\" content=\"Forfait romantique - Apulia Praia Hotel -\" \/>\n<meta property=\"og:description\" content=\"Surprenez quelqu&#039;un avec notre forfait romantique, qui comprend un d\u00eener pour deux dans notre restaurant, un s\u00e9jour dans une chambre romantique, avec vin mousseux et des chocolats gratuits, ainsi que le petit-d\u00e9jeuner.   Prix sur demande .\" \/>\n<meta property=\"og:url\" content=\"https:\/\/apuliapraia-hotel.com\/fr\/experiences\/forfait-romantique\/\" \/>\n<meta property=\"og:site_name\" content=\"Apulia Praia Hotel\" \/>\n<meta property=\"article:modified_time\" content=\"2024-01-23T11:57:28+00:00\" \/>\n<meta name=\"twitter:card\" content=\"summary_large_image\" \/>\n<script type=\"application\/ld+json\" class=\"yoast-schema-graph\">{\"@context\":\"https:\/\/schema.org\",\"@graph\":[{\"@type\":\"WebPage\",\"@id\":\"https:\/\/apuliapraia-hotel.com\/fr\/experiences\/forfait-romantique\/\",\"url\":\"https:\/\/apuliapraia-hotel.com\/fr\/experiences\/forfait-romantique\/\",\"name\":\"Forfait romantique - Apulia Praia Hotel -\",\"isPartOf\":{\"@id\":\"https:\/\/apuliapraia-hotel.com\/fr\/#website\"},\"datePublished\":\"2024-01-04T11:16:14+00:00\",\"dateModified\":\"2024-01-23T11:57:28+00:00\",\"description\":\"Surprenez quelqu'un avec notre forfait romantique, qui comprend un d\u00eener pour deux dans notre restaurant, un s\u00e9jour dans une chambre romantique, avec vin mousseux et des chocolats gratuits, ainsi que le petit-d\u00e9jeuner. \u2022 Prix sur demande .\",\"breadcrumb\":{\"@id\":\"https:\/\/apuliapraia-hotel.com\/fr\/experiences\/forfait-romantique\/#breadcrumb\"},\"inLanguage\":\"fr-FR\",\"potentialAction\":[{\"@type\":\"ReadAction\",\"target\":[\"https:\/\/apuliapraia-hotel.com\/fr\/experiences\/forfait-romantique\/\"]}]},{\"@type\":\"BreadcrumbList\",\"@id\":\"https:\/\/apuliapraia-hotel.com\/fr\/experiences\/forfait-romantique\/#breadcrumb\",\"itemListElement\":[{\"@type\":\"ListItem\",\"position\":1,\"name\":\"Home\",\"item\":\"https:\/\/apuliapraia-hotel.com\/fr\/\"},{\"@type\":\"ListItem\",\"position\":2,\"name\":\"Exp\u00e9riences\",\"item\":\"https:\/\/apuliapraia-hotel.com\/fr\/experiences\/\"},{\"@type\":\"ListItem\",\"position\":3,\"name\":\"Forfait romantique\"}]},{\"@type\":\"WebSite\",\"@id\":\"https:\/\/apuliapraia-hotel.com\/fr\/#website\",\"url\":\"https:\/\/apuliapraia-hotel.com\/fr\/\",\"name\":\"Apulia Praia Hotel\",\"description\":\"\",\"potentialAction\":[{\"@type\":\"SearchAction\",\"target\":{\"@type\":\"EntryPoint\",\"urlTemplate\":\"https:\/\/apuliapraia-hotel.com\/fr\/?s={search_term_string}\"},\"query-input\":{\"@type\":\"PropertyValueSpecification\",\"valueRequired\":true,\"valueName\":\"search_term_string\"}}],\"inLanguage\":\"fr-FR\"}]}<\/script>\n<!-- \/ Yoast SEO plugin. -->","yoast_head_json":{"title":"Forfait romantique - Apulia Praia Hotel -","description":"Surprenez quelqu'un avec notre forfait romantique, qui comprend un d\u00eener pour deux dans notre restaurant, un s\u00e9jour dans une chambre romantique, avec vin mousseux et des chocolats gratuits, ainsi que le petit-d\u00e9jeuner.   Prix sur demande .","robots":{"index":"index","follow":"follow","max-snippet":"max-snippet:-1","max-image-preview":"max-image-preview:large","max-video-preview":"max-video-preview:-1"},"canonical":"https:\/\/apuliapraia-hotel.com\/fr\/experiences\/forfait-romantique\/","og_locale":"fr_FR","og_type":"article","og_title":"Forfait romantique - Apulia Praia Hotel -","og_description":"Surprenez quelqu'un avec notre forfait romantique, qui comprend un d\u00eener pour deux dans notre restaurant, un s\u00e9jour dans une chambre romantique, avec vin mousseux et des chocolats gratuits, ainsi que le petit-d\u00e9jeuner.   Prix sur demande .","og_url":"https:\/\/apuliapraia-hotel.com\/fr\/experiences\/forfait-romantique\/","og_site_name":"Apulia Praia Hotel","article_modified_time":"2024-01-23T11:57:28+00:00","twitter_card":"summary_large_image","schema":{"@context":"https:\/\/schema.org","@graph":[{"@type":"WebPage","@id":"https:\/\/apuliapraia-hotel.com\/fr\/experiences\/forfait-romantique\/","url":"https:\/\/apuliapraia-hotel.com\/fr\/experiences\/forfait-romantique\/","name":"Forfait romantique - Apulia Praia Hotel -","isPartOf":{"@id":"https:\/\/apuliapraia-hotel.com\/fr\/#website"},"datePublished":"2024-01-04T11:16:14+00:00","dateModified":"2024-01-23T11:57:28+00:00","description":"Surprenez quelqu'un avec notre forfait romantique, qui comprend un d\u00eener pour deux dans notre restaurant, un s\u00e9jour dans une chambre romantique, avec vin mousseux et des chocolats gratuits, ainsi que le petit-d\u00e9jeuner. \u2022 Prix sur demande .","breadcrumb":{"@id":"https:\/\/apuliapraia-hotel.com\/fr\/experiences\/forfait-romantique\/#breadcrumb"},"inLanguage":"fr-FR","potentialAction":[{"@type":"ReadAction","target":["https:\/\/apuliapraia-hotel.com\/fr\/experiences\/forfait-romantique\/"]}]},{"@type":"BreadcrumbList","@id":"https:\/\/apuliapraia-hotel.com\/fr\/experiences\/forfait-romantique\/#breadcrumb","itemListElement":[{"@type":"ListItem","position":1,"name":"Home","item":"https:\/\/apuliapraia-hotel.com\/fr\/"},{"@type":"ListItem","position":2,"name":"Exp\u00e9riences","item":"https:\/\/apuliapraia-hotel.com\/fr\/experiences\/"},{"@type":"ListItem","position":3,"name":"Forfait romantique"}]},{"@type":"WebSite","@id":"https:\/\/apuliapraia-hotel.com\/fr\/#website","url":"https:\/\/apuliapraia-hotel.com\/fr\/","name":"Apulia Praia Hotel","description":"","potentialAction":[{"@type":"SearchAction","target":{"@type":"EntryPoint","urlTemplate":"https:\/\/apuliapraia-hotel.com\/fr\/?s={search_term_string}"},"query-input":{"@type":"PropertyValueSpecification","valueRequired":true,"valueName":"search_term_string"}}],"inLanguage":"fr-FR"}]}},"acf":[],"_links":{"self":[{"href":"https:\/\/apuliapraia-hotel.com\/fr\/wp-json\/wp\/v2\/pages\/966","targetHints":{"allow":["GET"]}}],"collection":[{"href":"https:\/\/apuliapraia-hotel.com\/fr\/wp-json\/wp\/v2\/pages"}],"about":[{"href":"https:\/\/apuliapraia-hotel.com\/fr\/wp-json\/wp\/v2\/types\/page"}],"author":[{"embeddable":true,"href":"https:\/\/apuliapraia-hotel.com\/fr\/wp-json\/wp\/v2\/users\/565"}],"replies":[{"embeddable":true,"href":"https:\/\/apuliapraia-hotel.com\/fr\/wp-json\/wp\/v2\/comments?post=966"}],"version-history":[{"count":0,"href":"https:\/\/apuliapraia-hotel.com\/fr\/wp-json\/wp\/v2\/pages\/966\/revisions"}],"up":[{"embeddable":true,"href":"https:\/\/apuliapraia-hotel.com\/fr\/wp-json\/wp\/v2\/pages\/965"}],"wp:attachment":[{"href":"https:\/\/apuliapraia-hotel.com\/fr\/wp-json\/wp\/v2\/media?parent=966"}],"curies":[{"name":"wp","href":"https:\/\/api.w.org\/{rel}","templated":true}]}}