{"id":965,"date":"2024-01-04T11:12:37","date_gmt":"2024-01-04T11:12:37","guid":{"rendered":"https:\/\/apuliapraia-hotel.com\/?page_id=965"},"modified":"2025-02-21T21:53:13","modified_gmt":"2025-02-21T21:53:13","slug":"experiences","status":"publish","type":"page","link":"https:\/\/apuliapraia-hotel.com\/fr\/experiences\/","title":{"rendered":"Exp\u00e9riences"},"content":{"rendered":"<p>Laissez-vous captiver par <strong>d\u00b4innombrables exp\u00e9riences<\/strong> que propose notre r\u00e9gion. De nombreuses activit\u00e9s vous attendent. Laissez-vous emporter par<strong> l\u00b4aventure<\/strong> et <strong>explorez de nouveaux horizons<\/strong>, <strong>go\u00fbtez \u00e0 des cuisines vari\u00e9es<\/strong> et vivez des moments inoubliables. \u00c1 l\u00b4h\u00f4tel Apulia Praia, vous aurez acc\u00e8s \u00e0 tout cela et bien plus encore!<\/p>\n","protected":false},"excerpt":{"rendered":"<p>Laissez-vous captiver par d\u00b4innombrables exp\u00e9riences que propose notre r\u00e9gion. De nombreuses activit\u00e9s vous attendent. Laissez-vous emporter par l\u00b4aventure et explorez de nouveaux horizons, go\u00fbtez \u00e0 des cuisines vari\u00e9es et vivez des moments inoubliables. \u00c1 l\u00b4h\u00f4tel Apulia Praia, vous aurez acc\u00e8s \u00e0 tout cela et bien plus encore!<\/p>\n","protected":false},"author":565,"featured_media":0,"parent":0,"menu_order":8,"comment_status":"closed","ping_status":"closed","template":"template-experiences.php","meta":{"footnotes":""},"class_list":["post-965","page","type-page","status-publish","hentry"],"yoast_head":"<!-- This site is optimized with the Yoast SEO plugin v26.9 - https:\/\/yoast.com\/product\/yoast-seo-wordpress\/ -->\n<title>Exp\u00e9riences - Apulia Praia Hotel -<\/title>\n<meta name=\"description\" content=\"Laissez-vous captiver par d\u00b4innombrables exp\u00e9riences que propose notre r\u00e9gion. De nombreuses activit\u00e9s vous attendent\" \/>\n<meta name=\"robots\" content=\"index, follow, max-snippet:-1, max-image-preview:large, max-video-preview:-1\" \/>\n<link rel=\"canonical\" href=\"https:\/\/apuliapraia-hotel.com\/fr\/experiences\/\" \/>\n<meta property=\"og:locale\" content=\"fr_FR\" \/>\n<meta property=\"og:type\" content=\"article\" \/>\n<meta property=\"og:title\" content=\"Exp\u00e9riences - Apulia Praia Hotel -\" \/>\n<meta property=\"og:description\" content=\"Laissez-vous captiver par d\u00b4innombrables exp\u00e9riences que propose notre r\u00e9gion. De nombreuses activit\u00e9s vous attendent\" \/>\n<meta property=\"og:url\" content=\"https:\/\/apuliapraia-hotel.com\/fr\/experiences\/\" \/>\n<meta property=\"og:site_name\" content=\"Apulia Praia Hotel\" \/>\n<meta property=\"article:modified_time\" content=\"2025-02-21T21:53:13+00:00\" \/>\n<meta name=\"twitter:card\" content=\"summary_large_image\" \/>\n<meta name=\"twitter:label1\" content=\"Dur\u00e9e de lecture estim\u00e9e\" \/>\n\t<meta name=\"twitter:data1\" content=\"1 minute\" \/>\n<script type=\"application\/ld+json\" class=\"yoast-schema-graph\">{\"@context\":\"https:\/\/schema.org\",\"@graph\":[{\"@type\":\"WebPage\",\"@id\":\"https:\/\/apuliapraia-hotel.com\/fr\/experiences\/\",\"url\":\"https:\/\/apuliapraia-hotel.com\/fr\/experiences\/\",\"name\":\"Exp\u00e9riences - Apulia Praia Hotel -\",\"isPartOf\":{\"@id\":\"https:\/\/apuliapraia-hotel.com\/fr\/#website\"},\"datePublished\":\"2024-01-04T11:12:37+00:00\",\"dateModified\":\"2025-02-21T21:53:13+00:00\",\"description\":\"Laissez-vous captiver par d\u00b4innombrables exp\u00e9riences que propose notre r\u00e9gion. De nombreuses activit\u00e9s vous attendent\",\"breadcrumb\":{\"@id\":\"https:\/\/apuliapraia-hotel.com\/fr\/experiences\/#breadcrumb\"},\"inLanguage\":\"fr-FR\",\"potentialAction\":[{\"@type\":\"ReadAction\",\"target\":[\"https:\/\/apuliapraia-hotel.com\/fr\/experiences\/\"]}]},{\"@type\":\"BreadcrumbList\",\"@id\":\"https:\/\/apuliapraia-hotel.com\/fr\/experiences\/#breadcrumb\",\"itemListElement\":[{\"@type\":\"ListItem\",\"position\":1,\"name\":\"Home\",\"item\":\"https:\/\/apuliapraia-hotel.com\/fr\/\"},{\"@type\":\"ListItem\",\"position\":2,\"name\":\"Exp\u00e9riences\"}]},{\"@type\":\"WebSite\",\"@id\":\"https:\/\/apuliapraia-hotel.com\/fr\/#website\",\"url\":\"https:\/\/apuliapraia-hotel.com\/fr\/\",\"name\":\"Apulia Praia Hotel\",\"description\":\"\",\"potentialAction\":[{\"@type\":\"SearchAction\",\"target\":{\"@type\":\"EntryPoint\",\"urlTemplate\":\"https:\/\/apuliapraia-hotel.com\/fr\/?s={search_term_string}\"},\"query-input\":{\"@type\":\"PropertyValueSpecification\",\"valueRequired\":true,\"valueName\":\"search_term_string\"}}],\"inLanguage\":\"fr-FR\"}]}<\/script>\n<!-- \/ Yoast SEO plugin. -->","yoast_head_json":{"title":"Exp\u00e9riences - Apulia Praia Hotel -","description":"Laissez-vous captiver par d\u00b4innombrables exp\u00e9riences que propose notre r\u00e9gion. De nombreuses activit\u00e9s vous attendent","robots":{"index":"index","follow":"follow","max-snippet":"max-snippet:-1","max-image-preview":"max-image-preview:large","max-video-preview":"max-video-preview:-1"},"canonical":"https:\/\/apuliapraia-hotel.com\/fr\/experiences\/","og_locale":"fr_FR","og_type":"article","og_title":"Exp\u00e9riences - Apulia Praia Hotel -","og_description":"Laissez-vous captiver par d\u00b4innombrables exp\u00e9riences que propose notre r\u00e9gion. De nombreuses activit\u00e9s vous attendent","og_url":"https:\/\/apuliapraia-hotel.com\/fr\/experiences\/","og_site_name":"Apulia Praia Hotel","article_modified_time":"2025-02-21T21:53:13+00:00","twitter_card":"summary_large_image","twitter_misc":{"Dur\u00e9e de lecture estim\u00e9e":"1 minute"},"schema":{"@context":"https:\/\/schema.org","@graph":[{"@type":"WebPage","@id":"https:\/\/apuliapraia-hotel.com\/fr\/experiences\/","url":"https:\/\/apuliapraia-hotel.com\/fr\/experiences\/","name":"Exp\u00e9riences - Apulia Praia Hotel -","isPartOf":{"@id":"https:\/\/apuliapraia-hotel.com\/fr\/#website"},"datePublished":"2024-01-04T11:12:37+00:00","dateModified":"2025-02-21T21:53:13+00:00","description":"Laissez-vous captiver par d\u00b4innombrables exp\u00e9riences que propose notre r\u00e9gion. De nombreuses activit\u00e9s vous attendent","breadcrumb":{"@id":"https:\/\/apuliapraia-hotel.com\/fr\/experiences\/#breadcrumb"},"inLanguage":"fr-FR","potentialAction":[{"@type":"ReadAction","target":["https:\/\/apuliapraia-hotel.com\/fr\/experiences\/"]}]},{"@type":"BreadcrumbList","@id":"https:\/\/apuliapraia-hotel.com\/fr\/experiences\/#breadcrumb","itemListElement":[{"@type":"ListItem","position":1,"name":"Home","item":"https:\/\/apuliapraia-hotel.com\/fr\/"},{"@type":"ListItem","position":2,"name":"Exp\u00e9riences"}]},{"@type":"WebSite","@id":"https:\/\/apuliapraia-hotel.com\/fr\/#website","url":"https:\/\/apuliapraia-hotel.com\/fr\/","name":"Apulia Praia Hotel","description":"","potentialAction":[{"@type":"SearchAction","target":{"@type":"EntryPoint","urlTemplate":"https:\/\/apuliapraia-hotel.com\/fr\/?s={search_term_string}"},"query-input":{"@type":"PropertyValueSpecification","valueRequired":true,"valueName":"search_term_string"}}],"inLanguage":"fr-FR"}]}},"acf":[],"_links":{"self":[{"href":"https:\/\/apuliapraia-hotel.com\/fr\/wp-json\/wp\/v2\/pages\/965","targetHints":{"allow":["GET"]}}],"collection":[{"href":"https:\/\/apuliapraia-hotel.com\/fr\/wp-json\/wp\/v2\/pages"}],"about":[{"href":"https:\/\/apuliapraia-hotel.com\/fr\/wp-json\/wp\/v2\/types\/page"}],"author":[{"embeddable":true,"href":"https:\/\/apuliapraia-hotel.com\/fr\/wp-json\/wp\/v2\/users\/565"}],"replies":[{"embeddable":true,"href":"https:\/\/apuliapraia-hotel.com\/fr\/wp-json\/wp\/v2\/comments?post=965"}],"version-history":[{"count":0,"href":"https:\/\/apuliapraia-hotel.com\/fr\/wp-json\/wp\/v2\/pages\/965\/revisions"}],"wp:attachment":[{"href":"https:\/\/apuliapraia-hotel.com\/fr\/wp-json\/wp\/v2\/media?parent=965"}],"curies":[{"name":"wp","href":"https:\/\/api.w.org\/{rel}","templated":true}]}}