{"id":963,"date":"2024-01-04T10:38:02","date_gmt":"2024-01-04T10:38:02","guid":{"rendered":"https:\/\/apuliapraia-hotel.com\/?page_id=963"},"modified":"2025-02-21T21:51:18","modified_gmt":"2025-02-21T21:51:18","slug":"restaurant","status":"publish","type":"page","link":"https:\/\/apuliapraia-hotel.com\/fr\/restaurant\/","title":{"rendered":"Restaurant"},"content":{"rendered":"<p>L&rsquo;h\u00f4tel Apulia Praia vous offre des journ\u00e9es riches en <strong>exp\u00e9riences uniques et m\u00e9morables<\/strong>, dont la premi\u00e8re commence par notre petit-d\u00e9jeuner !<\/p>\n<p>Chaque jour, offrez-vous l\u2019exp\u00e9rience de savourer notre <strong>petit-d\u00e9jeuner vari\u00e9 au restaurant<\/strong>, pr\u00e9sent\u00e9 sous forme de <strong>buffet<\/strong> et pr\u00e9par\u00e9 avec soin pour satisfaire tous les gouts (et r\u00e9pondre \u00e1 toutes les intol\u00e9rances). Vous pourrez \u00e9galement choisir de prendre votre petit-d\u00e9jeuner dans le confort de votre chambre gr\u00e2ce \u00e0 <strong>notre service en chambre<\/strong>.<\/p>\n<p>Pour d\u00e9buter votre journ\u00e9e de la meilleure mani\u00e8re qui soit, explorez notre vari\u00e9t\u00e9 de pains que vous pourrez agr\u00e9menter de fromage, charcuterie, de beurre et de confitures. Savourez \u00e9galement une s\u00e9lection de <strong>p\u00e2tisseries maison<\/strong> tout juste sorties du four, servies directement \u00e0 votre table.<\/p>\n<p>Pour <strong>compl\u00e9ter<\/strong> ces d\u00e9lices, <strong>savourez<\/strong> un yaourt onctueux accompagn\u00e9 de granola et de c\u00e9r\u00e9ales vari\u00e9es, le tout agr\u00e9ment\u00e9 de fruits frais soigneusement coup\u00e9s par notre \u00e9quipe. N\u00b4oublions pas les jus de fruits et une bonne tasse de caf\u00e9 pour que vous puissiez <strong>entamer votre journ\u00e9e avec toute l\u2019\u00e9nergie n\u00e9cessaire<\/strong>.<\/p>\n","protected":false},"excerpt":{"rendered":"<p>L&rsquo;h\u00f4tel Apulia Praia vous offre des journ\u00e9es riches en exp\u00e9riences uniques et m\u00e9morables, dont la premi\u00e8re commence par notre petit-d\u00e9jeuner ! Chaque jour, offrez-vous l\u2019exp\u00e9rience de savourer notre petit-d\u00e9jeuner vari\u00e9 au restaurant, pr\u00e9sent\u00e9 sous forme de buffet et pr\u00e9par\u00e9 avec soin pour satisfaire tous les gouts (et r\u00e9pondre \u00e1 toutes les intol\u00e9rances). Vous pourrez \u00e9galement [&hellip;]<\/p>\n","protected":false},"author":565,"featured_media":0,"parent":0,"menu_order":6,"comment_status":"closed","ping_status":"closed","template":"template-single-restaurant.php","meta":{"footnotes":""},"class_list":["post-963","page","type-page","status-publish","hentry"],"yoast_head":"<!-- This site is optimized with the Yoast SEO plugin v26.9 - https:\/\/yoast.com\/product\/yoast-seo-wordpress\/ -->\n<title>Restaurant - Apulia Praia Hotel -<\/title>\n<meta name=\"description\" content=\"L&#039;h\u00f4tel Apulia Praia vous offre des journ\u00e9es riches en exp\u00e9riences uniques et m\u00e9morables, dont la premi\u00e8re commence par notre petit-d\u00e9jeuner !  Chaque jour, offrez-vous l\u2019exp\u00e9rience de savourer notre petit-d\u00e9jeuner vari\u00e9 au restaurant, pr\u00e9sent\u00e9 sous forme de buffet et pr\u00e9par\u00e9 avec soin pour satisfaire tous les gouts (et r\u00e9pondre \u00e1 toutes les intol\u00e9rances). Vous pourrez \u00e9galement choisir de prendre votre petit-d\u00e9jeuner dans le confort de votre chambre gr\u00e2ce \u00e0 notre service en chambre.  Pour d\u00e9buter votre journ\u00e9e de la meilleure mani\u00e8re qui soit, explorez notre vari\u00e9t\u00e9 de pains que vous pourrez agr\u00e9menter de fromage, charcuterie, de beurre et de confitures\" \/>\n<meta name=\"robots\" content=\"index, follow, max-snippet:-1, max-image-preview:large, max-video-preview:-1\" \/>\n<link rel=\"canonical\" href=\"https:\/\/apuliapraia-hotel.com\/fr\/restaurant\/\" \/>\n<meta property=\"og:locale\" content=\"fr_FR\" \/>\n<meta property=\"og:type\" content=\"article\" \/>\n<meta property=\"og:title\" content=\"Restaurant - Apulia Praia Hotel -\" \/>\n<meta property=\"og:description\" content=\"L&#039;h\u00f4tel Apulia Praia vous offre des journ\u00e9es riches en exp\u00e9riences uniques et m\u00e9morables, dont la premi\u00e8re commence par notre petit-d\u00e9jeuner !  Chaque jour, offrez-vous l\u2019exp\u00e9rience de savourer notre petit-d\u00e9jeuner vari\u00e9 au restaurant, pr\u00e9sent\u00e9 sous forme de buffet et pr\u00e9par\u00e9 avec soin pour satisfaire tous les gouts (et r\u00e9pondre \u00e1 toutes les intol\u00e9rances). Vous pourrez \u00e9galement choisir de prendre votre petit-d\u00e9jeuner dans le confort de votre chambre gr\u00e2ce \u00e0 notre service en chambre.  Pour d\u00e9buter votre journ\u00e9e de la meilleure mani\u00e8re qui soit, explorez notre vari\u00e9t\u00e9 de pains que vous pourrez agr\u00e9menter de fromage, charcuterie, de beurre et de confitures\" \/>\n<meta property=\"og:url\" content=\"https:\/\/apuliapraia-hotel.com\/fr\/restaurant\/\" \/>\n<meta property=\"og:site_name\" content=\"Apulia Praia Hotel\" \/>\n<meta property=\"article:modified_time\" content=\"2025-02-21T21:51:18+00:00\" \/>\n<meta name=\"twitter:card\" content=\"summary_large_image\" \/>\n<meta name=\"twitter:label1\" content=\"Dur\u00e9e de lecture estim\u00e9e\" \/>\n\t<meta name=\"twitter:data1\" content=\"1 minute\" \/>\n<script type=\"application\/ld+json\" class=\"yoast-schema-graph\">{\"@context\":\"https:\/\/schema.org\",\"@graph\":[{\"@type\":\"WebPage\",\"@id\":\"https:\/\/apuliapraia-hotel.com\/fr\/restaurant\/\",\"url\":\"https:\/\/apuliapraia-hotel.com\/fr\/restaurant\/\",\"name\":\"Restaurant - Apulia Praia Hotel -\",\"isPartOf\":{\"@id\":\"https:\/\/apuliapraia-hotel.com\/fr\/#website\"},\"datePublished\":\"2024-01-04T10:38:02+00:00\",\"dateModified\":\"2025-02-21T21:51:18+00:00\",\"description\":\"L'h\u00f4tel Apulia Praia vous offre des journ\u00e9es riches en exp\u00e9riences uniques et m\u00e9morables, dont la premi\u00e8re commence par notre petit-d\u00e9jeuner ! Chaque jour, offrez-vous l\u2019exp\u00e9rience de savourer notre petit-d\u00e9jeuner vari\u00e9 au restaurant, pr\u00e9sent\u00e9 sous forme de buffet et pr\u00e9par\u00e9 avec soin pour satisfaire tous les gouts (et r\u00e9pondre \u00e1 toutes les intol\u00e9rances). Vous pourrez \u00e9galement choisir de prendre votre petit-d\u00e9jeuner dans le confort de votre chambre gr\u00e2ce \u00e0 notre service en chambre. Pour d\u00e9buter votre journ\u00e9e de la meilleure mani\u00e8re qui soit, explorez notre vari\u00e9t\u00e9 de pains que vous pourrez agr\u00e9menter de fromage, charcuterie, de beurre et de confitures\",\"breadcrumb\":{\"@id\":\"https:\/\/apuliapraia-hotel.com\/fr\/restaurant\/#breadcrumb\"},\"inLanguage\":\"fr-FR\",\"potentialAction\":[{\"@type\":\"ReadAction\",\"target\":[\"https:\/\/apuliapraia-hotel.com\/fr\/restaurant\/\"]}]},{\"@type\":\"BreadcrumbList\",\"@id\":\"https:\/\/apuliapraia-hotel.com\/fr\/restaurant\/#breadcrumb\",\"itemListElement\":[{\"@type\":\"ListItem\",\"position\":1,\"name\":\"Home\",\"item\":\"https:\/\/apuliapraia-hotel.com\/fr\/\"},{\"@type\":\"ListItem\",\"position\":2,\"name\":\"Restaurant\"}]},{\"@type\":\"WebSite\",\"@id\":\"https:\/\/apuliapraia-hotel.com\/fr\/#website\",\"url\":\"https:\/\/apuliapraia-hotel.com\/fr\/\",\"name\":\"Apulia Praia Hotel\",\"description\":\"\",\"potentialAction\":[{\"@type\":\"SearchAction\",\"target\":{\"@type\":\"EntryPoint\",\"urlTemplate\":\"https:\/\/apuliapraia-hotel.com\/fr\/?s={search_term_string}\"},\"query-input\":{\"@type\":\"PropertyValueSpecification\",\"valueRequired\":true,\"valueName\":\"search_term_string\"}}],\"inLanguage\":\"fr-FR\"}]}<\/script>\n<!-- \/ Yoast SEO plugin. -->","yoast_head_json":{"title":"Restaurant - Apulia Praia Hotel -","description":"L'h\u00f4tel Apulia Praia vous offre des journ\u00e9es riches en exp\u00e9riences uniques et m\u00e9morables, dont la premi\u00e8re commence par notre petit-d\u00e9jeuner !  Chaque jour, offrez-vous l\u2019exp\u00e9rience de savourer notre petit-d\u00e9jeuner vari\u00e9 au restaurant, pr\u00e9sent\u00e9 sous forme de buffet et pr\u00e9par\u00e9 avec soin pour satisfaire tous les gouts (et r\u00e9pondre \u00e1 toutes les intol\u00e9rances). Vous pourrez \u00e9galement choisir de prendre votre petit-d\u00e9jeuner dans le confort de votre chambre gr\u00e2ce \u00e0 notre service en chambre.  Pour d\u00e9buter votre journ\u00e9e de la meilleure mani\u00e8re qui soit, explorez notre vari\u00e9t\u00e9 de pains que vous pourrez agr\u00e9menter de fromage, charcuterie, de beurre et de confitures","robots":{"index":"index","follow":"follow","max-snippet":"max-snippet:-1","max-image-preview":"max-image-preview:large","max-video-preview":"max-video-preview:-1"},"canonical":"https:\/\/apuliapraia-hotel.com\/fr\/restaurant\/","og_locale":"fr_FR","og_type":"article","og_title":"Restaurant - Apulia Praia Hotel -","og_description":"L'h\u00f4tel Apulia Praia vous offre des journ\u00e9es riches en exp\u00e9riences uniques et m\u00e9morables, dont la premi\u00e8re commence par notre petit-d\u00e9jeuner !  Chaque jour, offrez-vous l\u2019exp\u00e9rience de savourer notre petit-d\u00e9jeuner vari\u00e9 au restaurant, pr\u00e9sent\u00e9 sous forme de buffet et pr\u00e9par\u00e9 avec soin pour satisfaire tous les gouts (et r\u00e9pondre \u00e1 toutes les intol\u00e9rances). Vous pourrez \u00e9galement choisir de prendre votre petit-d\u00e9jeuner dans le confort de votre chambre gr\u00e2ce \u00e0 notre service en chambre.  Pour d\u00e9buter votre journ\u00e9e de la meilleure mani\u00e8re qui soit, explorez notre vari\u00e9t\u00e9 de pains que vous pourrez agr\u00e9menter de fromage, charcuterie, de beurre et de confitures","og_url":"https:\/\/apuliapraia-hotel.com\/fr\/restaurant\/","og_site_name":"Apulia Praia Hotel","article_modified_time":"2025-02-21T21:51:18+00:00","twitter_card":"summary_large_image","twitter_misc":{"Dur\u00e9e de lecture estim\u00e9e":"1 minute"},"schema":{"@context":"https:\/\/schema.org","@graph":[{"@type":"WebPage","@id":"https:\/\/apuliapraia-hotel.com\/fr\/restaurant\/","url":"https:\/\/apuliapraia-hotel.com\/fr\/restaurant\/","name":"Restaurant - Apulia Praia Hotel -","isPartOf":{"@id":"https:\/\/apuliapraia-hotel.com\/fr\/#website"},"datePublished":"2024-01-04T10:38:02+00:00","dateModified":"2025-02-21T21:51:18+00:00","description":"L'h\u00f4tel Apulia Praia vous offre des journ\u00e9es riches en exp\u00e9riences uniques et m\u00e9morables, dont la premi\u00e8re commence par notre petit-d\u00e9jeuner ! Chaque jour, offrez-vous l\u2019exp\u00e9rience de savourer notre petit-d\u00e9jeuner vari\u00e9 au restaurant, pr\u00e9sent\u00e9 sous forme de buffet et pr\u00e9par\u00e9 avec soin pour satisfaire tous les gouts (et r\u00e9pondre \u00e1 toutes les intol\u00e9rances). Vous pourrez \u00e9galement choisir de prendre votre petit-d\u00e9jeuner dans le confort de votre chambre gr\u00e2ce \u00e0 notre service en chambre. Pour d\u00e9buter votre journ\u00e9e de la meilleure mani\u00e8re qui soit, explorez notre vari\u00e9t\u00e9 de pains que vous pourrez agr\u00e9menter de fromage, charcuterie, de beurre et de confitures","breadcrumb":{"@id":"https:\/\/apuliapraia-hotel.com\/fr\/restaurant\/#breadcrumb"},"inLanguage":"fr-FR","potentialAction":[{"@type":"ReadAction","target":["https:\/\/apuliapraia-hotel.com\/fr\/restaurant\/"]}]},{"@type":"BreadcrumbList","@id":"https:\/\/apuliapraia-hotel.com\/fr\/restaurant\/#breadcrumb","itemListElement":[{"@type":"ListItem","position":1,"name":"Home","item":"https:\/\/apuliapraia-hotel.com\/fr\/"},{"@type":"ListItem","position":2,"name":"Restaurant"}]},{"@type":"WebSite","@id":"https:\/\/apuliapraia-hotel.com\/fr\/#website","url":"https:\/\/apuliapraia-hotel.com\/fr\/","name":"Apulia Praia Hotel","description":"","potentialAction":[{"@type":"SearchAction","target":{"@type":"EntryPoint","urlTemplate":"https:\/\/apuliapraia-hotel.com\/fr\/?s={search_term_string}"},"query-input":{"@type":"PropertyValueSpecification","valueRequired":true,"valueName":"search_term_string"}}],"inLanguage":"fr-FR"}]}},"acf":[],"_links":{"self":[{"href":"https:\/\/apuliapraia-hotel.com\/fr\/wp-json\/wp\/v2\/pages\/963","targetHints":{"allow":["GET"]}}],"collection":[{"href":"https:\/\/apuliapraia-hotel.com\/fr\/wp-json\/wp\/v2\/pages"}],"about":[{"href":"https:\/\/apuliapraia-hotel.com\/fr\/wp-json\/wp\/v2\/types\/page"}],"author":[{"embeddable":true,"href":"https:\/\/apuliapraia-hotel.com\/fr\/wp-json\/wp\/v2\/users\/565"}],"replies":[{"embeddable":true,"href":"https:\/\/apuliapraia-hotel.com\/fr\/wp-json\/wp\/v2\/comments?post=963"}],"version-history":[{"count":0,"href":"https:\/\/apuliapraia-hotel.com\/fr\/wp-json\/wp\/v2\/pages\/963\/revisions"}],"wp:attachment":[{"href":"https:\/\/apuliapraia-hotel.com\/fr\/wp-json\/wp\/v2\/media?parent=963"}],"curies":[{"name":"wp","href":"https:\/\/api.w.org\/{rel}","templated":true}]}}