{"id":960,"date":"2024-01-04T10:25:09","date_gmt":"2024-01-04T10:25:09","guid":{"rendered":"https:\/\/apuliapraia-hotel.com\/?page_id=960"},"modified":"2025-02-21T21:46:25","modified_gmt":"2025-02-21T21:46:25","slug":"romantique","status":"publish","type":"page","link":"https:\/\/apuliapraia-hotel.com\/fr\/chambres\/romantique\/","title":{"rendered":"Romantique"},"content":{"rendered":"<p>Chambre double avec un lit double (Queen size), \u00e9l\u00e9gamment d\u00e9cor\u00e9e pour cr\u00e9er une ambiance romantique et envo\u00fbtante, id\u00e9ale pour des moments inoubliables \u00e0 deux.\u00a0Votre s\u00e9jour dans l\u00b4une de nos chambres romantiques comprend l&rsquo;offre d&rsquo;un vin mousseux, de chocolats, ainsi qu&rsquo;un d\u00e9licieux petit d\u00e9jeuner, servi dans la chambre.\u00a0 Avec salle de bains priv\u00e9e, produits d\u00b4hygi\u00e8ne et s\u00e8che-cheveux. Cette chambre est \u00e9quip\u00e9e d&rsquo;une connexion Wi-Fi gratuite, d&rsquo;une t\u00e9l\u00e9vision \u00e0 \u00e9cran plat, de la climatisation, d&rsquo;un t\u00e9l\u00e9phone, d&rsquo;un coffre-fort, d&rsquo;un minibar, d&rsquo;une bouilloire et d&rsquo;un bureau.<\/p>\n","protected":false},"excerpt":{"rendered":"<p>Chambre double avec un lit double (Queen size), \u00e9l\u00e9gamment d\u00e9cor\u00e9e pour cr\u00e9er une ambiance romantique et envo\u00fbtante, id\u00e9ale pour des moments inoubliables \u00e0 deux.\u00a0Votre s\u00e9jour dans l\u00b4une de nos chambres romantiques comprend l&rsquo;offre d&rsquo;un vin mousseux, de chocolats, ainsi qu&rsquo;un d\u00e9licieux petit d\u00e9jeuner, servi dans la chambre.\u00a0 Avec salle de bains priv\u00e9e, produits d\u00b4hygi\u00e8ne et [&hellip;]<\/p>\n","protected":false},"author":565,"featured_media":346,"parent":955,"menu_order":5,"comment_status":"closed","ping_status":"closed","template":"template-single-room.php","meta":{"footnotes":""},"class_list":["post-960","page","type-page","status-publish","has-post-thumbnail","hentry"],"yoast_head":"<!-- This site is optimized with the Yoast SEO plugin v26.9 - https:\/\/yoast.com\/product\/yoast-seo-wordpress\/ -->\n<title>Romantique - Apulia Praia Hotel -<\/title>\n<meta name=\"description\" content=\"Chambre double avec un lit double (Queen size), \u00e9l\u00e9gamment d\u00e9cor\u00e9e pour cr\u00e9er une ambiance romantique et envo\u00fbtante, id\u00e9ale pour des moments inoubliables \u00e0 deux.\u00a0Votre s\u00e9jour dans l\u00b4une de nos chambres romantiques comprend l&#039;offre d&#039;un vin mousseux, de chocolats, ainsi qu&#039;un d\u00e9licieux petit d\u00e9jeuner, servi dans la chambre.\u00a0 Avec salle de bains priv\u00e9e, produits d\u00b4hygi\u00e8ne et s\u00e8che-cheveux. Cette chambre est \u00e9quip\u00e9e d&#039;une connexion Wi-Fi gratuite, d&#039;une t\u00e9l\u00e9vision \u00e0 \u00e9cran plat, de la climatisation, d&#039;un t\u00e9l\u00e9phone, d&#039;un coffre-fort, d&#039;un minibar, d&#039;une bouilloire et d&#039;un bureau.\" \/>\n<meta name=\"robots\" content=\"index, follow, max-snippet:-1, max-image-preview:large, max-video-preview:-1\" \/>\n<link rel=\"canonical\" href=\"https:\/\/apuliapraia-hotel.com\/fr\/chambres\/romantique\/\" \/>\n<meta property=\"og:locale\" content=\"fr_FR\" \/>\n<meta property=\"og:type\" content=\"article\" \/>\n<meta property=\"og:title\" content=\"Romantique - Apulia Praia Hotel -\" \/>\n<meta property=\"og:description\" content=\"Chambre double avec un lit double (Queen size), \u00e9l\u00e9gamment d\u00e9cor\u00e9e pour cr\u00e9er une ambiance romantique et envo\u00fbtante, id\u00e9ale pour des moments inoubliables \u00e0 deux.\u00a0Votre s\u00e9jour dans l\u00b4une de nos chambres romantiques comprend l&#039;offre d&#039;un vin mousseux, de chocolats, ainsi qu&#039;un d\u00e9licieux petit d\u00e9jeuner, servi dans la chambre.\u00a0 Avec salle de bains priv\u00e9e, produits d\u00b4hygi\u00e8ne et s\u00e8che-cheveux. Cette chambre est \u00e9quip\u00e9e d&#039;une connexion Wi-Fi gratuite, d&#039;une t\u00e9l\u00e9vision \u00e0 \u00e9cran plat, de la climatisation, d&#039;un t\u00e9l\u00e9phone, d&#039;un coffre-fort, d&#039;un minibar, d&#039;une bouilloire et d&#039;un bureau.\" \/>\n<meta property=\"og:url\" content=\"https:\/\/apuliapraia-hotel.com\/fr\/chambres\/romantique\/\" \/>\n<meta property=\"og:site_name\" content=\"Apulia Praia Hotel\" \/>\n<meta property=\"article:modified_time\" content=\"2025-02-21T21:46:25+00:00\" \/>\n<meta property=\"og:image\" content=\"https:\/\/apuliapraia-hotel.com\/wp-content\/uploads\/sites\/512\/2023\/02\/Quarto_Romantico3_thumb.jpg\" \/>\n\t<meta property=\"og:image:width\" content=\"1200\" \/>\n\t<meta property=\"og:image:height\" content=\"800\" \/>\n\t<meta property=\"og:image:type\" content=\"image\/jpeg\" \/>\n<meta name=\"twitter:card\" content=\"summary_large_image\" \/>\n<meta name=\"twitter:label1\" content=\"Dur\u00e9e de lecture estim\u00e9e\" \/>\n\t<meta name=\"twitter:data1\" content=\"1 minute\" \/>\n<script type=\"application\/ld+json\" class=\"yoast-schema-graph\">{\"@context\":\"https:\/\/schema.org\",\"@graph\":[{\"@type\":\"WebPage\",\"@id\":\"https:\/\/apuliapraia-hotel.com\/fr\/chambres\/romantique\/\",\"url\":\"https:\/\/apuliapraia-hotel.com\/fr\/chambres\/romantique\/\",\"name\":\"Romantique - Apulia Praia Hotel -\",\"isPartOf\":{\"@id\":\"https:\/\/apuliapraia-hotel.com\/fr\/#website\"},\"primaryImageOfPage\":{\"@id\":\"https:\/\/apuliapraia-hotel.com\/fr\/chambres\/romantique\/#primaryimage\"},\"image\":{\"@id\":\"https:\/\/apuliapraia-hotel.com\/fr\/chambres\/romantique\/#primaryimage\"},\"thumbnailUrl\":\"https:\/\/apuliapraia-hotel.com\/wp-content\/uploads\/sites\/512\/2023\/02\/Quarto_Romantico3_thumb.jpg\",\"datePublished\":\"2024-01-04T10:25:09+00:00\",\"dateModified\":\"2025-02-21T21:46:25+00:00\",\"description\":\"Chambre double avec un lit double (Queen size), \u00e9l\u00e9gamment d\u00e9cor\u00e9e pour cr\u00e9er une ambiance romantique et envo\u00fbtante, id\u00e9ale pour des moments inoubliables \u00e0 deux.\u00a0Votre s\u00e9jour dans l\u00b4une de nos chambres romantiques comprend l'offre d'un vin mousseux, de chocolats, ainsi qu'un d\u00e9licieux petit d\u00e9jeuner, servi dans la chambre.\u00a0 Avec salle de bains priv\u00e9e, produits d\u00b4hygi\u00e8ne et s\u00e8che-cheveux. Cette chambre est \u00e9quip\u00e9e d'une connexion Wi-Fi gratuite, d'une t\u00e9l\u00e9vision \u00e0 \u00e9cran plat, de la climatisation, d'un t\u00e9l\u00e9phone, d'un coffre-fort, d'un minibar, d'une bouilloire et d'un bureau.\",\"breadcrumb\":{\"@id\":\"https:\/\/apuliapraia-hotel.com\/fr\/chambres\/romantique\/#breadcrumb\"},\"inLanguage\":\"fr-FR\",\"potentialAction\":[{\"@type\":\"ReadAction\",\"target\":[\"https:\/\/apuliapraia-hotel.com\/fr\/chambres\/romantique\/\"]}]},{\"@type\":\"ImageObject\",\"inLanguage\":\"fr-FR\",\"@id\":\"https:\/\/apuliapraia-hotel.com\/fr\/chambres\/romantique\/#primaryimage\",\"url\":\"https:\/\/apuliapraia-hotel.com\/wp-content\/uploads\/sites\/512\/2023\/02\/Quarto_Romantico3_thumb.jpg\",\"contentUrl\":\"https:\/\/apuliapraia-hotel.com\/wp-content\/uploads\/sites\/512\/2023\/02\/Quarto_Romantico3_thumb.jpg\",\"width\":1200,\"height\":800},{\"@type\":\"BreadcrumbList\",\"@id\":\"https:\/\/apuliapraia-hotel.com\/fr\/chambres\/romantique\/#breadcrumb\",\"itemListElement\":[{\"@type\":\"ListItem\",\"position\":1,\"name\":\"Home\",\"item\":\"https:\/\/apuliapraia-hotel.com\/fr\/\"},{\"@type\":\"ListItem\",\"position\":2,\"name\":\"Chambres\",\"item\":\"https:\/\/apuliapraia-hotel.com\/fr\/chambres\/\"},{\"@type\":\"ListItem\",\"position\":3,\"name\":\"Romantique\"}]},{\"@type\":\"WebSite\",\"@id\":\"https:\/\/apuliapraia-hotel.com\/fr\/#website\",\"url\":\"https:\/\/apuliapraia-hotel.com\/fr\/\",\"name\":\"Apulia Praia Hotel\",\"description\":\"\",\"potentialAction\":[{\"@type\":\"SearchAction\",\"target\":{\"@type\":\"EntryPoint\",\"urlTemplate\":\"https:\/\/apuliapraia-hotel.com\/fr\/?s={search_term_string}\"},\"query-input\":{\"@type\":\"PropertyValueSpecification\",\"valueRequired\":true,\"valueName\":\"search_term_string\"}}],\"inLanguage\":\"fr-FR\"}]}<\/script>\n<!-- \/ Yoast SEO plugin. -->","yoast_head_json":{"title":"Romantique - Apulia Praia Hotel -","description":"Chambre double avec un lit double (Queen size), \u00e9l\u00e9gamment d\u00e9cor\u00e9e pour cr\u00e9er une ambiance romantique et envo\u00fbtante, id\u00e9ale pour des moments inoubliables \u00e0 deux.\u00a0Votre s\u00e9jour dans l\u00b4une de nos chambres romantiques comprend l'offre d'un vin mousseux, de chocolats, ainsi qu'un d\u00e9licieux petit d\u00e9jeuner, servi dans la chambre.\u00a0 Avec salle de bains priv\u00e9e, produits d\u00b4hygi\u00e8ne et s\u00e8che-cheveux. Cette chambre est \u00e9quip\u00e9e d'une connexion Wi-Fi gratuite, d'une t\u00e9l\u00e9vision \u00e0 \u00e9cran plat, de la climatisation, d'un t\u00e9l\u00e9phone, d'un coffre-fort, d'un minibar, d'une bouilloire et d'un bureau.","robots":{"index":"index","follow":"follow","max-snippet":"max-snippet:-1","max-image-preview":"max-image-preview:large","max-video-preview":"max-video-preview:-1"},"canonical":"https:\/\/apuliapraia-hotel.com\/fr\/chambres\/romantique\/","og_locale":"fr_FR","og_type":"article","og_title":"Romantique - Apulia Praia Hotel -","og_description":"Chambre double avec un lit double (Queen size), \u00e9l\u00e9gamment d\u00e9cor\u00e9e pour cr\u00e9er une ambiance romantique et envo\u00fbtante, id\u00e9ale pour des moments inoubliables \u00e0 deux.\u00a0Votre s\u00e9jour dans l\u00b4une de nos chambres romantiques comprend l'offre d'un vin mousseux, de chocolats, ainsi qu'un d\u00e9licieux petit d\u00e9jeuner, servi dans la chambre.\u00a0 Avec salle de bains priv\u00e9e, produits d\u00b4hygi\u00e8ne et s\u00e8che-cheveux. Cette chambre est \u00e9quip\u00e9e d'une connexion Wi-Fi gratuite, d'une t\u00e9l\u00e9vision \u00e0 \u00e9cran plat, de la climatisation, d'un t\u00e9l\u00e9phone, d'un coffre-fort, d'un minibar, d'une bouilloire et d'un bureau.","og_url":"https:\/\/apuliapraia-hotel.com\/fr\/chambres\/romantique\/","og_site_name":"Apulia Praia Hotel","article_modified_time":"2025-02-21T21:46:25+00:00","og_image":[{"width":1200,"height":800,"url":"https:\/\/apuliapraia-hotel.com\/wp-content\/uploads\/sites\/512\/2023\/02\/Quarto_Romantico3_thumb.jpg","type":"image\/jpeg"}],"twitter_card":"summary_large_image","twitter_misc":{"Dur\u00e9e de lecture estim\u00e9e":"1 minute"},"schema":{"@context":"https:\/\/schema.org","@graph":[{"@type":"WebPage","@id":"https:\/\/apuliapraia-hotel.com\/fr\/chambres\/romantique\/","url":"https:\/\/apuliapraia-hotel.com\/fr\/chambres\/romantique\/","name":"Romantique - Apulia Praia Hotel -","isPartOf":{"@id":"https:\/\/apuliapraia-hotel.com\/fr\/#website"},"primaryImageOfPage":{"@id":"https:\/\/apuliapraia-hotel.com\/fr\/chambres\/romantique\/#primaryimage"},"image":{"@id":"https:\/\/apuliapraia-hotel.com\/fr\/chambres\/romantique\/#primaryimage"},"thumbnailUrl":"https:\/\/apuliapraia-hotel.com\/wp-content\/uploads\/sites\/512\/2023\/02\/Quarto_Romantico3_thumb.jpg","datePublished":"2024-01-04T10:25:09+00:00","dateModified":"2025-02-21T21:46:25+00:00","description":"Chambre double avec un lit double (Queen size), \u00e9l\u00e9gamment d\u00e9cor\u00e9e pour cr\u00e9er une ambiance romantique et envo\u00fbtante, id\u00e9ale pour des moments inoubliables \u00e0 deux.\u00a0Votre s\u00e9jour dans l\u00b4une de nos chambres romantiques comprend l'offre d'un vin mousseux, de chocolats, ainsi qu'un d\u00e9licieux petit d\u00e9jeuner, servi dans la chambre.\u00a0 Avec salle de bains priv\u00e9e, produits d\u00b4hygi\u00e8ne et s\u00e8che-cheveux. Cette chambre est \u00e9quip\u00e9e d'une connexion Wi-Fi gratuite, d'une t\u00e9l\u00e9vision \u00e0 \u00e9cran plat, de la climatisation, d'un t\u00e9l\u00e9phone, d'un coffre-fort, d'un minibar, d'une bouilloire et d'un bureau.","breadcrumb":{"@id":"https:\/\/apuliapraia-hotel.com\/fr\/chambres\/romantique\/#breadcrumb"},"inLanguage":"fr-FR","potentialAction":[{"@type":"ReadAction","target":["https:\/\/apuliapraia-hotel.com\/fr\/chambres\/romantique\/"]}]},{"@type":"ImageObject","inLanguage":"fr-FR","@id":"https:\/\/apuliapraia-hotel.com\/fr\/chambres\/romantique\/#primaryimage","url":"https:\/\/apuliapraia-hotel.com\/wp-content\/uploads\/sites\/512\/2023\/02\/Quarto_Romantico3_thumb.jpg","contentUrl":"https:\/\/apuliapraia-hotel.com\/wp-content\/uploads\/sites\/512\/2023\/02\/Quarto_Romantico3_thumb.jpg","width":1200,"height":800},{"@type":"BreadcrumbList","@id":"https:\/\/apuliapraia-hotel.com\/fr\/chambres\/romantique\/#breadcrumb","itemListElement":[{"@type":"ListItem","position":1,"name":"Home","item":"https:\/\/apuliapraia-hotel.com\/fr\/"},{"@type":"ListItem","position":2,"name":"Chambres","item":"https:\/\/apuliapraia-hotel.com\/fr\/chambres\/"},{"@type":"ListItem","position":3,"name":"Romantique"}]},{"@type":"WebSite","@id":"https:\/\/apuliapraia-hotel.com\/fr\/#website","url":"https:\/\/apuliapraia-hotel.com\/fr\/","name":"Apulia Praia Hotel","description":"","potentialAction":[{"@type":"SearchAction","target":{"@type":"EntryPoint","urlTemplate":"https:\/\/apuliapraia-hotel.com\/fr\/?s={search_term_string}"},"query-input":{"@type":"PropertyValueSpecification","valueRequired":true,"valueName":"search_term_string"}}],"inLanguage":"fr-FR"}]}},"acf":[],"_links":{"self":[{"href":"https:\/\/apuliapraia-hotel.com\/fr\/wp-json\/wp\/v2\/pages\/960","targetHints":{"allow":["GET"]}}],"collection":[{"href":"https:\/\/apuliapraia-hotel.com\/fr\/wp-json\/wp\/v2\/pages"}],"about":[{"href":"https:\/\/apuliapraia-hotel.com\/fr\/wp-json\/wp\/v2\/types\/page"}],"author":[{"embeddable":true,"href":"https:\/\/apuliapraia-hotel.com\/fr\/wp-json\/wp\/v2\/users\/565"}],"replies":[{"embeddable":true,"href":"https:\/\/apuliapraia-hotel.com\/fr\/wp-json\/wp\/v2\/comments?post=960"}],"version-history":[{"count":0,"href":"https:\/\/apuliapraia-hotel.com\/fr\/wp-json\/wp\/v2\/pages\/960\/revisions"}],"up":[{"embeddable":true,"href":"https:\/\/apuliapraia-hotel.com\/fr\/wp-json\/wp\/v2\/pages\/955"}],"wp:featuredmedia":[{"embeddable":true,"href":"https:\/\/apuliapraia-hotel.com\/fr\/wp-json\/wp\/v2\/media\/346"}],"wp:attachment":[{"href":"https:\/\/apuliapraia-hotel.com\/fr\/wp-json\/wp\/v2\/media?parent=960"}],"curies":[{"name":"wp","href":"https:\/\/api.w.org\/{rel}","templated":true}]}}