{"id":959,"date":"2024-01-04T10:20:57","date_gmt":"2024-01-04T10:20:57","guid":{"rendered":"https:\/\/apuliapraia-hotel.com\/?page_id=959"},"modified":"2024-01-09T13:28:55","modified_gmt":"2024-01-09T13:28:55","slug":"triple","status":"publish","type":"page","link":"https:\/\/apuliapraia-hotel.com\/fr\/chambres\/triple\/","title":{"rendered":"Triple"},"content":{"rendered":"<p>Chambre avec trois lits simples ou un lit double (Queen size), plus un lit simple, avec ou sans balcon, avec salle de bains priv\u00e9e, produits d\u00b4hygi\u00e8ne et s\u00e8che-cheveux. Elle est \u00e9quip\u00e9e d&rsquo;une connexion Wi-Fi gratuite, d&rsquo;une t\u00e9l\u00e9vision \u00e0 \u00e9cran plat, de la climatisation, d&rsquo;un t\u00e9l\u00e9phone, d&rsquo;un coffre-fort, d&rsquo;un minibar, d&rsquo;une bouilloire et d&rsquo;un bureau.<\/p>\n","protected":false},"excerpt":{"rendered":"<p>Chambre avec trois lits simples ou un lit double (Queen size), plus un lit simple, avec ou sans balcon, avec salle de bains priv\u00e9e, produits d\u00b4hygi\u00e8ne et s\u00e8che-cheveux. Elle est \u00e9quip\u00e9e d&rsquo;une connexion Wi-Fi gratuite, d&rsquo;une t\u00e9l\u00e9vision \u00e0 \u00e9cran plat, de la climatisation, d&rsquo;un t\u00e9l\u00e9phone, d&rsquo;un coffre-fort, d&rsquo;un minibar, d&rsquo;une bouilloire et d&rsquo;un bureau.<\/p>\n","protected":false},"author":565,"featured_media":303,"parent":955,"menu_order":4,"comment_status":"closed","ping_status":"closed","template":"template-single-room.php","meta":{"footnotes":""},"class_list":["post-959","page","type-page","status-publish","has-post-thumbnail","hentry"],"yoast_head":"<!-- This site is optimized with the Yoast SEO plugin v26.9 - https:\/\/yoast.com\/product\/yoast-seo-wordpress\/ -->\n<title>Triple - Apulia Praia Hotel -<\/title>\n<meta name=\"description\" content=\"Chambre avec trois lits simples ou un lit double (Queen size), plus un lit simple, avec ou sans balcon, avec salle de bains priv\u00e9e, produits d\u00b4hygi\u00e8ne et s\u00e8che-cheveux. Elle est \u00e9quip\u00e9e d&#039;une connexion Wi-Fi gratuite, d&#039;une t\u00e9l\u00e9vision \u00e0 \u00e9cran plat, de la climatisation, d&#039;un t\u00e9l\u00e9phone, d&#039;un coffre-fort, d&#039;un minibar, d&#039;une bouilloire et d&#039;un bureau.\" \/>\n<meta name=\"robots\" content=\"index, follow, max-snippet:-1, max-image-preview:large, max-video-preview:-1\" \/>\n<link rel=\"canonical\" href=\"https:\/\/apuliapraia-hotel.com\/fr\/chambres\/triple\/\" \/>\n<meta property=\"og:locale\" content=\"fr_FR\" \/>\n<meta property=\"og:type\" content=\"article\" \/>\n<meta property=\"og:title\" content=\"Triple - Apulia Praia Hotel -\" \/>\n<meta property=\"og:description\" content=\"Chambre avec trois lits simples ou un lit double (Queen size), plus un lit simple, avec ou sans balcon, avec salle de bains priv\u00e9e, produits d\u00b4hygi\u00e8ne et s\u00e8che-cheveux. Elle est \u00e9quip\u00e9e d&#039;une connexion Wi-Fi gratuite, d&#039;une t\u00e9l\u00e9vision \u00e0 \u00e9cran plat, de la climatisation, d&#039;un t\u00e9l\u00e9phone, d&#039;un coffre-fort, d&#039;un minibar, d&#039;une bouilloire et d&#039;un bureau.\" \/>\n<meta property=\"og:url\" content=\"https:\/\/apuliapraia-hotel.com\/fr\/chambres\/triple\/\" \/>\n<meta property=\"og:site_name\" content=\"Apulia Praia Hotel\" \/>\n<meta property=\"article:modified_time\" content=\"2024-01-09T13:28:55+00:00\" \/>\n<meta property=\"og:image\" content=\"https:\/\/apuliapraia-hotel.com\/wp-content\/uploads\/sites\/512\/2023\/01\/Quarto_Triplo3.jpg\" \/>\n\t<meta property=\"og:image:width\" content=\"1200\" \/>\n\t<meta property=\"og:image:height\" content=\"800\" \/>\n\t<meta property=\"og:image:type\" content=\"image\/jpeg\" \/>\n<meta name=\"twitter:card\" content=\"summary_large_image\" \/>\n<script type=\"application\/ld+json\" class=\"yoast-schema-graph\">{\"@context\":\"https:\/\/schema.org\",\"@graph\":[{\"@type\":\"WebPage\",\"@id\":\"https:\/\/apuliapraia-hotel.com\/fr\/chambres\/triple\/\",\"url\":\"https:\/\/apuliapraia-hotel.com\/fr\/chambres\/triple\/\",\"name\":\"Triple - Apulia Praia Hotel -\",\"isPartOf\":{\"@id\":\"https:\/\/apuliapraia-hotel.com\/fr\/#website\"},\"primaryImageOfPage\":{\"@id\":\"https:\/\/apuliapraia-hotel.com\/fr\/chambres\/triple\/#primaryimage\"},\"image\":{\"@id\":\"https:\/\/apuliapraia-hotel.com\/fr\/chambres\/triple\/#primaryimage\"},\"thumbnailUrl\":\"https:\/\/apuliapraia-hotel.com\/wp-content\/uploads\/sites\/512\/2023\/01\/Quarto_Triplo3.jpg\",\"datePublished\":\"2024-01-04T10:20:57+00:00\",\"dateModified\":\"2024-01-09T13:28:55+00:00\",\"description\":\"Chambre avec trois lits simples ou un lit double (Queen size), plus un lit simple, avec ou sans balcon, avec salle de bains priv\u00e9e, produits d\u00b4hygi\u00e8ne et s\u00e8che-cheveux. Elle est \u00e9quip\u00e9e d'une connexion Wi-Fi gratuite, d'une t\u00e9l\u00e9vision \u00e0 \u00e9cran plat, de la climatisation, d'un t\u00e9l\u00e9phone, d'un coffre-fort, d'un minibar, d'une bouilloire et d'un bureau.\",\"breadcrumb\":{\"@id\":\"https:\/\/apuliapraia-hotel.com\/fr\/chambres\/triple\/#breadcrumb\"},\"inLanguage\":\"fr-FR\",\"potentialAction\":[{\"@type\":\"ReadAction\",\"target\":[\"https:\/\/apuliapraia-hotel.com\/fr\/chambres\/triple\/\"]}]},{\"@type\":\"ImageObject\",\"inLanguage\":\"fr-FR\",\"@id\":\"https:\/\/apuliapraia-hotel.com\/fr\/chambres\/triple\/#primaryimage\",\"url\":\"https:\/\/apuliapraia-hotel.com\/wp-content\/uploads\/sites\/512\/2023\/01\/Quarto_Triplo3.jpg\",\"contentUrl\":\"https:\/\/apuliapraia-hotel.com\/wp-content\/uploads\/sites\/512\/2023\/01\/Quarto_Triplo3.jpg\",\"width\":1200,\"height\":800},{\"@type\":\"BreadcrumbList\",\"@id\":\"https:\/\/apuliapraia-hotel.com\/fr\/chambres\/triple\/#breadcrumb\",\"itemListElement\":[{\"@type\":\"ListItem\",\"position\":1,\"name\":\"Home\",\"item\":\"https:\/\/apuliapraia-hotel.com\/fr\/\"},{\"@type\":\"ListItem\",\"position\":2,\"name\":\"Chambres\",\"item\":\"https:\/\/apuliapraia-hotel.com\/fr\/chambres\/\"},{\"@type\":\"ListItem\",\"position\":3,\"name\":\"Triple\"}]},{\"@type\":\"WebSite\",\"@id\":\"https:\/\/apuliapraia-hotel.com\/fr\/#website\",\"url\":\"https:\/\/apuliapraia-hotel.com\/fr\/\",\"name\":\"Apulia Praia Hotel\",\"description\":\"\",\"potentialAction\":[{\"@type\":\"SearchAction\",\"target\":{\"@type\":\"EntryPoint\",\"urlTemplate\":\"https:\/\/apuliapraia-hotel.com\/fr\/?s={search_term_string}\"},\"query-input\":{\"@type\":\"PropertyValueSpecification\",\"valueRequired\":true,\"valueName\":\"search_term_string\"}}],\"inLanguage\":\"fr-FR\"}]}<\/script>\n<!-- \/ Yoast SEO plugin. -->","yoast_head_json":{"title":"Triple - Apulia Praia Hotel -","description":"Chambre avec trois lits simples ou un lit double (Queen size), plus un lit simple, avec ou sans balcon, avec salle de bains priv\u00e9e, produits d\u00b4hygi\u00e8ne et s\u00e8che-cheveux. Elle est \u00e9quip\u00e9e d'une connexion Wi-Fi gratuite, d'une t\u00e9l\u00e9vision \u00e0 \u00e9cran plat, de la climatisation, d'un t\u00e9l\u00e9phone, d'un coffre-fort, d'un minibar, d'une bouilloire et d'un bureau.","robots":{"index":"index","follow":"follow","max-snippet":"max-snippet:-1","max-image-preview":"max-image-preview:large","max-video-preview":"max-video-preview:-1"},"canonical":"https:\/\/apuliapraia-hotel.com\/fr\/chambres\/triple\/","og_locale":"fr_FR","og_type":"article","og_title":"Triple - Apulia Praia Hotel -","og_description":"Chambre avec trois lits simples ou un lit double (Queen size), plus un lit simple, avec ou sans balcon, avec salle de bains priv\u00e9e, produits d\u00b4hygi\u00e8ne et s\u00e8che-cheveux. Elle est \u00e9quip\u00e9e d'une connexion Wi-Fi gratuite, d'une t\u00e9l\u00e9vision \u00e0 \u00e9cran plat, de la climatisation, d'un t\u00e9l\u00e9phone, d'un coffre-fort, d'un minibar, d'une bouilloire et d'un bureau.","og_url":"https:\/\/apuliapraia-hotel.com\/fr\/chambres\/triple\/","og_site_name":"Apulia Praia Hotel","article_modified_time":"2024-01-09T13:28:55+00:00","og_image":[{"width":1200,"height":800,"url":"https:\/\/apuliapraia-hotel.com\/wp-content\/uploads\/sites\/512\/2023\/01\/Quarto_Triplo3.jpg","type":"image\/jpeg"}],"twitter_card":"summary_large_image","schema":{"@context":"https:\/\/schema.org","@graph":[{"@type":"WebPage","@id":"https:\/\/apuliapraia-hotel.com\/fr\/chambres\/triple\/","url":"https:\/\/apuliapraia-hotel.com\/fr\/chambres\/triple\/","name":"Triple - Apulia Praia Hotel -","isPartOf":{"@id":"https:\/\/apuliapraia-hotel.com\/fr\/#website"},"primaryImageOfPage":{"@id":"https:\/\/apuliapraia-hotel.com\/fr\/chambres\/triple\/#primaryimage"},"image":{"@id":"https:\/\/apuliapraia-hotel.com\/fr\/chambres\/triple\/#primaryimage"},"thumbnailUrl":"https:\/\/apuliapraia-hotel.com\/wp-content\/uploads\/sites\/512\/2023\/01\/Quarto_Triplo3.jpg","datePublished":"2024-01-04T10:20:57+00:00","dateModified":"2024-01-09T13:28:55+00:00","description":"Chambre avec trois lits simples ou un lit double (Queen size), plus un lit simple, avec ou sans balcon, avec salle de bains priv\u00e9e, produits d\u00b4hygi\u00e8ne et s\u00e8che-cheveux. Elle est \u00e9quip\u00e9e d'une connexion Wi-Fi gratuite, d'une t\u00e9l\u00e9vision \u00e0 \u00e9cran plat, de la climatisation, d'un t\u00e9l\u00e9phone, d'un coffre-fort, d'un minibar, d'une bouilloire et d'un bureau.","breadcrumb":{"@id":"https:\/\/apuliapraia-hotel.com\/fr\/chambres\/triple\/#breadcrumb"},"inLanguage":"fr-FR","potentialAction":[{"@type":"ReadAction","target":["https:\/\/apuliapraia-hotel.com\/fr\/chambres\/triple\/"]}]},{"@type":"ImageObject","inLanguage":"fr-FR","@id":"https:\/\/apuliapraia-hotel.com\/fr\/chambres\/triple\/#primaryimage","url":"https:\/\/apuliapraia-hotel.com\/wp-content\/uploads\/sites\/512\/2023\/01\/Quarto_Triplo3.jpg","contentUrl":"https:\/\/apuliapraia-hotel.com\/wp-content\/uploads\/sites\/512\/2023\/01\/Quarto_Triplo3.jpg","width":1200,"height":800},{"@type":"BreadcrumbList","@id":"https:\/\/apuliapraia-hotel.com\/fr\/chambres\/triple\/#breadcrumb","itemListElement":[{"@type":"ListItem","position":1,"name":"Home","item":"https:\/\/apuliapraia-hotel.com\/fr\/"},{"@type":"ListItem","position":2,"name":"Chambres","item":"https:\/\/apuliapraia-hotel.com\/fr\/chambres\/"},{"@type":"ListItem","position":3,"name":"Triple"}]},{"@type":"WebSite","@id":"https:\/\/apuliapraia-hotel.com\/fr\/#website","url":"https:\/\/apuliapraia-hotel.com\/fr\/","name":"Apulia Praia Hotel","description":"","potentialAction":[{"@type":"SearchAction","target":{"@type":"EntryPoint","urlTemplate":"https:\/\/apuliapraia-hotel.com\/fr\/?s={search_term_string}"},"query-input":{"@type":"PropertyValueSpecification","valueRequired":true,"valueName":"search_term_string"}}],"inLanguage":"fr-FR"}]}},"acf":[],"_links":{"self":[{"href":"https:\/\/apuliapraia-hotel.com\/fr\/wp-json\/wp\/v2\/pages\/959","targetHints":{"allow":["GET"]}}],"collection":[{"href":"https:\/\/apuliapraia-hotel.com\/fr\/wp-json\/wp\/v2\/pages"}],"about":[{"href":"https:\/\/apuliapraia-hotel.com\/fr\/wp-json\/wp\/v2\/types\/page"}],"author":[{"embeddable":true,"href":"https:\/\/apuliapraia-hotel.com\/fr\/wp-json\/wp\/v2\/users\/565"}],"replies":[{"embeddable":true,"href":"https:\/\/apuliapraia-hotel.com\/fr\/wp-json\/wp\/v2\/comments?post=959"}],"version-history":[{"count":0,"href":"https:\/\/apuliapraia-hotel.com\/fr\/wp-json\/wp\/v2\/pages\/959\/revisions"}],"up":[{"embeddable":true,"href":"https:\/\/apuliapraia-hotel.com\/fr\/wp-json\/wp\/v2\/pages\/955"}],"wp:featuredmedia":[{"embeddable":true,"href":"https:\/\/apuliapraia-hotel.com\/fr\/wp-json\/wp\/v2\/media\/303"}],"wp:attachment":[{"href":"https:\/\/apuliapraia-hotel.com\/fr\/wp-json\/wp\/v2\/media?parent=959"}],"curies":[{"name":"wp","href":"https:\/\/api.w.org\/{rel}","templated":true}]}}