{"id":958,"date":"2024-01-04T10:18:22","date_gmt":"2024-01-04T10:18:22","guid":{"rendered":"https:\/\/apuliapraia-hotel.com\/?page_id=958"},"modified":"2025-02-21T21:44:42","modified_gmt":"2025-02-21T21:44:42","slug":"double","status":"publish","type":"page","link":"https:\/\/apuliapraia-hotel.com\/fr\/chambres\/double\/","title":{"rendered":"Double"},"content":{"rendered":"<p>Chambre avec deux lits simples (Twin) ou un lit double (Queen size), avec ou sans balcon, avec salle de bains priv\u00e9e, produits d\u00b4hygi\u00e8ne et s\u00e8che-cheveux. Nos chambres sont \u00e9quip\u00e9es d&rsquo;une connexion Wi-Fi gratuite, d&rsquo;une t\u00e9l\u00e9vision \u00e0 \u00e9cran plat, de la climatisation, d&rsquo;un t\u00e9l\u00e9phone, d&rsquo;un coffre-fort, d&rsquo;un minibar, d&rsquo;une bouilloire et d&rsquo;un bureau.<\/p>\n<p>Chambre pour personnes \u00e0 mobilit\u00e9 r\u00e9duite sur demande.<\/p>\n","protected":false},"excerpt":{"rendered":"<p>Chambre avec deux lits simples (Twin) ou un lit double (Queen size), avec ou sans balcon, avec salle de bains priv\u00e9e, produits d\u00b4hygi\u00e8ne et s\u00e8che-cheveux. Nos chambres sont \u00e9quip\u00e9es d&rsquo;une connexion Wi-Fi gratuite, d&rsquo;une t\u00e9l\u00e9vision \u00e0 \u00e9cran plat, de la climatisation, d&rsquo;un t\u00e9l\u00e9phone, d&rsquo;un coffre-fort, d&rsquo;un minibar, d&rsquo;une bouilloire et d&rsquo;un bureau. Chambre pour personnes [&hellip;]<\/p>\n","protected":false},"author":565,"featured_media":0,"parent":955,"menu_order":3,"comment_status":"closed","ping_status":"closed","template":"template-single-room.php","meta":{"footnotes":""},"class_list":["post-958","page","type-page","status-publish","hentry"],"yoast_head":"<!-- This site is optimized with the Yoast SEO plugin v26.9 - https:\/\/yoast.com\/product\/yoast-seo-wordpress\/ -->\n<title>Double - Apulia Praia Hotel -<\/title>\n<meta name=\"description\" content=\"Chambre avec deux lits simples (Twin) ou un lit double (Queen size), avec ou sans balcon, avec salle de bains priv\u00e9e, produits d\u00b4hygi\u00e8ne et s\u00e8che-cheveux. Nos chambres sont \u00e9quip\u00e9es d&#039;une connexion Wi-Fi gratuite, d&#039;une t\u00e9l\u00e9vision \u00e0 \u00e9cran plat, de la climatisation, d&#039;un t\u00e9l\u00e9phone, d&#039;un coffre-fort, d&#039;un minibar, d&#039;une bouilloire et d&#039;un bureau.  Chambre pour personnes \u00e0 mobilit\u00e9 r\u00e9duite sur demande.\" \/>\n<meta name=\"robots\" content=\"index, follow, max-snippet:-1, max-image-preview:large, max-video-preview:-1\" \/>\n<link rel=\"canonical\" href=\"https:\/\/apuliapraia-hotel.com\/fr\/chambres\/double\/\" \/>\n<meta property=\"og:locale\" content=\"fr_FR\" \/>\n<meta property=\"og:type\" content=\"article\" \/>\n<meta property=\"og:title\" content=\"Double - Apulia Praia Hotel -\" \/>\n<meta property=\"og:description\" content=\"Chambre avec deux lits simples (Twin) ou un lit double (Queen size), avec ou sans balcon, avec salle de bains priv\u00e9e, produits d\u00b4hygi\u00e8ne et s\u00e8che-cheveux. Nos chambres sont \u00e9quip\u00e9es d&#039;une connexion Wi-Fi gratuite, d&#039;une t\u00e9l\u00e9vision \u00e0 \u00e9cran plat, de la climatisation, d&#039;un t\u00e9l\u00e9phone, d&#039;un coffre-fort, d&#039;un minibar, d&#039;une bouilloire et d&#039;un bureau.  Chambre pour personnes \u00e0 mobilit\u00e9 r\u00e9duite sur demande.\" \/>\n<meta property=\"og:url\" content=\"https:\/\/apuliapraia-hotel.com\/fr\/chambres\/double\/\" \/>\n<meta property=\"og:site_name\" content=\"Apulia Praia Hotel\" \/>\n<meta property=\"article:modified_time\" content=\"2025-02-21T21:44:42+00:00\" \/>\n<meta name=\"twitter:card\" content=\"summary_large_image\" \/>\n<meta name=\"twitter:label1\" content=\"Dur\u00e9e de lecture estim\u00e9e\" \/>\n\t<meta name=\"twitter:data1\" content=\"1 minute\" \/>\n<script type=\"application\/ld+json\" class=\"yoast-schema-graph\">{\"@context\":\"https:\/\/schema.org\",\"@graph\":[{\"@type\":\"WebPage\",\"@id\":\"https:\/\/apuliapraia-hotel.com\/fr\/chambres\/double\/\",\"url\":\"https:\/\/apuliapraia-hotel.com\/fr\/chambres\/double\/\",\"name\":\"Double - Apulia Praia Hotel -\",\"isPartOf\":{\"@id\":\"https:\/\/apuliapraia-hotel.com\/fr\/#website\"},\"datePublished\":\"2024-01-04T10:18:22+00:00\",\"dateModified\":\"2025-02-21T21:44:42+00:00\",\"description\":\"Chambre avec deux lits simples (Twin) ou un lit double (Queen size), avec ou sans balcon, avec salle de bains priv\u00e9e, produits d\u00b4hygi\u00e8ne et s\u00e8che-cheveux. Nos chambres sont \u00e9quip\u00e9es d'une connexion Wi-Fi gratuite, d'une t\u00e9l\u00e9vision \u00e0 \u00e9cran plat, de la climatisation, d'un t\u00e9l\u00e9phone, d'un coffre-fort, d'un minibar, d'une bouilloire et d'un bureau. Chambre pour personnes \u00e0 mobilit\u00e9 r\u00e9duite sur demande.\",\"breadcrumb\":{\"@id\":\"https:\/\/apuliapraia-hotel.com\/fr\/chambres\/double\/#breadcrumb\"},\"inLanguage\":\"fr-FR\",\"potentialAction\":[{\"@type\":\"ReadAction\",\"target\":[\"https:\/\/apuliapraia-hotel.com\/fr\/chambres\/double\/\"]}]},{\"@type\":\"BreadcrumbList\",\"@id\":\"https:\/\/apuliapraia-hotel.com\/fr\/chambres\/double\/#breadcrumb\",\"itemListElement\":[{\"@type\":\"ListItem\",\"position\":1,\"name\":\"Home\",\"item\":\"https:\/\/apuliapraia-hotel.com\/fr\/\"},{\"@type\":\"ListItem\",\"position\":2,\"name\":\"Chambres\",\"item\":\"https:\/\/apuliapraia-hotel.com\/fr\/chambres\/\"},{\"@type\":\"ListItem\",\"position\":3,\"name\":\"Double\"}]},{\"@type\":\"WebSite\",\"@id\":\"https:\/\/apuliapraia-hotel.com\/fr\/#website\",\"url\":\"https:\/\/apuliapraia-hotel.com\/fr\/\",\"name\":\"Apulia Praia Hotel\",\"description\":\"\",\"potentialAction\":[{\"@type\":\"SearchAction\",\"target\":{\"@type\":\"EntryPoint\",\"urlTemplate\":\"https:\/\/apuliapraia-hotel.com\/fr\/?s={search_term_string}\"},\"query-input\":{\"@type\":\"PropertyValueSpecification\",\"valueRequired\":true,\"valueName\":\"search_term_string\"}}],\"inLanguage\":\"fr-FR\"}]}<\/script>\n<!-- \/ Yoast SEO plugin. -->","yoast_head_json":{"title":"Double - Apulia Praia Hotel -","description":"Chambre avec deux lits simples (Twin) ou un lit double (Queen size), avec ou sans balcon, avec salle de bains priv\u00e9e, produits d\u00b4hygi\u00e8ne et s\u00e8che-cheveux. Nos chambres sont \u00e9quip\u00e9es d'une connexion Wi-Fi gratuite, d'une t\u00e9l\u00e9vision \u00e0 \u00e9cran plat, de la climatisation, d'un t\u00e9l\u00e9phone, d'un coffre-fort, d'un minibar, d'une bouilloire et d'un bureau.  Chambre pour personnes \u00e0 mobilit\u00e9 r\u00e9duite sur demande.","robots":{"index":"index","follow":"follow","max-snippet":"max-snippet:-1","max-image-preview":"max-image-preview:large","max-video-preview":"max-video-preview:-1"},"canonical":"https:\/\/apuliapraia-hotel.com\/fr\/chambres\/double\/","og_locale":"fr_FR","og_type":"article","og_title":"Double - Apulia Praia Hotel -","og_description":"Chambre avec deux lits simples (Twin) ou un lit double (Queen size), avec ou sans balcon, avec salle de bains priv\u00e9e, produits d\u00b4hygi\u00e8ne et s\u00e8che-cheveux. Nos chambres sont \u00e9quip\u00e9es d'une connexion Wi-Fi gratuite, d'une t\u00e9l\u00e9vision \u00e0 \u00e9cran plat, de la climatisation, d'un t\u00e9l\u00e9phone, d'un coffre-fort, d'un minibar, d'une bouilloire et d'un bureau.  Chambre pour personnes \u00e0 mobilit\u00e9 r\u00e9duite sur demande.","og_url":"https:\/\/apuliapraia-hotel.com\/fr\/chambres\/double\/","og_site_name":"Apulia Praia Hotel","article_modified_time":"2025-02-21T21:44:42+00:00","twitter_card":"summary_large_image","twitter_misc":{"Dur\u00e9e de lecture estim\u00e9e":"1 minute"},"schema":{"@context":"https:\/\/schema.org","@graph":[{"@type":"WebPage","@id":"https:\/\/apuliapraia-hotel.com\/fr\/chambres\/double\/","url":"https:\/\/apuliapraia-hotel.com\/fr\/chambres\/double\/","name":"Double - Apulia Praia Hotel -","isPartOf":{"@id":"https:\/\/apuliapraia-hotel.com\/fr\/#website"},"datePublished":"2024-01-04T10:18:22+00:00","dateModified":"2025-02-21T21:44:42+00:00","description":"Chambre avec deux lits simples (Twin) ou un lit double (Queen size), avec ou sans balcon, avec salle de bains priv\u00e9e, produits d\u00b4hygi\u00e8ne et s\u00e8che-cheveux. Nos chambres sont \u00e9quip\u00e9es d'une connexion Wi-Fi gratuite, d'une t\u00e9l\u00e9vision \u00e0 \u00e9cran plat, de la climatisation, d'un t\u00e9l\u00e9phone, d'un coffre-fort, d'un minibar, d'une bouilloire et d'un bureau. Chambre pour personnes \u00e0 mobilit\u00e9 r\u00e9duite sur demande.","breadcrumb":{"@id":"https:\/\/apuliapraia-hotel.com\/fr\/chambres\/double\/#breadcrumb"},"inLanguage":"fr-FR","potentialAction":[{"@type":"ReadAction","target":["https:\/\/apuliapraia-hotel.com\/fr\/chambres\/double\/"]}]},{"@type":"BreadcrumbList","@id":"https:\/\/apuliapraia-hotel.com\/fr\/chambres\/double\/#breadcrumb","itemListElement":[{"@type":"ListItem","position":1,"name":"Home","item":"https:\/\/apuliapraia-hotel.com\/fr\/"},{"@type":"ListItem","position":2,"name":"Chambres","item":"https:\/\/apuliapraia-hotel.com\/fr\/chambres\/"},{"@type":"ListItem","position":3,"name":"Double"}]},{"@type":"WebSite","@id":"https:\/\/apuliapraia-hotel.com\/fr\/#website","url":"https:\/\/apuliapraia-hotel.com\/fr\/","name":"Apulia Praia Hotel","description":"","potentialAction":[{"@type":"SearchAction","target":{"@type":"EntryPoint","urlTemplate":"https:\/\/apuliapraia-hotel.com\/fr\/?s={search_term_string}"},"query-input":{"@type":"PropertyValueSpecification","valueRequired":true,"valueName":"search_term_string"}}],"inLanguage":"fr-FR"}]}},"acf":[],"_links":{"self":[{"href":"https:\/\/apuliapraia-hotel.com\/fr\/wp-json\/wp\/v2\/pages\/958","targetHints":{"allow":["GET"]}}],"collection":[{"href":"https:\/\/apuliapraia-hotel.com\/fr\/wp-json\/wp\/v2\/pages"}],"about":[{"href":"https:\/\/apuliapraia-hotel.com\/fr\/wp-json\/wp\/v2\/types\/page"}],"author":[{"embeddable":true,"href":"https:\/\/apuliapraia-hotel.com\/fr\/wp-json\/wp\/v2\/users\/565"}],"replies":[{"embeddable":true,"href":"https:\/\/apuliapraia-hotel.com\/fr\/wp-json\/wp\/v2\/comments?post=958"}],"version-history":[{"count":0,"href":"https:\/\/apuliapraia-hotel.com\/fr\/wp-json\/wp\/v2\/pages\/958\/revisions"}],"up":[{"embeddable":true,"href":"https:\/\/apuliapraia-hotel.com\/fr\/wp-json\/wp\/v2\/pages\/955"}],"wp:attachment":[{"href":"https:\/\/apuliapraia-hotel.com\/fr\/wp-json\/wp\/v2\/media?parent=958"}],"curies":[{"name":"wp","href":"https:\/\/api.w.org\/{rel}","templated":true}]}}