{"id":957,"date":"2024-01-04T10:14:38","date_gmt":"2024-01-04T10:14:38","guid":{"rendered":"https:\/\/apuliapraia-hotel.com\/?page_id=957"},"modified":"2025-02-21T21:42:54","modified_gmt":"2025-02-21T21:42:54","slug":"simple","status":"publish","type":"page","link":"https:\/\/apuliapraia-hotel.com\/fr\/chambres\/simple\/","title":{"rendered":"Simple"},"content":{"rendered":"<p>Chambre avec deux lits simples (Twin) ou un lit double (Queen size), avec ou sans balcon, avec salle de bains priv\u00e9e, produits d\u00b4hygi\u00e8ne et s\u00e8che-cheveux. Toutes nos chambres sont soigneusement \u00e9quip\u00e9es pour garantir votre confort. Profitez d\u2019une connexion Wi-Fi gratuite.<\/p>\n","protected":false},"excerpt":{"rendered":"<p>Chambre avec deux lits simples (Twin) ou un lit double (Queen size), avec ou sans balcon, avec salle de bains priv\u00e9e, produits d\u00b4hygi\u00e8ne et s\u00e8che-cheveux. Toutes nos chambres sont soigneusement \u00e9quip\u00e9es pour garantir votre confort. Profitez d\u2019une connexion Wi-Fi gratuite.<\/p>\n","protected":false},"author":565,"featured_media":23,"parent":955,"menu_order":2,"comment_status":"closed","ping_status":"closed","template":"template-single-room.php","meta":{"footnotes":""},"class_list":["post-957","page","type-page","status-publish","has-post-thumbnail","hentry"],"yoast_head":"<!-- This site is optimized with the Yoast SEO plugin v26.9 - https:\/\/yoast.com\/product\/yoast-seo-wordpress\/ -->\n<title>Simple - Apulia Praia Hotel -<\/title>\n<meta name=\"description\" content=\"Chambre avec deux lits simples (Twin) ou un lit double (Queen size), avec ou sans balcon, avec salle de bains priv\u00e9e, produits d\u00b4hygi\u00e8ne et s\u00e8che-cheveux. Toutes nos chambres sont soigneusement \u00e9quip\u00e9es pour garantir votre confort\" \/>\n<meta name=\"robots\" content=\"index, follow, max-snippet:-1, max-image-preview:large, max-video-preview:-1\" \/>\n<link rel=\"canonical\" href=\"https:\/\/apuliapraia-hotel.com\/fr\/chambres\/simple\/\" \/>\n<meta property=\"og:locale\" content=\"fr_FR\" \/>\n<meta property=\"og:type\" content=\"article\" \/>\n<meta property=\"og:title\" content=\"Simple - Apulia Praia Hotel -\" \/>\n<meta property=\"og:description\" content=\"Chambre avec deux lits simples (Twin) ou un lit double (Queen size), avec ou sans balcon, avec salle de bains priv\u00e9e, produits d\u00b4hygi\u00e8ne et s\u00e8che-cheveux. Toutes nos chambres sont soigneusement \u00e9quip\u00e9es pour garantir votre confort\" \/>\n<meta property=\"og:url\" content=\"https:\/\/apuliapraia-hotel.com\/fr\/chambres\/simple\/\" \/>\n<meta property=\"og:site_name\" content=\"Apulia Praia Hotel\" \/>\n<meta property=\"article:modified_time\" content=\"2025-02-21T21:42:54+00:00\" \/>\n<meta property=\"og:image\" content=\"https:\/\/apuliapraia-hotel.com\/wp-content\/uploads\/sites\/512\/2022\/12\/Quarto_Single3_thumb.jpg\" \/>\n\t<meta property=\"og:image:width\" content=\"1200\" \/>\n\t<meta property=\"og:image:height\" content=\"800\" \/>\n\t<meta property=\"og:image:type\" content=\"image\/jpeg\" \/>\n<meta name=\"twitter:card\" content=\"summary_large_image\" \/>\n<meta name=\"twitter:label1\" content=\"Dur\u00e9e de lecture estim\u00e9e\" \/>\n\t<meta name=\"twitter:data1\" content=\"1 minute\" \/>\n<script type=\"application\/ld+json\" class=\"yoast-schema-graph\">{\"@context\":\"https:\/\/schema.org\",\"@graph\":[{\"@type\":\"WebPage\",\"@id\":\"https:\/\/apuliapraia-hotel.com\/fr\/chambres\/simple\/\",\"url\":\"https:\/\/apuliapraia-hotel.com\/fr\/chambres\/simple\/\",\"name\":\"Simple - Apulia Praia Hotel -\",\"isPartOf\":{\"@id\":\"https:\/\/apuliapraia-hotel.com\/fr\/#website\"},\"primaryImageOfPage\":{\"@id\":\"https:\/\/apuliapraia-hotel.com\/fr\/chambres\/simple\/#primaryimage\"},\"image\":{\"@id\":\"https:\/\/apuliapraia-hotel.com\/fr\/chambres\/simple\/#primaryimage\"},\"thumbnailUrl\":\"https:\/\/apuliapraia-hotel.com\/wp-content\/uploads\/sites\/512\/2022\/12\/Quarto_Single3_thumb.jpg\",\"datePublished\":\"2024-01-04T10:14:38+00:00\",\"dateModified\":\"2025-02-21T21:42:54+00:00\",\"description\":\"Chambre avec deux lits simples (Twin) ou un lit double (Queen size), avec ou sans balcon, avec salle de bains priv\u00e9e, produits d\u00b4hygi\u00e8ne et s\u00e8che-cheveux. Toutes nos chambres sont soigneusement \u00e9quip\u00e9es pour garantir votre confort\",\"breadcrumb\":{\"@id\":\"https:\/\/apuliapraia-hotel.com\/fr\/chambres\/simple\/#breadcrumb\"},\"inLanguage\":\"fr-FR\",\"potentialAction\":[{\"@type\":\"ReadAction\",\"target\":[\"https:\/\/apuliapraia-hotel.com\/fr\/chambres\/simple\/\"]}]},{\"@type\":\"ImageObject\",\"inLanguage\":\"fr-FR\",\"@id\":\"https:\/\/apuliapraia-hotel.com\/fr\/chambres\/simple\/#primaryimage\",\"url\":\"https:\/\/apuliapraia-hotel.com\/wp-content\/uploads\/sites\/512\/2022\/12\/Quarto_Single3_thumb.jpg\",\"contentUrl\":\"https:\/\/apuliapraia-hotel.com\/wp-content\/uploads\/sites\/512\/2022\/12\/Quarto_Single3_thumb.jpg\",\"width\":1200,\"height\":800},{\"@type\":\"BreadcrumbList\",\"@id\":\"https:\/\/apuliapraia-hotel.com\/fr\/chambres\/simple\/#breadcrumb\",\"itemListElement\":[{\"@type\":\"ListItem\",\"position\":1,\"name\":\"Home\",\"item\":\"https:\/\/apuliapraia-hotel.com\/fr\/\"},{\"@type\":\"ListItem\",\"position\":2,\"name\":\"Chambres\",\"item\":\"https:\/\/apuliapraia-hotel.com\/fr\/chambres\/\"},{\"@type\":\"ListItem\",\"position\":3,\"name\":\"Simple\"}]},{\"@type\":\"WebSite\",\"@id\":\"https:\/\/apuliapraia-hotel.com\/fr\/#website\",\"url\":\"https:\/\/apuliapraia-hotel.com\/fr\/\",\"name\":\"Apulia Praia Hotel\",\"description\":\"\",\"potentialAction\":[{\"@type\":\"SearchAction\",\"target\":{\"@type\":\"EntryPoint\",\"urlTemplate\":\"https:\/\/apuliapraia-hotel.com\/fr\/?s={search_term_string}\"},\"query-input\":{\"@type\":\"PropertyValueSpecification\",\"valueRequired\":true,\"valueName\":\"search_term_string\"}}],\"inLanguage\":\"fr-FR\"}]}<\/script>\n<!-- \/ Yoast SEO plugin. -->","yoast_head_json":{"title":"Simple - Apulia Praia Hotel -","description":"Chambre avec deux lits simples (Twin) ou un lit double (Queen size), avec ou sans balcon, avec salle de bains priv\u00e9e, produits d\u00b4hygi\u00e8ne et s\u00e8che-cheveux. Toutes nos chambres sont soigneusement \u00e9quip\u00e9es pour garantir votre confort","robots":{"index":"index","follow":"follow","max-snippet":"max-snippet:-1","max-image-preview":"max-image-preview:large","max-video-preview":"max-video-preview:-1"},"canonical":"https:\/\/apuliapraia-hotel.com\/fr\/chambres\/simple\/","og_locale":"fr_FR","og_type":"article","og_title":"Simple - Apulia Praia Hotel -","og_description":"Chambre avec deux lits simples (Twin) ou un lit double (Queen size), avec ou sans balcon, avec salle de bains priv\u00e9e, produits d\u00b4hygi\u00e8ne et s\u00e8che-cheveux. Toutes nos chambres sont soigneusement \u00e9quip\u00e9es pour garantir votre confort","og_url":"https:\/\/apuliapraia-hotel.com\/fr\/chambres\/simple\/","og_site_name":"Apulia Praia Hotel","article_modified_time":"2025-02-21T21:42:54+00:00","og_image":[{"width":1200,"height":800,"url":"https:\/\/apuliapraia-hotel.com\/wp-content\/uploads\/sites\/512\/2022\/12\/Quarto_Single3_thumb.jpg","type":"image\/jpeg"}],"twitter_card":"summary_large_image","twitter_misc":{"Dur\u00e9e de lecture estim\u00e9e":"1 minute"},"schema":{"@context":"https:\/\/schema.org","@graph":[{"@type":"WebPage","@id":"https:\/\/apuliapraia-hotel.com\/fr\/chambres\/simple\/","url":"https:\/\/apuliapraia-hotel.com\/fr\/chambres\/simple\/","name":"Simple - Apulia Praia Hotel -","isPartOf":{"@id":"https:\/\/apuliapraia-hotel.com\/fr\/#website"},"primaryImageOfPage":{"@id":"https:\/\/apuliapraia-hotel.com\/fr\/chambres\/simple\/#primaryimage"},"image":{"@id":"https:\/\/apuliapraia-hotel.com\/fr\/chambres\/simple\/#primaryimage"},"thumbnailUrl":"https:\/\/apuliapraia-hotel.com\/wp-content\/uploads\/sites\/512\/2022\/12\/Quarto_Single3_thumb.jpg","datePublished":"2024-01-04T10:14:38+00:00","dateModified":"2025-02-21T21:42:54+00:00","description":"Chambre avec deux lits simples (Twin) ou un lit double (Queen size), avec ou sans balcon, avec salle de bains priv\u00e9e, produits d\u00b4hygi\u00e8ne et s\u00e8che-cheveux. Toutes nos chambres sont soigneusement \u00e9quip\u00e9es pour garantir votre confort","breadcrumb":{"@id":"https:\/\/apuliapraia-hotel.com\/fr\/chambres\/simple\/#breadcrumb"},"inLanguage":"fr-FR","potentialAction":[{"@type":"ReadAction","target":["https:\/\/apuliapraia-hotel.com\/fr\/chambres\/simple\/"]}]},{"@type":"ImageObject","inLanguage":"fr-FR","@id":"https:\/\/apuliapraia-hotel.com\/fr\/chambres\/simple\/#primaryimage","url":"https:\/\/apuliapraia-hotel.com\/wp-content\/uploads\/sites\/512\/2022\/12\/Quarto_Single3_thumb.jpg","contentUrl":"https:\/\/apuliapraia-hotel.com\/wp-content\/uploads\/sites\/512\/2022\/12\/Quarto_Single3_thumb.jpg","width":1200,"height":800},{"@type":"BreadcrumbList","@id":"https:\/\/apuliapraia-hotel.com\/fr\/chambres\/simple\/#breadcrumb","itemListElement":[{"@type":"ListItem","position":1,"name":"Home","item":"https:\/\/apuliapraia-hotel.com\/fr\/"},{"@type":"ListItem","position":2,"name":"Chambres","item":"https:\/\/apuliapraia-hotel.com\/fr\/chambres\/"},{"@type":"ListItem","position":3,"name":"Simple"}]},{"@type":"WebSite","@id":"https:\/\/apuliapraia-hotel.com\/fr\/#website","url":"https:\/\/apuliapraia-hotel.com\/fr\/","name":"Apulia Praia Hotel","description":"","potentialAction":[{"@type":"SearchAction","target":{"@type":"EntryPoint","urlTemplate":"https:\/\/apuliapraia-hotel.com\/fr\/?s={search_term_string}"},"query-input":{"@type":"PropertyValueSpecification","valueRequired":true,"valueName":"search_term_string"}}],"inLanguage":"fr-FR"}]}},"acf":[],"_links":{"self":[{"href":"https:\/\/apuliapraia-hotel.com\/fr\/wp-json\/wp\/v2\/pages\/957","targetHints":{"allow":["GET"]}}],"collection":[{"href":"https:\/\/apuliapraia-hotel.com\/fr\/wp-json\/wp\/v2\/pages"}],"about":[{"href":"https:\/\/apuliapraia-hotel.com\/fr\/wp-json\/wp\/v2\/types\/page"}],"author":[{"embeddable":true,"href":"https:\/\/apuliapraia-hotel.com\/fr\/wp-json\/wp\/v2\/users\/565"}],"replies":[{"embeddable":true,"href":"https:\/\/apuliapraia-hotel.com\/fr\/wp-json\/wp\/v2\/comments?post=957"}],"version-history":[{"count":0,"href":"https:\/\/apuliapraia-hotel.com\/fr\/wp-json\/wp\/v2\/pages\/957\/revisions"}],"up":[{"embeddable":true,"href":"https:\/\/apuliapraia-hotel.com\/fr\/wp-json\/wp\/v2\/pages\/955"}],"wp:featuredmedia":[{"embeddable":true,"href":"https:\/\/apuliapraia-hotel.com\/fr\/wp-json\/wp\/v2\/media\/23"}],"wp:attachment":[{"href":"https:\/\/apuliapraia-hotel.com\/fr\/wp-json\/wp\/v2\/media?parent=957"}],"curies":[{"name":"wp","href":"https:\/\/api.w.org\/{rel}","templated":true}]}}