{"id":954,"date":"2024-01-04T09:22:34","date_gmt":"2024-01-04T09:22:34","guid":{"rendered":"https:\/\/apuliapraia-hotel.com\/?page_id=954"},"modified":"2025-02-21T20:39:07","modified_gmt":"2025-02-21T20:39:07","slug":"description-de-la-page-daccueil-du-site","status":"publish","type":"page","link":"https:\/\/apuliapraia-hotel.com\/fr\/","title":{"rendered":"Apulia Praia Hotel"},"content":{"rendered":"<p>Nich\u00e9 dans le <strong>village pittoresque d&rsquo;Apulia<\/strong>, l&rsquo;h\u00f4tel Apulia Praia est pr\u00eat \u00e0 vous offrir un s\u00e9jour agr\u00e9able, reposant <strong>et inoubliable. <\/strong>Votre visite sera enrichie par une vari\u00e9t\u00e9 d\u2019activit\u00e9s, car notre magnifique r\u00e9gion regorge de loisirs.<\/p>\n<p><strong>\u00c0 seulement 400 m\u00e8tres<\/strong> de l\u00b4h\u00f4tel, d\u00e9couvrez la plage d\u00b4Apulia, r\u00e9put\u00e9e pour ses eaux m\u00e9dicinales riche en iode et ses c\u00e9l\u00e8bres <strong>moulins \u00e0 vent<\/strong>. \u00c1 proximit\u00e9 explorez le Parc Naturel du Littoral Nord, qui s\u2019\u00e9tend sur 16 km le long de la c\u00f4te, ainsi que les sentiers p\u00e9destres traversant les paysages r\u00e9gionaux.<\/p>\n<p>Nous vous invitons \u00e1 profiter de la beaut\u00e9 de notre r\u00e9gion, \u00e1 savourer la d\u00e9licieuse gastronomie locale, \u00e0 d\u00e9couvrir des attractions touristiques \u00e0 couper le souffle, et \u00e0 ressentir l\u2019hospitalit\u00e9 chaleureuse des habitants ainsi que celle de l\u2019\u00e9quipe de l\u2019h\u00f4tel Apulia Praia.<\/p>\n<p>Nous vous attendons avec impatience!<\/p>\n","protected":false},"excerpt":{"rendered":"<p>Nich\u00e9 dans le village pittoresque d&rsquo;Apulia, l&rsquo;h\u00f4tel Apulia Praia est pr\u00eat \u00e0 vous offrir un s\u00e9jour agr\u00e9able, reposant et inoubliable. Votre visite sera enrichie par une vari\u00e9t\u00e9 d\u2019activit\u00e9s, car notre magnifique r\u00e9gion regorge de loisirs. \u00c0 seulement 400 m\u00e8tres de l\u00b4h\u00f4tel, d\u00e9couvrez la plage d\u00b4Apulia, r\u00e9put\u00e9e pour ses eaux m\u00e9dicinales riche en iode et ses [&hellip;]<\/p>\n","protected":false},"author":565,"featured_media":0,"parent":0,"menu_order":0,"comment_status":"closed","ping_status":"closed","template":"","meta":{"footnotes":""},"class_list":["post-954","page","type-page","status-publish","hentry"],"yoast_head":"<!-- This site is optimized with the Yoast SEO plugin v26.9 - https:\/\/yoast.com\/product\/yoast-seo-wordpress\/ -->\n<title>Apulia Praia Hotel - Apulia Praia Hotel -<\/title>\n<meta name=\"description\" content=\"Nich\u00e9 dans le village pittoresque d&#039;Apulia, l&#039;h\u00f4tel Apulia Praia est pr\u00eat \u00e0 vous offrir un s\u00e9jour agr\u00e9able, reposant et inoubliable. Votre visite sera enrichie par une vari\u00e9t\u00e9 d\u2019activit\u00e9s, car notre magnifique r\u00e9gion regorge de loisirs.  \u00c0 seulement 400 m\u00e8tres de l\u00b4h\u00f4tel, d\u00e9couvrez la plage d\u00b4Apulia, r\u00e9put\u00e9e pour ses eaux m\u00e9dicinales riche en iode et ses c\u00e9l\u00e8bres moulins \u00e0 vent\" \/>\n<meta name=\"robots\" content=\"index, follow, max-snippet:-1, max-image-preview:large, max-video-preview:-1\" \/>\n<link rel=\"canonical\" href=\"https:\/\/apuliapraia-hotel.com\/fr\/\" \/>\n<meta property=\"og:locale\" content=\"fr_FR\" \/>\n<meta property=\"og:type\" content=\"article\" \/>\n<meta property=\"og:title\" content=\"Apulia Praia Hotel - Apulia Praia Hotel -\" \/>\n<meta property=\"og:description\" content=\"Nich\u00e9 dans le village pittoresque d&#039;Apulia, l&#039;h\u00f4tel Apulia Praia est pr\u00eat \u00e0 vous offrir un s\u00e9jour agr\u00e9able, reposant et inoubliable. Votre visite sera enrichie par une vari\u00e9t\u00e9 d\u2019activit\u00e9s, car notre magnifique r\u00e9gion regorge de loisirs.  \u00c0 seulement 400 m\u00e8tres de l\u00b4h\u00f4tel, d\u00e9couvrez la plage d\u00b4Apulia, r\u00e9put\u00e9e pour ses eaux m\u00e9dicinales riche en iode et ses c\u00e9l\u00e8bres moulins \u00e0 vent\" \/>\n<meta property=\"og:url\" content=\"https:\/\/apuliapraia-hotel.com\/fr\/\" \/>\n<meta property=\"og:site_name\" content=\"Apulia Praia Hotel\" \/>\n<meta property=\"article:modified_time\" content=\"2025-02-21T20:39:07+00:00\" \/>\n<meta name=\"twitter:card\" content=\"summary_large_image\" \/>\n<meta name=\"twitter:label1\" content=\"Dur\u00e9e de lecture estim\u00e9e\" \/>\n\t<meta name=\"twitter:data1\" content=\"1 minute\" \/>\n<script type=\"application\/ld+json\" class=\"yoast-schema-graph\">{\"@context\":\"https:\/\/schema.org\",\"@graph\":[{\"@type\":\"WebPage\",\"@id\":\"https:\/\/apuliapraia-hotel.com\/fr\/\",\"url\":\"https:\/\/apuliapraia-hotel.com\/fr\/\",\"name\":\"Apulia Praia Hotel - Apulia Praia Hotel -\",\"isPartOf\":{\"@id\":\"https:\/\/apuliapraia-hotel.com\/fr\/#website\"},\"datePublished\":\"2024-01-04T09:22:34+00:00\",\"dateModified\":\"2025-02-21T20:39:07+00:00\",\"description\":\"Nich\u00e9 dans le village pittoresque d'Apulia, l'h\u00f4tel Apulia Praia est pr\u00eat \u00e0 vous offrir un s\u00e9jour agr\u00e9able, reposant et inoubliable. Votre visite sera enrichie par une vari\u00e9t\u00e9 d\u2019activit\u00e9s, car notre magnifique r\u00e9gion regorge de loisirs. \u00c0 seulement 400 m\u00e8tres de l\u00b4h\u00f4tel, d\u00e9couvrez la plage d\u00b4Apulia, r\u00e9put\u00e9e pour ses eaux m\u00e9dicinales riche en iode et ses c\u00e9l\u00e8bres moulins \u00e0 vent\",\"breadcrumb\":{\"@id\":\"https:\/\/apuliapraia-hotel.com\/fr\/#breadcrumb\"},\"inLanguage\":\"fr-FR\",\"potentialAction\":[{\"@type\":\"ReadAction\",\"target\":[\"https:\/\/apuliapraia-hotel.com\/fr\/\"]}]},{\"@type\":\"BreadcrumbList\",\"@id\":\"https:\/\/apuliapraia-hotel.com\/fr\/#breadcrumb\",\"itemListElement\":[{\"@type\":\"ListItem\",\"position\":1,\"name\":\"Home\",\"item\":\"https:\/\/apuliapraia-hotel.com\/fr\/\"},{\"@type\":\"ListItem\",\"position\":2,\"name\":\"Apulia Praia Hotel\"}]},{\"@type\":\"WebSite\",\"@id\":\"https:\/\/apuliapraia-hotel.com\/fr\/#website\",\"url\":\"https:\/\/apuliapraia-hotel.com\/fr\/\",\"name\":\"Apulia Praia Hotel\",\"description\":\"\",\"potentialAction\":[{\"@type\":\"SearchAction\",\"target\":{\"@type\":\"EntryPoint\",\"urlTemplate\":\"https:\/\/apuliapraia-hotel.com\/fr\/?s={search_term_string}\"},\"query-input\":{\"@type\":\"PropertyValueSpecification\",\"valueRequired\":true,\"valueName\":\"search_term_string\"}}],\"inLanguage\":\"fr-FR\"}]}<\/script>\n<!-- \/ Yoast SEO plugin. -->","yoast_head_json":{"title":"Apulia Praia Hotel - Apulia Praia Hotel -","description":"Nich\u00e9 dans le village pittoresque d'Apulia, l'h\u00f4tel Apulia Praia est pr\u00eat \u00e0 vous offrir un s\u00e9jour agr\u00e9able, reposant et inoubliable. Votre visite sera enrichie par une vari\u00e9t\u00e9 d\u2019activit\u00e9s, car notre magnifique r\u00e9gion regorge de loisirs.  \u00c0 seulement 400 m\u00e8tres de l\u00b4h\u00f4tel, d\u00e9couvrez la plage d\u00b4Apulia, r\u00e9put\u00e9e pour ses eaux m\u00e9dicinales riche en iode et ses c\u00e9l\u00e8bres moulins \u00e0 vent","robots":{"index":"index","follow":"follow","max-snippet":"max-snippet:-1","max-image-preview":"max-image-preview:large","max-video-preview":"max-video-preview:-1"},"canonical":"https:\/\/apuliapraia-hotel.com\/fr\/","og_locale":"fr_FR","og_type":"article","og_title":"Apulia Praia Hotel - Apulia Praia Hotel -","og_description":"Nich\u00e9 dans le village pittoresque d'Apulia, l'h\u00f4tel Apulia Praia est pr\u00eat \u00e0 vous offrir un s\u00e9jour agr\u00e9able, reposant et inoubliable. Votre visite sera enrichie par une vari\u00e9t\u00e9 d\u2019activit\u00e9s, car notre magnifique r\u00e9gion regorge de loisirs.  \u00c0 seulement 400 m\u00e8tres de l\u00b4h\u00f4tel, d\u00e9couvrez la plage d\u00b4Apulia, r\u00e9put\u00e9e pour ses eaux m\u00e9dicinales riche en iode et ses c\u00e9l\u00e8bres moulins \u00e0 vent","og_url":"https:\/\/apuliapraia-hotel.com\/fr\/","og_site_name":"Apulia Praia Hotel","article_modified_time":"2025-02-21T20:39:07+00:00","twitter_card":"summary_large_image","twitter_misc":{"Dur\u00e9e de lecture estim\u00e9e":"1 minute"},"schema":{"@context":"https:\/\/schema.org","@graph":[{"@type":"WebPage","@id":"https:\/\/apuliapraia-hotel.com\/fr\/","url":"https:\/\/apuliapraia-hotel.com\/fr\/","name":"Apulia Praia Hotel - Apulia Praia Hotel -","isPartOf":{"@id":"https:\/\/apuliapraia-hotel.com\/fr\/#website"},"datePublished":"2024-01-04T09:22:34+00:00","dateModified":"2025-02-21T20:39:07+00:00","description":"Nich\u00e9 dans le village pittoresque d'Apulia, l'h\u00f4tel Apulia Praia est pr\u00eat \u00e0 vous offrir un s\u00e9jour agr\u00e9able, reposant et inoubliable. Votre visite sera enrichie par une vari\u00e9t\u00e9 d\u2019activit\u00e9s, car notre magnifique r\u00e9gion regorge de loisirs. \u00c0 seulement 400 m\u00e8tres de l\u00b4h\u00f4tel, d\u00e9couvrez la plage d\u00b4Apulia, r\u00e9put\u00e9e pour ses eaux m\u00e9dicinales riche en iode et ses c\u00e9l\u00e8bres moulins \u00e0 vent","breadcrumb":{"@id":"https:\/\/apuliapraia-hotel.com\/fr\/#breadcrumb"},"inLanguage":"fr-FR","potentialAction":[{"@type":"ReadAction","target":["https:\/\/apuliapraia-hotel.com\/fr\/"]}]},{"@type":"BreadcrumbList","@id":"https:\/\/apuliapraia-hotel.com\/fr\/#breadcrumb","itemListElement":[{"@type":"ListItem","position":1,"name":"Home","item":"https:\/\/apuliapraia-hotel.com\/fr\/"},{"@type":"ListItem","position":2,"name":"Apulia Praia Hotel"}]},{"@type":"WebSite","@id":"https:\/\/apuliapraia-hotel.com\/fr\/#website","url":"https:\/\/apuliapraia-hotel.com\/fr\/","name":"Apulia Praia Hotel","description":"","potentialAction":[{"@type":"SearchAction","target":{"@type":"EntryPoint","urlTemplate":"https:\/\/apuliapraia-hotel.com\/fr\/?s={search_term_string}"},"query-input":{"@type":"PropertyValueSpecification","valueRequired":true,"valueName":"search_term_string"}}],"inLanguage":"fr-FR"}]}},"acf":[],"_links":{"self":[{"href":"https:\/\/apuliapraia-hotel.com\/fr\/wp-json\/wp\/v2\/pages\/954","targetHints":{"allow":["GET"]}}],"collection":[{"href":"https:\/\/apuliapraia-hotel.com\/fr\/wp-json\/wp\/v2\/pages"}],"about":[{"href":"https:\/\/apuliapraia-hotel.com\/fr\/wp-json\/wp\/v2\/types\/page"}],"author":[{"embeddable":true,"href":"https:\/\/apuliapraia-hotel.com\/fr\/wp-json\/wp\/v2\/users\/565"}],"replies":[{"embeddable":true,"href":"https:\/\/apuliapraia-hotel.com\/fr\/wp-json\/wp\/v2\/comments?post=954"}],"version-history":[{"count":0,"href":"https:\/\/apuliapraia-hotel.com\/fr\/wp-json\/wp\/v2\/pages\/954\/revisions"}],"wp:attachment":[{"href":"https:\/\/apuliapraia-hotel.com\/fr\/wp-json\/wp\/v2\/media?parent=954"}],"curies":[{"name":"wp","href":"https:\/\/api.w.org\/{rel}","templated":true}]}}