{"id":953,"date":"2024-01-03T17:18:44","date_gmt":"2024-01-03T17:18:44","guid":{"rendered":"https:\/\/apuliapraia-hotel.com\/?page_id=953"},"modified":"2025-07-22T16:54:42","modified_gmt":"2025-07-22T16:54:42","slug":"a-propos-de-nous","status":"publish","type":"page","link":"https:\/\/apuliapraia-hotel.com\/fr\/a-propos-de-nous\/","title":{"rendered":"\u00c0 propos de nous"},"content":{"rendered":"<p>L&rsquo;h\u00f4tel Ap\u00falia Praia est <strong>un h\u00f4tel familial<\/strong> situ\u00e9 dans <strong>le village pittoresque d&rsquo;Ap\u00falia<\/strong>, \u00e0 Esposende, \u00e0 seulement 400 m\u00e8tres de la plage. Entour\u00e9 de magnifiques restaurants locaux et d&rsquo;activit\u00e9s touristiques, cet h\u00f4tel b\u00e9n\u00e9ficie d&rsquo;une excellente situation, apportant de nombreux avantages \u00e0 ceux qui d\u00e9cident de choisir cet endroit. Sa position g\u00e9ographique en fait \u00e9galement un point de r\u00e9f\u00e9rence pour ceux qui marchent sur le <strong>Camino de Santiago<\/strong>, accueillant ainsi des centaines de p\u00e8lerins tout au long de l&rsquo;ann\u00e9e.<\/p>\n<p data-start=\"48\" data-end=\"259\">De plus, pour le confort de nos h\u00f4tes, le P\u00f4le de Sant\u00e9 Local \u2013 USF EntreMar\u00e9s d&rsquo;Ap\u00falia se trouve \u00e0 seulement 5 minutes \u00e0 pied de l&rsquo;h\u00f4tel, offrant un acc\u00e8s rapide aux soins de sant\u00e9 de base en cas de besoin.<\/p>\n","protected":false},"excerpt":{"rendered":"<p>L&rsquo;h\u00f4tel Ap\u00falia Praia est un h\u00f4tel familial situ\u00e9 dans le village pittoresque d&rsquo;Ap\u00falia, \u00e0 Esposende, \u00e0 seulement 400 m\u00e8tres de la plage. Entour\u00e9 de magnifiques restaurants locaux et d&rsquo;activit\u00e9s touristiques, cet h\u00f4tel b\u00e9n\u00e9ficie d&rsquo;une excellente situation, apportant de nombreux avantages \u00e0 ceux qui d\u00e9cident de choisir cet endroit. Sa position g\u00e9ographique en fait \u00e9galement un [&hellip;]<\/p>\n","protected":false},"author":565,"featured_media":0,"parent":0,"menu_order":0,"comment_status":"closed","ping_status":"closed","template":"template-default-3.php","meta":{"footnotes":""},"class_list":["post-953","page","type-page","status-publish","hentry"],"yoast_head":"<!-- This site is optimized with the Yoast SEO plugin v26.9 - https:\/\/yoast.com\/product\/yoast-seo-wordpress\/ -->\n<title>\u00c0 propos de nous - Apulia Praia Hotel -<\/title>\n<meta name=\"description\" content=\"L&#039;h\u00f4tel Ap\u00falia Praia est un h\u00f4tel familial situ\u00e9 dans le village pittoresque d&#039;Ap\u00falia, \u00e0 Esposende, \u00e0 seulement 400 m\u00e8tres de la plage. Entour\u00e9 de magnifiques restaurants locaux et d&#039;activit\u00e9s touristiques, cet h\u00f4tel b\u00e9n\u00e9ficie d&#039;une excellente situation, apportant de nombreux avantages \u00e0 ceux qui d\u00e9cident de choisir cet endroit\" \/>\n<meta name=\"robots\" content=\"index, follow, max-snippet:-1, max-image-preview:large, max-video-preview:-1\" \/>\n<link rel=\"canonical\" href=\"https:\/\/apuliapraia-hotel.com\/fr\/a-propos-de-nous\/\" \/>\n<meta property=\"og:locale\" content=\"fr_FR\" \/>\n<meta property=\"og:type\" content=\"article\" \/>\n<meta property=\"og:title\" content=\"\u00c0 propos de nous - Apulia Praia Hotel -\" \/>\n<meta property=\"og:description\" content=\"L&#039;h\u00f4tel Ap\u00falia Praia est un h\u00f4tel familial situ\u00e9 dans le village pittoresque d&#039;Ap\u00falia, \u00e0 Esposende, \u00e0 seulement 400 m\u00e8tres de la plage. Entour\u00e9 de magnifiques restaurants locaux et d&#039;activit\u00e9s touristiques, cet h\u00f4tel b\u00e9n\u00e9ficie d&#039;une excellente situation, apportant de nombreux avantages \u00e0 ceux qui d\u00e9cident de choisir cet endroit\" \/>\n<meta property=\"og:url\" content=\"https:\/\/apuliapraia-hotel.com\/fr\/a-propos-de-nous\/\" \/>\n<meta property=\"og:site_name\" content=\"Apulia Praia Hotel\" \/>\n<meta property=\"article:modified_time\" content=\"2025-07-22T16:54:42+00:00\" \/>\n<meta name=\"twitter:card\" content=\"summary_large_image\" \/>\n<meta name=\"twitter:label1\" content=\"Dur\u00e9e de lecture estim\u00e9e\" \/>\n\t<meta name=\"twitter:data1\" content=\"1 minute\" \/>\n<script type=\"application\/ld+json\" class=\"yoast-schema-graph\">{\"@context\":\"https:\/\/schema.org\",\"@graph\":[{\"@type\":\"WebPage\",\"@id\":\"https:\/\/apuliapraia-hotel.com\/fr\/a-propos-de-nous\/\",\"url\":\"https:\/\/apuliapraia-hotel.com\/fr\/a-propos-de-nous\/\",\"name\":\"\u00c0 propos de nous - Apulia Praia Hotel -\",\"isPartOf\":{\"@id\":\"https:\/\/apuliapraia-hotel.com\/fr\/#website\"},\"datePublished\":\"2024-01-03T17:18:44+00:00\",\"dateModified\":\"2025-07-22T16:54:42+00:00\",\"description\":\"L'h\u00f4tel Ap\u00falia Praia est un h\u00f4tel familial situ\u00e9 dans le village pittoresque d'Ap\u00falia, \u00e0 Esposende, \u00e0 seulement 400 m\u00e8tres de la plage. Entour\u00e9 de magnifiques restaurants locaux et d'activit\u00e9s touristiques, cet h\u00f4tel b\u00e9n\u00e9ficie d'une excellente situation, apportant de nombreux avantages \u00e0 ceux qui d\u00e9cident de choisir cet endroit\",\"breadcrumb\":{\"@id\":\"https:\/\/apuliapraia-hotel.com\/fr\/a-propos-de-nous\/#breadcrumb\"},\"inLanguage\":\"fr-FR\",\"potentialAction\":[{\"@type\":\"ReadAction\",\"target\":[\"https:\/\/apuliapraia-hotel.com\/fr\/a-propos-de-nous\/\"]}]},{\"@type\":\"BreadcrumbList\",\"@id\":\"https:\/\/apuliapraia-hotel.com\/fr\/a-propos-de-nous\/#breadcrumb\",\"itemListElement\":[{\"@type\":\"ListItem\",\"position\":1,\"name\":\"Home\",\"item\":\"https:\/\/apuliapraia-hotel.com\/fr\/\"},{\"@type\":\"ListItem\",\"position\":2,\"name\":\"\u00c0 propos de nous\"}]},{\"@type\":\"WebSite\",\"@id\":\"https:\/\/apuliapraia-hotel.com\/fr\/#website\",\"url\":\"https:\/\/apuliapraia-hotel.com\/fr\/\",\"name\":\"Apulia Praia Hotel\",\"description\":\"\",\"potentialAction\":[{\"@type\":\"SearchAction\",\"target\":{\"@type\":\"EntryPoint\",\"urlTemplate\":\"https:\/\/apuliapraia-hotel.com\/fr\/?s={search_term_string}\"},\"query-input\":{\"@type\":\"PropertyValueSpecification\",\"valueRequired\":true,\"valueName\":\"search_term_string\"}}],\"inLanguage\":\"fr-FR\"}]}<\/script>\n<!-- \/ Yoast SEO plugin. -->","yoast_head_json":{"title":"\u00c0 propos de nous - Apulia Praia Hotel -","description":"L'h\u00f4tel Ap\u00falia Praia est un h\u00f4tel familial situ\u00e9 dans le village pittoresque d'Ap\u00falia, \u00e0 Esposende, \u00e0 seulement 400 m\u00e8tres de la plage. Entour\u00e9 de magnifiques restaurants locaux et d'activit\u00e9s touristiques, cet h\u00f4tel b\u00e9n\u00e9ficie d'une excellente situation, apportant de nombreux avantages \u00e0 ceux qui d\u00e9cident de choisir cet endroit","robots":{"index":"index","follow":"follow","max-snippet":"max-snippet:-1","max-image-preview":"max-image-preview:large","max-video-preview":"max-video-preview:-1"},"canonical":"https:\/\/apuliapraia-hotel.com\/fr\/a-propos-de-nous\/","og_locale":"fr_FR","og_type":"article","og_title":"\u00c0 propos de nous - Apulia Praia Hotel -","og_description":"L'h\u00f4tel Ap\u00falia Praia est un h\u00f4tel familial situ\u00e9 dans le village pittoresque d'Ap\u00falia, \u00e0 Esposende, \u00e0 seulement 400 m\u00e8tres de la plage. Entour\u00e9 de magnifiques restaurants locaux et d'activit\u00e9s touristiques, cet h\u00f4tel b\u00e9n\u00e9ficie d'une excellente situation, apportant de nombreux avantages \u00e0 ceux qui d\u00e9cident de choisir cet endroit","og_url":"https:\/\/apuliapraia-hotel.com\/fr\/a-propos-de-nous\/","og_site_name":"Apulia Praia Hotel","article_modified_time":"2025-07-22T16:54:42+00:00","twitter_card":"summary_large_image","twitter_misc":{"Dur\u00e9e de lecture estim\u00e9e":"1 minute"},"schema":{"@context":"https:\/\/schema.org","@graph":[{"@type":"WebPage","@id":"https:\/\/apuliapraia-hotel.com\/fr\/a-propos-de-nous\/","url":"https:\/\/apuliapraia-hotel.com\/fr\/a-propos-de-nous\/","name":"\u00c0 propos de nous - Apulia Praia Hotel -","isPartOf":{"@id":"https:\/\/apuliapraia-hotel.com\/fr\/#website"},"datePublished":"2024-01-03T17:18:44+00:00","dateModified":"2025-07-22T16:54:42+00:00","description":"L'h\u00f4tel Ap\u00falia Praia est un h\u00f4tel familial situ\u00e9 dans le village pittoresque d'Ap\u00falia, \u00e0 Esposende, \u00e0 seulement 400 m\u00e8tres de la plage. Entour\u00e9 de magnifiques restaurants locaux et d'activit\u00e9s touristiques, cet h\u00f4tel b\u00e9n\u00e9ficie d'une excellente situation, apportant de nombreux avantages \u00e0 ceux qui d\u00e9cident de choisir cet endroit","breadcrumb":{"@id":"https:\/\/apuliapraia-hotel.com\/fr\/a-propos-de-nous\/#breadcrumb"},"inLanguage":"fr-FR","potentialAction":[{"@type":"ReadAction","target":["https:\/\/apuliapraia-hotel.com\/fr\/a-propos-de-nous\/"]}]},{"@type":"BreadcrumbList","@id":"https:\/\/apuliapraia-hotel.com\/fr\/a-propos-de-nous\/#breadcrumb","itemListElement":[{"@type":"ListItem","position":1,"name":"Home","item":"https:\/\/apuliapraia-hotel.com\/fr\/"},{"@type":"ListItem","position":2,"name":"\u00c0 propos de nous"}]},{"@type":"WebSite","@id":"https:\/\/apuliapraia-hotel.com\/fr\/#website","url":"https:\/\/apuliapraia-hotel.com\/fr\/","name":"Apulia Praia Hotel","description":"","potentialAction":[{"@type":"SearchAction","target":{"@type":"EntryPoint","urlTemplate":"https:\/\/apuliapraia-hotel.com\/fr\/?s={search_term_string}"},"query-input":{"@type":"PropertyValueSpecification","valueRequired":true,"valueName":"search_term_string"}}],"inLanguage":"fr-FR"}]}},"acf":[],"_links":{"self":[{"href":"https:\/\/apuliapraia-hotel.com\/fr\/wp-json\/wp\/v2\/pages\/953","targetHints":{"allow":["GET"]}}],"collection":[{"href":"https:\/\/apuliapraia-hotel.com\/fr\/wp-json\/wp\/v2\/pages"}],"about":[{"href":"https:\/\/apuliapraia-hotel.com\/fr\/wp-json\/wp\/v2\/types\/page"}],"author":[{"embeddable":true,"href":"https:\/\/apuliapraia-hotel.com\/fr\/wp-json\/wp\/v2\/users\/565"}],"replies":[{"embeddable":true,"href":"https:\/\/apuliapraia-hotel.com\/fr\/wp-json\/wp\/v2\/comments?post=953"}],"version-history":[{"count":0,"href":"https:\/\/apuliapraia-hotel.com\/fr\/wp-json\/wp\/v2\/pages\/953\/revisions"}],"wp:attachment":[{"href":"https:\/\/apuliapraia-hotel.com\/fr\/wp-json\/wp\/v2\/media?parent=953"}],"curies":[{"name":"wp","href":"https:\/\/api.w.org\/{rel}","templated":true}]}}