{"id":1710,"date":"2025-07-22T19:26:40","date_gmt":"2025-07-22T19:26:40","guid":{"rendered":"https:\/\/apuliapraia-hotel.com\/?page_id=1710"},"modified":"2025-07-22T19:27:18","modified_gmt":"2025-07-22T19:27:18","slug":"rent-a-car","status":"publish","type":"page","link":"https:\/\/apuliapraia-hotel.com\/fr\/experiences\/rent-a-car\/","title":{"rendered":"Rent a Car"},"content":{"rendered":"<p data-start=\"58\" data-end=\"119\"><strong data-start=\"58\" data-end=\"119\">Vous pouvez louer une voiture directement \u00e0 notre h\u00f4tel !<\/strong><\/p>\n<p data-start=\"121\" data-end=\"273\">Nous collaborons avec les meilleurs partenaires de location de voitures de la r\u00e9gion pour offrir \u00e0 nos h\u00f4tes confort, praticit\u00e9 et tarifs pr\u00e9f\u00e9rentiels.<\/p>\n<ul>\n<li data-start=\"275\" data-end=\"296\">Prix sur demande.<\/li>\n<\/ul>\n","protected":false},"excerpt":{"rendered":"<p>Vous pouvez louer une voiture directement \u00e0 notre h\u00f4tel ! Nous collaborons avec les meilleurs partenaires de location de voitures de la r\u00e9gion pour offrir \u00e0 nos h\u00f4tes confort, praticit\u00e9 et tarifs pr\u00e9f\u00e9rentiels. Prix sur demande.<\/p>\n","protected":false},"author":565,"featured_media":0,"parent":965,"menu_order":18,"comment_status":"closed","ping_status":"closed","template":"template-default-4.php","meta":{"footnotes":""},"class_list":["post-1710","page","type-page","status-publish","hentry"],"yoast_head":"<!-- This site is optimized with the Yoast SEO plugin v26.9 - https:\/\/yoast.com\/product\/yoast-seo-wordpress\/ -->\n<title>Rent a Car - Apulia Praia Hotel -<\/title>\n<meta name=\"description\" content=\"Vous pouvez louer une voiture directement \u00e0 notre h\u00f4tel ! Nous collaborons avec les meilleurs partenaires de location de voitures de la r\u00e9gion pour offrir \u00e0 nos h\u00f4tes confort, praticit\u00e9 et tarifs pr\u00e9f\u00e9rentiels.    Prix sur demande. .\" \/>\n<meta name=\"robots\" content=\"index, follow, max-snippet:-1, max-image-preview:large, max-video-preview:-1\" \/>\n<link rel=\"canonical\" href=\"https:\/\/apuliapraia-hotel.com\/fr\/experiences\/rent-a-car\/\" \/>\n<meta property=\"og:locale\" content=\"fr_FR\" \/>\n<meta property=\"og:type\" content=\"article\" \/>\n<meta property=\"og:title\" content=\"Rent a Car - Apulia Praia Hotel -\" \/>\n<meta property=\"og:description\" content=\"Vous pouvez louer une voiture directement \u00e0 notre h\u00f4tel ! Nous collaborons avec les meilleurs partenaires de location de voitures de la r\u00e9gion pour offrir \u00e0 nos h\u00f4tes confort, praticit\u00e9 et tarifs pr\u00e9f\u00e9rentiels.    Prix sur demande. .\" \/>\n<meta property=\"og:url\" content=\"https:\/\/apuliapraia-hotel.com\/fr\/experiences\/rent-a-car\/\" \/>\n<meta property=\"og:site_name\" content=\"Apulia Praia Hotel\" \/>\n<meta property=\"article:modified_time\" content=\"2025-07-22T19:27:18+00:00\" \/>\n<meta name=\"twitter:card\" content=\"summary_large_image\" \/>\n<meta name=\"twitter:label1\" content=\"Dur\u00e9e de lecture estim\u00e9e\" \/>\n\t<meta name=\"twitter:data1\" content=\"1 minute\" \/>\n<script type=\"application\/ld+json\" class=\"yoast-schema-graph\">{\"@context\":\"https:\/\/schema.org\",\"@graph\":[{\"@type\":\"WebPage\",\"@id\":\"https:\/\/apuliapraia-hotel.com\/fr\/experiences\/rent-a-car\/\",\"url\":\"https:\/\/apuliapraia-hotel.com\/fr\/experiences\/rent-a-car\/\",\"name\":\"Rent a Car - Apulia Praia Hotel -\",\"isPartOf\":{\"@id\":\"https:\/\/apuliapraia-hotel.com\/fr\/#website\"},\"datePublished\":\"2025-07-22T19:26:40+00:00\",\"dateModified\":\"2025-07-22T19:27:18+00:00\",\"description\":\"Vous pouvez louer une voiture directement \u00e0 notre h\u00f4tel ! Nous collaborons avec les meilleurs partenaires de location de voitures de la r\u00e9gion pour offrir \u00e0 nos h\u00f4tes confort, praticit\u00e9 et tarifs pr\u00e9f\u00e9rentiels. \u2022 Prix sur demande. .\",\"breadcrumb\":{\"@id\":\"https:\/\/apuliapraia-hotel.com\/fr\/experiences\/rent-a-car\/#breadcrumb\"},\"inLanguage\":\"fr-FR\",\"potentialAction\":[{\"@type\":\"ReadAction\",\"target\":[\"https:\/\/apuliapraia-hotel.com\/fr\/experiences\/rent-a-car\/\"]}]},{\"@type\":\"BreadcrumbList\",\"@id\":\"https:\/\/apuliapraia-hotel.com\/fr\/experiences\/rent-a-car\/#breadcrumb\",\"itemListElement\":[{\"@type\":\"ListItem\",\"position\":1,\"name\":\"Home\",\"item\":\"https:\/\/apuliapraia-hotel.com\/fr\/\"},{\"@type\":\"ListItem\",\"position\":2,\"name\":\"Exp\u00e9riences\",\"item\":\"https:\/\/apuliapraia-hotel.com\/fr\/experiences\/\"},{\"@type\":\"ListItem\",\"position\":3,\"name\":\"Rent a Car\"}]},{\"@type\":\"WebSite\",\"@id\":\"https:\/\/apuliapraia-hotel.com\/fr\/#website\",\"url\":\"https:\/\/apuliapraia-hotel.com\/fr\/\",\"name\":\"Apulia Praia Hotel\",\"description\":\"\",\"potentialAction\":[{\"@type\":\"SearchAction\",\"target\":{\"@type\":\"EntryPoint\",\"urlTemplate\":\"https:\/\/apuliapraia-hotel.com\/fr\/?s={search_term_string}\"},\"query-input\":{\"@type\":\"PropertyValueSpecification\",\"valueRequired\":true,\"valueName\":\"search_term_string\"}}],\"inLanguage\":\"fr-FR\"}]}<\/script>\n<!-- \/ Yoast SEO plugin. -->","yoast_head_json":{"title":"Rent a Car - Apulia Praia Hotel -","description":"Vous pouvez louer une voiture directement \u00e0 notre h\u00f4tel ! Nous collaborons avec les meilleurs partenaires de location de voitures de la r\u00e9gion pour offrir \u00e0 nos h\u00f4tes confort, praticit\u00e9 et tarifs pr\u00e9f\u00e9rentiels.    Prix sur demande. .","robots":{"index":"index","follow":"follow","max-snippet":"max-snippet:-1","max-image-preview":"max-image-preview:large","max-video-preview":"max-video-preview:-1"},"canonical":"https:\/\/apuliapraia-hotel.com\/fr\/experiences\/rent-a-car\/","og_locale":"fr_FR","og_type":"article","og_title":"Rent a Car - Apulia Praia Hotel -","og_description":"Vous pouvez louer une voiture directement \u00e0 notre h\u00f4tel ! Nous collaborons avec les meilleurs partenaires de location de voitures de la r\u00e9gion pour offrir \u00e0 nos h\u00f4tes confort, praticit\u00e9 et tarifs pr\u00e9f\u00e9rentiels.    Prix sur demande. .","og_url":"https:\/\/apuliapraia-hotel.com\/fr\/experiences\/rent-a-car\/","og_site_name":"Apulia Praia Hotel","article_modified_time":"2025-07-22T19:27:18+00:00","twitter_card":"summary_large_image","twitter_misc":{"Dur\u00e9e de lecture estim\u00e9e":"1 minute"},"schema":{"@context":"https:\/\/schema.org","@graph":[{"@type":"WebPage","@id":"https:\/\/apuliapraia-hotel.com\/fr\/experiences\/rent-a-car\/","url":"https:\/\/apuliapraia-hotel.com\/fr\/experiences\/rent-a-car\/","name":"Rent a Car - Apulia Praia Hotel -","isPartOf":{"@id":"https:\/\/apuliapraia-hotel.com\/fr\/#website"},"datePublished":"2025-07-22T19:26:40+00:00","dateModified":"2025-07-22T19:27:18+00:00","description":"Vous pouvez louer une voiture directement \u00e0 notre h\u00f4tel ! Nous collaborons avec les meilleurs partenaires de location de voitures de la r\u00e9gion pour offrir \u00e0 nos h\u00f4tes confort, praticit\u00e9 et tarifs pr\u00e9f\u00e9rentiels. \u2022 Prix sur demande. .","breadcrumb":{"@id":"https:\/\/apuliapraia-hotel.com\/fr\/experiences\/rent-a-car\/#breadcrumb"},"inLanguage":"fr-FR","potentialAction":[{"@type":"ReadAction","target":["https:\/\/apuliapraia-hotel.com\/fr\/experiences\/rent-a-car\/"]}]},{"@type":"BreadcrumbList","@id":"https:\/\/apuliapraia-hotel.com\/fr\/experiences\/rent-a-car\/#breadcrumb","itemListElement":[{"@type":"ListItem","position":1,"name":"Home","item":"https:\/\/apuliapraia-hotel.com\/fr\/"},{"@type":"ListItem","position":2,"name":"Exp\u00e9riences","item":"https:\/\/apuliapraia-hotel.com\/fr\/experiences\/"},{"@type":"ListItem","position":3,"name":"Rent a Car"}]},{"@type":"WebSite","@id":"https:\/\/apuliapraia-hotel.com\/fr\/#website","url":"https:\/\/apuliapraia-hotel.com\/fr\/","name":"Apulia Praia Hotel","description":"","potentialAction":[{"@type":"SearchAction","target":{"@type":"EntryPoint","urlTemplate":"https:\/\/apuliapraia-hotel.com\/fr\/?s={search_term_string}"},"query-input":{"@type":"PropertyValueSpecification","valueRequired":true,"valueName":"search_term_string"}}],"inLanguage":"fr-FR"}]}},"acf":[],"_links":{"self":[{"href":"https:\/\/apuliapraia-hotel.com\/fr\/wp-json\/wp\/v2\/pages\/1710","targetHints":{"allow":["GET"]}}],"collection":[{"href":"https:\/\/apuliapraia-hotel.com\/fr\/wp-json\/wp\/v2\/pages"}],"about":[{"href":"https:\/\/apuliapraia-hotel.com\/fr\/wp-json\/wp\/v2\/types\/page"}],"author":[{"embeddable":true,"href":"https:\/\/apuliapraia-hotel.com\/fr\/wp-json\/wp\/v2\/users\/565"}],"replies":[{"embeddable":true,"href":"https:\/\/apuliapraia-hotel.com\/fr\/wp-json\/wp\/v2\/comments?post=1710"}],"version-history":[{"count":0,"href":"https:\/\/apuliapraia-hotel.com\/fr\/wp-json\/wp\/v2\/pages\/1710\/revisions"}],"up":[{"embeddable":true,"href":"https:\/\/apuliapraia-hotel.com\/fr\/wp-json\/wp\/v2\/pages\/965"}],"wp:attachment":[{"href":"https:\/\/apuliapraia-hotel.com\/fr\/wp-json\/wp\/v2\/media?parent=1710"}],"curies":[{"name":"wp","href":"https:\/\/api.w.org\/{rel}","templated":true}]}}