{"id":1254,"date":"2024-11-21T10:03:01","date_gmt":"2024-11-21T10:03:01","guid":{"rendered":"https:\/\/apuliapraia-hotel.com\/?page_id=1254"},"modified":"2024-11-21T10:03:49","modified_gmt":"2024-11-21T10:03:49","slug":"buggy","status":"publish","type":"page","link":"https:\/\/apuliapraia-hotel.com\/fr\/experiences\/buggy\/","title":{"rendered":"Buggy"},"content":{"rendered":"<p>Partez pour une aventure inoubliable \u00e0 Esposende, avec beaucoup d&rsquo;adr\u00e9naline et des paysages \u00e0 couper le souffle. Esposende Super Adventure est situ\u00e9 au Centre d&rsquo;Activit\u00e9s Nautiques d&rsquo;Esposende. Il est ouvert le vendredi et le lundi apr\u00e8s-midi \u00e0 partir de 14 heures et le samedi et le dimanche de 10 heures \u00e0 20 heures.<\/p>\n<p>Circuits :<\/p>\n<ul>\n<li>For\u00eat : 100\u20ac p\/1h30<\/li>\n<li>Plage : 130\u20ac p\/2h (de 18h \u00e0 20h)<\/li>\n<\/ul>\n<p>Prix par buggy (2 places) et le conducteur doit \u00eatre titulaire d&rsquo;un permis de cat\u00e9gorie A ou B.<\/p>\n","protected":false},"excerpt":{"rendered":"<p>Partez pour une aventure inoubliable \u00e0 Esposende, avec beaucoup d&rsquo;adr\u00e9naline et des paysages \u00e0 couper le souffle. Esposende Super Adventure est situ\u00e9 au Centre d&rsquo;Activit\u00e9s Nautiques d&rsquo;Esposende. Il est ouvert le vendredi et le lundi apr\u00e8s-midi \u00e0 partir de 14 heures et le samedi et le dimanche de 10 heures \u00e0 20 heures. Circuits : [&hellip;]<\/p>\n","protected":false},"author":565,"featured_media":1249,"parent":965,"menu_order":25,"comment_status":"closed","ping_status":"closed","template":"template-default-4.php","meta":{"footnotes":""},"class_list":["post-1254","page","type-page","status-publish","has-post-thumbnail","hentry"],"yoast_head":"<!-- This site is optimized with the Yoast SEO plugin v26.9 - https:\/\/yoast.com\/product\/yoast-seo-wordpress\/ -->\n<title>Buggy - Apulia Praia Hotel -<\/title>\n<meta name=\"description\" content=\"Partez pour une aventure inoubliable \u00e0 Esposende, avec beaucoup d&#039;adr\u00e9naline et des paysages \u00e0 couper le souffle. Esposende Super Adventure est situ\u00e9 au Centre d&#039;Activit\u00e9s Nautiques d&#039;Esposende\" \/>\n<meta name=\"robots\" content=\"index, follow, max-snippet:-1, max-image-preview:large, max-video-preview:-1\" \/>\n<link rel=\"canonical\" href=\"https:\/\/apuliapraia-hotel.com\/fr\/experiences\/buggy\/\" \/>\n<meta property=\"og:locale\" content=\"fr_FR\" \/>\n<meta property=\"og:type\" content=\"article\" \/>\n<meta property=\"og:title\" content=\"Buggy - Apulia Praia Hotel -\" \/>\n<meta property=\"og:description\" content=\"Partez pour une aventure inoubliable \u00e0 Esposende, avec beaucoup d&#039;adr\u00e9naline et des paysages \u00e0 couper le souffle. Esposende Super Adventure est situ\u00e9 au Centre d&#039;Activit\u00e9s Nautiques d&#039;Esposende\" \/>\n<meta property=\"og:url\" content=\"https:\/\/apuliapraia-hotel.com\/fr\/experiences\/buggy\/\" \/>\n<meta property=\"og:site_name\" content=\"Apulia Praia Hotel\" \/>\n<meta property=\"article:modified_time\" content=\"2024-11-21T10:03:49+00:00\" \/>\n<meta property=\"og:image\" content=\"https:\/\/apuliapraia-hotel.com\/wp-content\/uploads\/sites\/512\/2024\/11\/Captura-de-ecra-2024-11-21-093252.png\" \/>\n\t<meta property=\"og:image:width\" content=\"642\" \/>\n\t<meta property=\"og:image:height\" content=\"806\" \/>\n\t<meta property=\"og:image:type\" content=\"image\/png\" \/>\n<meta name=\"twitter:card\" content=\"summary_large_image\" \/>\n<meta name=\"twitter:label1\" content=\"Dur\u00e9e de lecture estim\u00e9e\" \/>\n\t<meta name=\"twitter:data1\" content=\"1 minute\" \/>\n<script type=\"application\/ld+json\" class=\"yoast-schema-graph\">{\"@context\":\"https:\/\/schema.org\",\"@graph\":[{\"@type\":\"WebPage\",\"@id\":\"https:\/\/apuliapraia-hotel.com\/fr\/experiences\/buggy\/\",\"url\":\"https:\/\/apuliapraia-hotel.com\/fr\/experiences\/buggy\/\",\"name\":\"Buggy - Apulia Praia Hotel -\",\"isPartOf\":{\"@id\":\"https:\/\/apuliapraia-hotel.com\/fr\/#website\"},\"primaryImageOfPage\":{\"@id\":\"https:\/\/apuliapraia-hotel.com\/fr\/experiences\/buggy\/#primaryimage\"},\"image\":{\"@id\":\"https:\/\/apuliapraia-hotel.com\/fr\/experiences\/buggy\/#primaryimage\"},\"thumbnailUrl\":\"https:\/\/apuliapraia-hotel.com\/wp-content\/uploads\/sites\/512\/2024\/11\/Captura-de-ecra-2024-11-21-093252.png\",\"datePublished\":\"2024-11-21T10:03:01+00:00\",\"dateModified\":\"2024-11-21T10:03:49+00:00\",\"description\":\"Partez pour une aventure inoubliable \u00e0 Esposende, avec beaucoup d'adr\u00e9naline et des paysages \u00e0 couper le souffle. Esposende Super Adventure est situ\u00e9 au Centre d'Activit\u00e9s Nautiques d'Esposende\",\"breadcrumb\":{\"@id\":\"https:\/\/apuliapraia-hotel.com\/fr\/experiences\/buggy\/#breadcrumb\"},\"inLanguage\":\"fr-FR\",\"potentialAction\":[{\"@type\":\"ReadAction\",\"target\":[\"https:\/\/apuliapraia-hotel.com\/fr\/experiences\/buggy\/\"]}]},{\"@type\":\"ImageObject\",\"inLanguage\":\"fr-FR\",\"@id\":\"https:\/\/apuliapraia-hotel.com\/fr\/experiences\/buggy\/#primaryimage\",\"url\":\"https:\/\/apuliapraia-hotel.com\/wp-content\/uploads\/sites\/512\/2024\/11\/Captura-de-ecra-2024-11-21-093252.png\",\"contentUrl\":\"https:\/\/apuliapraia-hotel.com\/wp-content\/uploads\/sites\/512\/2024\/11\/Captura-de-ecra-2024-11-21-093252.png\",\"width\":642,\"height\":806},{\"@type\":\"BreadcrumbList\",\"@id\":\"https:\/\/apuliapraia-hotel.com\/fr\/experiences\/buggy\/#breadcrumb\",\"itemListElement\":[{\"@type\":\"ListItem\",\"position\":1,\"name\":\"Home\",\"item\":\"https:\/\/apuliapraia-hotel.com\/fr\/\"},{\"@type\":\"ListItem\",\"position\":2,\"name\":\"Exp\u00e9riences\",\"item\":\"https:\/\/apuliapraia-hotel.com\/fr\/experiences\/\"},{\"@type\":\"ListItem\",\"position\":3,\"name\":\"Buggy\"}]},{\"@type\":\"WebSite\",\"@id\":\"https:\/\/apuliapraia-hotel.com\/fr\/#website\",\"url\":\"https:\/\/apuliapraia-hotel.com\/fr\/\",\"name\":\"Apulia Praia Hotel\",\"description\":\"\",\"potentialAction\":[{\"@type\":\"SearchAction\",\"target\":{\"@type\":\"EntryPoint\",\"urlTemplate\":\"https:\/\/apuliapraia-hotel.com\/fr\/?s={search_term_string}\"},\"query-input\":{\"@type\":\"PropertyValueSpecification\",\"valueRequired\":true,\"valueName\":\"search_term_string\"}}],\"inLanguage\":\"fr-FR\"}]}<\/script>\n<!-- \/ Yoast SEO plugin. -->","yoast_head_json":{"title":"Buggy - Apulia Praia Hotel -","description":"Partez pour une aventure inoubliable \u00e0 Esposende, avec beaucoup d'adr\u00e9naline et des paysages \u00e0 couper le souffle. Esposende Super Adventure est situ\u00e9 au Centre d'Activit\u00e9s Nautiques d'Esposende","robots":{"index":"index","follow":"follow","max-snippet":"max-snippet:-1","max-image-preview":"max-image-preview:large","max-video-preview":"max-video-preview:-1"},"canonical":"https:\/\/apuliapraia-hotel.com\/fr\/experiences\/buggy\/","og_locale":"fr_FR","og_type":"article","og_title":"Buggy - Apulia Praia Hotel -","og_description":"Partez pour une aventure inoubliable \u00e0 Esposende, avec beaucoup d'adr\u00e9naline et des paysages \u00e0 couper le souffle. Esposende Super Adventure est situ\u00e9 au Centre d'Activit\u00e9s Nautiques d'Esposende","og_url":"https:\/\/apuliapraia-hotel.com\/fr\/experiences\/buggy\/","og_site_name":"Apulia Praia Hotel","article_modified_time":"2024-11-21T10:03:49+00:00","og_image":[{"width":642,"height":806,"url":"https:\/\/apuliapraia-hotel.com\/wp-content\/uploads\/sites\/512\/2024\/11\/Captura-de-ecra-2024-11-21-093252.png","type":"image\/png"}],"twitter_card":"summary_large_image","twitter_misc":{"Dur\u00e9e de lecture estim\u00e9e":"1 minute"},"schema":{"@context":"https:\/\/schema.org","@graph":[{"@type":"WebPage","@id":"https:\/\/apuliapraia-hotel.com\/fr\/experiences\/buggy\/","url":"https:\/\/apuliapraia-hotel.com\/fr\/experiences\/buggy\/","name":"Buggy - Apulia Praia Hotel -","isPartOf":{"@id":"https:\/\/apuliapraia-hotel.com\/fr\/#website"},"primaryImageOfPage":{"@id":"https:\/\/apuliapraia-hotel.com\/fr\/experiences\/buggy\/#primaryimage"},"image":{"@id":"https:\/\/apuliapraia-hotel.com\/fr\/experiences\/buggy\/#primaryimage"},"thumbnailUrl":"https:\/\/apuliapraia-hotel.com\/wp-content\/uploads\/sites\/512\/2024\/11\/Captura-de-ecra-2024-11-21-093252.png","datePublished":"2024-11-21T10:03:01+00:00","dateModified":"2024-11-21T10:03:49+00:00","description":"Partez pour une aventure inoubliable \u00e0 Esposende, avec beaucoup d'adr\u00e9naline et des paysages \u00e0 couper le souffle. Esposende Super Adventure est situ\u00e9 au Centre d'Activit\u00e9s Nautiques d'Esposende","breadcrumb":{"@id":"https:\/\/apuliapraia-hotel.com\/fr\/experiences\/buggy\/#breadcrumb"},"inLanguage":"fr-FR","potentialAction":[{"@type":"ReadAction","target":["https:\/\/apuliapraia-hotel.com\/fr\/experiences\/buggy\/"]}]},{"@type":"ImageObject","inLanguage":"fr-FR","@id":"https:\/\/apuliapraia-hotel.com\/fr\/experiences\/buggy\/#primaryimage","url":"https:\/\/apuliapraia-hotel.com\/wp-content\/uploads\/sites\/512\/2024\/11\/Captura-de-ecra-2024-11-21-093252.png","contentUrl":"https:\/\/apuliapraia-hotel.com\/wp-content\/uploads\/sites\/512\/2024\/11\/Captura-de-ecra-2024-11-21-093252.png","width":642,"height":806},{"@type":"BreadcrumbList","@id":"https:\/\/apuliapraia-hotel.com\/fr\/experiences\/buggy\/#breadcrumb","itemListElement":[{"@type":"ListItem","position":1,"name":"Home","item":"https:\/\/apuliapraia-hotel.com\/fr\/"},{"@type":"ListItem","position":2,"name":"Exp\u00e9riences","item":"https:\/\/apuliapraia-hotel.com\/fr\/experiences\/"},{"@type":"ListItem","position":3,"name":"Buggy"}]},{"@type":"WebSite","@id":"https:\/\/apuliapraia-hotel.com\/fr\/#website","url":"https:\/\/apuliapraia-hotel.com\/fr\/","name":"Apulia Praia Hotel","description":"","potentialAction":[{"@type":"SearchAction","target":{"@type":"EntryPoint","urlTemplate":"https:\/\/apuliapraia-hotel.com\/fr\/?s={search_term_string}"},"query-input":{"@type":"PropertyValueSpecification","valueRequired":true,"valueName":"search_term_string"}}],"inLanguage":"fr-FR"}]}},"acf":[],"_links":{"self":[{"href":"https:\/\/apuliapraia-hotel.com\/fr\/wp-json\/wp\/v2\/pages\/1254","targetHints":{"allow":["GET"]}}],"collection":[{"href":"https:\/\/apuliapraia-hotel.com\/fr\/wp-json\/wp\/v2\/pages"}],"about":[{"href":"https:\/\/apuliapraia-hotel.com\/fr\/wp-json\/wp\/v2\/types\/page"}],"author":[{"embeddable":true,"href":"https:\/\/apuliapraia-hotel.com\/fr\/wp-json\/wp\/v2\/users\/565"}],"replies":[{"embeddable":true,"href":"https:\/\/apuliapraia-hotel.com\/fr\/wp-json\/wp\/v2\/comments?post=1254"}],"version-history":[{"count":0,"href":"https:\/\/apuliapraia-hotel.com\/fr\/wp-json\/wp\/v2\/pages\/1254\/revisions"}],"up":[{"embeddable":true,"href":"https:\/\/apuliapraia-hotel.com\/fr\/wp-json\/wp\/v2\/pages\/965"}],"wp:featuredmedia":[{"embeddable":true,"href":"https:\/\/apuliapraia-hotel.com\/fr\/wp-json\/wp\/v2\/media\/1249"}],"wp:attachment":[{"href":"https:\/\/apuliapraia-hotel.com\/fr\/wp-json\/wp\/v2\/media?parent=1254"}],"curies":[{"name":"wp","href":"https:\/\/api.w.org\/{rel}","templated":true}]}}