{"id":1214,"date":"2024-11-20T11:44:21","date_gmt":"2024-11-20T11:44:21","guid":{"rendered":"https:\/\/apuliapraia-hotel.com\/?page_id=1214"},"modified":"2024-11-20T11:45:47","modified_gmt":"2024-11-20T11:45:47","slug":"cheque-cadeau-de-325e","status":"publish","type":"page","link":"https:\/\/apuliapraia-hotel.com\/fr\/experiences\/cheque-cadeau-de-325e\/","title":{"rendered":"Ch\u00e8que-cadeau de 325\u20ac"},"content":{"rendered":"<p>L\u2019h\u00f4tel Apulia Praia vous aide \u00e0 offrir les meilleurs cadeaux, pleins de confort, de convivialit\u00e9 et de qualit\u00e9. Offrez un ch\u00e8que cadeau d\u2019une valeur de 325 \u20ac \u00e0 utiliser pour un s\u00e9jour confortable \u00e0 l\u2019Apulia Praia Hotel, pour toutes ses prestations ou encore pour des exp\u00e9riences uniques avec nos partenaires!<\/p>\n<p><b><strong>Comment utiliser ce bon \u00e9lectronique ?<\/strong><\/b><\/p>\n<ul>\n<li>Deux nuits d&rsquo;h\u00e9bergement et petit-d\u00e9jeuner avec golf pour 2 personnes, en chambre double\/jumelle (en fonction des dates de r\u00e9servation, si la valeur de l&rsquo;h\u00e9bergement est sup\u00e9rieure \u00e0 la valeur du bon \u00e9lectronique, le paiement de la diff\u00e9rence peut \u00eatre demand\u00e9);\n<ul>\n<li>Estela GOLF Experience &#8211; green fee de 18 trous au club de golf Estela (HANDICAP requis pour jouer);<\/li>\n<\/ul>\n<\/li>\n<li>En tant que r\u00e9duction pour tout autre s\u00e9jour dans les diff\u00e9rentes chambres et h\u00e9bergements de l\u2019h\u00f4tel Apulia Praia;<\/li>\n<li>En tant que r\u00e9duction pour tout s\u00e9jour suppl\u00e9mentaire, y compris les exp\u00e9riences avec nos partenaires, en r\u00e9servant directement aupr\u00e8s de notre r\u00e9ception.<\/li>\n<\/ul>\n","protected":false},"excerpt":{"rendered":"<p>L\u2019h\u00f4tel Apulia Praia vous aide \u00e0 offrir les meilleurs cadeaux, pleins de confort, de convivialit\u00e9 et de qualit\u00e9. Offrez un ch\u00e8que cadeau d\u2019une valeur de 325 \u20ac \u00e0 utiliser pour un s\u00e9jour confortable \u00e0 l\u2019Apulia Praia Hotel, pour toutes ses prestations ou encore pour des exp\u00e9riences uniques avec nos partenaires! Comment utiliser ce bon \u00e9lectronique [&hellip;]<\/p>\n","protected":false},"author":565,"featured_media":1173,"parent":965,"menu_order":26,"comment_status":"closed","ping_status":"closed","template":"template-voucher.php","meta":{"footnotes":""},"class_list":["post-1214","page","type-page","status-publish","has-post-thumbnail","hentry"],"yoast_head":"<!-- This site is optimized with the Yoast SEO plugin v26.9 - https:\/\/yoast.com\/product\/yoast-seo-wordpress\/ -->\n<title>Ch\u00e8que-cadeau de 325\u20ac - Apulia Praia Hotel -<\/title>\n<meta name=\"description\" content=\"L\u2019h\u00f4tel Apulia Praia vous aide \u00e0 offrir les meilleurs cadeaux, pleins de confort, de convivialit\u00e9 et de qualit\u00e9. Offrez un ch\u00e8que cadeau d\u2019une valeur de 325 \u20ac \u00e0 utiliser pour un s\u00e9jour confortable \u00e0 l\u2019Apulia Praia Hotel, pour toutes ses prestations ou encore pour des exp\u00e9riences uniques avec nos partenaires!  Comment utiliser ce bon \u00e9lectronique ?   Deux nuits d&#039;h\u00e9bergement et petit-d\u00e9jeuner avec golf pour 2 personnes, en chambre double\/jumelle (en fonction des dates de r\u00e9servation, si la valeur de l&#039;h\u00e9bergement est sup\u00e9rieure \u00e0 la valeur du bon \u00e9lectronique, le paiement de la diff\u00e9rence peut \u00eatre demand\u00e9);   Estela GOLF Experience - green fee de 18 trous au club de golf Estela (HANDICAP requis pour jouer);    En tant que r\u00e9duction pour tout autre s\u00e9jour dans les diff\u00e9rentes chambres et h\u00e9bergements de l\u2019h\u00f4tel Apulia Praia;  En tant que r\u00e9duction pour tout s\u00e9jour suppl\u00e9mentaire, y compris les exp\u00e9riences avec nos partenaires, en r\u00e9servant directement aupr\u00e8s de notre r\u00e9ception.\" \/>\n<meta name=\"robots\" content=\"index, follow, max-snippet:-1, max-image-preview:large, max-video-preview:-1\" \/>\n<link rel=\"canonical\" href=\"https:\/\/apuliapraia-hotel.com\/fr\/experiences\/cheque-cadeau-de-325e\/\" \/>\n<meta property=\"og:locale\" content=\"fr_FR\" \/>\n<meta property=\"og:type\" content=\"article\" \/>\n<meta property=\"og:title\" content=\"Ch\u00e8que-cadeau de 325\u20ac - Apulia Praia Hotel -\" \/>\n<meta property=\"og:description\" content=\"L\u2019h\u00f4tel Apulia Praia vous aide \u00e0 offrir les meilleurs cadeaux, pleins de confort, de convivialit\u00e9 et de qualit\u00e9. Offrez un ch\u00e8que cadeau d\u2019une valeur de 325 \u20ac \u00e0 utiliser pour un s\u00e9jour confortable \u00e0 l\u2019Apulia Praia Hotel, pour toutes ses prestations ou encore pour des exp\u00e9riences uniques avec nos partenaires!  Comment utiliser ce bon \u00e9lectronique ?   Deux nuits d&#039;h\u00e9bergement et petit-d\u00e9jeuner avec golf pour 2 personnes, en chambre double\/jumelle (en fonction des dates de r\u00e9servation, si la valeur de l&#039;h\u00e9bergement est sup\u00e9rieure \u00e0 la valeur du bon \u00e9lectronique, le paiement de la diff\u00e9rence peut \u00eatre demand\u00e9);   Estela GOLF Experience - green fee de 18 trous au club de golf Estela (HANDICAP requis pour jouer);    En tant que r\u00e9duction pour tout autre s\u00e9jour dans les diff\u00e9rentes chambres et h\u00e9bergements de l\u2019h\u00f4tel Apulia Praia;  En tant que r\u00e9duction pour tout s\u00e9jour suppl\u00e9mentaire, y compris les exp\u00e9riences avec nos partenaires, en r\u00e9servant directement aupr\u00e8s de notre r\u00e9ception.\" \/>\n<meta property=\"og:url\" content=\"https:\/\/apuliapraia-hotel.com\/fr\/experiences\/cheque-cadeau-de-325e\/\" \/>\n<meta property=\"og:site_name\" content=\"Apulia Praia Hotel\" \/>\n<meta property=\"article:modified_time\" content=\"2024-11-20T11:45:47+00:00\" \/>\n<meta property=\"og:image\" content=\"https:\/\/apuliapraia-hotel.com\/wp-content\/uploads\/sites\/512\/2024\/11\/GOLFE.png\" \/>\n\t<meta property=\"og:image:width\" content=\"1692\" \/>\n\t<meta property=\"og:image:height\" content=\"1200\" \/>\n\t<meta property=\"og:image:type\" content=\"image\/png\" \/>\n<meta name=\"twitter:card\" content=\"summary_large_image\" \/>\n<meta name=\"twitter:label1\" content=\"Dur\u00e9e de lecture estim\u00e9e\" \/>\n\t<meta name=\"twitter:data1\" content=\"2 minutes\" \/>\n<script type=\"application\/ld+json\" class=\"yoast-schema-graph\">{\"@context\":\"https:\/\/schema.org\",\"@graph\":[{\"@type\":\"WebPage\",\"@id\":\"https:\/\/apuliapraia-hotel.com\/fr\/experiences\/cheque-cadeau-de-325e\/\",\"url\":\"https:\/\/apuliapraia-hotel.com\/fr\/experiences\/cheque-cadeau-de-325e\/\",\"name\":\"Ch\u00e8que-cadeau de 325\u20ac - Apulia Praia Hotel -\",\"isPartOf\":{\"@id\":\"https:\/\/apuliapraia-hotel.com\/fr\/#website\"},\"primaryImageOfPage\":{\"@id\":\"https:\/\/apuliapraia-hotel.com\/fr\/experiences\/cheque-cadeau-de-325e\/#primaryimage\"},\"image\":{\"@id\":\"https:\/\/apuliapraia-hotel.com\/fr\/experiences\/cheque-cadeau-de-325e\/#primaryimage\"},\"thumbnailUrl\":\"https:\/\/apuliapraia-hotel.com\/wp-content\/uploads\/sites\/512\/2024\/11\/GOLFE.png\",\"datePublished\":\"2024-11-20T11:44:21+00:00\",\"dateModified\":\"2024-11-20T11:45:47+00:00\",\"description\":\"L\u2019h\u00f4tel Apulia Praia vous aide \u00e0 offrir les meilleurs cadeaux, pleins de confort, de convivialit\u00e9 et de qualit\u00e9. Offrez un ch\u00e8que cadeau d\u2019une valeur de 325 \u20ac \u00e0 utiliser pour un s\u00e9jour confortable \u00e0 l\u2019Apulia Praia Hotel, pour toutes ses prestations ou encore pour des exp\u00e9riences uniques avec nos partenaires! Comment utiliser ce bon \u00e9lectronique ? \u2022 Deux nuits d'h\u00e9bergement et petit-d\u00e9jeuner avec golf pour 2 personnes, en chambre double\/jumelle (en fonction des dates de r\u00e9servation, si la valeur de l'h\u00e9bergement est sup\u00e9rieure \u00e0 la valeur du bon \u00e9lectronique, le paiement de la diff\u00e9rence peut \u00eatre demand\u00e9); \u2022 Estela GOLF Experience - green fee de 18 trous au club de golf Estela (HANDICAP requis pour jouer); \u2022 En tant que r\u00e9duction pour tout autre s\u00e9jour dans les diff\u00e9rentes chambres et h\u00e9bergements de l\u2019h\u00f4tel Apulia Praia; \u2022 En tant que r\u00e9duction pour tout s\u00e9jour suppl\u00e9mentaire, y compris les exp\u00e9riences avec nos partenaires, en r\u00e9servant directement aupr\u00e8s de notre r\u00e9ception.\",\"breadcrumb\":{\"@id\":\"https:\/\/apuliapraia-hotel.com\/fr\/experiences\/cheque-cadeau-de-325e\/#breadcrumb\"},\"inLanguage\":\"fr-FR\",\"potentialAction\":[{\"@type\":\"ReadAction\",\"target\":[\"https:\/\/apuliapraia-hotel.com\/fr\/experiences\/cheque-cadeau-de-325e\/\"]}]},{\"@type\":\"ImageObject\",\"inLanguage\":\"fr-FR\",\"@id\":\"https:\/\/apuliapraia-hotel.com\/fr\/experiences\/cheque-cadeau-de-325e\/#primaryimage\",\"url\":\"https:\/\/apuliapraia-hotel.com\/wp-content\/uploads\/sites\/512\/2024\/11\/GOLFE.png\",\"contentUrl\":\"https:\/\/apuliapraia-hotel.com\/wp-content\/uploads\/sites\/512\/2024\/11\/GOLFE.png\",\"width\":1692,\"height\":1200},{\"@type\":\"BreadcrumbList\",\"@id\":\"https:\/\/apuliapraia-hotel.com\/fr\/experiences\/cheque-cadeau-de-325e\/#breadcrumb\",\"itemListElement\":[{\"@type\":\"ListItem\",\"position\":1,\"name\":\"Home\",\"item\":\"https:\/\/apuliapraia-hotel.com\/fr\/\"},{\"@type\":\"ListItem\",\"position\":2,\"name\":\"Exp\u00e9riences\",\"item\":\"https:\/\/apuliapraia-hotel.com\/fr\/experiences\/\"},{\"@type\":\"ListItem\",\"position\":3,\"name\":\"Ch\u00e8que-cadeau de 325\u20ac\"}]},{\"@type\":\"WebSite\",\"@id\":\"https:\/\/apuliapraia-hotel.com\/fr\/#website\",\"url\":\"https:\/\/apuliapraia-hotel.com\/fr\/\",\"name\":\"Apulia Praia Hotel\",\"description\":\"\",\"potentialAction\":[{\"@type\":\"SearchAction\",\"target\":{\"@type\":\"EntryPoint\",\"urlTemplate\":\"https:\/\/apuliapraia-hotel.com\/fr\/?s={search_term_string}\"},\"query-input\":{\"@type\":\"PropertyValueSpecification\",\"valueRequired\":true,\"valueName\":\"search_term_string\"}}],\"inLanguage\":\"fr-FR\"}]}<\/script>\n<!-- \/ Yoast SEO plugin. -->","yoast_head_json":{"title":"Ch\u00e8que-cadeau de 325\u20ac - Apulia Praia Hotel -","description":"L\u2019h\u00f4tel Apulia Praia vous aide \u00e0 offrir les meilleurs cadeaux, pleins de confort, de convivialit\u00e9 et de qualit\u00e9. Offrez un ch\u00e8que cadeau d\u2019une valeur de 325 \u20ac \u00e0 utiliser pour un s\u00e9jour confortable \u00e0 l\u2019Apulia Praia Hotel, pour toutes ses prestations ou encore pour des exp\u00e9riences uniques avec nos partenaires!  Comment utiliser ce bon \u00e9lectronique ?   Deux nuits d'h\u00e9bergement et petit-d\u00e9jeuner avec golf pour 2 personnes, en chambre double\/jumelle (en fonction des dates de r\u00e9servation, si la valeur de l'h\u00e9bergement est sup\u00e9rieure \u00e0 la valeur du bon \u00e9lectronique, le paiement de la diff\u00e9rence peut \u00eatre demand\u00e9);   Estela GOLF Experience - green fee de 18 trous au club de golf Estela (HANDICAP requis pour jouer);    En tant que r\u00e9duction pour tout autre s\u00e9jour dans les diff\u00e9rentes chambres et h\u00e9bergements de l\u2019h\u00f4tel Apulia Praia;  En tant que r\u00e9duction pour tout s\u00e9jour suppl\u00e9mentaire, y compris les exp\u00e9riences avec nos partenaires, en r\u00e9servant directement aupr\u00e8s de notre r\u00e9ception.","robots":{"index":"index","follow":"follow","max-snippet":"max-snippet:-1","max-image-preview":"max-image-preview:large","max-video-preview":"max-video-preview:-1"},"canonical":"https:\/\/apuliapraia-hotel.com\/fr\/experiences\/cheque-cadeau-de-325e\/","og_locale":"fr_FR","og_type":"article","og_title":"Ch\u00e8que-cadeau de 325\u20ac - Apulia Praia Hotel -","og_description":"L\u2019h\u00f4tel Apulia Praia vous aide \u00e0 offrir les meilleurs cadeaux, pleins de confort, de convivialit\u00e9 et de qualit\u00e9. Offrez un ch\u00e8que cadeau d\u2019une valeur de 325 \u20ac \u00e0 utiliser pour un s\u00e9jour confortable \u00e0 l\u2019Apulia Praia Hotel, pour toutes ses prestations ou encore pour des exp\u00e9riences uniques avec nos partenaires!  Comment utiliser ce bon \u00e9lectronique ?   Deux nuits d'h\u00e9bergement et petit-d\u00e9jeuner avec golf pour 2 personnes, en chambre double\/jumelle (en fonction des dates de r\u00e9servation, si la valeur de l'h\u00e9bergement est sup\u00e9rieure \u00e0 la valeur du bon \u00e9lectronique, le paiement de la diff\u00e9rence peut \u00eatre demand\u00e9);   Estela GOLF Experience - green fee de 18 trous au club de golf Estela (HANDICAP requis pour jouer);    En tant que r\u00e9duction pour tout autre s\u00e9jour dans les diff\u00e9rentes chambres et h\u00e9bergements de l\u2019h\u00f4tel Apulia Praia;  En tant que r\u00e9duction pour tout s\u00e9jour suppl\u00e9mentaire, y compris les exp\u00e9riences avec nos partenaires, en r\u00e9servant directement aupr\u00e8s de notre r\u00e9ception.","og_url":"https:\/\/apuliapraia-hotel.com\/fr\/experiences\/cheque-cadeau-de-325e\/","og_site_name":"Apulia Praia Hotel","article_modified_time":"2024-11-20T11:45:47+00:00","og_image":[{"width":1692,"height":1200,"url":"https:\/\/apuliapraia-hotel.com\/wp-content\/uploads\/sites\/512\/2024\/11\/GOLFE.png","type":"image\/png"}],"twitter_card":"summary_large_image","twitter_misc":{"Dur\u00e9e de lecture estim\u00e9e":"2 minutes"},"schema":{"@context":"https:\/\/schema.org","@graph":[{"@type":"WebPage","@id":"https:\/\/apuliapraia-hotel.com\/fr\/experiences\/cheque-cadeau-de-325e\/","url":"https:\/\/apuliapraia-hotel.com\/fr\/experiences\/cheque-cadeau-de-325e\/","name":"Ch\u00e8que-cadeau de 325\u20ac - Apulia Praia Hotel -","isPartOf":{"@id":"https:\/\/apuliapraia-hotel.com\/fr\/#website"},"primaryImageOfPage":{"@id":"https:\/\/apuliapraia-hotel.com\/fr\/experiences\/cheque-cadeau-de-325e\/#primaryimage"},"image":{"@id":"https:\/\/apuliapraia-hotel.com\/fr\/experiences\/cheque-cadeau-de-325e\/#primaryimage"},"thumbnailUrl":"https:\/\/apuliapraia-hotel.com\/wp-content\/uploads\/sites\/512\/2024\/11\/GOLFE.png","datePublished":"2024-11-20T11:44:21+00:00","dateModified":"2024-11-20T11:45:47+00:00","description":"L\u2019h\u00f4tel Apulia Praia vous aide \u00e0 offrir les meilleurs cadeaux, pleins de confort, de convivialit\u00e9 et de qualit\u00e9. Offrez un ch\u00e8que cadeau d\u2019une valeur de 325 \u20ac \u00e0 utiliser pour un s\u00e9jour confortable \u00e0 l\u2019Apulia Praia Hotel, pour toutes ses prestations ou encore pour des exp\u00e9riences uniques avec nos partenaires! Comment utiliser ce bon \u00e9lectronique ? \u2022 Deux nuits d'h\u00e9bergement et petit-d\u00e9jeuner avec golf pour 2 personnes, en chambre double\/jumelle (en fonction des dates de r\u00e9servation, si la valeur de l'h\u00e9bergement est sup\u00e9rieure \u00e0 la valeur du bon \u00e9lectronique, le paiement de la diff\u00e9rence peut \u00eatre demand\u00e9); \u2022 Estela GOLF Experience - green fee de 18 trous au club de golf Estela (HANDICAP requis pour jouer); \u2022 En tant que r\u00e9duction pour tout autre s\u00e9jour dans les diff\u00e9rentes chambres et h\u00e9bergements de l\u2019h\u00f4tel Apulia Praia; \u2022 En tant que r\u00e9duction pour tout s\u00e9jour suppl\u00e9mentaire, y compris les exp\u00e9riences avec nos partenaires, en r\u00e9servant directement aupr\u00e8s de notre r\u00e9ception.","breadcrumb":{"@id":"https:\/\/apuliapraia-hotel.com\/fr\/experiences\/cheque-cadeau-de-325e\/#breadcrumb"},"inLanguage":"fr-FR","potentialAction":[{"@type":"ReadAction","target":["https:\/\/apuliapraia-hotel.com\/fr\/experiences\/cheque-cadeau-de-325e\/"]}]},{"@type":"ImageObject","inLanguage":"fr-FR","@id":"https:\/\/apuliapraia-hotel.com\/fr\/experiences\/cheque-cadeau-de-325e\/#primaryimage","url":"https:\/\/apuliapraia-hotel.com\/wp-content\/uploads\/sites\/512\/2024\/11\/GOLFE.png","contentUrl":"https:\/\/apuliapraia-hotel.com\/wp-content\/uploads\/sites\/512\/2024\/11\/GOLFE.png","width":1692,"height":1200},{"@type":"BreadcrumbList","@id":"https:\/\/apuliapraia-hotel.com\/fr\/experiences\/cheque-cadeau-de-325e\/#breadcrumb","itemListElement":[{"@type":"ListItem","position":1,"name":"Home","item":"https:\/\/apuliapraia-hotel.com\/fr\/"},{"@type":"ListItem","position":2,"name":"Exp\u00e9riences","item":"https:\/\/apuliapraia-hotel.com\/fr\/experiences\/"},{"@type":"ListItem","position":3,"name":"Ch\u00e8que-cadeau de 325\u20ac"}]},{"@type":"WebSite","@id":"https:\/\/apuliapraia-hotel.com\/fr\/#website","url":"https:\/\/apuliapraia-hotel.com\/fr\/","name":"Apulia Praia Hotel","description":"","potentialAction":[{"@type":"SearchAction","target":{"@type":"EntryPoint","urlTemplate":"https:\/\/apuliapraia-hotel.com\/fr\/?s={search_term_string}"},"query-input":{"@type":"PropertyValueSpecification","valueRequired":true,"valueName":"search_term_string"}}],"inLanguage":"fr-FR"}]}},"acf":[],"_links":{"self":[{"href":"https:\/\/apuliapraia-hotel.com\/fr\/wp-json\/wp\/v2\/pages\/1214","targetHints":{"allow":["GET"]}}],"collection":[{"href":"https:\/\/apuliapraia-hotel.com\/fr\/wp-json\/wp\/v2\/pages"}],"about":[{"href":"https:\/\/apuliapraia-hotel.com\/fr\/wp-json\/wp\/v2\/types\/page"}],"author":[{"embeddable":true,"href":"https:\/\/apuliapraia-hotel.com\/fr\/wp-json\/wp\/v2\/users\/565"}],"replies":[{"embeddable":true,"href":"https:\/\/apuliapraia-hotel.com\/fr\/wp-json\/wp\/v2\/comments?post=1214"}],"version-history":[{"count":0,"href":"https:\/\/apuliapraia-hotel.com\/fr\/wp-json\/wp\/v2\/pages\/1214\/revisions"}],"up":[{"embeddable":true,"href":"https:\/\/apuliapraia-hotel.com\/fr\/wp-json\/wp\/v2\/pages\/965"}],"wp:featuredmedia":[{"embeddable":true,"href":"https:\/\/apuliapraia-hotel.com\/fr\/wp-json\/wp\/v2\/media\/1173"}],"wp:attachment":[{"href":"https:\/\/apuliapraia-hotel.com\/fr\/wp-json\/wp\/v2\/media?parent=1214"}],"curies":[{"name":"wp","href":"https:\/\/api.w.org\/{rel}","templated":true}]}}