{"id":1144,"date":"2024-08-27T15:39:12","date_gmt":"2024-08-27T15:39:12","guid":{"rendered":"https:\/\/apuliapraia-hotel.com\/?page_id=1144"},"modified":"2024-08-28T14:03:47","modified_gmt":"2024-08-28T14:03:47","slug":"mini-golf-barqueiros","status":"publish","type":"page","link":"https:\/\/apuliapraia-hotel.com\/fr\/experiences\/mini-golf-barqueiros\/","title":{"rendered":"Mini-golf Barqueiros"},"content":{"rendered":"<p>Avec ses 18 pistes, le terrain de mini-golf du parc sportif <strong>Necessidades Futebol Clube<\/strong> est l&rsquo;endroit id\u00e9al pour passer une matin\u00e9e ou un apr\u00e8s-midi amusant en compagnie d&rsquo;amis et de la famille tout en jouant au mini-golf. Il est n\u00e9cessaire d&rsquo;avoir un accompagnateur et de r\u00e9server s&rsquo;il y a un groupe de plus de 6 personnes, des anniversaires, des activit\u00e9s de groupe, des visites scolaires et des \u00e9v\u00e9nements d&rsquo;entreprise.<\/p>\n<p>&nbsp;<\/p>\n<p><strong>Horaires d&rsquo;ouverture:<\/strong><\/p>\n<ul>\n<li>Ouvert tous les jours jusqu&rsquo;au 15 septembre<\/li>\n<li>A partir du 15 septembre :\n<ul>\n<li>Du mardi au dimanche : 10-20h<\/li>\n<li>Ferm\u00e9 le lundi<\/li>\n<\/ul>\n<\/li>\n<\/ul>\n<p><strong>Tarifs (participation individuelle, sans limite de temps):<\/strong><\/p>\n<ul>\n<li>0 &#8211; 5 ann\u00e9es: Gratuit<\/li>\n<li>6 &#8211; 12 ann\u00e9es: 1.5\u20ac<\/li>\n<li>plus de 13 ann\u00e9es: 3\u20ac<\/li>\n<li>inclut la location de battes et de balles.<\/li>\n<\/ul>\n","protected":false},"excerpt":{"rendered":"<p>Avec ses 18 pistes, le terrain de mini-golf du parc sportif Necessidades Futebol Clube est l&rsquo;endroit id\u00e9al pour passer une matin\u00e9e ou un apr\u00e8s-midi amusant en compagnie d&rsquo;amis et de la famille tout en jouant au mini-golf. Il est n\u00e9cessaire d&rsquo;avoir un accompagnateur et de r\u00e9server s&rsquo;il y a un groupe de plus de 6 [&hellip;]<\/p>\n","protected":false},"author":565,"featured_media":1137,"parent":965,"menu_order":25,"comment_status":"closed","ping_status":"closed","template":"template-default-4.php","meta":{"footnotes":""},"class_list":["post-1144","page","type-page","status-publish","has-post-thumbnail","hentry"],"yoast_head":"<!-- This site is optimized with the Yoast SEO plugin v26.9 - https:\/\/yoast.com\/product\/yoast-seo-wordpress\/ -->\n<title>Mini-golf Barqueiros - Apulia Praia Hotel -<\/title>\n<meta name=\"description\" content=\"Avec ses 18 pistes, le terrain de mini-golf du parc sportif Necessidades Futebol Clube est l&#039;endroit id\u00e9al pour passer une matin\u00e9e ou un apr\u00e8s-midi amusant en compagnie d&#039;amis et de la famille tout en jouant au mini-golf. Il est n\u00e9cessaire d&#039;avoir un accompagnateur et de r\u00e9server s&#039;il y a un groupe de plus de 6 personnes, des anniversaires, des activit\u00e9s de groupe, des visites scolaires et des \u00e9v\u00e9nements d&#039;entreprise.  &nbsp;  Horaires d&#039;ouverture:   Ouvert tous les jours jusqu&#039;au 15 septembre  A partir du 15 septembre :   Du mardi au dimanche : 10-20h  Ferm\u00e9 le lundi    Tarifs (participation individuelle, sans limite de temps):   0 - 5 ann\u00e9es: Gratuit  6 - 12 ann\u00e9es: 1.5\u20ac  plus de 13 ann\u00e9es: 3\u20ac  inclut la location de battes et de balles.\" \/>\n<meta name=\"robots\" content=\"index, follow, max-snippet:-1, max-image-preview:large, max-video-preview:-1\" \/>\n<link rel=\"canonical\" href=\"https:\/\/apuliapraia-hotel.com\/fr\/experiences\/mini-golf-barqueiros\/\" \/>\n<meta property=\"og:locale\" content=\"fr_FR\" \/>\n<meta property=\"og:type\" content=\"article\" \/>\n<meta property=\"og:title\" content=\"Mini-golf Barqueiros - Apulia Praia Hotel -\" \/>\n<meta property=\"og:description\" content=\"Avec ses 18 pistes, le terrain de mini-golf du parc sportif Necessidades Futebol Clube est l&#039;endroit id\u00e9al pour passer une matin\u00e9e ou un apr\u00e8s-midi amusant en compagnie d&#039;amis et de la famille tout en jouant au mini-golf. Il est n\u00e9cessaire d&#039;avoir un accompagnateur et de r\u00e9server s&#039;il y a un groupe de plus de 6 personnes, des anniversaires, des activit\u00e9s de groupe, des visites scolaires et des \u00e9v\u00e9nements d&#039;entreprise.  &nbsp;  Horaires d&#039;ouverture:   Ouvert tous les jours jusqu&#039;au 15 septembre  A partir du 15 septembre :   Du mardi au dimanche : 10-20h  Ferm\u00e9 le lundi    Tarifs (participation individuelle, sans limite de temps):   0 - 5 ann\u00e9es: Gratuit  6 - 12 ann\u00e9es: 1.5\u20ac  plus de 13 ann\u00e9es: 3\u20ac  inclut la location de battes et de balles.\" \/>\n<meta property=\"og:url\" content=\"https:\/\/apuliapraia-hotel.com\/fr\/experiences\/mini-golf-barqueiros\/\" \/>\n<meta property=\"og:site_name\" content=\"Apulia Praia Hotel\" \/>\n<meta property=\"article:modified_time\" content=\"2024-08-28T14:03:47+00:00\" \/>\n<meta property=\"og:image\" content=\"https:\/\/apuliapraia-hotel.com\/wp-content\/uploads\/sites\/512\/2024\/08\/Necessidades-Futebol-Clube-Mini-golf.jpg\" \/>\n\t<meta property=\"og:image:width\" content=\"1068\" \/>\n\t<meta property=\"og:image:height\" content=\"702\" \/>\n\t<meta property=\"og:image:type\" content=\"image\/jpeg\" \/>\n<meta name=\"twitter:card\" content=\"summary_large_image\" \/>\n<meta name=\"twitter:label1\" content=\"Dur\u00e9e de lecture estim\u00e9e\" \/>\n\t<meta name=\"twitter:data1\" content=\"1 minute\" \/>\n<script type=\"application\/ld+json\" class=\"yoast-schema-graph\">{\"@context\":\"https:\/\/schema.org\",\"@graph\":[{\"@type\":\"WebPage\",\"@id\":\"https:\/\/apuliapraia-hotel.com\/fr\/experiences\/mini-golf-barqueiros\/\",\"url\":\"https:\/\/apuliapraia-hotel.com\/fr\/experiences\/mini-golf-barqueiros\/\",\"name\":\"Mini-golf Barqueiros - Apulia Praia Hotel -\",\"isPartOf\":{\"@id\":\"https:\/\/apuliapraia-hotel.com\/fr\/#website\"},\"primaryImageOfPage\":{\"@id\":\"https:\/\/apuliapraia-hotel.com\/fr\/experiences\/mini-golf-barqueiros\/#primaryimage\"},\"image\":{\"@id\":\"https:\/\/apuliapraia-hotel.com\/fr\/experiences\/mini-golf-barqueiros\/#primaryimage\"},\"thumbnailUrl\":\"https:\/\/apuliapraia-hotel.com\/wp-content\/uploads\/sites\/512\/2024\/08\/Necessidades-Futebol-Clube-Mini-golf.jpg\",\"datePublished\":\"2024-08-27T15:39:12+00:00\",\"dateModified\":\"2024-08-28T14:03:47+00:00\",\"description\":\"Avec ses 18 pistes, le terrain de mini-golf du parc sportif Necessidades Futebol Clube est l'endroit id\u00e9al pour passer une matin\u00e9e ou un apr\u00e8s-midi amusant en compagnie d'amis et de la famille tout en jouant au mini-golf. Il est n\u00e9cessaire d'avoir un accompagnateur et de r\u00e9server s'il y a un groupe de plus de 6 personnes, des anniversaires, des activit\u00e9s de groupe, des visites scolaires et des \u00e9v\u00e9nements d'entreprise. &nbsp; Horaires d'ouverture: \u2022 Ouvert tous les jours jusqu'au 15 septembre \u2022 A partir du 15 septembre : \u2022 Du mardi au dimanche : 10-20h \u2022 Ferm\u00e9 le lundi Tarifs (participation individuelle, sans limite de temps): \u2022 0 - 5 ann\u00e9es: Gratuit \u2022 6 - 12 ann\u00e9es: 1.5\u20ac \u2022 plus de 13 ann\u00e9es: 3\u20ac \u2022 inclut la location de battes et de balles.\",\"breadcrumb\":{\"@id\":\"https:\/\/apuliapraia-hotel.com\/fr\/experiences\/mini-golf-barqueiros\/#breadcrumb\"},\"inLanguage\":\"fr-FR\",\"potentialAction\":[{\"@type\":\"ReadAction\",\"target\":[\"https:\/\/apuliapraia-hotel.com\/fr\/experiences\/mini-golf-barqueiros\/\"]}]},{\"@type\":\"ImageObject\",\"inLanguage\":\"fr-FR\",\"@id\":\"https:\/\/apuliapraia-hotel.com\/fr\/experiences\/mini-golf-barqueiros\/#primaryimage\",\"url\":\"https:\/\/apuliapraia-hotel.com\/wp-content\/uploads\/sites\/512\/2024\/08\/Necessidades-Futebol-Clube-Mini-golf.jpg\",\"contentUrl\":\"https:\/\/apuliapraia-hotel.com\/wp-content\/uploads\/sites\/512\/2024\/08\/Necessidades-Futebol-Clube-Mini-golf.jpg\",\"width\":1068,\"height\":702},{\"@type\":\"BreadcrumbList\",\"@id\":\"https:\/\/apuliapraia-hotel.com\/fr\/experiences\/mini-golf-barqueiros\/#breadcrumb\",\"itemListElement\":[{\"@type\":\"ListItem\",\"position\":1,\"name\":\"Home\",\"item\":\"https:\/\/apuliapraia-hotel.com\/fr\/\"},{\"@type\":\"ListItem\",\"position\":2,\"name\":\"Exp\u00e9riences\",\"item\":\"https:\/\/apuliapraia-hotel.com\/fr\/experiences\/\"},{\"@type\":\"ListItem\",\"position\":3,\"name\":\"Mini-golf Barqueiros\"}]},{\"@type\":\"WebSite\",\"@id\":\"https:\/\/apuliapraia-hotel.com\/fr\/#website\",\"url\":\"https:\/\/apuliapraia-hotel.com\/fr\/\",\"name\":\"Apulia Praia Hotel\",\"description\":\"\",\"potentialAction\":[{\"@type\":\"SearchAction\",\"target\":{\"@type\":\"EntryPoint\",\"urlTemplate\":\"https:\/\/apuliapraia-hotel.com\/fr\/?s={search_term_string}\"},\"query-input\":{\"@type\":\"PropertyValueSpecification\",\"valueRequired\":true,\"valueName\":\"search_term_string\"}}],\"inLanguage\":\"fr-FR\"}]}<\/script>\n<!-- \/ Yoast SEO plugin. -->","yoast_head_json":{"title":"Mini-golf Barqueiros - Apulia Praia Hotel -","description":"Avec ses 18 pistes, le terrain de mini-golf du parc sportif Necessidades Futebol Clube est l'endroit id\u00e9al pour passer une matin\u00e9e ou un apr\u00e8s-midi amusant en compagnie d'amis et de la famille tout en jouant au mini-golf. Il est n\u00e9cessaire d'avoir un accompagnateur et de r\u00e9server s'il y a un groupe de plus de 6 personnes, des anniversaires, des activit\u00e9s de groupe, des visites scolaires et des \u00e9v\u00e9nements d'entreprise.  &nbsp;  Horaires d'ouverture:   Ouvert tous les jours jusqu'au 15 septembre  A partir du 15 septembre :   Du mardi au dimanche : 10-20h  Ferm\u00e9 le lundi    Tarifs (participation individuelle, sans limite de temps):   0 - 5 ann\u00e9es: Gratuit  6 - 12 ann\u00e9es: 1.5\u20ac  plus de 13 ann\u00e9es: 3\u20ac  inclut la location de battes et de balles.","robots":{"index":"index","follow":"follow","max-snippet":"max-snippet:-1","max-image-preview":"max-image-preview:large","max-video-preview":"max-video-preview:-1"},"canonical":"https:\/\/apuliapraia-hotel.com\/fr\/experiences\/mini-golf-barqueiros\/","og_locale":"fr_FR","og_type":"article","og_title":"Mini-golf Barqueiros - Apulia Praia Hotel -","og_description":"Avec ses 18 pistes, le terrain de mini-golf du parc sportif Necessidades Futebol Clube est l'endroit id\u00e9al pour passer une matin\u00e9e ou un apr\u00e8s-midi amusant en compagnie d'amis et de la famille tout en jouant au mini-golf. Il est n\u00e9cessaire d'avoir un accompagnateur et de r\u00e9server s'il y a un groupe de plus de 6 personnes, des anniversaires, des activit\u00e9s de groupe, des visites scolaires et des \u00e9v\u00e9nements d'entreprise.  &nbsp;  Horaires d'ouverture:   Ouvert tous les jours jusqu'au 15 septembre  A partir du 15 septembre :   Du mardi au dimanche : 10-20h  Ferm\u00e9 le lundi    Tarifs (participation individuelle, sans limite de temps):   0 - 5 ann\u00e9es: Gratuit  6 - 12 ann\u00e9es: 1.5\u20ac  plus de 13 ann\u00e9es: 3\u20ac  inclut la location de battes et de balles.","og_url":"https:\/\/apuliapraia-hotel.com\/fr\/experiences\/mini-golf-barqueiros\/","og_site_name":"Apulia Praia Hotel","article_modified_time":"2024-08-28T14:03:47+00:00","og_image":[{"width":1068,"height":702,"url":"https:\/\/apuliapraia-hotel.com\/wp-content\/uploads\/sites\/512\/2024\/08\/Necessidades-Futebol-Clube-Mini-golf.jpg","type":"image\/jpeg"}],"twitter_card":"summary_large_image","twitter_misc":{"Dur\u00e9e de lecture estim\u00e9e":"1 minute"},"schema":{"@context":"https:\/\/schema.org","@graph":[{"@type":"WebPage","@id":"https:\/\/apuliapraia-hotel.com\/fr\/experiences\/mini-golf-barqueiros\/","url":"https:\/\/apuliapraia-hotel.com\/fr\/experiences\/mini-golf-barqueiros\/","name":"Mini-golf Barqueiros - Apulia Praia Hotel -","isPartOf":{"@id":"https:\/\/apuliapraia-hotel.com\/fr\/#website"},"primaryImageOfPage":{"@id":"https:\/\/apuliapraia-hotel.com\/fr\/experiences\/mini-golf-barqueiros\/#primaryimage"},"image":{"@id":"https:\/\/apuliapraia-hotel.com\/fr\/experiences\/mini-golf-barqueiros\/#primaryimage"},"thumbnailUrl":"https:\/\/apuliapraia-hotel.com\/wp-content\/uploads\/sites\/512\/2024\/08\/Necessidades-Futebol-Clube-Mini-golf.jpg","datePublished":"2024-08-27T15:39:12+00:00","dateModified":"2024-08-28T14:03:47+00:00","description":"Avec ses 18 pistes, le terrain de mini-golf du parc sportif Necessidades Futebol Clube est l'endroit id\u00e9al pour passer une matin\u00e9e ou un apr\u00e8s-midi amusant en compagnie d'amis et de la famille tout en jouant au mini-golf. Il est n\u00e9cessaire d'avoir un accompagnateur et de r\u00e9server s'il y a un groupe de plus de 6 personnes, des anniversaires, des activit\u00e9s de groupe, des visites scolaires et des \u00e9v\u00e9nements d'entreprise. &nbsp; Horaires d'ouverture: \u2022 Ouvert tous les jours jusqu'au 15 septembre \u2022 A partir du 15 septembre : \u2022 Du mardi au dimanche : 10-20h \u2022 Ferm\u00e9 le lundi Tarifs (participation individuelle, sans limite de temps): \u2022 0 - 5 ann\u00e9es: Gratuit \u2022 6 - 12 ann\u00e9es: 1.5\u20ac \u2022 plus de 13 ann\u00e9es: 3\u20ac \u2022 inclut la location de battes et de balles.","breadcrumb":{"@id":"https:\/\/apuliapraia-hotel.com\/fr\/experiences\/mini-golf-barqueiros\/#breadcrumb"},"inLanguage":"fr-FR","potentialAction":[{"@type":"ReadAction","target":["https:\/\/apuliapraia-hotel.com\/fr\/experiences\/mini-golf-barqueiros\/"]}]},{"@type":"ImageObject","inLanguage":"fr-FR","@id":"https:\/\/apuliapraia-hotel.com\/fr\/experiences\/mini-golf-barqueiros\/#primaryimage","url":"https:\/\/apuliapraia-hotel.com\/wp-content\/uploads\/sites\/512\/2024\/08\/Necessidades-Futebol-Clube-Mini-golf.jpg","contentUrl":"https:\/\/apuliapraia-hotel.com\/wp-content\/uploads\/sites\/512\/2024\/08\/Necessidades-Futebol-Clube-Mini-golf.jpg","width":1068,"height":702},{"@type":"BreadcrumbList","@id":"https:\/\/apuliapraia-hotel.com\/fr\/experiences\/mini-golf-barqueiros\/#breadcrumb","itemListElement":[{"@type":"ListItem","position":1,"name":"Home","item":"https:\/\/apuliapraia-hotel.com\/fr\/"},{"@type":"ListItem","position":2,"name":"Exp\u00e9riences","item":"https:\/\/apuliapraia-hotel.com\/fr\/experiences\/"},{"@type":"ListItem","position":3,"name":"Mini-golf Barqueiros"}]},{"@type":"WebSite","@id":"https:\/\/apuliapraia-hotel.com\/fr\/#website","url":"https:\/\/apuliapraia-hotel.com\/fr\/","name":"Apulia Praia Hotel","description":"","potentialAction":[{"@type":"SearchAction","target":{"@type":"EntryPoint","urlTemplate":"https:\/\/apuliapraia-hotel.com\/fr\/?s={search_term_string}"},"query-input":{"@type":"PropertyValueSpecification","valueRequired":true,"valueName":"search_term_string"}}],"inLanguage":"fr-FR"}]}},"acf":[],"_links":{"self":[{"href":"https:\/\/apuliapraia-hotel.com\/fr\/wp-json\/wp\/v2\/pages\/1144","targetHints":{"allow":["GET"]}}],"collection":[{"href":"https:\/\/apuliapraia-hotel.com\/fr\/wp-json\/wp\/v2\/pages"}],"about":[{"href":"https:\/\/apuliapraia-hotel.com\/fr\/wp-json\/wp\/v2\/types\/page"}],"author":[{"embeddable":true,"href":"https:\/\/apuliapraia-hotel.com\/fr\/wp-json\/wp\/v2\/users\/565"}],"replies":[{"embeddable":true,"href":"https:\/\/apuliapraia-hotel.com\/fr\/wp-json\/wp\/v2\/comments?post=1144"}],"version-history":[{"count":0,"href":"https:\/\/apuliapraia-hotel.com\/fr\/wp-json\/wp\/v2\/pages\/1144\/revisions"}],"up":[{"embeddable":true,"href":"https:\/\/apuliapraia-hotel.com\/fr\/wp-json\/wp\/v2\/pages\/965"}],"wp:featuredmedia":[{"embeddable":true,"href":"https:\/\/apuliapraia-hotel.com\/fr\/wp-json\/wp\/v2\/media\/1137"}],"wp:attachment":[{"href":"https:\/\/apuliapraia-hotel.com\/fr\/wp-json\/wp\/v2\/media?parent=1144"}],"curies":[{"name":"wp","href":"https:\/\/api.w.org\/{rel}","templated":true}]}}