{"id":1117,"date":"2024-06-24T08:20:35","date_gmt":"2024-06-24T08:20:35","guid":{"rendered":"https:\/\/apuliapraia-hotel.com\/?page_id=1117"},"modified":"2024-06-24T08:20:35","modified_gmt":"2024-06-24T08:20:35","slug":"musee-des-sargasses","status":"publish","type":"page","link":"https:\/\/apuliapraia-hotel.com\/fr\/region\/musee-des-sargasses\/","title":{"rendered":"Mus\u00e9e des Sargasses"},"content":{"rendered":"<p>D\u00e9couvrez l&rsquo;histoire d&rsquo;Esposende avec le mus\u00e9e des sargasses ! Ce tr\u00e9sor pr\u00e9serve et promeut la culture de la \u00ab\u00a0r\u00e9colte des sargasses\u00a0\u00bb, en particulier dans la paroisse d&rsquo;Ap\u00falia, qui en est le plus grand symbole et l&rsquo;ic\u00f4ne de la promotion culturelle. Le mus\u00e9e se compose d&rsquo;une salle d&rsquo;exposition principale, o\u00f9 sont expos\u00e9s les costumes, les outils de travail et les bateaux. L&rsquo;\u00e9tage sup\u00e9rieur pr\u00e9sente la valeur de cette pratique au fil des si\u00e8cles. Outre leur utilisation traditionnelle pour fertiliser les champs agricoles, les sargasses peuvent \u00e9galement \u00eatre utilis\u00e9es pour des produits d&rsquo;hygi\u00e8ne, des cosm\u00e9tiques et des produits alimentaires. Vous trouverez tout cela et bien d&rsquo;autres choses encore \u00e0 quelques minutes de l&rsquo;h\u00f4tel\u00a0Apulia\u00a0Praia.<\/p>\n","protected":false},"excerpt":{"rendered":"<p>D\u00e9couvrez l&rsquo;histoire d&rsquo;Esposende avec le mus\u00e9e des sargasses ! Ce tr\u00e9sor pr\u00e9serve et promeut la culture de la \u00ab\u00a0r\u00e9colte des sargasses\u00a0\u00bb, en particulier dans la paroisse d&rsquo;Ap\u00falia, qui en est le plus grand symbole et l&rsquo;ic\u00f4ne de la promotion culturelle. Le mus\u00e9e se compose d&rsquo;une salle d&rsquo;exposition principale, o\u00f9 sont expos\u00e9s les costumes, les outils [&hellip;]<\/p>\n","protected":false},"author":565,"featured_media":0,"parent":984,"menu_order":14,"comment_status":"closed","ping_status":"closed","template":"template-default-4.php","meta":{"footnotes":""},"class_list":["post-1117","page","type-page","status-publish","hentry"],"yoast_head":"<!-- This site is optimized with the Yoast SEO plugin v26.9 - https:\/\/yoast.com\/product\/yoast-seo-wordpress\/ -->\n<title>Mus\u00e9e des Sargasses - Apulia Praia Hotel -<\/title>\n<meta name=\"description\" content=\"D\u00e9couvrez l&#039;histoire d&#039;Esposende avec le mus\u00e9e des sargasses ! Ce tr\u00e9sor pr\u00e9serve et promeut la culture de la &quot;r\u00e9colte des sargasses&quot;, en particulier dans la paroisse d&#039;Ap\u00falia, qui en est le plus grand symbole et l&#039;ic\u00f4ne de la promotion culturelle. Le mus\u00e9e se compose d&#039;une salle d&#039;exposition principale, o\u00f9 sont expos\u00e9s les costumes, les outils de travail et les bateaux\" \/>\n<meta name=\"robots\" content=\"index, follow, max-snippet:-1, max-image-preview:large, max-video-preview:-1\" \/>\n<link rel=\"canonical\" href=\"https:\/\/apuliapraia-hotel.com\/fr\/region\/musee-des-sargasses\/\" \/>\n<meta property=\"og:locale\" content=\"fr_FR\" \/>\n<meta property=\"og:type\" content=\"article\" \/>\n<meta property=\"og:title\" content=\"Mus\u00e9e des Sargasses - Apulia Praia Hotel -\" \/>\n<meta property=\"og:description\" content=\"D\u00e9couvrez l&#039;histoire d&#039;Esposende avec le mus\u00e9e des sargasses ! Ce tr\u00e9sor pr\u00e9serve et promeut la culture de la &quot;r\u00e9colte des sargasses&quot;, en particulier dans la paroisse d&#039;Ap\u00falia, qui en est le plus grand symbole et l&#039;ic\u00f4ne de la promotion culturelle. Le mus\u00e9e se compose d&#039;une salle d&#039;exposition principale, o\u00f9 sont expos\u00e9s les costumes, les outils de travail et les bateaux\" \/>\n<meta property=\"og:url\" content=\"https:\/\/apuliapraia-hotel.com\/fr\/region\/musee-des-sargasses\/\" \/>\n<meta property=\"og:site_name\" content=\"Apulia Praia Hotel\" \/>\n<meta name=\"twitter:card\" content=\"summary_large_image\" \/>\n<meta name=\"twitter:label1\" content=\"Dur\u00e9e de lecture estim\u00e9e\" \/>\n\t<meta name=\"twitter:data1\" content=\"1 minute\" \/>\n<script type=\"application\/ld+json\" class=\"yoast-schema-graph\">{\"@context\":\"https:\/\/schema.org\",\"@graph\":[{\"@type\":\"WebPage\",\"@id\":\"https:\/\/apuliapraia-hotel.com\/fr\/region\/musee-des-sargasses\/\",\"url\":\"https:\/\/apuliapraia-hotel.com\/fr\/region\/musee-des-sargasses\/\",\"name\":\"Mus\u00e9e des Sargasses - Apulia Praia Hotel -\",\"isPartOf\":{\"@id\":\"https:\/\/apuliapraia-hotel.com\/fr\/#website\"},\"datePublished\":\"2024-06-24T08:20:35+00:00\",\"description\":\"D\u00e9couvrez l'histoire d'Esposende avec le mus\u00e9e des sargasses ! Ce tr\u00e9sor pr\u00e9serve et promeut la culture de la \\\"r\u00e9colte des sargasses\\\", en particulier dans la paroisse d'Ap\u00falia, qui en est le plus grand symbole et l'ic\u00f4ne de la promotion culturelle. Le mus\u00e9e se compose d'une salle d'exposition principale, o\u00f9 sont expos\u00e9s les costumes, les outils de travail et les bateaux\",\"breadcrumb\":{\"@id\":\"https:\/\/apuliapraia-hotel.com\/fr\/region\/musee-des-sargasses\/#breadcrumb\"},\"inLanguage\":\"fr-FR\",\"potentialAction\":[{\"@type\":\"ReadAction\",\"target\":[\"https:\/\/apuliapraia-hotel.com\/fr\/region\/musee-des-sargasses\/\"]}]},{\"@type\":\"BreadcrumbList\",\"@id\":\"https:\/\/apuliapraia-hotel.com\/fr\/region\/musee-des-sargasses\/#breadcrumb\",\"itemListElement\":[{\"@type\":\"ListItem\",\"position\":1,\"name\":\"Home\",\"item\":\"https:\/\/apuliapraia-hotel.com\/fr\/\"},{\"@type\":\"ListItem\",\"position\":2,\"name\":\"R\u00e9gion\",\"item\":\"https:\/\/apuliapraia-hotel.com\/fr\/region\/\"},{\"@type\":\"ListItem\",\"position\":3,\"name\":\"Mus\u00e9e des Sargasses\"}]},{\"@type\":\"WebSite\",\"@id\":\"https:\/\/apuliapraia-hotel.com\/fr\/#website\",\"url\":\"https:\/\/apuliapraia-hotel.com\/fr\/\",\"name\":\"Apulia Praia Hotel\",\"description\":\"\",\"potentialAction\":[{\"@type\":\"SearchAction\",\"target\":{\"@type\":\"EntryPoint\",\"urlTemplate\":\"https:\/\/apuliapraia-hotel.com\/fr\/?s={search_term_string}\"},\"query-input\":{\"@type\":\"PropertyValueSpecification\",\"valueRequired\":true,\"valueName\":\"search_term_string\"}}],\"inLanguage\":\"fr-FR\"}]}<\/script>\n<!-- \/ Yoast SEO plugin. -->","yoast_head_json":{"title":"Mus\u00e9e des Sargasses - Apulia Praia Hotel -","description":"D\u00e9couvrez l'histoire d'Esposende avec le mus\u00e9e des sargasses ! Ce tr\u00e9sor pr\u00e9serve et promeut la culture de la \"r\u00e9colte des sargasses\", en particulier dans la paroisse d'Ap\u00falia, qui en est le plus grand symbole et l'ic\u00f4ne de la promotion culturelle. Le mus\u00e9e se compose d'une salle d'exposition principale, o\u00f9 sont expos\u00e9s les costumes, les outils de travail et les bateaux","robots":{"index":"index","follow":"follow","max-snippet":"max-snippet:-1","max-image-preview":"max-image-preview:large","max-video-preview":"max-video-preview:-1"},"canonical":"https:\/\/apuliapraia-hotel.com\/fr\/region\/musee-des-sargasses\/","og_locale":"fr_FR","og_type":"article","og_title":"Mus\u00e9e des Sargasses - Apulia Praia Hotel -","og_description":"D\u00e9couvrez l'histoire d'Esposende avec le mus\u00e9e des sargasses ! Ce tr\u00e9sor pr\u00e9serve et promeut la culture de la \"r\u00e9colte des sargasses\", en particulier dans la paroisse d'Ap\u00falia, qui en est le plus grand symbole et l'ic\u00f4ne de la promotion culturelle. Le mus\u00e9e se compose d'une salle d'exposition principale, o\u00f9 sont expos\u00e9s les costumes, les outils de travail et les bateaux","og_url":"https:\/\/apuliapraia-hotel.com\/fr\/region\/musee-des-sargasses\/","og_site_name":"Apulia Praia Hotel","twitter_card":"summary_large_image","twitter_misc":{"Dur\u00e9e de lecture estim\u00e9e":"1 minute"},"schema":{"@context":"https:\/\/schema.org","@graph":[{"@type":"WebPage","@id":"https:\/\/apuliapraia-hotel.com\/fr\/region\/musee-des-sargasses\/","url":"https:\/\/apuliapraia-hotel.com\/fr\/region\/musee-des-sargasses\/","name":"Mus\u00e9e des Sargasses - Apulia Praia Hotel -","isPartOf":{"@id":"https:\/\/apuliapraia-hotel.com\/fr\/#website"},"datePublished":"2024-06-24T08:20:35+00:00","description":"D\u00e9couvrez l'histoire d'Esposende avec le mus\u00e9e des sargasses ! Ce tr\u00e9sor pr\u00e9serve et promeut la culture de la \"r\u00e9colte des sargasses\", en particulier dans la paroisse d'Ap\u00falia, qui en est le plus grand symbole et l'ic\u00f4ne de la promotion culturelle. Le mus\u00e9e se compose d'une salle d'exposition principale, o\u00f9 sont expos\u00e9s les costumes, les outils de travail et les bateaux","breadcrumb":{"@id":"https:\/\/apuliapraia-hotel.com\/fr\/region\/musee-des-sargasses\/#breadcrumb"},"inLanguage":"fr-FR","potentialAction":[{"@type":"ReadAction","target":["https:\/\/apuliapraia-hotel.com\/fr\/region\/musee-des-sargasses\/"]}]},{"@type":"BreadcrumbList","@id":"https:\/\/apuliapraia-hotel.com\/fr\/region\/musee-des-sargasses\/#breadcrumb","itemListElement":[{"@type":"ListItem","position":1,"name":"Home","item":"https:\/\/apuliapraia-hotel.com\/fr\/"},{"@type":"ListItem","position":2,"name":"R\u00e9gion","item":"https:\/\/apuliapraia-hotel.com\/fr\/region\/"},{"@type":"ListItem","position":3,"name":"Mus\u00e9e des Sargasses"}]},{"@type":"WebSite","@id":"https:\/\/apuliapraia-hotel.com\/fr\/#website","url":"https:\/\/apuliapraia-hotel.com\/fr\/","name":"Apulia Praia Hotel","description":"","potentialAction":[{"@type":"SearchAction","target":{"@type":"EntryPoint","urlTemplate":"https:\/\/apuliapraia-hotel.com\/fr\/?s={search_term_string}"},"query-input":{"@type":"PropertyValueSpecification","valueRequired":true,"valueName":"search_term_string"}}],"inLanguage":"fr-FR"}]}},"acf":[],"_links":{"self":[{"href":"https:\/\/apuliapraia-hotel.com\/fr\/wp-json\/wp\/v2\/pages\/1117","targetHints":{"allow":["GET"]}}],"collection":[{"href":"https:\/\/apuliapraia-hotel.com\/fr\/wp-json\/wp\/v2\/pages"}],"about":[{"href":"https:\/\/apuliapraia-hotel.com\/fr\/wp-json\/wp\/v2\/types\/page"}],"author":[{"embeddable":true,"href":"https:\/\/apuliapraia-hotel.com\/fr\/wp-json\/wp\/v2\/users\/565"}],"replies":[{"embeddable":true,"href":"https:\/\/apuliapraia-hotel.com\/fr\/wp-json\/wp\/v2\/comments?post=1117"}],"version-history":[{"count":0,"href":"https:\/\/apuliapraia-hotel.com\/fr\/wp-json\/wp\/v2\/pages\/1117\/revisions"}],"up":[{"embeddable":true,"href":"https:\/\/apuliapraia-hotel.com\/fr\/wp-json\/wp\/v2\/pages\/984"}],"wp:attachment":[{"href":"https:\/\/apuliapraia-hotel.com\/fr\/wp-json\/wp\/v2\/media?parent=1117"}],"curies":[{"name":"wp","href":"https:\/\/api.w.org\/{rel}","templated":true}]}}