{"id":1017,"date":"2024-01-08T16:24:28","date_gmt":"2024-01-08T16:24:28","guid":{"rendered":"https:\/\/apuliapraia-hotel.com\/?page_id=1017"},"modified":"2024-01-08T16:24:28","modified_gmt":"2024-01-08T16:24:28","slug":"sanctuaire-nossa-senhora-da-guia","status":"publish","type":"page","link":"https:\/\/apuliapraia-hotel.com\/fr\/region\/sanctuaire-nossa-senhora-da-guia\/","title":{"rendered":"Sanctuaire Nossa Senhora da Guia"},"content":{"rendered":"<p>Le Sanctuaire de Nossa Senhora da Guia est un incontournable. Vous pouvez y acc\u00e9der par la <strong>Via Sacra itin\u00e9raire<\/strong> ou en empruntant l\u2019escalier caract\u00e9ristique. Au <strong>belv\u00e9d\u00e8re Senhora da Guia<\/strong>, profitez d\u2019une vue magnifique entre la mer et la falaise fossile, offrant un panorama saisissant de la c\u00f4te atlantique de S\u00e3o Bartolomeu do Mar \u00e1 Viana do Castelo. De plus, vous avez \u00e9galement la possibilit\u00e9 d&rsquo;explorer certains monuments comme la <strong>Grotte J\u00f3ia-Monge<\/strong>, entour\u00e9e de l\u00e9gendes et de mythes, ou de vous arr\u00eater pour un agr\u00e9able pique-nique. Ne manquez pas d\u2019appr\u00e9cier la <strong>Chapelle Senhora da Guia<\/strong>, qui servait autrefois le phare de tous les marins.<\/p>\n","protected":false},"excerpt":{"rendered":"<p>Le Sanctuaire de Nossa Senhora da Guia est un incontournable. Vous pouvez y acc\u00e9der par la Via Sacra itin\u00e9raire ou en empruntant l\u2019escalier caract\u00e9ristique. Au belv\u00e9d\u00e8re Senhora da Guia, profitez d\u2019une vue magnifique entre la mer et la falaise fossile, offrant un panorama saisissant de la c\u00f4te atlantique de S\u00e3o Bartolomeu do Mar \u00e1 Viana [&hellip;]<\/p>\n","protected":false},"author":565,"featured_media":380,"parent":984,"menu_order":13,"comment_status":"closed","ping_status":"closed","template":"template-default-4.php","meta":{"footnotes":""},"class_list":["post-1017","page","type-page","status-publish","has-post-thumbnail","hentry"],"yoast_head":"<!-- This site is optimized with the Yoast SEO plugin v26.9 - https:\/\/yoast.com\/product\/yoast-seo-wordpress\/ -->\n<title>Sanctuaire Nossa Senhora da Guia - Apulia Praia Hotel -<\/title>\n<meta name=\"description\" content=\"Le Sanctuaire de Nossa Senhora da Guia est un incontournable. Vous pouvez y acc\u00e9der par la Via Sacra itin\u00e9raire ou en empruntant l\u2019escalier caract\u00e9ristique\" \/>\n<meta name=\"robots\" content=\"index, follow, max-snippet:-1, max-image-preview:large, max-video-preview:-1\" \/>\n<link rel=\"canonical\" href=\"https:\/\/apuliapraia-hotel.com\/fr\/region\/sanctuaire-nossa-senhora-da-guia\/\" \/>\n<meta property=\"og:locale\" content=\"fr_FR\" \/>\n<meta property=\"og:type\" content=\"article\" \/>\n<meta property=\"og:title\" content=\"Sanctuaire Nossa Senhora da Guia - Apulia Praia Hotel -\" \/>\n<meta property=\"og:description\" content=\"Le Sanctuaire de Nossa Senhora da Guia est un incontournable. Vous pouvez y acc\u00e9der par la Via Sacra itin\u00e9raire ou en empruntant l\u2019escalier caract\u00e9ristique\" \/>\n<meta property=\"og:url\" content=\"https:\/\/apuliapraia-hotel.com\/fr\/region\/sanctuaire-nossa-senhora-da-guia\/\" \/>\n<meta property=\"og:site_name\" content=\"Apulia Praia Hotel\" \/>\n<meta property=\"og:image\" content=\"https:\/\/apuliapraia-hotel.com\/wp-content\/uploads\/sites\/512\/2023\/02\/Santuario-Senhora-da-Guia.png\" \/>\n\t<meta property=\"og:image:width\" content=\"1200\" \/>\n\t<meta property=\"og:image:height\" content=\"800\" \/>\n\t<meta property=\"og:image:type\" content=\"image\/png\" \/>\n<meta name=\"twitter:card\" content=\"summary_large_image\" \/>\n<meta name=\"twitter:label1\" content=\"Dur\u00e9e de lecture estim\u00e9e\" \/>\n\t<meta name=\"twitter:data1\" content=\"1 minute\" \/>\n<script type=\"application\/ld+json\" class=\"yoast-schema-graph\">{\"@context\":\"https:\/\/schema.org\",\"@graph\":[{\"@type\":\"WebPage\",\"@id\":\"https:\/\/apuliapraia-hotel.com\/fr\/region\/sanctuaire-nossa-senhora-da-guia\/\",\"url\":\"https:\/\/apuliapraia-hotel.com\/fr\/region\/sanctuaire-nossa-senhora-da-guia\/\",\"name\":\"Sanctuaire Nossa Senhora da Guia - Apulia Praia Hotel -\",\"isPartOf\":{\"@id\":\"https:\/\/apuliapraia-hotel.com\/fr\/#website\"},\"primaryImageOfPage\":{\"@id\":\"https:\/\/apuliapraia-hotel.com\/fr\/region\/sanctuaire-nossa-senhora-da-guia\/#primaryimage\"},\"image\":{\"@id\":\"https:\/\/apuliapraia-hotel.com\/fr\/region\/sanctuaire-nossa-senhora-da-guia\/#primaryimage\"},\"thumbnailUrl\":\"https:\/\/apuliapraia-hotel.com\/wp-content\/uploads\/sites\/512\/2023\/02\/Santuario-Senhora-da-Guia.png\",\"datePublished\":\"2024-01-08T16:24:28+00:00\",\"description\":\"Le Sanctuaire de Nossa Senhora da Guia est un incontournable. Vous pouvez y acc\u00e9der par la Via Sacra itin\u00e9raire ou en empruntant l\u2019escalier caract\u00e9ristique\",\"breadcrumb\":{\"@id\":\"https:\/\/apuliapraia-hotel.com\/fr\/region\/sanctuaire-nossa-senhora-da-guia\/#breadcrumb\"},\"inLanguage\":\"fr-FR\",\"potentialAction\":[{\"@type\":\"ReadAction\",\"target\":[\"https:\/\/apuliapraia-hotel.com\/fr\/region\/sanctuaire-nossa-senhora-da-guia\/\"]}]},{\"@type\":\"ImageObject\",\"inLanguage\":\"fr-FR\",\"@id\":\"https:\/\/apuliapraia-hotel.com\/fr\/region\/sanctuaire-nossa-senhora-da-guia\/#primaryimage\",\"url\":\"https:\/\/apuliapraia-hotel.com\/wp-content\/uploads\/sites\/512\/2023\/02\/Santuario-Senhora-da-Guia.png\",\"contentUrl\":\"https:\/\/apuliapraia-hotel.com\/wp-content\/uploads\/sites\/512\/2023\/02\/Santuario-Senhora-da-Guia.png\",\"width\":1200,\"height\":800,\"caption\":\"Santu\u00e1rio da Nossa Senhora da Guia\"},{\"@type\":\"BreadcrumbList\",\"@id\":\"https:\/\/apuliapraia-hotel.com\/fr\/region\/sanctuaire-nossa-senhora-da-guia\/#breadcrumb\",\"itemListElement\":[{\"@type\":\"ListItem\",\"position\":1,\"name\":\"Home\",\"item\":\"https:\/\/apuliapraia-hotel.com\/fr\/\"},{\"@type\":\"ListItem\",\"position\":2,\"name\":\"R\u00e9gion\",\"item\":\"https:\/\/apuliapraia-hotel.com\/fr\/region\/\"},{\"@type\":\"ListItem\",\"position\":3,\"name\":\"Sanctuaire Nossa Senhora da Guia\"}]},{\"@type\":\"WebSite\",\"@id\":\"https:\/\/apuliapraia-hotel.com\/fr\/#website\",\"url\":\"https:\/\/apuliapraia-hotel.com\/fr\/\",\"name\":\"Apulia Praia Hotel\",\"description\":\"\",\"potentialAction\":[{\"@type\":\"SearchAction\",\"target\":{\"@type\":\"EntryPoint\",\"urlTemplate\":\"https:\/\/apuliapraia-hotel.com\/fr\/?s={search_term_string}\"},\"query-input\":{\"@type\":\"PropertyValueSpecification\",\"valueRequired\":true,\"valueName\":\"search_term_string\"}}],\"inLanguage\":\"fr-FR\"}]}<\/script>\n<!-- \/ Yoast SEO plugin. -->","yoast_head_json":{"title":"Sanctuaire Nossa Senhora da Guia - Apulia Praia Hotel -","description":"Le Sanctuaire de Nossa Senhora da Guia est un incontournable. Vous pouvez y acc\u00e9der par la Via Sacra itin\u00e9raire ou en empruntant l\u2019escalier caract\u00e9ristique","robots":{"index":"index","follow":"follow","max-snippet":"max-snippet:-1","max-image-preview":"max-image-preview:large","max-video-preview":"max-video-preview:-1"},"canonical":"https:\/\/apuliapraia-hotel.com\/fr\/region\/sanctuaire-nossa-senhora-da-guia\/","og_locale":"fr_FR","og_type":"article","og_title":"Sanctuaire Nossa Senhora da Guia - Apulia Praia Hotel -","og_description":"Le Sanctuaire de Nossa Senhora da Guia est un incontournable. Vous pouvez y acc\u00e9der par la Via Sacra itin\u00e9raire ou en empruntant l\u2019escalier caract\u00e9ristique","og_url":"https:\/\/apuliapraia-hotel.com\/fr\/region\/sanctuaire-nossa-senhora-da-guia\/","og_site_name":"Apulia Praia Hotel","og_image":[{"width":1200,"height":800,"url":"https:\/\/apuliapraia-hotel.com\/wp-content\/uploads\/sites\/512\/2023\/02\/Santuario-Senhora-da-Guia.png","type":"image\/png"}],"twitter_card":"summary_large_image","twitter_misc":{"Dur\u00e9e de lecture estim\u00e9e":"1 minute"},"schema":{"@context":"https:\/\/schema.org","@graph":[{"@type":"WebPage","@id":"https:\/\/apuliapraia-hotel.com\/fr\/region\/sanctuaire-nossa-senhora-da-guia\/","url":"https:\/\/apuliapraia-hotel.com\/fr\/region\/sanctuaire-nossa-senhora-da-guia\/","name":"Sanctuaire Nossa Senhora da Guia - Apulia Praia Hotel -","isPartOf":{"@id":"https:\/\/apuliapraia-hotel.com\/fr\/#website"},"primaryImageOfPage":{"@id":"https:\/\/apuliapraia-hotel.com\/fr\/region\/sanctuaire-nossa-senhora-da-guia\/#primaryimage"},"image":{"@id":"https:\/\/apuliapraia-hotel.com\/fr\/region\/sanctuaire-nossa-senhora-da-guia\/#primaryimage"},"thumbnailUrl":"https:\/\/apuliapraia-hotel.com\/wp-content\/uploads\/sites\/512\/2023\/02\/Santuario-Senhora-da-Guia.png","datePublished":"2024-01-08T16:24:28+00:00","description":"Le Sanctuaire de Nossa Senhora da Guia est un incontournable. Vous pouvez y acc\u00e9der par la Via Sacra itin\u00e9raire ou en empruntant l\u2019escalier caract\u00e9ristique","breadcrumb":{"@id":"https:\/\/apuliapraia-hotel.com\/fr\/region\/sanctuaire-nossa-senhora-da-guia\/#breadcrumb"},"inLanguage":"fr-FR","potentialAction":[{"@type":"ReadAction","target":["https:\/\/apuliapraia-hotel.com\/fr\/region\/sanctuaire-nossa-senhora-da-guia\/"]}]},{"@type":"ImageObject","inLanguage":"fr-FR","@id":"https:\/\/apuliapraia-hotel.com\/fr\/region\/sanctuaire-nossa-senhora-da-guia\/#primaryimage","url":"https:\/\/apuliapraia-hotel.com\/wp-content\/uploads\/sites\/512\/2023\/02\/Santuario-Senhora-da-Guia.png","contentUrl":"https:\/\/apuliapraia-hotel.com\/wp-content\/uploads\/sites\/512\/2023\/02\/Santuario-Senhora-da-Guia.png","width":1200,"height":800,"caption":"Santu\u00e1rio da Nossa Senhora da Guia"},{"@type":"BreadcrumbList","@id":"https:\/\/apuliapraia-hotel.com\/fr\/region\/sanctuaire-nossa-senhora-da-guia\/#breadcrumb","itemListElement":[{"@type":"ListItem","position":1,"name":"Home","item":"https:\/\/apuliapraia-hotel.com\/fr\/"},{"@type":"ListItem","position":2,"name":"R\u00e9gion","item":"https:\/\/apuliapraia-hotel.com\/fr\/region\/"},{"@type":"ListItem","position":3,"name":"Sanctuaire Nossa Senhora da Guia"}]},{"@type":"WebSite","@id":"https:\/\/apuliapraia-hotel.com\/fr\/#website","url":"https:\/\/apuliapraia-hotel.com\/fr\/","name":"Apulia Praia Hotel","description":"","potentialAction":[{"@type":"SearchAction","target":{"@type":"EntryPoint","urlTemplate":"https:\/\/apuliapraia-hotel.com\/fr\/?s={search_term_string}"},"query-input":{"@type":"PropertyValueSpecification","valueRequired":true,"valueName":"search_term_string"}}],"inLanguage":"fr-FR"}]}},"acf":[],"_links":{"self":[{"href":"https:\/\/apuliapraia-hotel.com\/fr\/wp-json\/wp\/v2\/pages\/1017","targetHints":{"allow":["GET"]}}],"collection":[{"href":"https:\/\/apuliapraia-hotel.com\/fr\/wp-json\/wp\/v2\/pages"}],"about":[{"href":"https:\/\/apuliapraia-hotel.com\/fr\/wp-json\/wp\/v2\/types\/page"}],"author":[{"embeddable":true,"href":"https:\/\/apuliapraia-hotel.com\/fr\/wp-json\/wp\/v2\/users\/565"}],"replies":[{"embeddable":true,"href":"https:\/\/apuliapraia-hotel.com\/fr\/wp-json\/wp\/v2\/comments?post=1017"}],"version-history":[{"count":0,"href":"https:\/\/apuliapraia-hotel.com\/fr\/wp-json\/wp\/v2\/pages\/1017\/revisions"}],"up":[{"embeddable":true,"href":"https:\/\/apuliapraia-hotel.com\/fr\/wp-json\/wp\/v2\/pages\/984"}],"wp:featuredmedia":[{"embeddable":true,"href":"https:\/\/apuliapraia-hotel.com\/fr\/wp-json\/wp\/v2\/media\/380"}],"wp:attachment":[{"href":"https:\/\/apuliapraia-hotel.com\/fr\/wp-json\/wp\/v2\/media?parent=1017"}],"curies":[{"name":"wp","href":"https:\/\/api.w.org\/{rel}","templated":true}]}}