{"id":1016,"date":"2024-01-08T16:18:49","date_gmt":"2024-01-08T16:18:49","guid":{"rendered":"https:\/\/apuliapraia-hotel.com\/?page_id=1016"},"modified":"2024-01-08T16:18:49","modified_gmt":"2024-01-08T16:18:49","slug":"moulins-dabelheira","status":"publish","type":"page","link":"https:\/\/apuliapraia-hotel.com\/fr\/region\/moulins-dabelheira\/","title":{"rendered":"Moulins d&rsquo;Abelheira"},"content":{"rendered":"<p>Les sept <strong>Moulins \u00e0 vent d&rsquo;Abelheira<\/strong> sont d&rsquo;imposants t\u00e9moignages de l&rsquo;histoire c\u00e9r\u00e9ali\u00e8res r\u00e9gionale d\u00e9sormais restaur\u00e9s et revitalis\u00e9s en tant que <a href=\"https:\/\/www.municipio.esposende.pt\/pages\/603?poi_id=276\">Parc a Th\u00e8me<\/a> pour pr\u00e9server ce patrimoine. Le projet en action entend cr\u00e9er un circuit th\u00e9matique li\u00e9 \u00e0 un parcours \u00e0 travers le paysage naturel, en utilisant les diff\u00e9rentes structures comme points de r\u00e9f\u00e9rence. Ces lieux sont accompagn\u00e9s de points d&rsquo;information et de tables d&rsquo;interpr\u00e9tation, permettant aux visiteurs d&rsquo;avoir plus d&rsquo;accompagnement et, en m\u00eame temps, plus d&rsquo;autonomie tout au long de la visite. C&rsquo;est un endroit id\u00e9al \u00e0 explorer en famille et \u00e0 se laisser \u00e9blouir par la beaut\u00e9 de notre ville.<\/p>\n","protected":false},"excerpt":{"rendered":"<p>Les sept Moulins \u00e0 vent d&rsquo;Abelheira sont d&rsquo;imposants t\u00e9moignages de l&rsquo;histoire c\u00e9r\u00e9ali\u00e8res r\u00e9gionale d\u00e9sormais restaur\u00e9s et revitalis\u00e9s en tant que Parc a Th\u00e8me pour pr\u00e9server ce patrimoine. Le projet en action entend cr\u00e9er un circuit th\u00e9matique li\u00e9 \u00e0 un parcours \u00e0 travers le paysage naturel, en utilisant les diff\u00e9rentes structures comme points de r\u00e9f\u00e9rence. Ces [&hellip;]<\/p>\n","protected":false},"author":565,"featured_media":393,"parent":984,"menu_order":12,"comment_status":"closed","ping_status":"closed","template":"template-default-4.php","meta":{"footnotes":""},"class_list":["post-1016","page","type-page","status-publish","has-post-thumbnail","hentry"],"yoast_head":"<!-- This site is optimized with the Yoast SEO plugin v26.9 - https:\/\/yoast.com\/product\/yoast-seo-wordpress\/ -->\n<title>Moulins d&#039;Abelheira - Apulia Praia Hotel -<\/title>\n<meta name=\"description\" content=\"Les sept Moulins \u00e0 vent d&#039;Abelheira sont d&#039;imposants t\u00e9moignages de l&#039;histoire c\u00e9r\u00e9ali\u00e8res r\u00e9gionale d\u00e9sormais restaur\u00e9s et revitalis\u00e9s en tant que Parc a Th\u00e8me pour pr\u00e9server ce patrimoine. Le projet en action entend cr\u00e9er un circuit th\u00e9matique li\u00e9 \u00e0 un parcours \u00e0 travers le paysage naturel, en utilisant les diff\u00e9rentes structures comme points de r\u00e9f\u00e9rence\" \/>\n<meta name=\"robots\" content=\"index, follow, max-snippet:-1, max-image-preview:large, max-video-preview:-1\" \/>\n<link rel=\"canonical\" href=\"https:\/\/apuliapraia-hotel.com\/fr\/region\/moulins-dabelheira\/\" \/>\n<meta property=\"og:locale\" content=\"fr_FR\" \/>\n<meta property=\"og:type\" content=\"article\" \/>\n<meta property=\"og:title\" content=\"Moulins d&#039;Abelheira - Apulia Praia Hotel -\" \/>\n<meta property=\"og:description\" content=\"Les sept Moulins \u00e0 vent d&#039;Abelheira sont d&#039;imposants t\u00e9moignages de l&#039;histoire c\u00e9r\u00e9ali\u00e8res r\u00e9gionale d\u00e9sormais restaur\u00e9s et revitalis\u00e9s en tant que Parc a Th\u00e8me pour pr\u00e9server ce patrimoine. Le projet en action entend cr\u00e9er un circuit th\u00e9matique li\u00e9 \u00e0 un parcours \u00e0 travers le paysage naturel, en utilisant les diff\u00e9rentes structures comme points de r\u00e9f\u00e9rence\" \/>\n<meta property=\"og:url\" content=\"https:\/\/apuliapraia-hotel.com\/fr\/region\/moulins-dabelheira\/\" \/>\n<meta property=\"og:site_name\" content=\"Apulia Praia Hotel\" \/>\n<meta property=\"og:image\" content=\"https:\/\/apuliapraia-hotel.com\/wp-content\/uploads\/sites\/512\/2023\/02\/Moinhos-da-Abelheira-2.png\" \/>\n\t<meta property=\"og:image:width\" content=\"1200\" \/>\n\t<meta property=\"og:image:height\" content=\"800\" \/>\n\t<meta property=\"og:image:type\" content=\"image\/png\" \/>\n<meta name=\"twitter:card\" content=\"summary_large_image\" \/>\n<meta name=\"twitter:label1\" content=\"Dur\u00e9e de lecture estim\u00e9e\" \/>\n\t<meta name=\"twitter:data1\" content=\"1 minute\" \/>\n<script type=\"application\/ld+json\" class=\"yoast-schema-graph\">{\"@context\":\"https:\/\/schema.org\",\"@graph\":[{\"@type\":\"WebPage\",\"@id\":\"https:\/\/apuliapraia-hotel.com\/fr\/region\/moulins-dabelheira\/\",\"url\":\"https:\/\/apuliapraia-hotel.com\/fr\/region\/moulins-dabelheira\/\",\"name\":\"Moulins d'Abelheira - Apulia Praia Hotel -\",\"isPartOf\":{\"@id\":\"https:\/\/apuliapraia-hotel.com\/fr\/#website\"},\"primaryImageOfPage\":{\"@id\":\"https:\/\/apuliapraia-hotel.com\/fr\/region\/moulins-dabelheira\/#primaryimage\"},\"image\":{\"@id\":\"https:\/\/apuliapraia-hotel.com\/fr\/region\/moulins-dabelheira\/#primaryimage\"},\"thumbnailUrl\":\"https:\/\/apuliapraia-hotel.com\/wp-content\/uploads\/sites\/512\/2023\/02\/Moinhos-da-Abelheira-2.png\",\"datePublished\":\"2024-01-08T16:18:49+00:00\",\"description\":\"Les sept Moulins \u00e0 vent d'Abelheira sont d'imposants t\u00e9moignages de l'histoire c\u00e9r\u00e9ali\u00e8res r\u00e9gionale d\u00e9sormais restaur\u00e9s et revitalis\u00e9s en tant que Parc a Th\u00e8me pour pr\u00e9server ce patrimoine. Le projet en action entend cr\u00e9er un circuit th\u00e9matique li\u00e9 \u00e0 un parcours \u00e0 travers le paysage naturel, en utilisant les diff\u00e9rentes structures comme points de r\u00e9f\u00e9rence\",\"breadcrumb\":{\"@id\":\"https:\/\/apuliapraia-hotel.com\/fr\/region\/moulins-dabelheira\/#breadcrumb\"},\"inLanguage\":\"fr-FR\",\"potentialAction\":[{\"@type\":\"ReadAction\",\"target\":[\"https:\/\/apuliapraia-hotel.com\/fr\/region\/moulins-dabelheira\/\"]}]},{\"@type\":\"ImageObject\",\"inLanguage\":\"fr-FR\",\"@id\":\"https:\/\/apuliapraia-hotel.com\/fr\/region\/moulins-dabelheira\/#primaryimage\",\"url\":\"https:\/\/apuliapraia-hotel.com\/wp-content\/uploads\/sites\/512\/2023\/02\/Moinhos-da-Abelheira-2.png\",\"contentUrl\":\"https:\/\/apuliapraia-hotel.com\/wp-content\/uploads\/sites\/512\/2023\/02\/Moinhos-da-Abelheira-2.png\",\"width\":1200,\"height\":800,\"caption\":\"Moinhos da Abelheira\"},{\"@type\":\"BreadcrumbList\",\"@id\":\"https:\/\/apuliapraia-hotel.com\/fr\/region\/moulins-dabelheira\/#breadcrumb\",\"itemListElement\":[{\"@type\":\"ListItem\",\"position\":1,\"name\":\"Home\",\"item\":\"https:\/\/apuliapraia-hotel.com\/fr\/\"},{\"@type\":\"ListItem\",\"position\":2,\"name\":\"R\u00e9gion\",\"item\":\"https:\/\/apuliapraia-hotel.com\/fr\/region\/\"},{\"@type\":\"ListItem\",\"position\":3,\"name\":\"Moulins d&#8217;Abelheira\"}]},{\"@type\":\"WebSite\",\"@id\":\"https:\/\/apuliapraia-hotel.com\/fr\/#website\",\"url\":\"https:\/\/apuliapraia-hotel.com\/fr\/\",\"name\":\"Apulia Praia Hotel\",\"description\":\"\",\"potentialAction\":[{\"@type\":\"SearchAction\",\"target\":{\"@type\":\"EntryPoint\",\"urlTemplate\":\"https:\/\/apuliapraia-hotel.com\/fr\/?s={search_term_string}\"},\"query-input\":{\"@type\":\"PropertyValueSpecification\",\"valueRequired\":true,\"valueName\":\"search_term_string\"}}],\"inLanguage\":\"fr-FR\"}]}<\/script>\n<!-- \/ Yoast SEO plugin. -->","yoast_head_json":{"title":"Moulins d'Abelheira - Apulia Praia Hotel -","description":"Les sept Moulins \u00e0 vent d'Abelheira sont d'imposants t\u00e9moignages de l'histoire c\u00e9r\u00e9ali\u00e8res r\u00e9gionale d\u00e9sormais restaur\u00e9s et revitalis\u00e9s en tant que Parc a Th\u00e8me pour pr\u00e9server ce patrimoine. Le projet en action entend cr\u00e9er un circuit th\u00e9matique li\u00e9 \u00e0 un parcours \u00e0 travers le paysage naturel, en utilisant les diff\u00e9rentes structures comme points de r\u00e9f\u00e9rence","robots":{"index":"index","follow":"follow","max-snippet":"max-snippet:-1","max-image-preview":"max-image-preview:large","max-video-preview":"max-video-preview:-1"},"canonical":"https:\/\/apuliapraia-hotel.com\/fr\/region\/moulins-dabelheira\/","og_locale":"fr_FR","og_type":"article","og_title":"Moulins d'Abelheira - Apulia Praia Hotel -","og_description":"Les sept Moulins \u00e0 vent d'Abelheira sont d'imposants t\u00e9moignages de l'histoire c\u00e9r\u00e9ali\u00e8res r\u00e9gionale d\u00e9sormais restaur\u00e9s et revitalis\u00e9s en tant que Parc a Th\u00e8me pour pr\u00e9server ce patrimoine. Le projet en action entend cr\u00e9er un circuit th\u00e9matique li\u00e9 \u00e0 un parcours \u00e0 travers le paysage naturel, en utilisant les diff\u00e9rentes structures comme points de r\u00e9f\u00e9rence","og_url":"https:\/\/apuliapraia-hotel.com\/fr\/region\/moulins-dabelheira\/","og_site_name":"Apulia Praia Hotel","og_image":[{"width":1200,"height":800,"url":"https:\/\/apuliapraia-hotel.com\/wp-content\/uploads\/sites\/512\/2023\/02\/Moinhos-da-Abelheira-2.png","type":"image\/png"}],"twitter_card":"summary_large_image","twitter_misc":{"Dur\u00e9e de lecture estim\u00e9e":"1 minute"},"schema":{"@context":"https:\/\/schema.org","@graph":[{"@type":"WebPage","@id":"https:\/\/apuliapraia-hotel.com\/fr\/region\/moulins-dabelheira\/","url":"https:\/\/apuliapraia-hotel.com\/fr\/region\/moulins-dabelheira\/","name":"Moulins d'Abelheira - Apulia Praia Hotel -","isPartOf":{"@id":"https:\/\/apuliapraia-hotel.com\/fr\/#website"},"primaryImageOfPage":{"@id":"https:\/\/apuliapraia-hotel.com\/fr\/region\/moulins-dabelheira\/#primaryimage"},"image":{"@id":"https:\/\/apuliapraia-hotel.com\/fr\/region\/moulins-dabelheira\/#primaryimage"},"thumbnailUrl":"https:\/\/apuliapraia-hotel.com\/wp-content\/uploads\/sites\/512\/2023\/02\/Moinhos-da-Abelheira-2.png","datePublished":"2024-01-08T16:18:49+00:00","description":"Les sept Moulins \u00e0 vent d'Abelheira sont d'imposants t\u00e9moignages de l'histoire c\u00e9r\u00e9ali\u00e8res r\u00e9gionale d\u00e9sormais restaur\u00e9s et revitalis\u00e9s en tant que Parc a Th\u00e8me pour pr\u00e9server ce patrimoine. Le projet en action entend cr\u00e9er un circuit th\u00e9matique li\u00e9 \u00e0 un parcours \u00e0 travers le paysage naturel, en utilisant les diff\u00e9rentes structures comme points de r\u00e9f\u00e9rence","breadcrumb":{"@id":"https:\/\/apuliapraia-hotel.com\/fr\/region\/moulins-dabelheira\/#breadcrumb"},"inLanguage":"fr-FR","potentialAction":[{"@type":"ReadAction","target":["https:\/\/apuliapraia-hotel.com\/fr\/region\/moulins-dabelheira\/"]}]},{"@type":"ImageObject","inLanguage":"fr-FR","@id":"https:\/\/apuliapraia-hotel.com\/fr\/region\/moulins-dabelheira\/#primaryimage","url":"https:\/\/apuliapraia-hotel.com\/wp-content\/uploads\/sites\/512\/2023\/02\/Moinhos-da-Abelheira-2.png","contentUrl":"https:\/\/apuliapraia-hotel.com\/wp-content\/uploads\/sites\/512\/2023\/02\/Moinhos-da-Abelheira-2.png","width":1200,"height":800,"caption":"Moinhos da Abelheira"},{"@type":"BreadcrumbList","@id":"https:\/\/apuliapraia-hotel.com\/fr\/region\/moulins-dabelheira\/#breadcrumb","itemListElement":[{"@type":"ListItem","position":1,"name":"Home","item":"https:\/\/apuliapraia-hotel.com\/fr\/"},{"@type":"ListItem","position":2,"name":"R\u00e9gion","item":"https:\/\/apuliapraia-hotel.com\/fr\/region\/"},{"@type":"ListItem","position":3,"name":"Moulins d&#8217;Abelheira"}]},{"@type":"WebSite","@id":"https:\/\/apuliapraia-hotel.com\/fr\/#website","url":"https:\/\/apuliapraia-hotel.com\/fr\/","name":"Apulia Praia Hotel","description":"","potentialAction":[{"@type":"SearchAction","target":{"@type":"EntryPoint","urlTemplate":"https:\/\/apuliapraia-hotel.com\/fr\/?s={search_term_string}"},"query-input":{"@type":"PropertyValueSpecification","valueRequired":true,"valueName":"search_term_string"}}],"inLanguage":"fr-FR"}]}},"acf":[],"_links":{"self":[{"href":"https:\/\/apuliapraia-hotel.com\/fr\/wp-json\/wp\/v2\/pages\/1016","targetHints":{"allow":["GET"]}}],"collection":[{"href":"https:\/\/apuliapraia-hotel.com\/fr\/wp-json\/wp\/v2\/pages"}],"about":[{"href":"https:\/\/apuliapraia-hotel.com\/fr\/wp-json\/wp\/v2\/types\/page"}],"author":[{"embeddable":true,"href":"https:\/\/apuliapraia-hotel.com\/fr\/wp-json\/wp\/v2\/users\/565"}],"replies":[{"embeddable":true,"href":"https:\/\/apuliapraia-hotel.com\/fr\/wp-json\/wp\/v2\/comments?post=1016"}],"version-history":[{"count":0,"href":"https:\/\/apuliapraia-hotel.com\/fr\/wp-json\/wp\/v2\/pages\/1016\/revisions"}],"up":[{"embeddable":true,"href":"https:\/\/apuliapraia-hotel.com\/fr\/wp-json\/wp\/v2\/pages\/984"}],"wp:featuredmedia":[{"embeddable":true,"href":"https:\/\/apuliapraia-hotel.com\/fr\/wp-json\/wp\/v2\/media\/393"}],"wp:attachment":[{"href":"https:\/\/apuliapraia-hotel.com\/fr\/wp-json\/wp\/v2\/media?parent=1016"}],"curies":[{"name":"wp","href":"https:\/\/api.w.org\/{rel}","templated":true}]}}