{"id":1015,"date":"2024-01-08T16:15:58","date_gmt":"2024-01-08T16:15:58","guid":{"rendered":"https:\/\/apuliapraia-hotel.com\/?page_id=1015"},"modified":"2024-01-08T16:15:58","modified_gmt":"2024-01-08T16:15:58","slug":"fort-sao-joao-batista-et-phare-desposende","status":"publish","type":"page","link":"https:\/\/apuliapraia-hotel.com\/fr\/region\/fort-sao-joao-batista-et-phare-desposende\/","title":{"rendered":"Fort S\u00e3o Jo\u00e3o Batista et Phare d&rsquo;Esposende"},"content":{"rendered":"<p>C\u00e9l\u00e8bre dans la r\u00e9gion pour son histoire et sa structure en pierre, la construction du <strong>Fort S\u00e3o Jo\u00e3o Batista<\/strong> a commenc\u00e9 au XVIIe si\u00e8cle, sous le r\u00e8gne du roi Pierre II. Sa mission \u00e9tait de d\u00e9fendre et de sauvegarder la c\u00f4te portugaise, en prot\u00e9geant l&rsquo;entr\u00e9e du fleuve C\u00e1vado. La <strong>Tour du Phare<\/strong> qui constitue cette forteresse est, aujourd&rsquo;hui, l&rsquo;une des rares tours m\u00e9talliques qui existent au Portugal. En 2020, le <a href=\"https:\/\/www.municipio.esposende.pt\/\">Municipalit\u00e9 d&rsquo;Esposende<\/a> a acquis, pour une dur\u00e9e de 50 ans, le <a href=\"https:\/\/natural.pt\/protected-areas\/parque-natural-litoral-norte\/points-of-interest\/s-joao-baptista-fort-and-esposende-lighthouse?locale=pt\">Fort S\u00e3o Jo\u00e3o Batista<\/a>, dans le but de r\u00e9habiliter cet espace de promotion du patrimoine culturel. C&rsquo;est sans aucun doute un lieu charg\u00e9 d&rsquo;histoire \u00e0 ne pas manquer.<\/p>\n","protected":false},"excerpt":{"rendered":"<p>C\u00e9l\u00e8bre dans la r\u00e9gion pour son histoire et sa structure en pierre, la construction du Fort S\u00e3o Jo\u00e3o Batista a commenc\u00e9 au XVIIe si\u00e8cle, sous le r\u00e8gne du roi Pierre II. Sa mission \u00e9tait de d\u00e9fendre et de sauvegarder la c\u00f4te portugaise, en prot\u00e9geant l&rsquo;entr\u00e9e du fleuve C\u00e1vado. La Tour du Phare qui constitue cette [&hellip;]<\/p>\n","protected":false},"author":565,"featured_media":396,"parent":984,"menu_order":11,"comment_status":"closed","ping_status":"closed","template":"template-default-4.php","meta":{"footnotes":""},"class_list":["post-1015","page","type-page","status-publish","has-post-thumbnail","hentry"],"yoast_head":"<!-- This site is optimized with the Yoast SEO plugin v26.9 - https:\/\/yoast.com\/product\/yoast-seo-wordpress\/ -->\n<title>Fort S\u00e3o Jo\u00e3o Batista et Phare d&#039;Esposende - Apulia Praia Hotel -<\/title>\n<meta name=\"description\" content=\"C\u00e9l\u00e8bre dans la r\u00e9gion pour son histoire et sa structure en pierre, la construction du Fort S\u00e3o Jo\u00e3o Batista a commenc\u00e9 au XVIIe si\u00e8cle, sous le r\u00e8gne du roi Pierre II. Sa mission \u00e9tait de d\u00e9fendre et de sauvegarder la c\u00f4te portugaise, en prot\u00e9geant l&#039;entr\u00e9e du fleuve C\u00e1vado\" \/>\n<meta name=\"robots\" content=\"index, follow, max-snippet:-1, max-image-preview:large, max-video-preview:-1\" \/>\n<link rel=\"canonical\" href=\"https:\/\/apuliapraia-hotel.com\/fr\/region\/fort-sao-joao-batista-et-phare-desposende\/\" \/>\n<meta property=\"og:locale\" content=\"fr_FR\" \/>\n<meta property=\"og:type\" content=\"article\" \/>\n<meta property=\"og:title\" content=\"Fort S\u00e3o Jo\u00e3o Batista et Phare d&#039;Esposende - Apulia Praia Hotel -\" \/>\n<meta property=\"og:description\" content=\"C\u00e9l\u00e8bre dans la r\u00e9gion pour son histoire et sa structure en pierre, la construction du Fort S\u00e3o Jo\u00e3o Batista a commenc\u00e9 au XVIIe si\u00e8cle, sous le r\u00e8gne du roi Pierre II. Sa mission \u00e9tait de d\u00e9fendre et de sauvegarder la c\u00f4te portugaise, en prot\u00e9geant l&#039;entr\u00e9e du fleuve C\u00e1vado\" \/>\n<meta property=\"og:url\" content=\"https:\/\/apuliapraia-hotel.com\/fr\/region\/fort-sao-joao-batista-et-phare-desposende\/\" \/>\n<meta property=\"og:site_name\" content=\"Apulia Praia Hotel\" \/>\n<meta property=\"og:image\" content=\"https:\/\/apuliapraia-hotel.com\/wp-content\/uploads\/sites\/512\/2023\/02\/Forte-de-Sao-Batista-2.png\" \/>\n\t<meta property=\"og:image:width\" content=\"1200\" \/>\n\t<meta property=\"og:image:height\" content=\"800\" \/>\n\t<meta property=\"og:image:type\" content=\"image\/png\" \/>\n<meta name=\"twitter:card\" content=\"summary_large_image\" \/>\n<meta name=\"twitter:label1\" content=\"Dur\u00e9e de lecture estim\u00e9e\" \/>\n\t<meta name=\"twitter:data1\" content=\"1 minute\" \/>\n<script type=\"application\/ld+json\" class=\"yoast-schema-graph\">{\"@context\":\"https:\/\/schema.org\",\"@graph\":[{\"@type\":\"WebPage\",\"@id\":\"https:\/\/apuliapraia-hotel.com\/fr\/region\/fort-sao-joao-batista-et-phare-desposende\/\",\"url\":\"https:\/\/apuliapraia-hotel.com\/fr\/region\/fort-sao-joao-batista-et-phare-desposende\/\",\"name\":\"Fort S\u00e3o Jo\u00e3o Batista et Phare d'Esposende - Apulia Praia Hotel -\",\"isPartOf\":{\"@id\":\"https:\/\/apuliapraia-hotel.com\/fr\/#website\"},\"primaryImageOfPage\":{\"@id\":\"https:\/\/apuliapraia-hotel.com\/fr\/region\/fort-sao-joao-batista-et-phare-desposende\/#primaryimage\"},\"image\":{\"@id\":\"https:\/\/apuliapraia-hotel.com\/fr\/region\/fort-sao-joao-batista-et-phare-desposende\/#primaryimage\"},\"thumbnailUrl\":\"https:\/\/apuliapraia-hotel.com\/wp-content\/uploads\/sites\/512\/2023\/02\/Forte-de-Sao-Batista-2.png\",\"datePublished\":\"2024-01-08T16:15:58+00:00\",\"description\":\"C\u00e9l\u00e8bre dans la r\u00e9gion pour son histoire et sa structure en pierre, la construction du Fort S\u00e3o Jo\u00e3o Batista a commenc\u00e9 au XVIIe si\u00e8cle, sous le r\u00e8gne du roi Pierre II. Sa mission \u00e9tait de d\u00e9fendre et de sauvegarder la c\u00f4te portugaise, en prot\u00e9geant l'entr\u00e9e du fleuve C\u00e1vado\",\"breadcrumb\":{\"@id\":\"https:\/\/apuliapraia-hotel.com\/fr\/region\/fort-sao-joao-batista-et-phare-desposende\/#breadcrumb\"},\"inLanguage\":\"fr-FR\",\"potentialAction\":[{\"@type\":\"ReadAction\",\"target\":[\"https:\/\/apuliapraia-hotel.com\/fr\/region\/fort-sao-joao-batista-et-phare-desposende\/\"]}]},{\"@type\":\"ImageObject\",\"inLanguage\":\"fr-FR\",\"@id\":\"https:\/\/apuliapraia-hotel.com\/fr\/region\/fort-sao-joao-batista-et-phare-desposende\/#primaryimage\",\"url\":\"https:\/\/apuliapraia-hotel.com\/wp-content\/uploads\/sites\/512\/2023\/02\/Forte-de-Sao-Batista-2.png\",\"contentUrl\":\"https:\/\/apuliapraia-hotel.com\/wp-content\/uploads\/sites\/512\/2023\/02\/Forte-de-Sao-Batista-2.png\",\"width\":1200,\"height\":800,\"caption\":\"Forte S\u00e3o Jo\u00e3o Batista e Farol de Esposende\"},{\"@type\":\"BreadcrumbList\",\"@id\":\"https:\/\/apuliapraia-hotel.com\/fr\/region\/fort-sao-joao-batista-et-phare-desposende\/#breadcrumb\",\"itemListElement\":[{\"@type\":\"ListItem\",\"position\":1,\"name\":\"Home\",\"item\":\"https:\/\/apuliapraia-hotel.com\/fr\/\"},{\"@type\":\"ListItem\",\"position\":2,\"name\":\"R\u00e9gion\",\"item\":\"https:\/\/apuliapraia-hotel.com\/fr\/region\/\"},{\"@type\":\"ListItem\",\"position\":3,\"name\":\"Fort S\u00e3o Jo\u00e3o Batista et Phare d&#8217;Esposende\"}]},{\"@type\":\"WebSite\",\"@id\":\"https:\/\/apuliapraia-hotel.com\/fr\/#website\",\"url\":\"https:\/\/apuliapraia-hotel.com\/fr\/\",\"name\":\"Apulia Praia Hotel\",\"description\":\"\",\"potentialAction\":[{\"@type\":\"SearchAction\",\"target\":{\"@type\":\"EntryPoint\",\"urlTemplate\":\"https:\/\/apuliapraia-hotel.com\/fr\/?s={search_term_string}\"},\"query-input\":{\"@type\":\"PropertyValueSpecification\",\"valueRequired\":true,\"valueName\":\"search_term_string\"}}],\"inLanguage\":\"fr-FR\"}]}<\/script>\n<!-- \/ Yoast SEO plugin. -->","yoast_head_json":{"title":"Fort S\u00e3o Jo\u00e3o Batista et Phare d'Esposende - Apulia Praia Hotel -","description":"C\u00e9l\u00e8bre dans la r\u00e9gion pour son histoire et sa structure en pierre, la construction du Fort S\u00e3o Jo\u00e3o Batista a commenc\u00e9 au XVIIe si\u00e8cle, sous le r\u00e8gne du roi Pierre II. Sa mission \u00e9tait de d\u00e9fendre et de sauvegarder la c\u00f4te portugaise, en prot\u00e9geant l'entr\u00e9e du fleuve C\u00e1vado","robots":{"index":"index","follow":"follow","max-snippet":"max-snippet:-1","max-image-preview":"max-image-preview:large","max-video-preview":"max-video-preview:-1"},"canonical":"https:\/\/apuliapraia-hotel.com\/fr\/region\/fort-sao-joao-batista-et-phare-desposende\/","og_locale":"fr_FR","og_type":"article","og_title":"Fort S\u00e3o Jo\u00e3o Batista et Phare d'Esposende - Apulia Praia Hotel -","og_description":"C\u00e9l\u00e8bre dans la r\u00e9gion pour son histoire et sa structure en pierre, la construction du Fort S\u00e3o Jo\u00e3o Batista a commenc\u00e9 au XVIIe si\u00e8cle, sous le r\u00e8gne du roi Pierre II. Sa mission \u00e9tait de d\u00e9fendre et de sauvegarder la c\u00f4te portugaise, en prot\u00e9geant l'entr\u00e9e du fleuve C\u00e1vado","og_url":"https:\/\/apuliapraia-hotel.com\/fr\/region\/fort-sao-joao-batista-et-phare-desposende\/","og_site_name":"Apulia Praia Hotel","og_image":[{"width":1200,"height":800,"url":"https:\/\/apuliapraia-hotel.com\/wp-content\/uploads\/sites\/512\/2023\/02\/Forte-de-Sao-Batista-2.png","type":"image\/png"}],"twitter_card":"summary_large_image","twitter_misc":{"Dur\u00e9e de lecture estim\u00e9e":"1 minute"},"schema":{"@context":"https:\/\/schema.org","@graph":[{"@type":"WebPage","@id":"https:\/\/apuliapraia-hotel.com\/fr\/region\/fort-sao-joao-batista-et-phare-desposende\/","url":"https:\/\/apuliapraia-hotel.com\/fr\/region\/fort-sao-joao-batista-et-phare-desposende\/","name":"Fort S\u00e3o Jo\u00e3o Batista et Phare d'Esposende - Apulia Praia Hotel -","isPartOf":{"@id":"https:\/\/apuliapraia-hotel.com\/fr\/#website"},"primaryImageOfPage":{"@id":"https:\/\/apuliapraia-hotel.com\/fr\/region\/fort-sao-joao-batista-et-phare-desposende\/#primaryimage"},"image":{"@id":"https:\/\/apuliapraia-hotel.com\/fr\/region\/fort-sao-joao-batista-et-phare-desposende\/#primaryimage"},"thumbnailUrl":"https:\/\/apuliapraia-hotel.com\/wp-content\/uploads\/sites\/512\/2023\/02\/Forte-de-Sao-Batista-2.png","datePublished":"2024-01-08T16:15:58+00:00","description":"C\u00e9l\u00e8bre dans la r\u00e9gion pour son histoire et sa structure en pierre, la construction du Fort S\u00e3o Jo\u00e3o Batista a commenc\u00e9 au XVIIe si\u00e8cle, sous le r\u00e8gne du roi Pierre II. Sa mission \u00e9tait de d\u00e9fendre et de sauvegarder la c\u00f4te portugaise, en prot\u00e9geant l'entr\u00e9e du fleuve C\u00e1vado","breadcrumb":{"@id":"https:\/\/apuliapraia-hotel.com\/fr\/region\/fort-sao-joao-batista-et-phare-desposende\/#breadcrumb"},"inLanguage":"fr-FR","potentialAction":[{"@type":"ReadAction","target":["https:\/\/apuliapraia-hotel.com\/fr\/region\/fort-sao-joao-batista-et-phare-desposende\/"]}]},{"@type":"ImageObject","inLanguage":"fr-FR","@id":"https:\/\/apuliapraia-hotel.com\/fr\/region\/fort-sao-joao-batista-et-phare-desposende\/#primaryimage","url":"https:\/\/apuliapraia-hotel.com\/wp-content\/uploads\/sites\/512\/2023\/02\/Forte-de-Sao-Batista-2.png","contentUrl":"https:\/\/apuliapraia-hotel.com\/wp-content\/uploads\/sites\/512\/2023\/02\/Forte-de-Sao-Batista-2.png","width":1200,"height":800,"caption":"Forte S\u00e3o Jo\u00e3o Batista e Farol de Esposende"},{"@type":"BreadcrumbList","@id":"https:\/\/apuliapraia-hotel.com\/fr\/region\/fort-sao-joao-batista-et-phare-desposende\/#breadcrumb","itemListElement":[{"@type":"ListItem","position":1,"name":"Home","item":"https:\/\/apuliapraia-hotel.com\/fr\/"},{"@type":"ListItem","position":2,"name":"R\u00e9gion","item":"https:\/\/apuliapraia-hotel.com\/fr\/region\/"},{"@type":"ListItem","position":3,"name":"Fort S\u00e3o Jo\u00e3o Batista et Phare d&#8217;Esposende"}]},{"@type":"WebSite","@id":"https:\/\/apuliapraia-hotel.com\/fr\/#website","url":"https:\/\/apuliapraia-hotel.com\/fr\/","name":"Apulia Praia Hotel","description":"","potentialAction":[{"@type":"SearchAction","target":{"@type":"EntryPoint","urlTemplate":"https:\/\/apuliapraia-hotel.com\/fr\/?s={search_term_string}"},"query-input":{"@type":"PropertyValueSpecification","valueRequired":true,"valueName":"search_term_string"}}],"inLanguage":"fr-FR"}]}},"acf":[],"_links":{"self":[{"href":"https:\/\/apuliapraia-hotel.com\/fr\/wp-json\/wp\/v2\/pages\/1015","targetHints":{"allow":["GET"]}}],"collection":[{"href":"https:\/\/apuliapraia-hotel.com\/fr\/wp-json\/wp\/v2\/pages"}],"about":[{"href":"https:\/\/apuliapraia-hotel.com\/fr\/wp-json\/wp\/v2\/types\/page"}],"author":[{"embeddable":true,"href":"https:\/\/apuliapraia-hotel.com\/fr\/wp-json\/wp\/v2\/users\/565"}],"replies":[{"embeddable":true,"href":"https:\/\/apuliapraia-hotel.com\/fr\/wp-json\/wp\/v2\/comments?post=1015"}],"version-history":[{"count":0,"href":"https:\/\/apuliapraia-hotel.com\/fr\/wp-json\/wp\/v2\/pages\/1015\/revisions"}],"up":[{"embeddable":true,"href":"https:\/\/apuliapraia-hotel.com\/fr\/wp-json\/wp\/v2\/pages\/984"}],"wp:featuredmedia":[{"embeddable":true,"href":"https:\/\/apuliapraia-hotel.com\/fr\/wp-json\/wp\/v2\/media\/396"}],"wp:attachment":[{"href":"https:\/\/apuliapraia-hotel.com\/fr\/wp-json\/wp\/v2\/media?parent=1015"}],"curies":[{"name":"wp","href":"https:\/\/api.w.org\/{rel}","templated":true}]}}