{"id":1014,"date":"2024-01-08T16:10:11","date_gmt":"2024-01-08T16:10:11","guid":{"rendered":"https:\/\/apuliapraia-hotel.com\/?page_id=1014"},"modified":"2024-01-09T15:04:40","modified_gmt":"2024-01-09T15:04:40","slug":"parc-naturel-de-la-cote-nord","status":"publish","type":"page","link":"https:\/\/apuliapraia-hotel.com\/fr\/region\/parc-naturel-de-la-cote-nord\/","title":{"rendered":"Parc Naturel de la C\u00f4te Nord"},"content":{"rendered":"<p>Le <strong>Parc Naturel de la C\u00f4te Nord<\/strong> est un parc local o\u00f9 vous pourrez entrer en contact avec la magnifique faune et la flore de la r\u00e9gion, ou profiter d&rsquo;une promenade paisible ou d&rsquo;une balade relaxante \u00e0 <a href=\"https:\/\/apuliapraia-hotel.com\/fr\/experiences\/location-de-v\u00e9los\">v\u00e9lo<\/a>. Avec un magnifique paysage m\u00e9diterran\u00e9en, ce parc s&rsquo;\u00e9tend sur toute la c\u00f4te atlantique depuis la rivi\u00e8re Neiva, pr\u00e8s de la r\u00e9gion des Pouilles. Notre itin\u00e9raire est majoritairement constitu\u00e9 de cols, le <a href=\"https:\/\/natural.pt\/protected-areas\/parque-natural-litoral-norte?locale=pt\">Parc Naturel de la C\u00f4te Nord<\/a> s&rsquo;\u00e9tend sur un parcours de 16 km le long de la c\u00f4te, qui n&rsquo;est pas inclus dans le R\u00e9seau <a href=\"https:\/\/www.visitesposende.com\/fr\/fazer\/percursos\">Municipal de Routes Pi\u00e9tonni\u00e8res<\/a>. C&rsquo;est notre h\u00f4tel Pouilles Praia et il est possible de d\u00e9couvrir ce magnifique paysage le long du <a href=\"https:\/\/pt.wikiloc.com\/trilhas-caminhada\/pr12-eps-trilho-das-masseiras-percurso-do-vento-e-do-homem-17757610\">Trilho das Masseiras (PR12)<\/a>.<\/p>\n","protected":false},"excerpt":{"rendered":"<p>Le Parc Naturel de la C\u00f4te Nord est un parc local o\u00f9 vous pourrez entrer en contact avec la magnifique faune et la flore de la r\u00e9gion, ou profiter d&rsquo;une promenade paisible ou d&rsquo;une balade relaxante \u00e0 v\u00e9lo. Avec un magnifique paysage m\u00e9diterran\u00e9en, ce parc s&rsquo;\u00e9tend sur toute la c\u00f4te atlantique depuis la rivi\u00e8re Neiva, [&hellip;]<\/p>\n","protected":false},"author":565,"featured_media":398,"parent":984,"menu_order":10,"comment_status":"closed","ping_status":"closed","template":"template-default-4.php","meta":{"footnotes":""},"class_list":["post-1014","page","type-page","status-publish","has-post-thumbnail","hentry"],"yoast_head":"<!-- This site is optimized with the Yoast SEO plugin v26.9 - https:\/\/yoast.com\/product\/yoast-seo-wordpress\/ -->\n<title>Parc Naturel de la C\u00f4te Nord - Apulia Praia Hotel -<\/title>\n<meta name=\"description\" content=\"Le Parc Naturel de la C\u00f4te Nord est un parc local o\u00f9 vous pourrez entrer en contact avec la magnifique faune et la flore de la r\u00e9gion, ou profiter d&#039;une promenade paisible ou d&#039;une balade relaxante \u00e0 v\u00e9lo. Avec un magnifique paysage m\u00e9diterran\u00e9en, ce parc s&#039;\u00e9tend sur toute la c\u00f4te atlantique depuis la rivi\u00e8re Neiva, pr\u00e8s de la r\u00e9gion des Pouilles\" \/>\n<meta name=\"robots\" content=\"index, follow, max-snippet:-1, max-image-preview:large, max-video-preview:-1\" \/>\n<link rel=\"canonical\" href=\"https:\/\/apuliapraia-hotel.com\/fr\/region\/parc-naturel-de-la-cote-nord\/\" \/>\n<meta property=\"og:locale\" content=\"fr_FR\" \/>\n<meta property=\"og:type\" content=\"article\" \/>\n<meta property=\"og:title\" content=\"Parc Naturel de la C\u00f4te Nord - Apulia Praia Hotel -\" \/>\n<meta property=\"og:description\" content=\"Le Parc Naturel de la C\u00f4te Nord est un parc local o\u00f9 vous pourrez entrer en contact avec la magnifique faune et la flore de la r\u00e9gion, ou profiter d&#039;une promenade paisible ou d&#039;une balade relaxante \u00e0 v\u00e9lo. Avec un magnifique paysage m\u00e9diterran\u00e9en, ce parc s&#039;\u00e9tend sur toute la c\u00f4te atlantique depuis la rivi\u00e8re Neiva, pr\u00e8s de la r\u00e9gion des Pouilles\" \/>\n<meta property=\"og:url\" content=\"https:\/\/apuliapraia-hotel.com\/fr\/region\/parc-naturel-de-la-cote-nord\/\" \/>\n<meta property=\"og:site_name\" content=\"Apulia Praia Hotel\" \/>\n<meta property=\"article:modified_time\" content=\"2024-01-09T15:04:40+00:00\" \/>\n<meta property=\"og:image\" content=\"https:\/\/apuliapraia-hotel.com\/wp-content\/uploads\/sites\/512\/2023\/02\/Parque-Natural-do-Litoral-Norte-2.png\" \/>\n\t<meta property=\"og:image:width\" content=\"1200\" \/>\n\t<meta property=\"og:image:height\" content=\"800\" \/>\n\t<meta property=\"og:image:type\" content=\"image\/png\" \/>\n<meta name=\"twitter:card\" content=\"summary_large_image\" \/>\n<meta name=\"twitter:label1\" content=\"Dur\u00e9e de lecture estim\u00e9e\" \/>\n\t<meta name=\"twitter:data1\" content=\"1 minute\" \/>\n<script type=\"application\/ld+json\" class=\"yoast-schema-graph\">{\"@context\":\"https:\/\/schema.org\",\"@graph\":[{\"@type\":\"WebPage\",\"@id\":\"https:\/\/apuliapraia-hotel.com\/fr\/region\/parc-naturel-de-la-cote-nord\/\",\"url\":\"https:\/\/apuliapraia-hotel.com\/fr\/region\/parc-naturel-de-la-cote-nord\/\",\"name\":\"Parc Naturel de la C\u00f4te Nord - Apulia Praia Hotel -\",\"isPartOf\":{\"@id\":\"https:\/\/apuliapraia-hotel.com\/fr\/#website\"},\"primaryImageOfPage\":{\"@id\":\"https:\/\/apuliapraia-hotel.com\/fr\/region\/parc-naturel-de-la-cote-nord\/#primaryimage\"},\"image\":{\"@id\":\"https:\/\/apuliapraia-hotel.com\/fr\/region\/parc-naturel-de-la-cote-nord\/#primaryimage\"},\"thumbnailUrl\":\"https:\/\/apuliapraia-hotel.com\/wp-content\/uploads\/sites\/512\/2023\/02\/Parque-Natural-do-Litoral-Norte-2.png\",\"datePublished\":\"2024-01-08T16:10:11+00:00\",\"dateModified\":\"2024-01-09T15:04:40+00:00\",\"description\":\"Le Parc Naturel de la C\u00f4te Nord est un parc local o\u00f9 vous pourrez entrer en contact avec la magnifique faune et la flore de la r\u00e9gion, ou profiter d'une promenade paisible ou d'une balade relaxante \u00e0 v\u00e9lo. Avec un magnifique paysage m\u00e9diterran\u00e9en, ce parc s'\u00e9tend sur toute la c\u00f4te atlantique depuis la rivi\u00e8re Neiva, pr\u00e8s de la r\u00e9gion des Pouilles\",\"breadcrumb\":{\"@id\":\"https:\/\/apuliapraia-hotel.com\/fr\/region\/parc-naturel-de-la-cote-nord\/#breadcrumb\"},\"inLanguage\":\"fr-FR\",\"potentialAction\":[{\"@type\":\"ReadAction\",\"target\":[\"https:\/\/apuliapraia-hotel.com\/fr\/region\/parc-naturel-de-la-cote-nord\/\"]}]},{\"@type\":\"ImageObject\",\"inLanguage\":\"fr-FR\",\"@id\":\"https:\/\/apuliapraia-hotel.com\/fr\/region\/parc-naturel-de-la-cote-nord\/#primaryimage\",\"url\":\"https:\/\/apuliapraia-hotel.com\/wp-content\/uploads\/sites\/512\/2023\/02\/Parque-Natural-do-Litoral-Norte-2.png\",\"contentUrl\":\"https:\/\/apuliapraia-hotel.com\/wp-content\/uploads\/sites\/512\/2023\/02\/Parque-Natural-do-Litoral-Norte-2.png\",\"width\":1200,\"height\":800,\"caption\":\"Parque Natural do Litoral Norte\"},{\"@type\":\"BreadcrumbList\",\"@id\":\"https:\/\/apuliapraia-hotel.com\/fr\/region\/parc-naturel-de-la-cote-nord\/#breadcrumb\",\"itemListElement\":[{\"@type\":\"ListItem\",\"position\":1,\"name\":\"Home\",\"item\":\"https:\/\/apuliapraia-hotel.com\/fr\/\"},{\"@type\":\"ListItem\",\"position\":2,\"name\":\"R\u00e9gion\",\"item\":\"https:\/\/apuliapraia-hotel.com\/fr\/region\/\"},{\"@type\":\"ListItem\",\"position\":3,\"name\":\"Parc Naturel de la C\u00f4te Nord\"}]},{\"@type\":\"WebSite\",\"@id\":\"https:\/\/apuliapraia-hotel.com\/fr\/#website\",\"url\":\"https:\/\/apuliapraia-hotel.com\/fr\/\",\"name\":\"Apulia Praia Hotel\",\"description\":\"\",\"potentialAction\":[{\"@type\":\"SearchAction\",\"target\":{\"@type\":\"EntryPoint\",\"urlTemplate\":\"https:\/\/apuliapraia-hotel.com\/fr\/?s={search_term_string}\"},\"query-input\":{\"@type\":\"PropertyValueSpecification\",\"valueRequired\":true,\"valueName\":\"search_term_string\"}}],\"inLanguage\":\"fr-FR\"}]}<\/script>\n<!-- \/ Yoast SEO plugin. -->","yoast_head_json":{"title":"Parc Naturel de la C\u00f4te Nord - Apulia Praia Hotel -","description":"Le Parc Naturel de la C\u00f4te Nord est un parc local o\u00f9 vous pourrez entrer en contact avec la magnifique faune et la flore de la r\u00e9gion, ou profiter d'une promenade paisible ou d'une balade relaxante \u00e0 v\u00e9lo. Avec un magnifique paysage m\u00e9diterran\u00e9en, ce parc s'\u00e9tend sur toute la c\u00f4te atlantique depuis la rivi\u00e8re Neiva, pr\u00e8s de la r\u00e9gion des Pouilles","robots":{"index":"index","follow":"follow","max-snippet":"max-snippet:-1","max-image-preview":"max-image-preview:large","max-video-preview":"max-video-preview:-1"},"canonical":"https:\/\/apuliapraia-hotel.com\/fr\/region\/parc-naturel-de-la-cote-nord\/","og_locale":"fr_FR","og_type":"article","og_title":"Parc Naturel de la C\u00f4te Nord - Apulia Praia Hotel -","og_description":"Le Parc Naturel de la C\u00f4te Nord est un parc local o\u00f9 vous pourrez entrer en contact avec la magnifique faune et la flore de la r\u00e9gion, ou profiter d'une promenade paisible ou d'une balade relaxante \u00e0 v\u00e9lo. Avec un magnifique paysage m\u00e9diterran\u00e9en, ce parc s'\u00e9tend sur toute la c\u00f4te atlantique depuis la rivi\u00e8re Neiva, pr\u00e8s de la r\u00e9gion des Pouilles","og_url":"https:\/\/apuliapraia-hotel.com\/fr\/region\/parc-naturel-de-la-cote-nord\/","og_site_name":"Apulia Praia Hotel","article_modified_time":"2024-01-09T15:04:40+00:00","og_image":[{"width":1200,"height":800,"url":"https:\/\/apuliapraia-hotel.com\/wp-content\/uploads\/sites\/512\/2023\/02\/Parque-Natural-do-Litoral-Norte-2.png","type":"image\/png"}],"twitter_card":"summary_large_image","twitter_misc":{"Dur\u00e9e de lecture estim\u00e9e":"1 minute"},"schema":{"@context":"https:\/\/schema.org","@graph":[{"@type":"WebPage","@id":"https:\/\/apuliapraia-hotel.com\/fr\/region\/parc-naturel-de-la-cote-nord\/","url":"https:\/\/apuliapraia-hotel.com\/fr\/region\/parc-naturel-de-la-cote-nord\/","name":"Parc Naturel de la C\u00f4te Nord - Apulia Praia Hotel -","isPartOf":{"@id":"https:\/\/apuliapraia-hotel.com\/fr\/#website"},"primaryImageOfPage":{"@id":"https:\/\/apuliapraia-hotel.com\/fr\/region\/parc-naturel-de-la-cote-nord\/#primaryimage"},"image":{"@id":"https:\/\/apuliapraia-hotel.com\/fr\/region\/parc-naturel-de-la-cote-nord\/#primaryimage"},"thumbnailUrl":"https:\/\/apuliapraia-hotel.com\/wp-content\/uploads\/sites\/512\/2023\/02\/Parque-Natural-do-Litoral-Norte-2.png","datePublished":"2024-01-08T16:10:11+00:00","dateModified":"2024-01-09T15:04:40+00:00","description":"Le Parc Naturel de la C\u00f4te Nord est un parc local o\u00f9 vous pourrez entrer en contact avec la magnifique faune et la flore de la r\u00e9gion, ou profiter d'une promenade paisible ou d'une balade relaxante \u00e0 v\u00e9lo. Avec un magnifique paysage m\u00e9diterran\u00e9en, ce parc s'\u00e9tend sur toute la c\u00f4te atlantique depuis la rivi\u00e8re Neiva, pr\u00e8s de la r\u00e9gion des Pouilles","breadcrumb":{"@id":"https:\/\/apuliapraia-hotel.com\/fr\/region\/parc-naturel-de-la-cote-nord\/#breadcrumb"},"inLanguage":"fr-FR","potentialAction":[{"@type":"ReadAction","target":["https:\/\/apuliapraia-hotel.com\/fr\/region\/parc-naturel-de-la-cote-nord\/"]}]},{"@type":"ImageObject","inLanguage":"fr-FR","@id":"https:\/\/apuliapraia-hotel.com\/fr\/region\/parc-naturel-de-la-cote-nord\/#primaryimage","url":"https:\/\/apuliapraia-hotel.com\/wp-content\/uploads\/sites\/512\/2023\/02\/Parque-Natural-do-Litoral-Norte-2.png","contentUrl":"https:\/\/apuliapraia-hotel.com\/wp-content\/uploads\/sites\/512\/2023\/02\/Parque-Natural-do-Litoral-Norte-2.png","width":1200,"height":800,"caption":"Parque Natural do Litoral Norte"},{"@type":"BreadcrumbList","@id":"https:\/\/apuliapraia-hotel.com\/fr\/region\/parc-naturel-de-la-cote-nord\/#breadcrumb","itemListElement":[{"@type":"ListItem","position":1,"name":"Home","item":"https:\/\/apuliapraia-hotel.com\/fr\/"},{"@type":"ListItem","position":2,"name":"R\u00e9gion","item":"https:\/\/apuliapraia-hotel.com\/fr\/region\/"},{"@type":"ListItem","position":3,"name":"Parc Naturel de la C\u00f4te Nord"}]},{"@type":"WebSite","@id":"https:\/\/apuliapraia-hotel.com\/fr\/#website","url":"https:\/\/apuliapraia-hotel.com\/fr\/","name":"Apulia Praia Hotel","description":"","potentialAction":[{"@type":"SearchAction","target":{"@type":"EntryPoint","urlTemplate":"https:\/\/apuliapraia-hotel.com\/fr\/?s={search_term_string}"},"query-input":{"@type":"PropertyValueSpecification","valueRequired":true,"valueName":"search_term_string"}}],"inLanguage":"fr-FR"}]}},"acf":[],"_links":{"self":[{"href":"https:\/\/apuliapraia-hotel.com\/fr\/wp-json\/wp\/v2\/pages\/1014","targetHints":{"allow":["GET"]}}],"collection":[{"href":"https:\/\/apuliapraia-hotel.com\/fr\/wp-json\/wp\/v2\/pages"}],"about":[{"href":"https:\/\/apuliapraia-hotel.com\/fr\/wp-json\/wp\/v2\/types\/page"}],"author":[{"embeddable":true,"href":"https:\/\/apuliapraia-hotel.com\/fr\/wp-json\/wp\/v2\/users\/565"}],"replies":[{"embeddable":true,"href":"https:\/\/apuliapraia-hotel.com\/fr\/wp-json\/wp\/v2\/comments?post=1014"}],"version-history":[{"count":0,"href":"https:\/\/apuliapraia-hotel.com\/fr\/wp-json\/wp\/v2\/pages\/1014\/revisions"}],"up":[{"embeddable":true,"href":"https:\/\/apuliapraia-hotel.com\/fr\/wp-json\/wp\/v2\/pages\/984"}],"wp:featuredmedia":[{"embeddable":true,"href":"https:\/\/apuliapraia-hotel.com\/fr\/wp-json\/wp\/v2\/media\/398"}],"wp:attachment":[{"href":"https:\/\/apuliapraia-hotel.com\/fr\/wp-json\/wp\/v2\/media?parent=1014"}],"curies":[{"name":"wp","href":"https:\/\/api.w.org\/{rel}","templated":true}]}}