{"id":1013,"date":"2024-01-08T16:00:29","date_gmt":"2024-01-08T16:00:29","guid":{"rendered":"https:\/\/apuliapraia-hotel.com\/?page_id=1013"},"modified":"2024-01-24T15:11:43","modified_gmt":"2024-01-24T15:11:43","slug":"monte-de-sao-felix","status":"publish","type":"page","link":"https:\/\/apuliapraia-hotel.com\/fr\/region\/monte-de-sao-felix\/","title":{"rendered":"Monte de S\u00e3o F\u00e9lix"},"content":{"rendered":"<p><strong>Monte de S\u00e3o F\u00e9lix<\/strong> est la plus haute attraction touristique de la paroisse de La\u00fandos, renomm\u00e9 pour son escalier de 328 marches et ses jardins luxuriants, offre une exp\u00e9rience m\u00ealant beaut\u00e9, spiritualit\u00e9 et panoramas a couper le souffre sur la mer et la ville. Vous aurez l&rsquo;occasion d&rsquo;admirer, au pied des escaliers, le <strong>Sanctuaire de Senhora da Sa\u00fade<\/strong>, et, pas seulement au sommet, la <strong>Chapelle de S\u00e3o F\u00e9lix<\/strong> et <strong>Moinhos de Vento<\/strong>. \u00c0 tout cela s\u2019ajoute un magnifique paysage panoramique sur la mer et la ville. Aventurez-vous et d\u00e9couvrez l&rsquo;un des plus beaux points panoramiques de la r\u00e9gion.<\/p>\n<p>&nbsp;<\/p>\n","protected":false},"excerpt":{"rendered":"<p>Monte de S\u00e3o F\u00e9lix est la plus haute attraction touristique de la paroisse de La\u00fandos, renomm\u00e9 pour son escalier de 328 marches et ses jardins luxuriants, offre une exp\u00e9rience m\u00ealant beaut\u00e9, spiritualit\u00e9 et panoramas a couper le souffre sur la mer et la ville. Vous aurez l&rsquo;occasion d&rsquo;admirer, au pied des escaliers, le Sanctuaire de [&hellip;]<\/p>\n","protected":false},"author":565,"featured_media":368,"parent":984,"menu_order":9,"comment_status":"closed","ping_status":"closed","template":"template-default-4.php","meta":{"footnotes":""},"class_list":["post-1013","page","type-page","status-publish","has-post-thumbnail","hentry"],"yoast_head":"<!-- This site is optimized with the Yoast SEO plugin v26.9 - https:\/\/yoast.com\/product\/yoast-seo-wordpress\/ -->\n<title>Monte de S\u00e3o F\u00e9lix - Apulia Praia Hotel -<\/title>\n<meta name=\"description\" content=\"Monte de S\u00e3o F\u00e9lix est la plus haute attraction touristique de la paroisse de La\u00fandos, renomm\u00e9 pour son escalier de 328 marches et ses jardins luxuriants, offre une exp\u00e9rience m\u00ealant beaut\u00e9, spiritualit\u00e9 et panoramas a couper le souffre sur la mer et la ville. Vous aurez l&#039;occasion d&#039;admirer, au pied des escaliers, le Sanctuaire de Senhora da Sa\u00fade, et, pas seulement au sommet, la Chapelle de S\u00e3o F\u00e9lix et Moinhos de Vento\" \/>\n<meta name=\"robots\" content=\"index, follow, max-snippet:-1, max-image-preview:large, max-video-preview:-1\" \/>\n<link rel=\"canonical\" href=\"https:\/\/apuliapraia-hotel.com\/fr\/region\/monte-de-sao-felix\/\" \/>\n<meta property=\"og:locale\" content=\"fr_FR\" \/>\n<meta property=\"og:type\" content=\"article\" \/>\n<meta property=\"og:title\" content=\"Monte de S\u00e3o F\u00e9lix - Apulia Praia Hotel -\" \/>\n<meta property=\"og:description\" content=\"Monte de S\u00e3o F\u00e9lix est la plus haute attraction touristique de la paroisse de La\u00fandos, renomm\u00e9 pour son escalier de 328 marches et ses jardins luxuriants, offre une exp\u00e9rience m\u00ealant beaut\u00e9, spiritualit\u00e9 et panoramas a couper le souffre sur la mer et la ville. Vous aurez l&#039;occasion d&#039;admirer, au pied des escaliers, le Sanctuaire de Senhora da Sa\u00fade, et, pas seulement au sommet, la Chapelle de S\u00e3o F\u00e9lix et Moinhos de Vento\" \/>\n<meta property=\"og:url\" content=\"https:\/\/apuliapraia-hotel.com\/fr\/region\/monte-de-sao-felix\/\" \/>\n<meta property=\"og:site_name\" content=\"Apulia Praia Hotel\" \/>\n<meta property=\"article:modified_time\" content=\"2024-01-24T15:11:43+00:00\" \/>\n<meta property=\"og:image\" content=\"https:\/\/apuliapraia-hotel.com\/wp-content\/uploads\/sites\/512\/2023\/02\/Monte-Sao-Felix.png\" \/>\n\t<meta property=\"og:image:width\" content=\"1200\" \/>\n\t<meta property=\"og:image:height\" content=\"800\" \/>\n\t<meta property=\"og:image:type\" content=\"image\/png\" \/>\n<meta name=\"twitter:card\" content=\"summary_large_image\" \/>\n<meta name=\"twitter:label1\" content=\"Dur\u00e9e de lecture estim\u00e9e\" \/>\n\t<meta name=\"twitter:data1\" content=\"1 minute\" \/>\n<script type=\"application\/ld+json\" class=\"yoast-schema-graph\">{\"@context\":\"https:\/\/schema.org\",\"@graph\":[{\"@type\":\"WebPage\",\"@id\":\"https:\/\/apuliapraia-hotel.com\/fr\/region\/monte-de-sao-felix\/\",\"url\":\"https:\/\/apuliapraia-hotel.com\/fr\/region\/monte-de-sao-felix\/\",\"name\":\"Monte de S\u00e3o F\u00e9lix - Apulia Praia Hotel -\",\"isPartOf\":{\"@id\":\"https:\/\/apuliapraia-hotel.com\/fr\/#website\"},\"primaryImageOfPage\":{\"@id\":\"https:\/\/apuliapraia-hotel.com\/fr\/region\/monte-de-sao-felix\/#primaryimage\"},\"image\":{\"@id\":\"https:\/\/apuliapraia-hotel.com\/fr\/region\/monte-de-sao-felix\/#primaryimage\"},\"thumbnailUrl\":\"https:\/\/apuliapraia-hotel.com\/wp-content\/uploads\/sites\/512\/2023\/02\/Monte-Sao-Felix.png\",\"datePublished\":\"2024-01-08T16:00:29+00:00\",\"dateModified\":\"2024-01-24T15:11:43+00:00\",\"description\":\"Monte de S\u00e3o F\u00e9lix est la plus haute attraction touristique de la paroisse de La\u00fandos, renomm\u00e9 pour son escalier de 328 marches et ses jardins luxuriants, offre une exp\u00e9rience m\u00ealant beaut\u00e9, spiritualit\u00e9 et panoramas a couper le souffre sur la mer et la ville. Vous aurez l'occasion d'admirer, au pied des escaliers, le Sanctuaire de Senhora da Sa\u00fade, et, pas seulement au sommet, la Chapelle de S\u00e3o F\u00e9lix et Moinhos de Vento\",\"breadcrumb\":{\"@id\":\"https:\/\/apuliapraia-hotel.com\/fr\/region\/monte-de-sao-felix\/#breadcrumb\"},\"inLanguage\":\"fr-FR\",\"potentialAction\":[{\"@type\":\"ReadAction\",\"target\":[\"https:\/\/apuliapraia-hotel.com\/fr\/region\/monte-de-sao-felix\/\"]}]},{\"@type\":\"ImageObject\",\"inLanguage\":\"fr-FR\",\"@id\":\"https:\/\/apuliapraia-hotel.com\/fr\/region\/monte-de-sao-felix\/#primaryimage\",\"url\":\"https:\/\/apuliapraia-hotel.com\/wp-content\/uploads\/sites\/512\/2023\/02\/Monte-Sao-Felix.png\",\"contentUrl\":\"https:\/\/apuliapraia-hotel.com\/wp-content\/uploads\/sites\/512\/2023\/02\/Monte-Sao-Felix.png\",\"width\":1200,\"height\":800,\"caption\":\"Monte de S\u00e3o F\u00e9lix\"},{\"@type\":\"BreadcrumbList\",\"@id\":\"https:\/\/apuliapraia-hotel.com\/fr\/region\/monte-de-sao-felix\/#breadcrumb\",\"itemListElement\":[{\"@type\":\"ListItem\",\"position\":1,\"name\":\"Home\",\"item\":\"https:\/\/apuliapraia-hotel.com\/fr\/\"},{\"@type\":\"ListItem\",\"position\":2,\"name\":\"R\u00e9gion\",\"item\":\"https:\/\/apuliapraia-hotel.com\/fr\/region\/\"},{\"@type\":\"ListItem\",\"position\":3,\"name\":\"Monte de S\u00e3o F\u00e9lix\"}]},{\"@type\":\"WebSite\",\"@id\":\"https:\/\/apuliapraia-hotel.com\/fr\/#website\",\"url\":\"https:\/\/apuliapraia-hotel.com\/fr\/\",\"name\":\"Apulia Praia Hotel\",\"description\":\"\",\"potentialAction\":[{\"@type\":\"SearchAction\",\"target\":{\"@type\":\"EntryPoint\",\"urlTemplate\":\"https:\/\/apuliapraia-hotel.com\/fr\/?s={search_term_string}\"},\"query-input\":{\"@type\":\"PropertyValueSpecification\",\"valueRequired\":true,\"valueName\":\"search_term_string\"}}],\"inLanguage\":\"fr-FR\"}]}<\/script>\n<!-- \/ Yoast SEO plugin. -->","yoast_head_json":{"title":"Monte de S\u00e3o F\u00e9lix - Apulia Praia Hotel -","description":"Monte de S\u00e3o F\u00e9lix est la plus haute attraction touristique de la paroisse de La\u00fandos, renomm\u00e9 pour son escalier de 328 marches et ses jardins luxuriants, offre une exp\u00e9rience m\u00ealant beaut\u00e9, spiritualit\u00e9 et panoramas a couper le souffre sur la mer et la ville. Vous aurez l'occasion d'admirer, au pied des escaliers, le Sanctuaire de Senhora da Sa\u00fade, et, pas seulement au sommet, la Chapelle de S\u00e3o F\u00e9lix et Moinhos de Vento","robots":{"index":"index","follow":"follow","max-snippet":"max-snippet:-1","max-image-preview":"max-image-preview:large","max-video-preview":"max-video-preview:-1"},"canonical":"https:\/\/apuliapraia-hotel.com\/fr\/region\/monte-de-sao-felix\/","og_locale":"fr_FR","og_type":"article","og_title":"Monte de S\u00e3o F\u00e9lix - Apulia Praia Hotel -","og_description":"Monte de S\u00e3o F\u00e9lix est la plus haute attraction touristique de la paroisse de La\u00fandos, renomm\u00e9 pour son escalier de 328 marches et ses jardins luxuriants, offre une exp\u00e9rience m\u00ealant beaut\u00e9, spiritualit\u00e9 et panoramas a couper le souffre sur la mer et la ville. Vous aurez l'occasion d'admirer, au pied des escaliers, le Sanctuaire de Senhora da Sa\u00fade, et, pas seulement au sommet, la Chapelle de S\u00e3o F\u00e9lix et Moinhos de Vento","og_url":"https:\/\/apuliapraia-hotel.com\/fr\/region\/monte-de-sao-felix\/","og_site_name":"Apulia Praia Hotel","article_modified_time":"2024-01-24T15:11:43+00:00","og_image":[{"width":1200,"height":800,"url":"https:\/\/apuliapraia-hotel.com\/wp-content\/uploads\/sites\/512\/2023\/02\/Monte-Sao-Felix.png","type":"image\/png"}],"twitter_card":"summary_large_image","twitter_misc":{"Dur\u00e9e de lecture estim\u00e9e":"1 minute"},"schema":{"@context":"https:\/\/schema.org","@graph":[{"@type":"WebPage","@id":"https:\/\/apuliapraia-hotel.com\/fr\/region\/monte-de-sao-felix\/","url":"https:\/\/apuliapraia-hotel.com\/fr\/region\/monte-de-sao-felix\/","name":"Monte de S\u00e3o F\u00e9lix - Apulia Praia Hotel -","isPartOf":{"@id":"https:\/\/apuliapraia-hotel.com\/fr\/#website"},"primaryImageOfPage":{"@id":"https:\/\/apuliapraia-hotel.com\/fr\/region\/monte-de-sao-felix\/#primaryimage"},"image":{"@id":"https:\/\/apuliapraia-hotel.com\/fr\/region\/monte-de-sao-felix\/#primaryimage"},"thumbnailUrl":"https:\/\/apuliapraia-hotel.com\/wp-content\/uploads\/sites\/512\/2023\/02\/Monte-Sao-Felix.png","datePublished":"2024-01-08T16:00:29+00:00","dateModified":"2024-01-24T15:11:43+00:00","description":"Monte de S\u00e3o F\u00e9lix est la plus haute attraction touristique de la paroisse de La\u00fandos, renomm\u00e9 pour son escalier de 328 marches et ses jardins luxuriants, offre une exp\u00e9rience m\u00ealant beaut\u00e9, spiritualit\u00e9 et panoramas a couper le souffre sur la mer et la ville. Vous aurez l'occasion d'admirer, au pied des escaliers, le Sanctuaire de Senhora da Sa\u00fade, et, pas seulement au sommet, la Chapelle de S\u00e3o F\u00e9lix et Moinhos de Vento","breadcrumb":{"@id":"https:\/\/apuliapraia-hotel.com\/fr\/region\/monte-de-sao-felix\/#breadcrumb"},"inLanguage":"fr-FR","potentialAction":[{"@type":"ReadAction","target":["https:\/\/apuliapraia-hotel.com\/fr\/region\/monte-de-sao-felix\/"]}]},{"@type":"ImageObject","inLanguage":"fr-FR","@id":"https:\/\/apuliapraia-hotel.com\/fr\/region\/monte-de-sao-felix\/#primaryimage","url":"https:\/\/apuliapraia-hotel.com\/wp-content\/uploads\/sites\/512\/2023\/02\/Monte-Sao-Felix.png","contentUrl":"https:\/\/apuliapraia-hotel.com\/wp-content\/uploads\/sites\/512\/2023\/02\/Monte-Sao-Felix.png","width":1200,"height":800,"caption":"Monte de S\u00e3o F\u00e9lix"},{"@type":"BreadcrumbList","@id":"https:\/\/apuliapraia-hotel.com\/fr\/region\/monte-de-sao-felix\/#breadcrumb","itemListElement":[{"@type":"ListItem","position":1,"name":"Home","item":"https:\/\/apuliapraia-hotel.com\/fr\/"},{"@type":"ListItem","position":2,"name":"R\u00e9gion","item":"https:\/\/apuliapraia-hotel.com\/fr\/region\/"},{"@type":"ListItem","position":3,"name":"Monte de S\u00e3o F\u00e9lix"}]},{"@type":"WebSite","@id":"https:\/\/apuliapraia-hotel.com\/fr\/#website","url":"https:\/\/apuliapraia-hotel.com\/fr\/","name":"Apulia Praia Hotel","description":"","potentialAction":[{"@type":"SearchAction","target":{"@type":"EntryPoint","urlTemplate":"https:\/\/apuliapraia-hotel.com\/fr\/?s={search_term_string}"},"query-input":{"@type":"PropertyValueSpecification","valueRequired":true,"valueName":"search_term_string"}}],"inLanguage":"fr-FR"}]}},"acf":[],"_links":{"self":[{"href":"https:\/\/apuliapraia-hotel.com\/fr\/wp-json\/wp\/v2\/pages\/1013","targetHints":{"allow":["GET"]}}],"collection":[{"href":"https:\/\/apuliapraia-hotel.com\/fr\/wp-json\/wp\/v2\/pages"}],"about":[{"href":"https:\/\/apuliapraia-hotel.com\/fr\/wp-json\/wp\/v2\/types\/page"}],"author":[{"embeddable":true,"href":"https:\/\/apuliapraia-hotel.com\/fr\/wp-json\/wp\/v2\/users\/565"}],"replies":[{"embeddable":true,"href":"https:\/\/apuliapraia-hotel.com\/fr\/wp-json\/wp\/v2\/comments?post=1013"}],"version-history":[{"count":0,"href":"https:\/\/apuliapraia-hotel.com\/fr\/wp-json\/wp\/v2\/pages\/1013\/revisions"}],"up":[{"embeddable":true,"href":"https:\/\/apuliapraia-hotel.com\/fr\/wp-json\/wp\/v2\/pages\/984"}],"wp:featuredmedia":[{"embeddable":true,"href":"https:\/\/apuliapraia-hotel.com\/fr\/wp-json\/wp\/v2\/media\/368"}],"wp:attachment":[{"href":"https:\/\/apuliapraia-hotel.com\/fr\/wp-json\/wp\/v2\/media?parent=1013"}],"curies":[{"name":"wp","href":"https:\/\/api.w.org\/{rel}","templated":true}]}}