{"id":1012,"date":"2024-01-08T15:51:49","date_gmt":"2024-01-08T15:51:49","guid":{"rendered":"https:\/\/apuliapraia-hotel.com\/?page_id=1012"},"modified":"2024-01-08T16:25:53","modified_gmt":"2024-01-08T16:25:53","slug":"produits-laitiers-de-la-marinhas","status":"publish","type":"page","link":"https:\/\/apuliapraia-hotel.com\/fr\/region\/produits-laitiers-de-la-marinhas\/","title":{"rendered":"Latic\u00ednios das Marinhas"},"content":{"rendered":"<p>Depuis 1954, les <strong>fromages et les beurres<\/strong> de <a href=\"https:\/\/www.lmarinhas.pt\/\">Latic\u00ednios das Marinhas<\/a> produits artisanalement, incarnent la tradition locale, ajoutant des saveurs riches a la table de ceux qui les d\u00e9gustent. D\u00e9couvrez la cr\u00e9ativit\u00e9 de ce producteur local, disponible sur le plateau fromage de notre <a href=\"https:\/\/apuliapraia-hotel.com\/fr\/restaurant\/\">H\u00f4tel<\/a>.<\/p>\n","protected":false},"excerpt":{"rendered":"<p>Depuis 1954, les fromages et les beurres de Latic\u00ednios das Marinhas produits artisanalement, incarnent la tradition locale, ajoutant des saveurs riches a la table de ceux qui les d\u00e9gustent. D\u00e9couvrez la cr\u00e9ativit\u00e9 de ce producteur local, disponible sur le plateau fromage de notre H\u00f4tel.<\/p>\n","protected":false},"author":565,"featured_media":383,"parent":984,"menu_order":8,"comment_status":"closed","ping_status":"closed","template":"template-default-4.php","meta":{"footnotes":""},"class_list":["post-1012","page","type-page","status-publish","has-post-thumbnail","hentry"],"yoast_head":"<!-- This site is optimized with the Yoast SEO plugin v26.9 - https:\/\/yoast.com\/product\/yoast-seo-wordpress\/ -->\n<title>Latic\u00ednios das Marinhas - Apulia Praia Hotel -<\/title>\n<meta name=\"description\" content=\"Depuis 1954, les fromages et les beurres de Latic\u00ednios das Marinhas produits artisanalement, incarnent la tradition locale, ajoutant des saveurs riches a la table de ceux qui les d\u00e9gustent. D\u00e9couvrez la cr\u00e9ativit\u00e9 de ce producteur local, disponible sur le plateau fromage de notre H\u00f4tel.\" \/>\n<meta name=\"robots\" content=\"index, follow, max-snippet:-1, max-image-preview:large, max-video-preview:-1\" \/>\n<link rel=\"canonical\" href=\"https:\/\/apuliapraia-hotel.com\/fr\/region\/produits-laitiers-de-la-marinhas\/\" \/>\n<meta property=\"og:locale\" content=\"fr_FR\" \/>\n<meta property=\"og:type\" content=\"article\" \/>\n<meta property=\"og:title\" content=\"Latic\u00ednios das Marinhas - Apulia Praia Hotel -\" \/>\n<meta property=\"og:description\" content=\"Depuis 1954, les fromages et les beurres de Latic\u00ednios das Marinhas produits artisanalement, incarnent la tradition locale, ajoutant des saveurs riches a la table de ceux qui les d\u00e9gustent. D\u00e9couvrez la cr\u00e9ativit\u00e9 de ce producteur local, disponible sur le plateau fromage de notre H\u00f4tel.\" \/>\n<meta property=\"og:url\" content=\"https:\/\/apuliapraia-hotel.com\/fr\/region\/produits-laitiers-de-la-marinhas\/\" \/>\n<meta property=\"og:site_name\" content=\"Apulia Praia Hotel\" \/>\n<meta property=\"article:modified_time\" content=\"2024-01-08T16:25:53+00:00\" \/>\n<meta property=\"og:image\" content=\"https:\/\/apuliapraia-hotel.com\/wp-content\/uploads\/sites\/512\/2023\/02\/Laticinios-das-marinhas.png\" \/>\n\t<meta property=\"og:image:width\" content=\"1200\" \/>\n\t<meta property=\"og:image:height\" content=\"800\" \/>\n\t<meta property=\"og:image:type\" content=\"image\/png\" \/>\n<meta name=\"twitter:card\" content=\"summary_large_image\" \/>\n<script type=\"application\/ld+json\" class=\"yoast-schema-graph\">{\"@context\":\"https:\/\/schema.org\",\"@graph\":[{\"@type\":\"WebPage\",\"@id\":\"https:\/\/apuliapraia-hotel.com\/fr\/region\/produits-laitiers-de-la-marinhas\/\",\"url\":\"https:\/\/apuliapraia-hotel.com\/fr\/region\/produits-laitiers-de-la-marinhas\/\",\"name\":\"Latic\u00ednios das Marinhas - Apulia Praia Hotel -\",\"isPartOf\":{\"@id\":\"https:\/\/apuliapraia-hotel.com\/fr\/#website\"},\"primaryImageOfPage\":{\"@id\":\"https:\/\/apuliapraia-hotel.com\/fr\/region\/produits-laitiers-de-la-marinhas\/#primaryimage\"},\"image\":{\"@id\":\"https:\/\/apuliapraia-hotel.com\/fr\/region\/produits-laitiers-de-la-marinhas\/#primaryimage\"},\"thumbnailUrl\":\"https:\/\/apuliapraia-hotel.com\/wp-content\/uploads\/sites\/512\/2023\/02\/Laticinios-das-marinhas.png\",\"datePublished\":\"2024-01-08T15:51:49+00:00\",\"dateModified\":\"2024-01-08T16:25:53+00:00\",\"description\":\"Depuis 1954, les fromages et les beurres de Latic\u00ednios das Marinhas produits artisanalement, incarnent la tradition locale, ajoutant des saveurs riches a la table de ceux qui les d\u00e9gustent. D\u00e9couvrez la cr\u00e9ativit\u00e9 de ce producteur local, disponible sur le plateau fromage de notre H\u00f4tel.\",\"breadcrumb\":{\"@id\":\"https:\/\/apuliapraia-hotel.com\/fr\/region\/produits-laitiers-de-la-marinhas\/#breadcrumb\"},\"inLanguage\":\"fr-FR\",\"potentialAction\":[{\"@type\":\"ReadAction\",\"target\":[\"https:\/\/apuliapraia-hotel.com\/fr\/region\/produits-laitiers-de-la-marinhas\/\"]}]},{\"@type\":\"ImageObject\",\"inLanguage\":\"fr-FR\",\"@id\":\"https:\/\/apuliapraia-hotel.com\/fr\/region\/produits-laitiers-de-la-marinhas\/#primaryimage\",\"url\":\"https:\/\/apuliapraia-hotel.com\/wp-content\/uploads\/sites\/512\/2023\/02\/Laticinios-das-marinhas.png\",\"contentUrl\":\"https:\/\/apuliapraia-hotel.com\/wp-content\/uploads\/sites\/512\/2023\/02\/Laticinios-das-marinhas.png\",\"width\":1200,\"height\":800,\"caption\":\"Latic\u00ednios das Marinhas\"},{\"@type\":\"BreadcrumbList\",\"@id\":\"https:\/\/apuliapraia-hotel.com\/fr\/region\/produits-laitiers-de-la-marinhas\/#breadcrumb\",\"itemListElement\":[{\"@type\":\"ListItem\",\"position\":1,\"name\":\"Home\",\"item\":\"https:\/\/apuliapraia-hotel.com\/fr\/\"},{\"@type\":\"ListItem\",\"position\":2,\"name\":\"R\u00e9gion\",\"item\":\"https:\/\/apuliapraia-hotel.com\/fr\/region\/\"},{\"@type\":\"ListItem\",\"position\":3,\"name\":\"Latic\u00ednios das Marinhas\"}]},{\"@type\":\"WebSite\",\"@id\":\"https:\/\/apuliapraia-hotel.com\/fr\/#website\",\"url\":\"https:\/\/apuliapraia-hotel.com\/fr\/\",\"name\":\"Apulia Praia Hotel\",\"description\":\"\",\"potentialAction\":[{\"@type\":\"SearchAction\",\"target\":{\"@type\":\"EntryPoint\",\"urlTemplate\":\"https:\/\/apuliapraia-hotel.com\/fr\/?s={search_term_string}\"},\"query-input\":{\"@type\":\"PropertyValueSpecification\",\"valueRequired\":true,\"valueName\":\"search_term_string\"}}],\"inLanguage\":\"fr-FR\"}]}<\/script>\n<!-- \/ Yoast SEO plugin. -->","yoast_head_json":{"title":"Latic\u00ednios das Marinhas - Apulia Praia Hotel -","description":"Depuis 1954, les fromages et les beurres de Latic\u00ednios das Marinhas produits artisanalement, incarnent la tradition locale, ajoutant des saveurs riches a la table de ceux qui les d\u00e9gustent. D\u00e9couvrez la cr\u00e9ativit\u00e9 de ce producteur local, disponible sur le plateau fromage de notre H\u00f4tel.","robots":{"index":"index","follow":"follow","max-snippet":"max-snippet:-1","max-image-preview":"max-image-preview:large","max-video-preview":"max-video-preview:-1"},"canonical":"https:\/\/apuliapraia-hotel.com\/fr\/region\/produits-laitiers-de-la-marinhas\/","og_locale":"fr_FR","og_type":"article","og_title":"Latic\u00ednios das Marinhas - Apulia Praia Hotel -","og_description":"Depuis 1954, les fromages et les beurres de Latic\u00ednios das Marinhas produits artisanalement, incarnent la tradition locale, ajoutant des saveurs riches a la table de ceux qui les d\u00e9gustent. D\u00e9couvrez la cr\u00e9ativit\u00e9 de ce producteur local, disponible sur le plateau fromage de notre H\u00f4tel.","og_url":"https:\/\/apuliapraia-hotel.com\/fr\/region\/produits-laitiers-de-la-marinhas\/","og_site_name":"Apulia Praia Hotel","article_modified_time":"2024-01-08T16:25:53+00:00","og_image":[{"width":1200,"height":800,"url":"https:\/\/apuliapraia-hotel.com\/wp-content\/uploads\/sites\/512\/2023\/02\/Laticinios-das-marinhas.png","type":"image\/png"}],"twitter_card":"summary_large_image","schema":{"@context":"https:\/\/schema.org","@graph":[{"@type":"WebPage","@id":"https:\/\/apuliapraia-hotel.com\/fr\/region\/produits-laitiers-de-la-marinhas\/","url":"https:\/\/apuliapraia-hotel.com\/fr\/region\/produits-laitiers-de-la-marinhas\/","name":"Latic\u00ednios das Marinhas - Apulia Praia Hotel -","isPartOf":{"@id":"https:\/\/apuliapraia-hotel.com\/fr\/#website"},"primaryImageOfPage":{"@id":"https:\/\/apuliapraia-hotel.com\/fr\/region\/produits-laitiers-de-la-marinhas\/#primaryimage"},"image":{"@id":"https:\/\/apuliapraia-hotel.com\/fr\/region\/produits-laitiers-de-la-marinhas\/#primaryimage"},"thumbnailUrl":"https:\/\/apuliapraia-hotel.com\/wp-content\/uploads\/sites\/512\/2023\/02\/Laticinios-das-marinhas.png","datePublished":"2024-01-08T15:51:49+00:00","dateModified":"2024-01-08T16:25:53+00:00","description":"Depuis 1954, les fromages et les beurres de Latic\u00ednios das Marinhas produits artisanalement, incarnent la tradition locale, ajoutant des saveurs riches a la table de ceux qui les d\u00e9gustent. D\u00e9couvrez la cr\u00e9ativit\u00e9 de ce producteur local, disponible sur le plateau fromage de notre H\u00f4tel.","breadcrumb":{"@id":"https:\/\/apuliapraia-hotel.com\/fr\/region\/produits-laitiers-de-la-marinhas\/#breadcrumb"},"inLanguage":"fr-FR","potentialAction":[{"@type":"ReadAction","target":["https:\/\/apuliapraia-hotel.com\/fr\/region\/produits-laitiers-de-la-marinhas\/"]}]},{"@type":"ImageObject","inLanguage":"fr-FR","@id":"https:\/\/apuliapraia-hotel.com\/fr\/region\/produits-laitiers-de-la-marinhas\/#primaryimage","url":"https:\/\/apuliapraia-hotel.com\/wp-content\/uploads\/sites\/512\/2023\/02\/Laticinios-das-marinhas.png","contentUrl":"https:\/\/apuliapraia-hotel.com\/wp-content\/uploads\/sites\/512\/2023\/02\/Laticinios-das-marinhas.png","width":1200,"height":800,"caption":"Latic\u00ednios das Marinhas"},{"@type":"BreadcrumbList","@id":"https:\/\/apuliapraia-hotel.com\/fr\/region\/produits-laitiers-de-la-marinhas\/#breadcrumb","itemListElement":[{"@type":"ListItem","position":1,"name":"Home","item":"https:\/\/apuliapraia-hotel.com\/fr\/"},{"@type":"ListItem","position":2,"name":"R\u00e9gion","item":"https:\/\/apuliapraia-hotel.com\/fr\/region\/"},{"@type":"ListItem","position":3,"name":"Latic\u00ednios das Marinhas"}]},{"@type":"WebSite","@id":"https:\/\/apuliapraia-hotel.com\/fr\/#website","url":"https:\/\/apuliapraia-hotel.com\/fr\/","name":"Apulia Praia Hotel","description":"","potentialAction":[{"@type":"SearchAction","target":{"@type":"EntryPoint","urlTemplate":"https:\/\/apuliapraia-hotel.com\/fr\/?s={search_term_string}"},"query-input":{"@type":"PropertyValueSpecification","valueRequired":true,"valueName":"search_term_string"}}],"inLanguage":"fr-FR"}]}},"acf":[],"_links":{"self":[{"href":"https:\/\/apuliapraia-hotel.com\/fr\/wp-json\/wp\/v2\/pages\/1012","targetHints":{"allow":["GET"]}}],"collection":[{"href":"https:\/\/apuliapraia-hotel.com\/fr\/wp-json\/wp\/v2\/pages"}],"about":[{"href":"https:\/\/apuliapraia-hotel.com\/fr\/wp-json\/wp\/v2\/types\/page"}],"author":[{"embeddable":true,"href":"https:\/\/apuliapraia-hotel.com\/fr\/wp-json\/wp\/v2\/users\/565"}],"replies":[{"embeddable":true,"href":"https:\/\/apuliapraia-hotel.com\/fr\/wp-json\/wp\/v2\/comments?post=1012"}],"version-history":[{"count":0,"href":"https:\/\/apuliapraia-hotel.com\/fr\/wp-json\/wp\/v2\/pages\/1012\/revisions"}],"up":[{"embeddable":true,"href":"https:\/\/apuliapraia-hotel.com\/fr\/wp-json\/wp\/v2\/pages\/984"}],"wp:featuredmedia":[{"embeddable":true,"href":"https:\/\/apuliapraia-hotel.com\/fr\/wp-json\/wp\/v2\/media\/383"}],"wp:attachment":[{"href":"https:\/\/apuliapraia-hotel.com\/fr\/wp-json\/wp\/v2\/media?parent=1012"}],"curies":[{"name":"wp","href":"https:\/\/api.w.org\/{rel}","templated":true}]}}