{"id":1011,"date":"2024-01-08T15:46:57","date_gmt":"2024-01-08T15:46:57","guid":{"rendered":"https:\/\/apuliapraia-hotel.com\/?page_id=1011"},"modified":"2024-01-08T15:46:57","modified_gmt":"2024-01-08T15:46:57","slug":"quinta-de-curvos","status":"publish","type":"page","link":"https:\/\/apuliapraia-hotel.com\/fr\/region\/quinta-de-curvos\/","title":{"rendered":"Quinta de Curvos"},"content":{"rendered":"<p>La <strong>Quinta de Curvos<\/strong>, avec plus de 400 ans d\u2019histoire, offre des vins verts exceptionnels et un cadre magnifique, m\u00ealant vignobles, lac, ancien palais, jardins et grottes. Les visites n\u00e9cessitent un rendez-vous mais valent la peine, avec la possibilit\u00e9 d\u2019appr\u00e9cier les vins au <a href=\"https:\/\/apuliapraia-hotel.com\/fr\/restaurant\/\">Restaurant Apulia Praia H\u00f4tel<\/a>.<\/p>\n","protected":false},"excerpt":{"rendered":"<p>La Quinta de Curvos, avec plus de 400 ans d\u2019histoire, offre des vins verts exceptionnels et un cadre magnifique, m\u00ealant vignobles, lac, ancien palais, jardins et grottes. Les visites n\u00e9cessitent un rendez-vous mais valent la peine, avec la possibilit\u00e9 d\u2019appr\u00e9cier les vins au Restaurant Apulia Praia H\u00f4tel.<\/p>\n","protected":false},"author":565,"featured_media":387,"parent":984,"menu_order":7,"comment_status":"closed","ping_status":"closed","template":"template-default-4.php","meta":{"footnotes":""},"class_list":["post-1011","page","type-page","status-publish","has-post-thumbnail","hentry"],"yoast_head":"<!-- This site is optimized with the Yoast SEO plugin v26.9 - https:\/\/yoast.com\/product\/yoast-seo-wordpress\/ -->\n<title>Quinta de Curvos - Apulia Praia Hotel -<\/title>\n<meta name=\"description\" content=\"La Quinta de Curvos, avec plus de 400 ans d\u2019histoire, offre des vins verts exceptionnels et un cadre magnifique, m\u00ealant vignobles, lac, ancien palais, jardins et grottes. Les visites n\u00e9cessitent un rendez-vous mais valent la peine, avec la possibilit\u00e9 d\u2019appr\u00e9cier les vins au Restaurant Apulia Praia H\u00f4tel.\" \/>\n<meta name=\"robots\" content=\"index, follow, max-snippet:-1, max-image-preview:large, max-video-preview:-1\" \/>\n<link rel=\"canonical\" href=\"https:\/\/apuliapraia-hotel.com\/fr\/region\/quinta-de-curvos\/\" \/>\n<meta property=\"og:locale\" content=\"fr_FR\" \/>\n<meta property=\"og:type\" content=\"article\" \/>\n<meta property=\"og:title\" content=\"Quinta de Curvos - Apulia Praia Hotel -\" \/>\n<meta property=\"og:description\" content=\"La Quinta de Curvos, avec plus de 400 ans d\u2019histoire, offre des vins verts exceptionnels et un cadre magnifique, m\u00ealant vignobles, lac, ancien palais, jardins et grottes. Les visites n\u00e9cessitent un rendez-vous mais valent la peine, avec la possibilit\u00e9 d\u2019appr\u00e9cier les vins au Restaurant Apulia Praia H\u00f4tel.\" \/>\n<meta property=\"og:url\" content=\"https:\/\/apuliapraia-hotel.com\/fr\/region\/quinta-de-curvos\/\" \/>\n<meta property=\"og:site_name\" content=\"Apulia Praia Hotel\" \/>\n<meta property=\"og:image\" content=\"https:\/\/apuliapraia-hotel.com\/wp-content\/uploads\/sites\/512\/2023\/02\/Quinta-de-Curvos.png\" \/>\n\t<meta property=\"og:image:width\" content=\"1200\" \/>\n\t<meta property=\"og:image:height\" content=\"800\" \/>\n\t<meta property=\"og:image:type\" content=\"image\/png\" \/>\n<meta name=\"twitter:card\" content=\"summary_large_image\" \/>\n<script type=\"application\/ld+json\" class=\"yoast-schema-graph\">{\"@context\":\"https:\/\/schema.org\",\"@graph\":[{\"@type\":\"WebPage\",\"@id\":\"https:\/\/apuliapraia-hotel.com\/fr\/region\/quinta-de-curvos\/\",\"url\":\"https:\/\/apuliapraia-hotel.com\/fr\/region\/quinta-de-curvos\/\",\"name\":\"Quinta de Curvos - Apulia Praia Hotel -\",\"isPartOf\":{\"@id\":\"https:\/\/apuliapraia-hotel.com\/fr\/#website\"},\"primaryImageOfPage\":{\"@id\":\"https:\/\/apuliapraia-hotel.com\/fr\/region\/quinta-de-curvos\/#primaryimage\"},\"image\":{\"@id\":\"https:\/\/apuliapraia-hotel.com\/fr\/region\/quinta-de-curvos\/#primaryimage\"},\"thumbnailUrl\":\"https:\/\/apuliapraia-hotel.com\/wp-content\/uploads\/sites\/512\/2023\/02\/Quinta-de-Curvos.png\",\"datePublished\":\"2024-01-08T15:46:57+00:00\",\"description\":\"La Quinta de Curvos, avec plus de 400 ans d\u2019histoire, offre des vins verts exceptionnels et un cadre magnifique, m\u00ealant vignobles, lac, ancien palais, jardins et grottes. Les visites n\u00e9cessitent un rendez-vous mais valent la peine, avec la possibilit\u00e9 d\u2019appr\u00e9cier les vins au Restaurant Apulia Praia H\u00f4tel.\",\"breadcrumb\":{\"@id\":\"https:\/\/apuliapraia-hotel.com\/fr\/region\/quinta-de-curvos\/#breadcrumb\"},\"inLanguage\":\"fr-FR\",\"potentialAction\":[{\"@type\":\"ReadAction\",\"target\":[\"https:\/\/apuliapraia-hotel.com\/fr\/region\/quinta-de-curvos\/\"]}]},{\"@type\":\"ImageObject\",\"inLanguage\":\"fr-FR\",\"@id\":\"https:\/\/apuliapraia-hotel.com\/fr\/region\/quinta-de-curvos\/#primaryimage\",\"url\":\"https:\/\/apuliapraia-hotel.com\/wp-content\/uploads\/sites\/512\/2023\/02\/Quinta-de-Curvos.png\",\"contentUrl\":\"https:\/\/apuliapraia-hotel.com\/wp-content\/uploads\/sites\/512\/2023\/02\/Quinta-de-Curvos.png\",\"width\":1200,\"height\":800,\"caption\":\"Quinta de Curvos\"},{\"@type\":\"BreadcrumbList\",\"@id\":\"https:\/\/apuliapraia-hotel.com\/fr\/region\/quinta-de-curvos\/#breadcrumb\",\"itemListElement\":[{\"@type\":\"ListItem\",\"position\":1,\"name\":\"Home\",\"item\":\"https:\/\/apuliapraia-hotel.com\/fr\/\"},{\"@type\":\"ListItem\",\"position\":2,\"name\":\"R\u00e9gion\",\"item\":\"https:\/\/apuliapraia-hotel.com\/fr\/region\/\"},{\"@type\":\"ListItem\",\"position\":3,\"name\":\"Quinta de Curvos\"}]},{\"@type\":\"WebSite\",\"@id\":\"https:\/\/apuliapraia-hotel.com\/fr\/#website\",\"url\":\"https:\/\/apuliapraia-hotel.com\/fr\/\",\"name\":\"Apulia Praia Hotel\",\"description\":\"\",\"potentialAction\":[{\"@type\":\"SearchAction\",\"target\":{\"@type\":\"EntryPoint\",\"urlTemplate\":\"https:\/\/apuliapraia-hotel.com\/fr\/?s={search_term_string}\"},\"query-input\":{\"@type\":\"PropertyValueSpecification\",\"valueRequired\":true,\"valueName\":\"search_term_string\"}}],\"inLanguage\":\"fr-FR\"}]}<\/script>\n<!-- \/ Yoast SEO plugin. -->","yoast_head_json":{"title":"Quinta de Curvos - Apulia Praia Hotel -","description":"La Quinta de Curvos, avec plus de 400 ans d\u2019histoire, offre des vins verts exceptionnels et un cadre magnifique, m\u00ealant vignobles, lac, ancien palais, jardins et grottes. Les visites n\u00e9cessitent un rendez-vous mais valent la peine, avec la possibilit\u00e9 d\u2019appr\u00e9cier les vins au Restaurant Apulia Praia H\u00f4tel.","robots":{"index":"index","follow":"follow","max-snippet":"max-snippet:-1","max-image-preview":"max-image-preview:large","max-video-preview":"max-video-preview:-1"},"canonical":"https:\/\/apuliapraia-hotel.com\/fr\/region\/quinta-de-curvos\/","og_locale":"fr_FR","og_type":"article","og_title":"Quinta de Curvos - Apulia Praia Hotel -","og_description":"La Quinta de Curvos, avec plus de 400 ans d\u2019histoire, offre des vins verts exceptionnels et un cadre magnifique, m\u00ealant vignobles, lac, ancien palais, jardins et grottes. Les visites n\u00e9cessitent un rendez-vous mais valent la peine, avec la possibilit\u00e9 d\u2019appr\u00e9cier les vins au Restaurant Apulia Praia H\u00f4tel.","og_url":"https:\/\/apuliapraia-hotel.com\/fr\/region\/quinta-de-curvos\/","og_site_name":"Apulia Praia Hotel","og_image":[{"width":1200,"height":800,"url":"https:\/\/apuliapraia-hotel.com\/wp-content\/uploads\/sites\/512\/2023\/02\/Quinta-de-Curvos.png","type":"image\/png"}],"twitter_card":"summary_large_image","schema":{"@context":"https:\/\/schema.org","@graph":[{"@type":"WebPage","@id":"https:\/\/apuliapraia-hotel.com\/fr\/region\/quinta-de-curvos\/","url":"https:\/\/apuliapraia-hotel.com\/fr\/region\/quinta-de-curvos\/","name":"Quinta de Curvos - Apulia Praia Hotel -","isPartOf":{"@id":"https:\/\/apuliapraia-hotel.com\/fr\/#website"},"primaryImageOfPage":{"@id":"https:\/\/apuliapraia-hotel.com\/fr\/region\/quinta-de-curvos\/#primaryimage"},"image":{"@id":"https:\/\/apuliapraia-hotel.com\/fr\/region\/quinta-de-curvos\/#primaryimage"},"thumbnailUrl":"https:\/\/apuliapraia-hotel.com\/wp-content\/uploads\/sites\/512\/2023\/02\/Quinta-de-Curvos.png","datePublished":"2024-01-08T15:46:57+00:00","description":"La Quinta de Curvos, avec plus de 400 ans d\u2019histoire, offre des vins verts exceptionnels et un cadre magnifique, m\u00ealant vignobles, lac, ancien palais, jardins et grottes. Les visites n\u00e9cessitent un rendez-vous mais valent la peine, avec la possibilit\u00e9 d\u2019appr\u00e9cier les vins au Restaurant Apulia Praia H\u00f4tel.","breadcrumb":{"@id":"https:\/\/apuliapraia-hotel.com\/fr\/region\/quinta-de-curvos\/#breadcrumb"},"inLanguage":"fr-FR","potentialAction":[{"@type":"ReadAction","target":["https:\/\/apuliapraia-hotel.com\/fr\/region\/quinta-de-curvos\/"]}]},{"@type":"ImageObject","inLanguage":"fr-FR","@id":"https:\/\/apuliapraia-hotel.com\/fr\/region\/quinta-de-curvos\/#primaryimage","url":"https:\/\/apuliapraia-hotel.com\/wp-content\/uploads\/sites\/512\/2023\/02\/Quinta-de-Curvos.png","contentUrl":"https:\/\/apuliapraia-hotel.com\/wp-content\/uploads\/sites\/512\/2023\/02\/Quinta-de-Curvos.png","width":1200,"height":800,"caption":"Quinta de Curvos"},{"@type":"BreadcrumbList","@id":"https:\/\/apuliapraia-hotel.com\/fr\/region\/quinta-de-curvos\/#breadcrumb","itemListElement":[{"@type":"ListItem","position":1,"name":"Home","item":"https:\/\/apuliapraia-hotel.com\/fr\/"},{"@type":"ListItem","position":2,"name":"R\u00e9gion","item":"https:\/\/apuliapraia-hotel.com\/fr\/region\/"},{"@type":"ListItem","position":3,"name":"Quinta de Curvos"}]},{"@type":"WebSite","@id":"https:\/\/apuliapraia-hotel.com\/fr\/#website","url":"https:\/\/apuliapraia-hotel.com\/fr\/","name":"Apulia Praia Hotel","description":"","potentialAction":[{"@type":"SearchAction","target":{"@type":"EntryPoint","urlTemplate":"https:\/\/apuliapraia-hotel.com\/fr\/?s={search_term_string}"},"query-input":{"@type":"PropertyValueSpecification","valueRequired":true,"valueName":"search_term_string"}}],"inLanguage":"fr-FR"}]}},"acf":[],"_links":{"self":[{"href":"https:\/\/apuliapraia-hotel.com\/fr\/wp-json\/wp\/v2\/pages\/1011","targetHints":{"allow":["GET"]}}],"collection":[{"href":"https:\/\/apuliapraia-hotel.com\/fr\/wp-json\/wp\/v2\/pages"}],"about":[{"href":"https:\/\/apuliapraia-hotel.com\/fr\/wp-json\/wp\/v2\/types\/page"}],"author":[{"embeddable":true,"href":"https:\/\/apuliapraia-hotel.com\/fr\/wp-json\/wp\/v2\/users\/565"}],"replies":[{"embeddable":true,"href":"https:\/\/apuliapraia-hotel.com\/fr\/wp-json\/wp\/v2\/comments?post=1011"}],"version-history":[{"count":0,"href":"https:\/\/apuliapraia-hotel.com\/fr\/wp-json\/wp\/v2\/pages\/1011\/revisions"}],"up":[{"embeddable":true,"href":"https:\/\/apuliapraia-hotel.com\/fr\/wp-json\/wp\/v2\/pages\/984"}],"wp:featuredmedia":[{"embeddable":true,"href":"https:\/\/apuliapraia-hotel.com\/fr\/wp-json\/wp\/v2\/media\/387"}],"wp:attachment":[{"href":"https:\/\/apuliapraia-hotel.com\/fr\/wp-json\/wp\/v2\/media?parent=1011"}],"curies":[{"name":"wp","href":"https:\/\/api.w.org\/{rel}","templated":true}]}}