{"id":1008,"date":"2024-01-08T15:38:38","date_gmt":"2024-01-08T15:38:38","guid":{"rendered":"https:\/\/apuliapraia-hotel.com\/?page_id=1008"},"modified":"2024-01-08T15:38:38","modified_gmt":"2024-01-08T15:38:38","slug":"musee-municipal-desposende","status":"publish","type":"page","link":"https:\/\/apuliapraia-hotel.com\/fr\/region\/musee-municipal-desposende\/","title":{"rendered":"Mus\u00e9e Municipal d&rsquo;Esposende"},"content":{"rendered":"<p>A Exposante, le <strong>Mus\u00e9e Municipal<\/strong> install\u00e9 dans un b\u00e2timent du XXe si\u00e8cle, met en valeur la culture et le patrimoine r\u00e9gional sur trois \u00e9tages. Le rez-de-chauss\u00e9e propose des expositions d\u2019art temporaire, tandis que les deux \u00e9tages sup\u00e9rieurs accueillent des expositions permanentes. Point a ne pas manquer pour d\u00e9couvrir l\u2019histoire locale. Si vous vous promenez dans Esposende, ne manquez pas l&rsquo;occasion d&rsquo;allier loisirs et culture, en visitant le <a href=\"https:\/\/www.municipio.esposende.pt\/pages\/311\">Mus\u00e9e Municipal<\/a> et en prenant le temps de vous d\u00e9tendre pr\u00e8s de la<strong> Fontaine Catraia<\/strong>, sur une place pleine de boutiques et de restaurants.<\/p>\n","protected":false},"excerpt":{"rendered":"<p>A Exposante, le Mus\u00e9e Municipal install\u00e9 dans un b\u00e2timent du XXe si\u00e8cle, met en valeur la culture et le patrimoine r\u00e9gional sur trois \u00e9tages. Le rez-de-chauss\u00e9e propose des expositions d\u2019art temporaire, tandis que les deux \u00e9tages sup\u00e9rieurs accueillent des expositions permanentes. Point a ne pas manquer pour d\u00e9couvrir l\u2019histoire locale. Si vous vous promenez dans [&hellip;]<\/p>\n","protected":false},"author":565,"featured_media":389,"parent":984,"menu_order":5,"comment_status":"closed","ping_status":"closed","template":"template-default-4.php","meta":{"footnotes":""},"class_list":["post-1008","page","type-page","status-publish","has-post-thumbnail","hentry"],"yoast_head":"<!-- This site is optimized with the Yoast SEO plugin v26.9 - https:\/\/yoast.com\/product\/yoast-seo-wordpress\/ -->\n<title>Mus\u00e9e Municipal d&#039;Esposende - Apulia Praia Hotel -<\/title>\n<meta name=\"description\" content=\"A Exposante, le Mus\u00e9e Municipal install\u00e9 dans un b\u00e2timent du XXe si\u00e8cle, met en valeur la culture et le patrimoine r\u00e9gional sur trois \u00e9tages. Le rez-de-chauss\u00e9e propose des expositions d\u2019art temporaire, tandis que les deux \u00e9tages sup\u00e9rieurs accueillent des expositions permanentes\" \/>\n<meta name=\"robots\" content=\"index, follow, max-snippet:-1, max-image-preview:large, max-video-preview:-1\" \/>\n<link rel=\"canonical\" href=\"https:\/\/apuliapraia-hotel.com\/fr\/region\/musee-municipal-desposende\/\" \/>\n<meta property=\"og:locale\" content=\"fr_FR\" \/>\n<meta property=\"og:type\" content=\"article\" \/>\n<meta property=\"og:title\" content=\"Mus\u00e9e Municipal d&#039;Esposende - Apulia Praia Hotel -\" \/>\n<meta property=\"og:description\" content=\"A Exposante, le Mus\u00e9e Municipal install\u00e9 dans un b\u00e2timent du XXe si\u00e8cle, met en valeur la culture et le patrimoine r\u00e9gional sur trois \u00e9tages. Le rez-de-chauss\u00e9e propose des expositions d\u2019art temporaire, tandis que les deux \u00e9tages sup\u00e9rieurs accueillent des expositions permanentes\" \/>\n<meta property=\"og:url\" content=\"https:\/\/apuliapraia-hotel.com\/fr\/region\/musee-municipal-desposende\/\" \/>\n<meta property=\"og:site_name\" content=\"Apulia Praia Hotel\" \/>\n<meta property=\"og:image\" content=\"https:\/\/apuliapraia-hotel.com\/wp-content\/uploads\/sites\/512\/2023\/02\/Museu-Municipal-de-Esposende.png\" \/>\n\t<meta property=\"og:image:width\" content=\"1200\" \/>\n\t<meta property=\"og:image:height\" content=\"800\" \/>\n\t<meta property=\"og:image:type\" content=\"image\/png\" \/>\n<meta name=\"twitter:card\" content=\"summary_large_image\" \/>\n<meta name=\"twitter:label1\" content=\"Dur\u00e9e de lecture estim\u00e9e\" \/>\n\t<meta name=\"twitter:data1\" content=\"1 minute\" \/>\n<script type=\"application\/ld+json\" class=\"yoast-schema-graph\">{\"@context\":\"https:\/\/schema.org\",\"@graph\":[{\"@type\":\"WebPage\",\"@id\":\"https:\/\/apuliapraia-hotel.com\/fr\/region\/musee-municipal-desposende\/\",\"url\":\"https:\/\/apuliapraia-hotel.com\/fr\/region\/musee-municipal-desposende\/\",\"name\":\"Mus\u00e9e Municipal d'Esposende - Apulia Praia Hotel -\",\"isPartOf\":{\"@id\":\"https:\/\/apuliapraia-hotel.com\/fr\/#website\"},\"primaryImageOfPage\":{\"@id\":\"https:\/\/apuliapraia-hotel.com\/fr\/region\/musee-municipal-desposende\/#primaryimage\"},\"image\":{\"@id\":\"https:\/\/apuliapraia-hotel.com\/fr\/region\/musee-municipal-desposende\/#primaryimage\"},\"thumbnailUrl\":\"https:\/\/apuliapraia-hotel.com\/wp-content\/uploads\/sites\/512\/2023\/02\/Museu-Municipal-de-Esposende.png\",\"datePublished\":\"2024-01-08T15:38:38+00:00\",\"description\":\"A Exposante, le Mus\u00e9e Municipal install\u00e9 dans un b\u00e2timent du XXe si\u00e8cle, met en valeur la culture et le patrimoine r\u00e9gional sur trois \u00e9tages. Le rez-de-chauss\u00e9e propose des expositions d\u2019art temporaire, tandis que les deux \u00e9tages sup\u00e9rieurs accueillent des expositions permanentes\",\"breadcrumb\":{\"@id\":\"https:\/\/apuliapraia-hotel.com\/fr\/region\/musee-municipal-desposende\/#breadcrumb\"},\"inLanguage\":\"fr-FR\",\"potentialAction\":[{\"@type\":\"ReadAction\",\"target\":[\"https:\/\/apuliapraia-hotel.com\/fr\/region\/musee-municipal-desposende\/\"]}]},{\"@type\":\"ImageObject\",\"inLanguage\":\"fr-FR\",\"@id\":\"https:\/\/apuliapraia-hotel.com\/fr\/region\/musee-municipal-desposende\/#primaryimage\",\"url\":\"https:\/\/apuliapraia-hotel.com\/wp-content\/uploads\/sites\/512\/2023\/02\/Museu-Municipal-de-Esposende.png\",\"contentUrl\":\"https:\/\/apuliapraia-hotel.com\/wp-content\/uploads\/sites\/512\/2023\/02\/Museu-Municipal-de-Esposende.png\",\"width\":1200,\"height\":800,\"caption\":\"Museu Municipal de Esposende\"},{\"@type\":\"BreadcrumbList\",\"@id\":\"https:\/\/apuliapraia-hotel.com\/fr\/region\/musee-municipal-desposende\/#breadcrumb\",\"itemListElement\":[{\"@type\":\"ListItem\",\"position\":1,\"name\":\"Home\",\"item\":\"https:\/\/apuliapraia-hotel.com\/fr\/\"},{\"@type\":\"ListItem\",\"position\":2,\"name\":\"R\u00e9gion\",\"item\":\"https:\/\/apuliapraia-hotel.com\/fr\/region\/\"},{\"@type\":\"ListItem\",\"position\":3,\"name\":\"Mus\u00e9e Municipal d&#8217;Esposende\"}]},{\"@type\":\"WebSite\",\"@id\":\"https:\/\/apuliapraia-hotel.com\/fr\/#website\",\"url\":\"https:\/\/apuliapraia-hotel.com\/fr\/\",\"name\":\"Apulia Praia Hotel\",\"description\":\"\",\"potentialAction\":[{\"@type\":\"SearchAction\",\"target\":{\"@type\":\"EntryPoint\",\"urlTemplate\":\"https:\/\/apuliapraia-hotel.com\/fr\/?s={search_term_string}\"},\"query-input\":{\"@type\":\"PropertyValueSpecification\",\"valueRequired\":true,\"valueName\":\"search_term_string\"}}],\"inLanguage\":\"fr-FR\"}]}<\/script>\n<!-- \/ Yoast SEO plugin. -->","yoast_head_json":{"title":"Mus\u00e9e Municipal d'Esposende - Apulia Praia Hotel -","description":"A Exposante, le Mus\u00e9e Municipal install\u00e9 dans un b\u00e2timent du XXe si\u00e8cle, met en valeur la culture et le patrimoine r\u00e9gional sur trois \u00e9tages. Le rez-de-chauss\u00e9e propose des expositions d\u2019art temporaire, tandis que les deux \u00e9tages sup\u00e9rieurs accueillent des expositions permanentes","robots":{"index":"index","follow":"follow","max-snippet":"max-snippet:-1","max-image-preview":"max-image-preview:large","max-video-preview":"max-video-preview:-1"},"canonical":"https:\/\/apuliapraia-hotel.com\/fr\/region\/musee-municipal-desposende\/","og_locale":"fr_FR","og_type":"article","og_title":"Mus\u00e9e Municipal d'Esposende - Apulia Praia Hotel -","og_description":"A Exposante, le Mus\u00e9e Municipal install\u00e9 dans un b\u00e2timent du XXe si\u00e8cle, met en valeur la culture et le patrimoine r\u00e9gional sur trois \u00e9tages. Le rez-de-chauss\u00e9e propose des expositions d\u2019art temporaire, tandis que les deux \u00e9tages sup\u00e9rieurs accueillent des expositions permanentes","og_url":"https:\/\/apuliapraia-hotel.com\/fr\/region\/musee-municipal-desposende\/","og_site_name":"Apulia Praia Hotel","og_image":[{"width":1200,"height":800,"url":"https:\/\/apuliapraia-hotel.com\/wp-content\/uploads\/sites\/512\/2023\/02\/Museu-Municipal-de-Esposende.png","type":"image\/png"}],"twitter_card":"summary_large_image","twitter_misc":{"Dur\u00e9e de lecture estim\u00e9e":"1 minute"},"schema":{"@context":"https:\/\/schema.org","@graph":[{"@type":"WebPage","@id":"https:\/\/apuliapraia-hotel.com\/fr\/region\/musee-municipal-desposende\/","url":"https:\/\/apuliapraia-hotel.com\/fr\/region\/musee-municipal-desposende\/","name":"Mus\u00e9e Municipal d'Esposende - Apulia Praia Hotel -","isPartOf":{"@id":"https:\/\/apuliapraia-hotel.com\/fr\/#website"},"primaryImageOfPage":{"@id":"https:\/\/apuliapraia-hotel.com\/fr\/region\/musee-municipal-desposende\/#primaryimage"},"image":{"@id":"https:\/\/apuliapraia-hotel.com\/fr\/region\/musee-municipal-desposende\/#primaryimage"},"thumbnailUrl":"https:\/\/apuliapraia-hotel.com\/wp-content\/uploads\/sites\/512\/2023\/02\/Museu-Municipal-de-Esposende.png","datePublished":"2024-01-08T15:38:38+00:00","description":"A Exposante, le Mus\u00e9e Municipal install\u00e9 dans un b\u00e2timent du XXe si\u00e8cle, met en valeur la culture et le patrimoine r\u00e9gional sur trois \u00e9tages. Le rez-de-chauss\u00e9e propose des expositions d\u2019art temporaire, tandis que les deux \u00e9tages sup\u00e9rieurs accueillent des expositions permanentes","breadcrumb":{"@id":"https:\/\/apuliapraia-hotel.com\/fr\/region\/musee-municipal-desposende\/#breadcrumb"},"inLanguage":"fr-FR","potentialAction":[{"@type":"ReadAction","target":["https:\/\/apuliapraia-hotel.com\/fr\/region\/musee-municipal-desposende\/"]}]},{"@type":"ImageObject","inLanguage":"fr-FR","@id":"https:\/\/apuliapraia-hotel.com\/fr\/region\/musee-municipal-desposende\/#primaryimage","url":"https:\/\/apuliapraia-hotel.com\/wp-content\/uploads\/sites\/512\/2023\/02\/Museu-Municipal-de-Esposende.png","contentUrl":"https:\/\/apuliapraia-hotel.com\/wp-content\/uploads\/sites\/512\/2023\/02\/Museu-Municipal-de-Esposende.png","width":1200,"height":800,"caption":"Museu Municipal de Esposende"},{"@type":"BreadcrumbList","@id":"https:\/\/apuliapraia-hotel.com\/fr\/region\/musee-municipal-desposende\/#breadcrumb","itemListElement":[{"@type":"ListItem","position":1,"name":"Home","item":"https:\/\/apuliapraia-hotel.com\/fr\/"},{"@type":"ListItem","position":2,"name":"R\u00e9gion","item":"https:\/\/apuliapraia-hotel.com\/fr\/region\/"},{"@type":"ListItem","position":3,"name":"Mus\u00e9e Municipal d&#8217;Esposende"}]},{"@type":"WebSite","@id":"https:\/\/apuliapraia-hotel.com\/fr\/#website","url":"https:\/\/apuliapraia-hotel.com\/fr\/","name":"Apulia Praia Hotel","description":"","potentialAction":[{"@type":"SearchAction","target":{"@type":"EntryPoint","urlTemplate":"https:\/\/apuliapraia-hotel.com\/fr\/?s={search_term_string}"},"query-input":{"@type":"PropertyValueSpecification","valueRequired":true,"valueName":"search_term_string"}}],"inLanguage":"fr-FR"}]}},"acf":[],"_links":{"self":[{"href":"https:\/\/apuliapraia-hotel.com\/fr\/wp-json\/wp\/v2\/pages\/1008","targetHints":{"allow":["GET"]}}],"collection":[{"href":"https:\/\/apuliapraia-hotel.com\/fr\/wp-json\/wp\/v2\/pages"}],"about":[{"href":"https:\/\/apuliapraia-hotel.com\/fr\/wp-json\/wp\/v2\/types\/page"}],"author":[{"embeddable":true,"href":"https:\/\/apuliapraia-hotel.com\/fr\/wp-json\/wp\/v2\/users\/565"}],"replies":[{"embeddable":true,"href":"https:\/\/apuliapraia-hotel.com\/fr\/wp-json\/wp\/v2\/comments?post=1008"}],"version-history":[{"count":0,"href":"https:\/\/apuliapraia-hotel.com\/fr\/wp-json\/wp\/v2\/pages\/1008\/revisions"}],"up":[{"embeddable":true,"href":"https:\/\/apuliapraia-hotel.com\/fr\/wp-json\/wp\/v2\/pages\/984"}],"wp:featuredmedia":[{"embeddable":true,"href":"https:\/\/apuliapraia-hotel.com\/fr\/wp-json\/wp\/v2\/media\/389"}],"wp:attachment":[{"href":"https:\/\/apuliapraia-hotel.com\/fr\/wp-json\/wp\/v2\/media?parent=1008"}],"curies":[{"name":"wp","href":"https:\/\/api.w.org\/{rel}","templated":true}]}}