{"id":1007,"date":"2024-01-08T15:34:47","date_gmt":"2024-01-08T15:34:47","guid":{"rendered":"https:\/\/apuliapraia-hotel.com\/?page_id=1007"},"modified":"2024-01-08T15:34:47","modified_gmt":"2024-01-08T15:34:47","slug":"licores-cardoso","status":"publish","type":"page","link":"https:\/\/apuliapraia-hotel.com\/fr\/region\/licores-cardoso\/","title":{"rendered":"Licores Cardoso"},"content":{"rendered":"<p>Les <strong>Licores Cardoso<\/strong> se distinguent au niveau national pour leurs <strong>m\u00e9thodes de production artisanales<\/strong> en mettant l&rsquo;accent sur l&rsquo;utilisation de produits locaux. Cr\u00e9\u00e9es en 2014, dans une ambiance familiale, ces liqueurs quelques ann\u00e9es d&rsquo;histoire et une large palette de saveurs \u00e0 d\u00e9guster. Vous pouvez retrouver ces d\u00e9licieuses liqueurs dans toutes les foires locales organis\u00e9es par la <a href=\"https:\/\/www.municipio.esposende.pt\/\">Municipalit\u00e9 d&rsquo;Esposende<\/a>. Ne manquez pas l\u2019occasion de visiter le stand <a href=\"https:\/\/licores-cardoso.webnode.pt\/\">Licores Cardoso<\/a> et de d\u00e9guster la \u00ab ginjinha \u00bb dans une tasse de chocolat!<\/p>\n","protected":false},"excerpt":{"rendered":"<p>Les Licores Cardoso se distinguent au niveau national pour leurs m\u00e9thodes de production artisanales en mettant l&rsquo;accent sur l&rsquo;utilisation de produits locaux. Cr\u00e9\u00e9es en 2014, dans une ambiance familiale, ces liqueurs quelques ann\u00e9es d&rsquo;histoire et une large palette de saveurs \u00e0 d\u00e9guster. Vous pouvez retrouver ces d\u00e9licieuses liqueurs dans toutes les foires locales organis\u00e9es par [&hellip;]<\/p>\n","protected":false},"author":565,"featured_media":378,"parent":984,"menu_order":4,"comment_status":"closed","ping_status":"closed","template":"template-default-4.php","meta":{"footnotes":""},"class_list":["post-1007","page","type-page","status-publish","has-post-thumbnail","hentry"],"yoast_head":"<!-- This site is optimized with the Yoast SEO plugin v26.9 - https:\/\/yoast.com\/product\/yoast-seo-wordpress\/ -->\n<title>Licores Cardoso - Apulia Praia Hotel -<\/title>\n<meta name=\"description\" content=\"Les Licores Cardoso se distinguent au niveau national pour leurs m\u00e9thodes de production artisanales en mettant l&#039;accent sur l&#039;utilisation de produits locaux. Cr\u00e9\u00e9es en 2014, dans une ambiance familiale, ces liqueurs quelques ann\u00e9es d&#039;histoire et une large palette de saveurs \u00e0 d\u00e9guster\" \/>\n<meta name=\"robots\" content=\"index, follow, max-snippet:-1, max-image-preview:large, max-video-preview:-1\" \/>\n<link rel=\"canonical\" href=\"https:\/\/apuliapraia-hotel.com\/fr\/region\/licores-cardoso\/\" \/>\n<meta property=\"og:locale\" content=\"fr_FR\" \/>\n<meta property=\"og:type\" content=\"article\" \/>\n<meta property=\"og:title\" content=\"Licores Cardoso - Apulia Praia Hotel -\" \/>\n<meta property=\"og:description\" content=\"Les Licores Cardoso se distinguent au niveau national pour leurs m\u00e9thodes de production artisanales en mettant l&#039;accent sur l&#039;utilisation de produits locaux. Cr\u00e9\u00e9es en 2014, dans une ambiance familiale, ces liqueurs quelques ann\u00e9es d&#039;histoire et une large palette de saveurs \u00e0 d\u00e9guster\" \/>\n<meta property=\"og:url\" content=\"https:\/\/apuliapraia-hotel.com\/fr\/region\/licores-cardoso\/\" \/>\n<meta property=\"og:site_name\" content=\"Apulia Praia Hotel\" \/>\n<meta property=\"og:image\" content=\"https:\/\/apuliapraia-hotel.com\/wp-content\/uploads\/sites\/512\/2023\/02\/Licores-Cardoso.png\" \/>\n\t<meta property=\"og:image:width\" content=\"1200\" \/>\n\t<meta property=\"og:image:height\" content=\"800\" \/>\n\t<meta property=\"og:image:type\" content=\"image\/png\" \/>\n<meta name=\"twitter:card\" content=\"summary_large_image\" \/>\n<script type=\"application\/ld+json\" class=\"yoast-schema-graph\">{\"@context\":\"https:\/\/schema.org\",\"@graph\":[{\"@type\":\"WebPage\",\"@id\":\"https:\/\/apuliapraia-hotel.com\/fr\/region\/licores-cardoso\/\",\"url\":\"https:\/\/apuliapraia-hotel.com\/fr\/region\/licores-cardoso\/\",\"name\":\"Licores Cardoso - Apulia Praia Hotel -\",\"isPartOf\":{\"@id\":\"https:\/\/apuliapraia-hotel.com\/fr\/#website\"},\"primaryImageOfPage\":{\"@id\":\"https:\/\/apuliapraia-hotel.com\/fr\/region\/licores-cardoso\/#primaryimage\"},\"image\":{\"@id\":\"https:\/\/apuliapraia-hotel.com\/fr\/region\/licores-cardoso\/#primaryimage\"},\"thumbnailUrl\":\"https:\/\/apuliapraia-hotel.com\/wp-content\/uploads\/sites\/512\/2023\/02\/Licores-Cardoso.png\",\"datePublished\":\"2024-01-08T15:34:47+00:00\",\"description\":\"Les Licores Cardoso se distinguent au niveau national pour leurs m\u00e9thodes de production artisanales en mettant l'accent sur l'utilisation de produits locaux. Cr\u00e9\u00e9es en 2014, dans une ambiance familiale, ces liqueurs quelques ann\u00e9es d'histoire et une large palette de saveurs \u00e0 d\u00e9guster\",\"breadcrumb\":{\"@id\":\"https:\/\/apuliapraia-hotel.com\/fr\/region\/licores-cardoso\/#breadcrumb\"},\"inLanguage\":\"fr-FR\",\"potentialAction\":[{\"@type\":\"ReadAction\",\"target\":[\"https:\/\/apuliapraia-hotel.com\/fr\/region\/licores-cardoso\/\"]}]},{\"@type\":\"ImageObject\",\"inLanguage\":\"fr-FR\",\"@id\":\"https:\/\/apuliapraia-hotel.com\/fr\/region\/licores-cardoso\/#primaryimage\",\"url\":\"https:\/\/apuliapraia-hotel.com\/wp-content\/uploads\/sites\/512\/2023\/02\/Licores-Cardoso.png\",\"contentUrl\":\"https:\/\/apuliapraia-hotel.com\/wp-content\/uploads\/sites\/512\/2023\/02\/Licores-Cardoso.png\",\"width\":1200,\"height\":800,\"caption\":\"Licores Cardoso\"},{\"@type\":\"BreadcrumbList\",\"@id\":\"https:\/\/apuliapraia-hotel.com\/fr\/region\/licores-cardoso\/#breadcrumb\",\"itemListElement\":[{\"@type\":\"ListItem\",\"position\":1,\"name\":\"Home\",\"item\":\"https:\/\/apuliapraia-hotel.com\/fr\/\"},{\"@type\":\"ListItem\",\"position\":2,\"name\":\"R\u00e9gion\",\"item\":\"https:\/\/apuliapraia-hotel.com\/fr\/region\/\"},{\"@type\":\"ListItem\",\"position\":3,\"name\":\"Licores Cardoso\"}]},{\"@type\":\"WebSite\",\"@id\":\"https:\/\/apuliapraia-hotel.com\/fr\/#website\",\"url\":\"https:\/\/apuliapraia-hotel.com\/fr\/\",\"name\":\"Apulia Praia Hotel\",\"description\":\"\",\"potentialAction\":[{\"@type\":\"SearchAction\",\"target\":{\"@type\":\"EntryPoint\",\"urlTemplate\":\"https:\/\/apuliapraia-hotel.com\/fr\/?s={search_term_string}\"},\"query-input\":{\"@type\":\"PropertyValueSpecification\",\"valueRequired\":true,\"valueName\":\"search_term_string\"}}],\"inLanguage\":\"fr-FR\"}]}<\/script>\n<!-- \/ Yoast SEO plugin. -->","yoast_head_json":{"title":"Licores Cardoso - Apulia Praia Hotel -","description":"Les Licores Cardoso se distinguent au niveau national pour leurs m\u00e9thodes de production artisanales en mettant l'accent sur l'utilisation de produits locaux. Cr\u00e9\u00e9es en 2014, dans une ambiance familiale, ces liqueurs quelques ann\u00e9es d'histoire et une large palette de saveurs \u00e0 d\u00e9guster","robots":{"index":"index","follow":"follow","max-snippet":"max-snippet:-1","max-image-preview":"max-image-preview:large","max-video-preview":"max-video-preview:-1"},"canonical":"https:\/\/apuliapraia-hotel.com\/fr\/region\/licores-cardoso\/","og_locale":"fr_FR","og_type":"article","og_title":"Licores Cardoso - Apulia Praia Hotel -","og_description":"Les Licores Cardoso se distinguent au niveau national pour leurs m\u00e9thodes de production artisanales en mettant l'accent sur l'utilisation de produits locaux. Cr\u00e9\u00e9es en 2014, dans une ambiance familiale, ces liqueurs quelques ann\u00e9es d'histoire et une large palette de saveurs \u00e0 d\u00e9guster","og_url":"https:\/\/apuliapraia-hotel.com\/fr\/region\/licores-cardoso\/","og_site_name":"Apulia Praia Hotel","og_image":[{"width":1200,"height":800,"url":"https:\/\/apuliapraia-hotel.com\/wp-content\/uploads\/sites\/512\/2023\/02\/Licores-Cardoso.png","type":"image\/png"}],"twitter_card":"summary_large_image","schema":{"@context":"https:\/\/schema.org","@graph":[{"@type":"WebPage","@id":"https:\/\/apuliapraia-hotel.com\/fr\/region\/licores-cardoso\/","url":"https:\/\/apuliapraia-hotel.com\/fr\/region\/licores-cardoso\/","name":"Licores Cardoso - Apulia Praia Hotel -","isPartOf":{"@id":"https:\/\/apuliapraia-hotel.com\/fr\/#website"},"primaryImageOfPage":{"@id":"https:\/\/apuliapraia-hotel.com\/fr\/region\/licores-cardoso\/#primaryimage"},"image":{"@id":"https:\/\/apuliapraia-hotel.com\/fr\/region\/licores-cardoso\/#primaryimage"},"thumbnailUrl":"https:\/\/apuliapraia-hotel.com\/wp-content\/uploads\/sites\/512\/2023\/02\/Licores-Cardoso.png","datePublished":"2024-01-08T15:34:47+00:00","description":"Les Licores Cardoso se distinguent au niveau national pour leurs m\u00e9thodes de production artisanales en mettant l'accent sur l'utilisation de produits locaux. Cr\u00e9\u00e9es en 2014, dans une ambiance familiale, ces liqueurs quelques ann\u00e9es d'histoire et une large palette de saveurs \u00e0 d\u00e9guster","breadcrumb":{"@id":"https:\/\/apuliapraia-hotel.com\/fr\/region\/licores-cardoso\/#breadcrumb"},"inLanguage":"fr-FR","potentialAction":[{"@type":"ReadAction","target":["https:\/\/apuliapraia-hotel.com\/fr\/region\/licores-cardoso\/"]}]},{"@type":"ImageObject","inLanguage":"fr-FR","@id":"https:\/\/apuliapraia-hotel.com\/fr\/region\/licores-cardoso\/#primaryimage","url":"https:\/\/apuliapraia-hotel.com\/wp-content\/uploads\/sites\/512\/2023\/02\/Licores-Cardoso.png","contentUrl":"https:\/\/apuliapraia-hotel.com\/wp-content\/uploads\/sites\/512\/2023\/02\/Licores-Cardoso.png","width":1200,"height":800,"caption":"Licores Cardoso"},{"@type":"BreadcrumbList","@id":"https:\/\/apuliapraia-hotel.com\/fr\/region\/licores-cardoso\/#breadcrumb","itemListElement":[{"@type":"ListItem","position":1,"name":"Home","item":"https:\/\/apuliapraia-hotel.com\/fr\/"},{"@type":"ListItem","position":2,"name":"R\u00e9gion","item":"https:\/\/apuliapraia-hotel.com\/fr\/region\/"},{"@type":"ListItem","position":3,"name":"Licores Cardoso"}]},{"@type":"WebSite","@id":"https:\/\/apuliapraia-hotel.com\/fr\/#website","url":"https:\/\/apuliapraia-hotel.com\/fr\/","name":"Apulia Praia Hotel","description":"","potentialAction":[{"@type":"SearchAction","target":{"@type":"EntryPoint","urlTemplate":"https:\/\/apuliapraia-hotel.com\/fr\/?s={search_term_string}"},"query-input":{"@type":"PropertyValueSpecification","valueRequired":true,"valueName":"search_term_string"}}],"inLanguage":"fr-FR"}]}},"acf":[],"_links":{"self":[{"href":"https:\/\/apuliapraia-hotel.com\/fr\/wp-json\/wp\/v2\/pages\/1007","targetHints":{"allow":["GET"]}}],"collection":[{"href":"https:\/\/apuliapraia-hotel.com\/fr\/wp-json\/wp\/v2\/pages"}],"about":[{"href":"https:\/\/apuliapraia-hotel.com\/fr\/wp-json\/wp\/v2\/types\/page"}],"author":[{"embeddable":true,"href":"https:\/\/apuliapraia-hotel.com\/fr\/wp-json\/wp\/v2\/users\/565"}],"replies":[{"embeddable":true,"href":"https:\/\/apuliapraia-hotel.com\/fr\/wp-json\/wp\/v2\/comments?post=1007"}],"version-history":[{"count":0,"href":"https:\/\/apuliapraia-hotel.com\/fr\/wp-json\/wp\/v2\/pages\/1007\/revisions"}],"up":[{"embeddable":true,"href":"https:\/\/apuliapraia-hotel.com\/fr\/wp-json\/wp\/v2\/pages\/984"}],"wp:featuredmedia":[{"embeddable":true,"href":"https:\/\/apuliapraia-hotel.com\/fr\/wp-json\/wp\/v2\/media\/378"}],"wp:attachment":[{"href":"https:\/\/apuliapraia-hotel.com\/fr\/wp-json\/wp\/v2\/media?parent=1007"}],"curies":[{"name":"wp","href":"https:\/\/api.w.org\/{rel}","templated":true}]}}