{"id":1006,"date":"2024-01-08T15:30:55","date_gmt":"2024-01-08T15:30:55","guid":{"rendered":"https:\/\/apuliapraia-hotel.com\/?page_id=1006"},"modified":"2024-01-24T15:10:25","modified_gmt":"2024-01-24T15:10:25","slug":"castro-de-sao-lourenco-2","status":"publish","type":"page","link":"https:\/\/apuliapraia-hotel.com\/fr\/region\/castro-de-sao-lourenco-2\/","title":{"rendered":"Castro de S\u00e3o Louren\u00e7o"},"content":{"rendered":"<p><strong>Castro de S\u00e3o Louren\u00e7o<\/strong>, p\u00earch\u00e9 a 200 m\u00e8tres au-dessus du niveau de la mer \u00e0 Esposende, abrite la <strong>Chapelle de S\u00e3o Louren\u00e7o<\/strong> et offre un panorama c\u00f4tier. Ce <strong>site arch\u00e9ologique<\/strong> r\u00e9v\u00e8le des ruines t\u00e9moignant de diverses \u00e9poques d\u2019occupation, une immersion dans la vie quotidienne de nos anc\u00eatres. Une aventure a explor\u00e9 pour les amateurs de nouveaux horizons. Nous vous proposons de d\u00e9couvrir ce lieu \u00e0 travers le sentier <a href=\"https:\/\/pt.wikiloc.com\/trilhas-caminhada\/pr6-eps-percurso-pedestre-do-castro-de-s-lourenco-1441889\">pi\u00e9tonnier Castro de S. Louren\u00e7o (PR6)<\/a>. Cette <strong>Propri\u00e9t\u00e9 d&rsquo;Int\u00e9r\u00eat Public<\/strong> est un lieu charg\u00e9 d&rsquo;histoire qui vous enchantera par tous ses mythes et l\u00e9gendes.<\/p>\n","protected":false},"excerpt":{"rendered":"<p>Castro de S\u00e3o Louren\u00e7o, p\u00earch\u00e9 a 200 m\u00e8tres au-dessus du niveau de la mer \u00e0 Esposende, abrite la Chapelle de S\u00e3o Louren\u00e7o et offre un panorama c\u00f4tier. Ce site arch\u00e9ologique r\u00e9v\u00e8le des ruines t\u00e9moignant de diverses \u00e9poques d\u2019occupation, une immersion dans la vie quotidienne de nos anc\u00eatres. Une aventure a explor\u00e9 pour les amateurs de [&hellip;]<\/p>\n","protected":false},"author":565,"featured_media":385,"parent":984,"menu_order":3,"comment_status":"closed","ping_status":"closed","template":"template-default-4.php","meta":{"footnotes":""},"class_list":["post-1006","page","type-page","status-publish","has-post-thumbnail","hentry"],"yoast_head":"<!-- This site is optimized with the Yoast SEO plugin v26.9 - https:\/\/yoast.com\/product\/yoast-seo-wordpress\/ -->\n<title>Castro de S\u00e3o Louren\u00e7o - Apulia Praia Hotel -<\/title>\n<meta name=\"description\" content=\"Castro de S\u00e3o Louren\u00e7o, p\u00earch\u00e9 a 200 m\u00e8tres au-dessus du niveau de la mer \u00e0 Esposende, abrite la Chapelle de S\u00e3o Louren\u00e7o et offre un panorama c\u00f4tier. Ce site arch\u00e9ologique r\u00e9v\u00e8le des ruines t\u00e9moignant de diverses \u00e9poques d\u2019occupation, une immersion dans la vie quotidienne de nos anc\u00eatres\" \/>\n<meta name=\"robots\" content=\"index, follow, max-snippet:-1, max-image-preview:large, max-video-preview:-1\" \/>\n<link rel=\"canonical\" href=\"https:\/\/apuliapraia-hotel.com\/fr\/region\/castro-de-sao-lourenco-2\/\" \/>\n<meta property=\"og:locale\" content=\"fr_FR\" \/>\n<meta property=\"og:type\" content=\"article\" \/>\n<meta property=\"og:title\" content=\"Castro de S\u00e3o Louren\u00e7o - Apulia Praia Hotel -\" \/>\n<meta property=\"og:description\" content=\"Castro de S\u00e3o Louren\u00e7o, p\u00earch\u00e9 a 200 m\u00e8tres au-dessus du niveau de la mer \u00e0 Esposende, abrite la Chapelle de S\u00e3o Louren\u00e7o et offre un panorama c\u00f4tier. Ce site arch\u00e9ologique r\u00e9v\u00e8le des ruines t\u00e9moignant de diverses \u00e9poques d\u2019occupation, une immersion dans la vie quotidienne de nos anc\u00eatres\" \/>\n<meta property=\"og:url\" content=\"https:\/\/apuliapraia-hotel.com\/fr\/region\/castro-de-sao-lourenco-2\/\" \/>\n<meta property=\"og:site_name\" content=\"Apulia Praia Hotel\" \/>\n<meta property=\"article:modified_time\" content=\"2024-01-24T15:10:25+00:00\" \/>\n<meta property=\"og:image\" content=\"https:\/\/apuliapraia-hotel.com\/wp-content\/uploads\/sites\/512\/2023\/02\/Castro-Sao-Lourenco.png\" \/>\n\t<meta property=\"og:image:width\" content=\"1200\" \/>\n\t<meta property=\"og:image:height\" content=\"800\" \/>\n\t<meta property=\"og:image:type\" content=\"image\/png\" \/>\n<meta name=\"twitter:card\" content=\"summary_large_image\" \/>\n<meta name=\"twitter:label1\" content=\"Dur\u00e9e de lecture estim\u00e9e\" \/>\n\t<meta name=\"twitter:data1\" content=\"1 minute\" \/>\n<script type=\"application\/ld+json\" class=\"yoast-schema-graph\">{\"@context\":\"https:\/\/schema.org\",\"@graph\":[{\"@type\":\"WebPage\",\"@id\":\"https:\/\/apuliapraia-hotel.com\/fr\/region\/castro-de-sao-lourenco-2\/\",\"url\":\"https:\/\/apuliapraia-hotel.com\/fr\/region\/castro-de-sao-lourenco-2\/\",\"name\":\"Castro de S\u00e3o Louren\u00e7o - Apulia Praia Hotel -\",\"isPartOf\":{\"@id\":\"https:\/\/apuliapraia-hotel.com\/fr\/#website\"},\"primaryImageOfPage\":{\"@id\":\"https:\/\/apuliapraia-hotel.com\/fr\/region\/castro-de-sao-lourenco-2\/#primaryimage\"},\"image\":{\"@id\":\"https:\/\/apuliapraia-hotel.com\/fr\/region\/castro-de-sao-lourenco-2\/#primaryimage\"},\"thumbnailUrl\":\"https:\/\/apuliapraia-hotel.com\/wp-content\/uploads\/sites\/512\/2023\/02\/Castro-Sao-Lourenco.png\",\"datePublished\":\"2024-01-08T15:30:55+00:00\",\"dateModified\":\"2024-01-24T15:10:25+00:00\",\"description\":\"Castro de S\u00e3o Louren\u00e7o, p\u00earch\u00e9 a 200 m\u00e8tres au-dessus du niveau de la mer \u00e0 Esposende, abrite la Chapelle de S\u00e3o Louren\u00e7o et offre un panorama c\u00f4tier. Ce site arch\u00e9ologique r\u00e9v\u00e8le des ruines t\u00e9moignant de diverses \u00e9poques d\u2019occupation, une immersion dans la vie quotidienne de nos anc\u00eatres\",\"breadcrumb\":{\"@id\":\"https:\/\/apuliapraia-hotel.com\/fr\/region\/castro-de-sao-lourenco-2\/#breadcrumb\"},\"inLanguage\":\"fr-FR\",\"potentialAction\":[{\"@type\":\"ReadAction\",\"target\":[\"https:\/\/apuliapraia-hotel.com\/fr\/region\/castro-de-sao-lourenco-2\/\"]}]},{\"@type\":\"ImageObject\",\"inLanguage\":\"fr-FR\",\"@id\":\"https:\/\/apuliapraia-hotel.com\/fr\/region\/castro-de-sao-lourenco-2\/#primaryimage\",\"url\":\"https:\/\/apuliapraia-hotel.com\/wp-content\/uploads\/sites\/512\/2023\/02\/Castro-Sao-Lourenco.png\",\"contentUrl\":\"https:\/\/apuliapraia-hotel.com\/wp-content\/uploads\/sites\/512\/2023\/02\/Castro-Sao-Lourenco.png\",\"width\":1200,\"height\":800,\"caption\":\"Castro de S\u00e3o Louren\u00e7o\"},{\"@type\":\"BreadcrumbList\",\"@id\":\"https:\/\/apuliapraia-hotel.com\/fr\/region\/castro-de-sao-lourenco-2\/#breadcrumb\",\"itemListElement\":[{\"@type\":\"ListItem\",\"position\":1,\"name\":\"Home\",\"item\":\"https:\/\/apuliapraia-hotel.com\/fr\/\"},{\"@type\":\"ListItem\",\"position\":2,\"name\":\"R\u00e9gion\",\"item\":\"https:\/\/apuliapraia-hotel.com\/fr\/region\/\"},{\"@type\":\"ListItem\",\"position\":3,\"name\":\"Castro de S\u00e3o Louren\u00e7o\"}]},{\"@type\":\"WebSite\",\"@id\":\"https:\/\/apuliapraia-hotel.com\/fr\/#website\",\"url\":\"https:\/\/apuliapraia-hotel.com\/fr\/\",\"name\":\"Apulia Praia Hotel\",\"description\":\"\",\"potentialAction\":[{\"@type\":\"SearchAction\",\"target\":{\"@type\":\"EntryPoint\",\"urlTemplate\":\"https:\/\/apuliapraia-hotel.com\/fr\/?s={search_term_string}\"},\"query-input\":{\"@type\":\"PropertyValueSpecification\",\"valueRequired\":true,\"valueName\":\"search_term_string\"}}],\"inLanguage\":\"fr-FR\"}]}<\/script>\n<!-- \/ Yoast SEO plugin. -->","yoast_head_json":{"title":"Castro de S\u00e3o Louren\u00e7o - Apulia Praia Hotel -","description":"Castro de S\u00e3o Louren\u00e7o, p\u00earch\u00e9 a 200 m\u00e8tres au-dessus du niveau de la mer \u00e0 Esposende, abrite la Chapelle de S\u00e3o Louren\u00e7o et offre un panorama c\u00f4tier. Ce site arch\u00e9ologique r\u00e9v\u00e8le des ruines t\u00e9moignant de diverses \u00e9poques d\u2019occupation, une immersion dans la vie quotidienne de nos anc\u00eatres","robots":{"index":"index","follow":"follow","max-snippet":"max-snippet:-1","max-image-preview":"max-image-preview:large","max-video-preview":"max-video-preview:-1"},"canonical":"https:\/\/apuliapraia-hotel.com\/fr\/region\/castro-de-sao-lourenco-2\/","og_locale":"fr_FR","og_type":"article","og_title":"Castro de S\u00e3o Louren\u00e7o - Apulia Praia Hotel -","og_description":"Castro de S\u00e3o Louren\u00e7o, p\u00earch\u00e9 a 200 m\u00e8tres au-dessus du niveau de la mer \u00e0 Esposende, abrite la Chapelle de S\u00e3o Louren\u00e7o et offre un panorama c\u00f4tier. Ce site arch\u00e9ologique r\u00e9v\u00e8le des ruines t\u00e9moignant de diverses \u00e9poques d\u2019occupation, une immersion dans la vie quotidienne de nos anc\u00eatres","og_url":"https:\/\/apuliapraia-hotel.com\/fr\/region\/castro-de-sao-lourenco-2\/","og_site_name":"Apulia Praia Hotel","article_modified_time":"2024-01-24T15:10:25+00:00","og_image":[{"width":1200,"height":800,"url":"https:\/\/apuliapraia-hotel.com\/wp-content\/uploads\/sites\/512\/2023\/02\/Castro-Sao-Lourenco.png","type":"image\/png"}],"twitter_card":"summary_large_image","twitter_misc":{"Dur\u00e9e de lecture estim\u00e9e":"1 minute"},"schema":{"@context":"https:\/\/schema.org","@graph":[{"@type":"WebPage","@id":"https:\/\/apuliapraia-hotel.com\/fr\/region\/castro-de-sao-lourenco-2\/","url":"https:\/\/apuliapraia-hotel.com\/fr\/region\/castro-de-sao-lourenco-2\/","name":"Castro de S\u00e3o Louren\u00e7o - Apulia Praia Hotel -","isPartOf":{"@id":"https:\/\/apuliapraia-hotel.com\/fr\/#website"},"primaryImageOfPage":{"@id":"https:\/\/apuliapraia-hotel.com\/fr\/region\/castro-de-sao-lourenco-2\/#primaryimage"},"image":{"@id":"https:\/\/apuliapraia-hotel.com\/fr\/region\/castro-de-sao-lourenco-2\/#primaryimage"},"thumbnailUrl":"https:\/\/apuliapraia-hotel.com\/wp-content\/uploads\/sites\/512\/2023\/02\/Castro-Sao-Lourenco.png","datePublished":"2024-01-08T15:30:55+00:00","dateModified":"2024-01-24T15:10:25+00:00","description":"Castro de S\u00e3o Louren\u00e7o, p\u00earch\u00e9 a 200 m\u00e8tres au-dessus du niveau de la mer \u00e0 Esposende, abrite la Chapelle de S\u00e3o Louren\u00e7o et offre un panorama c\u00f4tier. Ce site arch\u00e9ologique r\u00e9v\u00e8le des ruines t\u00e9moignant de diverses \u00e9poques d\u2019occupation, une immersion dans la vie quotidienne de nos anc\u00eatres","breadcrumb":{"@id":"https:\/\/apuliapraia-hotel.com\/fr\/region\/castro-de-sao-lourenco-2\/#breadcrumb"},"inLanguage":"fr-FR","potentialAction":[{"@type":"ReadAction","target":["https:\/\/apuliapraia-hotel.com\/fr\/region\/castro-de-sao-lourenco-2\/"]}]},{"@type":"ImageObject","inLanguage":"fr-FR","@id":"https:\/\/apuliapraia-hotel.com\/fr\/region\/castro-de-sao-lourenco-2\/#primaryimage","url":"https:\/\/apuliapraia-hotel.com\/wp-content\/uploads\/sites\/512\/2023\/02\/Castro-Sao-Lourenco.png","contentUrl":"https:\/\/apuliapraia-hotel.com\/wp-content\/uploads\/sites\/512\/2023\/02\/Castro-Sao-Lourenco.png","width":1200,"height":800,"caption":"Castro de S\u00e3o Louren\u00e7o"},{"@type":"BreadcrumbList","@id":"https:\/\/apuliapraia-hotel.com\/fr\/region\/castro-de-sao-lourenco-2\/#breadcrumb","itemListElement":[{"@type":"ListItem","position":1,"name":"Home","item":"https:\/\/apuliapraia-hotel.com\/fr\/"},{"@type":"ListItem","position":2,"name":"R\u00e9gion","item":"https:\/\/apuliapraia-hotel.com\/fr\/region\/"},{"@type":"ListItem","position":3,"name":"Castro de S\u00e3o Louren\u00e7o"}]},{"@type":"WebSite","@id":"https:\/\/apuliapraia-hotel.com\/fr\/#website","url":"https:\/\/apuliapraia-hotel.com\/fr\/","name":"Apulia Praia Hotel","description":"","potentialAction":[{"@type":"SearchAction","target":{"@type":"EntryPoint","urlTemplate":"https:\/\/apuliapraia-hotel.com\/fr\/?s={search_term_string}"},"query-input":{"@type":"PropertyValueSpecification","valueRequired":true,"valueName":"search_term_string"}}],"inLanguage":"fr-FR"}]}},"acf":[],"_links":{"self":[{"href":"https:\/\/apuliapraia-hotel.com\/fr\/wp-json\/wp\/v2\/pages\/1006","targetHints":{"allow":["GET"]}}],"collection":[{"href":"https:\/\/apuliapraia-hotel.com\/fr\/wp-json\/wp\/v2\/pages"}],"about":[{"href":"https:\/\/apuliapraia-hotel.com\/fr\/wp-json\/wp\/v2\/types\/page"}],"author":[{"embeddable":true,"href":"https:\/\/apuliapraia-hotel.com\/fr\/wp-json\/wp\/v2\/users\/565"}],"replies":[{"embeddable":true,"href":"https:\/\/apuliapraia-hotel.com\/fr\/wp-json\/wp\/v2\/comments?post=1006"}],"version-history":[{"count":0,"href":"https:\/\/apuliapraia-hotel.com\/fr\/wp-json\/wp\/v2\/pages\/1006\/revisions"}],"up":[{"embeddable":true,"href":"https:\/\/apuliapraia-hotel.com\/fr\/wp-json\/wp\/v2\/pages\/984"}],"wp:featuredmedia":[{"embeddable":true,"href":"https:\/\/apuliapraia-hotel.com\/fr\/wp-json\/wp\/v2\/media\/385"}],"wp:attachment":[{"href":"https:\/\/apuliapraia-hotel.com\/fr\/wp-json\/wp\/v2\/media?parent=1006"}],"curies":[{"name":"wp","href":"https:\/\/api.w.org\/{rel}","templated":true}]}}